{"id":983,"date":"2019-03-07T15:39:33","date_gmt":"2019-03-07T19:39:33","guid":{"rendered":"http:\/\/preh.uprrp.edu\/?page_id=983"},"modified":"2026-01-27T11:05:41","modified_gmt":"2026-01-27T15:05:41","slug":"convalidaciones","status":"publish","type":"page","link":"https:\/\/academicos.uprrp.edu\/preh\/convalidaciones\/","title":{"rendered":"Convalidaci\u00f3n de Cursos y Talleres"},"content":{"rendered":"\t\t<div data-elementor-type=\"wp-page\" data-elementor-id=\"983\" class=\"elementor elementor-983\">\n\t\t\t\t<div class=\"elementor-element elementor-element-5d560f02 e-con-full e-flex e-con e-parent\" data-id=\"5d560f02\" data-element_type=\"container\" data-e-type=\"container\">\n\t\t\t\t<div class=\"elementor-element elementor-element-12aa856a elementor-widget elementor-widget-text-editor\" data-id=\"12aa856a\" data-element_type=\"widget\" data-e-type=\"widget\" data-widget_type=\"text-editor.default\">\n\t\t\t\t<div class=\"elementor-widget-container\">\n\t\t\t\t\t\t\t\t\t<p><span style=\"color: #333333\">El curr\u00edculo del Programa de Estudios de Honor plantea la posibilidad de convalidar el requisito de 6 cr\u00e9ditos de competencias lingu\u00edsticas, PREH 4005 y PREH 4900; de igual forma, los talleres que son requisito<\/span><span style=\"color: #333333\"><span style=\"color: #333333\">\u00a0de graduaci\u00f3n del PREH.\u00a0<\/span><\/span><\/p>\n<p><!-- \/wp:paragraph --><!-- wp:list --><\/p>\n<ul>\n<li style=\"list-style-type: none\">\n<ul><!-- wp:list-item --><\/ul>\n<\/li>\n<li>Para poder convalidar un curso, debe de aprobarse con A o B.<!-- \/wp:list-item --><!-- wp:list-item --><\/li>\n<li>Se recomienda siempre consulte con el \/la\u00a0 Director\/a de Estudio.<!-- \/wp:list-item --><!-- wp:list-item --><\/li>\n<li>Deber\u00e1 completar el<em>\u00a0<a href=\"https:\/\/goo.gl\/forms\/p5Ql8dWpsi9mp9or1\" target=\"_blank\" rel=\"noopener\">Formulario de convalidaci\u00f3n<\/a><\/em>.<!-- \/wp:list-item --><!-- wp:list-item --><\/li>\n<li>Los documentos requeridos como evidencia se someten a trav\u00e9s del <a href=\"https:\/\/goo.gl\/forms\/p5Ql8dWpsi9mp9or1\" target=\"_blank\" rel=\"noopener\"><em>Formulario de Convalidaci\u00f3n<\/em><\/a>.<!-- \/wp:list-item --><!-- wp:list-item --><\/li>\n<li>Si el curso que solicita convalidar aparece en el listado de los cursos autorizados por el Consejo Directivo, solamente tiene que entregar una copia de estudiante de la transcripci\u00f3n de cr\u00e9ditos.<\/li>\n<\/ul>\n<p><!-- \/wp:list-item --><!-- wp:list-item \/--><\/p>\n<h3><strong>Evidencias a presentar:<\/strong><\/h3>\n<ul>\n<li><strong>Cursos no aprobados por el Consejo Directivo.\u00a0<\/strong> Bosquejo o s\u00edlabo del curso<span style=\"color: #333333\"> que solicita convalidar (solamente si el curso no est\u00e1 en los\u00a0 listados de cursos autorizados por el Consejo Directivo).<\/span><!-- \/wp:list --><!-- wp:list-item --><\/li>\n<li><strong>Evidencia de aprobaci\u00f3n del curso con A o B.\u00a0<\/strong>Transcripci\u00f3n de cr\u00e9ditos (copia de estudiante)<!-- \/wp:list-item --><!-- wp:list-item --><\/li>\n<li><strong>Convalidaci\u00f3n de taller:<\/strong> Certificado de asistencia del Sistema de Bibliotecas, certificado de asistencia del PREH o carta del el docente qui\u00e9n organiz\u00f3 el taller, en papel timbrado del programa al cual est\u00e1 adscrito.<\/li>\n<li><strong>PREH 4900.<\/strong> \u00a0Antes de someter la solicitud de convalidaci\u00f3n, deber\u00e1 de: (1) consultar con el director de estudios de Ciencias Naturales, (2) entregar una transcripci\u00f3n de cr\u00e9ditos que evidencie que aprob\u00f3 3 cr\u00e9ditos (con A o B) de uno de los cursos autorizados por el Consejo Directivo, (3) desarrollar una propuesta de tesina que cumpla con los criterios establecidos en el curso PREH 4900, y (4) aprobar la defensa de su propuesta de tesina.<\/li>\n<\/ul>\n<p><!-- \/wp:list-item --><\/p>\n<p><!-- \/wp:list-item --><!-- wp:paragraph {\"align\":\"center\"} \/--><!-- \/wp:list --><!-- wp:list-item \/--><!-- wp:paragraph {\"align\":\"center\"} \/--><!-- \/wp:list-item --><\/p>\t\t\t\t\t\t\t\t<\/div>\n\t\t\t\t<\/div>\n\t\t\t\t<div class=\"elementor-element elementor-element-0e3393b elementor-align-center elementor-widget elementor-widget-button\" data-id=\"0e3393b\" data-element_type=\"widget\" data-e-type=\"widget\" data-widget_type=\"button.default\">\n\t\t\t\t<div class=\"elementor-widget-container\">\n\t\t\t\t\t\t\t\t\t<div class=\"elementor-button-wrapper\">\n\t\t\t\t\t<a class=\"elementor-button elementor-button-link elementor-size-sm\" href=\"https:\/\/goo.gl\/forms\/p5Ql8dWpsi9mp9or1\" target=\"_blank\">\n\t\t\t\t\t\t<span class=\"elementor-button-content-wrapper\">\n\t\t\t\t\t\t\t\t\t<span class=\"elementor-button-text\">FORMULARIO DE COVALIDACI\u00d3N<\/span>\n\t\t\t\t\t<\/span>\n\t\t\t\t\t<\/a>\n\t\t\t\t<\/div>\n\t\t\t\t\t\t\t\t<\/div>\n\t\t\t\t<\/div>\n\t\t\t\t<div class=\"elementor-element elementor-element-0e78302 elementor-widget elementor-widget-toggle\" data-id=\"0e78302\" data-element_type=\"widget\" data-e-type=\"widget\" data-widget_type=\"toggle.default\">\n\t\t\t\t<div class=\"elementor-widget-container\">\n\t\t\t\t\t\t\t<div class=\"elementor-toggle\">\n\t\t\t\t\t\t\t<div class=\"elementor-toggle-item\">\n\t\t\t\t\t<div id=\"elementor-tab-title-1511\" class=\"elementor-tab-title\" data-tab=\"1\" role=\"button\" aria-controls=\"elementor-tab-content-1511\" aria-expanded=\"false\">\n\t\t\t\t\t\t\t\t\t\t\t\t<span class=\"elementor-toggle-icon elementor-toggle-icon-left\" aria-hidden=\"true\">\n\t\t\t\t\t\t\t\t\t\t\t\t\t\t\t<span class=\"elementor-toggle-icon-closed\"><i class=\"fas fa-caret-right\"><\/i><\/span>\n\t\t\t\t\t\t\t\t<span class=\"elementor-toggle-icon-opened\"><i class=\"elementor-toggle-icon-opened fas fa-caret-up\"><\/i><\/span>\n\t\t\t\t\t\t\t\t\t\t\t\t\t<\/span>\n\t\t\t\t\t\t\t\t\t\t\t\t<a class=\"elementor-toggle-title\" tabindex=\"0\">LISTADO DE CURSOS AUTORIZADOS PARA CONVALIDACI\u00d3N<\/a>\n\t\t\t\t\t<\/div>\n\n\t\t\t\t\t<div id=\"elementor-tab-content-1511\" class=\"elementor-tab-content elementor-clearfix\" data-tab=\"1\" role=\"region\" aria-labelledby=\"elementor-tab-title-1511\"><ul>\n<li class=\"has-medium-font-size\"><a href=\"https:\/\/academicos.uprrp.edu\/preh\/wp-content\/uploads\/sites\/6\/2025\/11\/PREH-4005-Convalidacion-cursos-autorizados_actualizacion-2025-11-17.pdf\" target=\"_blank\" rel=\"noopener\">PREH 4005: Teor\u00eda, metodolog\u00edas y t\u00e9cnicas de investigaci\u00f3n<\/a><\/li>\n<li class=\"has-medium-font-size\"><a href=\"https:\/\/academicos.uprrp.edu\/preh\/wp-content\/uploads\/sites\/6\/2025\/03\/PREH-4900-Convalidacion-cursos-autorizados_rev-2025-03-06.docx.pdf\" target=\"_blank\" rel=\"noopener\">PREH 4900 \u2013 Estudios individualizados<\/a><\/li>\n<li class=\"has-medium-font-size\"><a href=\"https:\/\/academicos.uprrp.edu\/preh\/wp-content\/uploads\/sites\/6\/2025\/08\/Competencias-linguisticas_convalidacion-cursos-autorizados_rev-2025-agosto.pdf\" target=\"_blank\" rel=\"noopener\">Competencias ling\u00fc\u00edsticas<\/a><\/li>\n<\/ul><\/div>\n\t\t\t\t<\/div>\n\t\t\t\t\t\t\t<div class=\"elementor-toggle-item\">\n\t\t\t\t\t<div id=\"elementor-tab-title-1512\" class=\"elementor-tab-title\" data-tab=\"2\" role=\"button\" aria-controls=\"elementor-tab-content-1512\" aria-expanded=\"false\">\n\t\t\t\t\t\t\t\t\t\t\t\t<span class=\"elementor-toggle-icon elementor-toggle-icon-left\" aria-hidden=\"true\">\n\t\t\t\t\t\t\t\t\t\t\t\t\t\t\t<span class=\"elementor-toggle-icon-closed\"><i class=\"fas fa-caret-right\"><\/i><\/span>\n\t\t\t\t\t\t\t\t<span class=\"elementor-toggle-icon-opened\"><i class=\"elementor-toggle-icon-opened fas fa-caret-up\"><\/i><\/span>\n\t\t\t\t\t\t\t\t\t\t\t\t\t<\/span>\n\t\t\t\t\t\t\t\t\t\t\t\t<a class=\"elementor-toggle-title\" tabindex=\"0\">REQUISITO DE ASISTENCIA A TALLERES<\/a>\n\t\t\t\t\t<\/div>\n\n\t\t\t\t\t<div id=\"elementor-tab-content-1512\" class=\"elementor-tab-content elementor-clearfix\" data-tab=\"2\" role=\"region\" aria-labelledby=\"elementor-tab-title-1512\"><p>Es requisito tomar dos talleres:<\/p>\n<ul>\n<li><strong>B\u00fasqueda de informaci\u00f3n en las bases de datos del Sistema de Bibliotecas<\/strong>:\n<ul>\n<li>\n<p>Este taller le ayudar\u00e1 a ser m\u00e1s efectivo(a) en la b\u00fasquedad de referencias bibliogr\u00e1ficas para su tesina \/ proyecto de creaci\u00f3n.<\/p>\n<\/li>\n<li><span style=\"font-size: large\">Si asisti\u00f3 a un taller como parte de un curso y tiene un certificado de asistencia, someta el mismo a trav\u00e9s del <em>Formulario de convalidaci\u00f3n.\u00a0\u00a0<\/em><\/span><\/li>\n<li>\n<p><span style=\"font-size: large\">Acceda el <a href=\"https:\/\/outlook.office365.com\/calendar\/published\/5c559b0201664e5bb74b48418a4fa750@upr.edu\/11c9a9446e5e49f98b28b785e114b6f711041802110563871883\/calendar.html\" target=\"_blank\" rel=\"noopener\">Calendario de los talleres<\/a> que ofrece el Sistema de Bibliotecas\u00a0<\/span><\/p>\n<\/li>\n<li>\n<p><span style=\"font-size: large\"><u>Puede matricularse en la sesi\u00f3n que le sea m\u00e1s conveniente, independientemente del campo de estudios o el docente que solicit\u00f3 el taller<\/u>. Las destrezas y conocimientos se aplican a cualquier campo de estudios. IMPORTANTE: C<\/span>uando decida el d\u00eda y la hora, deber\u00e1 informar a Mar\u00eda Ledesma <a href=\"http:\/\/mar%C3%ADa.ledesma@upr.edu\/\" data-saferedirecturl=\"https:\/\/www.google.com\/url?q=http:\/\/mar%C3%ADa.ledesma@upr.edu&amp;source=gmail&amp;ust=1769610126456000&amp;usg=AOvVaw3zB93yjd1QbaSQSI-WOJ1u\">mar\u00eda.ledesma@upr.edu <\/a>el <span style=\"text-decoration: underline\">d\u00eda y la hora del taller y que eres estudiante del PREH<\/span>.<\/p>\n<\/li>\n<li>\n<p><span style=\"font-size: large\">Para recibir el <em>Certificado de asistencia<\/em>, <span style=\"text-decoration: underline\">deber\u00e1 registrar su asistencia a trav\u00e9s del QR Code que se proveer\u00e1 durante el taller<\/span><\/span><\/p>\n<\/li>\n<li>\n<p><span style=\"font-size: large\">Solicite convalidaci\u00f3n a trav\u00e9s del <a href=\"https:\/\/goo.gl\/forms\/p5Ql8dWpsi9mp9or1\" target=\"_blank\" rel=\"noopener\" data-saferedirecturl=\"https:\/\/www.google.com\/url?q=https:\/\/goo.gl\/forms\/p5Ql8dWpsi9mp9or1&amp;source=gmail&amp;ust=1769610126456000&amp;usg=AOvVaw1Mr3hGQagOw48fACKeQLEU\">Formulario\u00a0de\u00a0Convalidaciones<\/a>.\u00a0<\/span><\/p>\n<\/li>\n<\/ul>\n<\/li>\n<li><strong>Solicitud a la escuela graduada<\/strong>\n<ul>\n<li>Este taller se ofrece solamente el primer semestre de cada a\u00f1o acad\u00e9mico.\u00a0<\/li>\n<\/ul>\n<\/li>\n<\/ul>\n<p>\u00a0<\/p><\/div>\n\t\t\t\t<\/div>\n\t\t\t\t\t\t\t\t<\/div>\n\t\t\t\t\t\t<\/div>\n\t\t\t\t<\/div>\n\t\t\t\t<\/div>\n\t\t\t\t<\/div>\n\t\t","protected":false},"excerpt":{"rendered":"<p>El curr\u00edculo del Programa de Estudios de Honor plantea la posibilidad de convalidar el requisito de 6 cr\u00e9ditos de competencias lingu\u00edsticas, PREH 4005 y PREH 4900; de igual forma, los talleres que son requisito\u00a0de graduaci\u00f3n del PREH.\u00a0 Para poder convalidar &hellip; <\/p>\n","protected":false},"author":9,"featured_media":0,"parent":0,"menu_order":0,"comment_status":"closed","ping_status":"closed","template":"","meta":{"_monsterinsights_skip_tracking":false,"_monsterinsights_sitenote_active":false,"_monsterinsights_sitenote_note":"","_monsterinsights_sitenote_category":0,"footnotes":""},"class_list":["post-983","page","type-page","status-publish","hentry"],"yoast_head":"<!-- This site is optimized with the Yoast SEO plugin v27.2 - https:\/\/yoast.com\/product\/yoast-seo-wordpress\/ -->\n<title>Convalidaci\u00f3n de Cursos y Talleres - Programa de Estudios de Honor<\/title>\n<meta name=\"robots\" content=\"index, follow, max-snippet:-1, max-image-preview:large, max-video-preview:-1\" \/>\n<link rel=\"canonical\" href=\"https:\/\/academicos.uprrp.edu\/preh\/convalidaciones\/\" \/>\n<meta property=\"og:locale\" content=\"es_ES\" \/>\n<meta property=\"og:type\" content=\"article\" \/>\n<meta property=\"og:title\" content=\"Convalidaci\u00f3n de Cursos y Talleres - Programa de Estudios de Honor\" \/>\n<meta property=\"og:description\" content=\"El curr\u00edculo del Programa de Estudios de Honor plantea la posibilidad de convalidar el requisito de 6 cr\u00e9ditos de competencias lingu\u00edsticas, PREH 4005 y PREH 4900; de igual forma, los talleres que son requisito\u00a0de graduaci\u00f3n del PREH.\u00a0 Para poder convalidar &hellip;\" \/>\n<meta property=\"og:url\" content=\"https:\/\/academicos.uprrp.edu\/preh\/convalidaciones\/\" \/>\n<meta property=\"og:site_name\" content=\"Programa de Estudios de Honor\" \/>\n<meta property=\"article:modified_time\" content=\"2026-01-27T15:05:41+00:00\" \/>\n<meta name=\"twitter:card\" content=\"summary_large_image\" \/>\n<meta name=\"twitter:label1\" content=\"Est. reading time\" \/>\n\t<meta name=\"twitter:data1\" content=\"3 minutos\" \/>\n<script type=\"application\/ld+json\" class=\"yoast-schema-graph\">{\"@context\":\"https:\/\/schema.org\",\"@graph\":[{\"@type\":\"WebPage\",\"@id\":\"https:\/\/academicos.uprrp.edu\/preh\/convalidaciones\/\",\"url\":\"https:\/\/academicos.uprrp.edu\/preh\/convalidaciones\/\",\"name\":\"Convalidaci\u00f3n de Cursos y Talleres - Programa de Estudios de Honor\",\"isPartOf\":{\"@id\":\"https:\/\/academicos.uprrp.edu\/preh\/#website\"},\"datePublished\":\"2019-03-07T19:39:33+00:00\",\"dateModified\":\"2026-01-27T15:05:41+00:00\",\"breadcrumb\":{\"@id\":\"https:\/\/academicos.uprrp.edu\/preh\/convalidaciones\/#breadcrumb\"},\"inLanguage\":\"es\",\"potentialAction\":[{\"@type\":\"ReadAction\",\"target\":[\"https:\/\/academicos.uprrp.edu\/preh\/convalidaciones\/\"]}]},{\"@type\":\"BreadcrumbList\",\"@id\":\"https:\/\/academicos.uprrp.edu\/preh\/convalidaciones\/#breadcrumb\",\"itemListElement\":[{\"@type\":\"ListItem\",\"position\":1,\"name\":\"Home\",\"item\":\"https:\/\/academicos.uprrp.edu\/preh\/\"},{\"@type\":\"ListItem\",\"position\":2,\"name\":\"Convalidaci\u00f3n de Cursos y Talleres\"}]},{\"@type\":\"WebSite\",\"@id\":\"https:\/\/academicos.uprrp.edu\/preh\/#website\",\"url\":\"https:\/\/academicos.uprrp.edu\/preh\/\",\"name\":\"Programa de Estudios de Honor\",\"description\":\"\",\"potentialAction\":[{\"@type\":\"SearchAction\",\"target\":{\"@type\":\"EntryPoint\",\"urlTemplate\":\"https:\/\/academicos.uprrp.edu\/preh\/?s={search_term_string}\"},\"query-input\":{\"@type\":\"PropertyValueSpecification\",\"valueRequired\":true,\"valueName\":\"search_term_string\"}}],\"inLanguage\":\"es\"}]}<\/script>\n<!-- \/ Yoast SEO plugin. -->","yoast_head_json":{"title":"Convalidaci\u00f3n de Cursos y Talleres - Programa de Estudios de Honor","robots":{"index":"index","follow":"follow","max-snippet":"max-snippet:-1","max-image-preview":"max-image-preview:large","max-video-preview":"max-video-preview:-1"},"canonical":"https:\/\/academicos.uprrp.edu\/preh\/convalidaciones\/","og_locale":"es_ES","og_type":"article","og_title":"Convalidaci\u00f3n de Cursos y Talleres - Programa de Estudios de Honor","og_description":"El curr\u00edculo del Programa de Estudios de Honor plantea la posibilidad de convalidar el requisito de 6 cr\u00e9ditos de competencias lingu\u00edsticas, PREH 4005 y PREH 4900; de igual forma, los talleres que son requisito\u00a0de graduaci\u00f3n del PREH.\u00a0 Para poder convalidar &hellip;","og_url":"https:\/\/academicos.uprrp.edu\/preh\/convalidaciones\/","og_site_name":"Programa de Estudios de Honor","article_modified_time":"2026-01-27T15:05:41+00:00","twitter_card":"summary_large_image","twitter_misc":{"Est. reading time":"3 minutos"},"schema":{"@context":"https:\/\/schema.org","@graph":[{"@type":"WebPage","@id":"https:\/\/academicos.uprrp.edu\/preh\/convalidaciones\/","url":"https:\/\/academicos.uprrp.edu\/preh\/convalidaciones\/","name":"Convalidaci\u00f3n de Cursos y Talleres - Programa de Estudios de Honor","isPartOf":{"@id":"https:\/\/academicos.uprrp.edu\/preh\/#website"},"datePublished":"2019-03-07T19:39:33+00:00","dateModified":"2026-01-27T15:05:41+00:00","breadcrumb":{"@id":"https:\/\/academicos.uprrp.edu\/preh\/convalidaciones\/#breadcrumb"},"inLanguage":"es","potentialAction":[{"@type":"ReadAction","target":["https:\/\/academicos.uprrp.edu\/preh\/convalidaciones\/"]}]},{"@type":"BreadcrumbList","@id":"https:\/\/academicos.uprrp.edu\/preh\/convalidaciones\/#breadcrumb","itemListElement":[{"@type":"ListItem","position":1,"name":"Home","item":"https:\/\/academicos.uprrp.edu\/preh\/"},{"@type":"ListItem","position":2,"name":"Convalidaci\u00f3n de Cursos y Talleres"}]},{"@type":"WebSite","@id":"https:\/\/academicos.uprrp.edu\/preh\/#website","url":"https:\/\/academicos.uprrp.edu\/preh\/","name":"Programa de Estudios de Honor","description":"","potentialAction":[{"@type":"SearchAction","target":{"@type":"EntryPoint","urlTemplate":"https:\/\/academicos.uprrp.edu\/preh\/?s={search_term_string}"},"query-input":{"@type":"PropertyValueSpecification","valueRequired":true,"valueName":"search_term_string"}}],"inLanguage":"es"}]}},"_links":{"self":[{"href":"https:\/\/academicos.uprrp.edu\/preh\/wp-json\/wp\/v2\/pages\/983","targetHints":{"allow":["GET"]}}],"collection":[{"href":"https:\/\/academicos.uprrp.edu\/preh\/wp-json\/wp\/v2\/pages"}],"about":[{"href":"https:\/\/academicos.uprrp.edu\/preh\/wp-json\/wp\/v2\/types\/page"}],"author":[{"embeddable":true,"href":"https:\/\/academicos.uprrp.edu\/preh\/wp-json\/wp\/v2\/users\/9"}],"replies":[{"embeddable":true,"href":"https:\/\/academicos.uprrp.edu\/preh\/wp-json\/wp\/v2\/comments?post=983"}],"version-history":[{"count":69,"href":"https:\/\/academicos.uprrp.edu\/preh\/wp-json\/wp\/v2\/pages\/983\/revisions"}],"predecessor-version":[{"id":13171,"href":"https:\/\/academicos.uprrp.edu\/preh\/wp-json\/wp\/v2\/pages\/983\/revisions\/13171"}],"wp:attachment":[{"href":"https:\/\/academicos.uprrp.edu\/preh\/wp-json\/wp\/v2\/media?parent=983"}],"curies":[{"name":"wp","href":"https:\/\/api.w.org\/{rel}","templated":true}]}}