{"id":9,"date":"2018-02-23T15:27:09","date_gmt":"2018-02-23T15:27:09","guid":{"rendered":"http:\/\/preh.uprrp.edu\/?page_id=9"},"modified":"2026-03-20T16:13:13","modified_gmt":"2026-03-20T20:13:13","slug":"descripcion-del-programa-de-estudios-de-honor","status":"publish","type":"page","link":"https:\/\/academicos.uprrp.edu\/preh\/descripcion-del-programa-de-estudios-de-honor\/","title":{"rendered":"Misi\u00f3n, metas y objetivos"},"content":{"rendered":"\t\t<div data-elementor-type=\"wp-page\" data-elementor-id=\"9\" class=\"elementor elementor-9\">\n\t\t\t\t<div class=\"elementor-element elementor-element-10100853 e-flex e-con-boxed e-con e-parent\" data-id=\"10100853\" data-element_type=\"container\" data-e-type=\"container\">\n\t\t\t\t\t<div class=\"e-con-inner\">\n\t\t\t\t<div class=\"elementor-element elementor-element-dbeda92 elementor-tabs-view-vertical elementor-widget elementor-widget-tabs\" data-id=\"dbeda92\" data-element_type=\"widget\" data-e-type=\"widget\" data-widget_type=\"tabs.default\">\n\t\t\t\t<div class=\"elementor-widget-container\">\n\t\t\t\t\t\t\t<div class=\"elementor-tabs\">\n\t\t\t<div class=\"elementor-tabs-wrapper\" role=\"tablist\" >\n\t\t\t\t\t\t\t\t\t<div id=\"elementor-tab-title-2301\" class=\"elementor-tab-title elementor-tab-desktop-title\" aria-selected=\"true\" data-tab=\"1\" role=\"tab\" tabindex=\"0\" aria-controls=\"elementor-tab-content-2301\" aria-expanded=\"false\">Misi\u00f3n<\/div>\n\t\t\t\t\t\t\t\t\t<div id=\"elementor-tab-title-2302\" class=\"elementor-tab-title elementor-tab-desktop-title\" aria-selected=\"false\" data-tab=\"2\" role=\"tab\" tabindex=\"-1\" aria-controls=\"elementor-tab-content-2302\" aria-expanded=\"false\">Metas<\/div>\n\t\t\t\t\t\t\t\t\t<div id=\"elementor-tab-title-2303\" class=\"elementor-tab-title elementor-tab-desktop-title\" aria-selected=\"false\" data-tab=\"3\" role=\"tab\" tabindex=\"-1\" aria-controls=\"elementor-tab-content-2303\" aria-expanded=\"false\">Objetivos<\/div>\n\t\t\t\t\t\t\t\t\t<div id=\"elementor-tab-title-2304\" class=\"elementor-tab-title elementor-tab-desktop-title\" aria-selected=\"false\" data-tab=\"4\" role=\"tab\" tabindex=\"-1\" aria-controls=\"elementor-tab-content-2304\" aria-expanded=\"false\">Otras experiencias acad\u00e9micas<\/div>\n\t\t\t\t\t\t\t<\/div>\n\t\t\t<div class=\"elementor-tabs-content-wrapper\" role=\"tablist\" aria-orientation=\"vertical\">\n\t\t\t\t\t\t\t\t\t<div class=\"elementor-tab-title elementor-tab-mobile-title\" aria-selected=\"true\" data-tab=\"1\" role=\"tab\" tabindex=\"0\" aria-controls=\"elementor-tab-content-2301\" aria-expanded=\"false\">Misi\u00f3n<\/div>\n\t\t\t\t\t<div id=\"elementor-tab-content-2301\" class=\"elementor-tab-content elementor-clearfix\" data-tab=\"1\" role=\"tabpanel\" aria-labelledby=\"elementor-tab-title-2301\" tabindex=\"0\" hidden=\"false\"><p>La misi\u00f3n del Programa de Estudios de Honor de la Universidad de Puerto Rico, Recinto de R\u00edo Piedras es ofrecer a sus estudiantes la oportunidad de lograr una educaci\u00f3n subgraduada integrada, en una atm\u00f3sfera innovadora, autocr\u00edtica y creativa. Por educaci\u00f3n integrada se entiende un acercamiento amplio y flexible al proceso de aprendizaje, donde se favorezca tanto la incorporaci\u00f3n de \u00e1reas diversas del conocimiento, como la especializaci\u00f3n necesaria para el dominio de alguna materia. El mismo ayuda a proveer un espacio af\u00edn al esp\u00edritu din\u00e1mico de profesores y estudiantes que se interesen por explorar nuevas oportunidades. El Programa provee, por medio del contenido, del enfoque de sus ofrecimientos acad\u00e9micos y del programa de actividades, la oportunidad para que el estudiante desarrolle los conocimientos, las competencias y las actitudes acad\u00e9micas necesarias para el an\u00e1lisis y la soluci\u00f3n de problemas pertinentes. Su curr\u00edculo constituye un complemento del curr\u00edculo general para aquellos estudiantes que deseen un ambiente de estudios individualizados y ofrecimientos variados y flexibles, sin por ello interrumpir su plan general de estudios dentro de los programas del recinto.<\/p><\/div>\n\t\t\t\t\t\t\t\t\t<div class=\"elementor-tab-title elementor-tab-mobile-title\" aria-selected=\"false\" data-tab=\"2\" role=\"tab\" tabindex=\"-1\" aria-controls=\"elementor-tab-content-2302\" aria-expanded=\"false\">Metas<\/div>\n\t\t\t\t\t<div id=\"elementor-tab-content-2302\" class=\"elementor-tab-content elementor-clearfix\" data-tab=\"2\" role=\"tabpanel\" aria-labelledby=\"elementor-tab-title-2302\" tabindex=\"0\" hidden=\"hidden\"><p>De la misi\u00f3n del Programa, se identifican unas metas dirigidas a que el estudiante logre: 1. una educaci\u00f3n integrada, la cual complementa su curr\u00edculo regular con ofrecimientos variados y flexibles, 2. una actitud de an\u00e1lisis, de cuestionamiento y de creatividad dentro de una atm\u00f3sfera acad\u00e9mica que propicie la vocaci\u00f3n por el estudio y la investigaci\u00f3n, 3. las competencias necesarias para el trabajo independiente y la investigaci\u00f3n rigurosa y 4.\u00a0la motivaci\u00f3n para proseguir estudios graduados o profesionales.<\/p><\/div>\n\t\t\t\t\t\t\t\t\t<div class=\"elementor-tab-title elementor-tab-mobile-title\" aria-selected=\"false\" data-tab=\"3\" role=\"tab\" tabindex=\"-1\" aria-controls=\"elementor-tab-content-2303\" aria-expanded=\"false\">Objetivos<\/div>\n\t\t\t\t\t<div id=\"elementor-tab-content-2303\" class=\"elementor-tab-content elementor-clearfix\" data-tab=\"3\" role=\"tabpanel\" aria-labelledby=\"elementor-tab-title-2303\" tabindex=\"0\" hidden=\"hidden\"><p>1. Proveer un foro para el intercambio de ideas entre estudiantes y profesores de diversas disciplinas,<\/p>\n<p>2.\u00a0Ofrecer atenci\u00f3n individualizada para el mejor desarrollo intelectual del estudiante,<\/p>\n<p>3.\u00a0Fomentar la apertura y el riesgo intelectual inter-facultativo en la selecci\u00f3n de ofrecimientos curriculares,<\/p>\n<p>4.\u00a0Fomentar la vocaci\u00f3n por el estudio independiente y la investigaci\u00f3n.<\/p>\n<p>5.\u00a0Proveer experiencias para el desarrollo de competencias en la investigaci\u00f3n rigurosa, y<\/p>\n<p>6.\u00a0Fomentar los estudios graduados y ayudar en las gestiones de admisi\u00f3n y de obtenci\u00f3n de becas a quienes deseen proseguirlos.<\/p><\/div>\n\t\t\t\t\t\t\t\t\t<div class=\"elementor-tab-title elementor-tab-mobile-title\" aria-selected=\"false\" data-tab=\"4\" role=\"tab\" tabindex=\"-1\" aria-controls=\"elementor-tab-content-2304\" aria-expanded=\"false\">Otras experiencias acad\u00e9micas<\/div>\n\t\t\t\t\t<div id=\"elementor-tab-content-2304\" class=\"elementor-tab-content elementor-clearfix\" data-tab=\"4\" role=\"tabpanel\" aria-labelledby=\"elementor-tab-title-2304\" tabindex=\"0\" hidden=\"hidden\"><p>1. La participaci\u00f3n en la preparaci\u00f3n de un estudio individualizado (un profesor y un estudiante) dise\u00f1ado por el estudiante que culmine en la tesis o proyecto de creaci\u00f3n del estudiante.\u00a0<\/p>\n<p>2. La participaci\u00f3n directa del estudiante en el proceso de creaci\u00f3n del curr\u00edculo.\u00a0<\/p>\n<p>3. La investigaci\u00f3n b\u00e1sica en un seminario en el que se aborda un tema desde una o m\u00e1s perspectivas o se integran diversos temas.<\/p>\n<p>4. El dominio adecuado de los conocimientos en un \u00e1rea de proyecto de creaci\u00f3n.<\/p>\n<p>5. El dominio adecuado de competencias ling\u00fc\u00edsticas.<\/p>\n<p>6. Mantener programa de consejer\u00eda grupal e individualizada que armonice las necesidades acad\u00e9micas de los estudiantes con los requisitos y prop\u00f3sitos del PREH.<\/p>\n<p>7. Estimular la divulgaci\u00f3n y utilizaci\u00f3n de las investigaciones, los trabajos literarios y otras expresiones creativas realizadas por los estudiantes.<\/p>\n<p>8. Propiciar un proceso de comunicaci\u00f3n, colaboraci\u00f3n e intercambio con otros programas de honor u otros programas afines en el Recinto o en los dem\u00e1s recintos y universidades dentro y fuera del pa\u00eds.<\/p><\/div>\n\t\t\t\t\t\t\t<\/div>\n\t\t<\/div>\n\t\t\t\t\t\t<\/div>\n\t\t\t\t<\/div>\n\t\t\t\t<div class=\"elementor-element elementor-element-407e8087 elementor-widget elementor-widget-text-editor\" data-id=\"407e8087\" data-element_type=\"widget\" data-e-type=\"widget\" data-widget_type=\"text-editor.default\">\n\t\t\t\t<div class=\"elementor-widget-container\">\n\t\t\t\t\t\t\t\t\t<p>\u00a0<\/p>\n\n<h4 class=\"wp-block-heading has-vivid-red-color has-text-color\"><a href=\"https:\/\/academicos.uprrp.edu\/preh\/requisitos\/\" target=\"_blank\" rel=\"noopener\">\u00bfQui\u00e9nes pueden solicitar admisi\u00f3n?<\/a><\/h4>\n\t\t\t\t\t\t\t\t<\/div>\n\t\t\t\t<\/div>\n\t\t\t\t\t<\/div>\n\t\t\t\t<\/div>\n\t\t\t\t<\/div>\n\t\t","protected":false},"excerpt":{"rendered":"<p>Misi\u00f3n Metas Objetivos Otras experiencias acad\u00e9micas Misi\u00f3n La misi\u00f3n del Programa de Estudios de Honor de la Universidad de Puerto Rico, Recinto de R\u00edo Piedras es ofrecer a sus estudiantes la oportunidad de lograr una educaci\u00f3n subgraduada integrada, en una &hellip; <\/p>\n","protected":false},"author":9,"featured_media":0,"parent":0,"menu_order":0,"comment_status":"closed","ping_status":"closed","template":"","meta":{"_monsterinsights_skip_tracking":false,"_monsterinsights_sitenote_active":false,"_monsterinsights_sitenote_note":"","_monsterinsights_sitenote_category":0,"footnotes":""},"class_list":["post-9","page","type-page","status-publish","hentry"],"yoast_head":"<!-- This site is optimized with the Yoast SEO plugin v27.2 - https:\/\/yoast.com\/product\/yoast-seo-wordpress\/ -->\n<title>Misi\u00f3n, metas y objetivos - Programa de Estudios de Honor<\/title>\n<meta name=\"robots\" content=\"index, follow, max-snippet:-1, max-image-preview:large, max-video-preview:-1\" \/>\n<link rel=\"canonical\" href=\"https:\/\/academicos.uprrp.edu\/preh\/descripcion-del-programa-de-estudios-de-honor\/\" \/>\n<meta property=\"og:locale\" content=\"es_ES\" \/>\n<meta property=\"og:type\" content=\"article\" \/>\n<meta property=\"og:title\" content=\"Misi\u00f3n, metas y objetivos - Programa de Estudios de Honor\" \/>\n<meta property=\"og:description\" content=\"Misi\u00f3n Metas Objetivos Otras experiencias acad\u00e9micas Misi\u00f3n La misi\u00f3n del Programa de Estudios de Honor de la Universidad de Puerto Rico, Recinto de R\u00edo Piedras es ofrecer a sus estudiantes la oportunidad de lograr una educaci\u00f3n subgraduada integrada, en una &hellip;\" \/>\n<meta property=\"og:url\" content=\"https:\/\/academicos.uprrp.edu\/preh\/descripcion-del-programa-de-estudios-de-honor\/\" \/>\n<meta property=\"og:site_name\" content=\"Programa de Estudios de Honor\" \/>\n<meta property=\"article:modified_time\" content=\"2026-03-20T20:13:13+00:00\" \/>\n<meta name=\"twitter:card\" content=\"summary_large_image\" \/>\n<meta name=\"twitter:label1\" content=\"Est. reading time\" \/>\n\t<meta name=\"twitter:data1\" content=\"3 minutos\" \/>\n<script type=\"application\/ld+json\" class=\"yoast-schema-graph\">{\"@context\":\"https:\/\/schema.org\",\"@graph\":[{\"@type\":\"WebPage\",\"@id\":\"https:\/\/academicos.uprrp.edu\/preh\/descripcion-del-programa-de-estudios-de-honor\/\",\"url\":\"https:\/\/academicos.uprrp.edu\/preh\/descripcion-del-programa-de-estudios-de-honor\/\",\"name\":\"Misi\u00f3n, metas y objetivos - Programa de Estudios de Honor\",\"isPartOf\":{\"@id\":\"https:\/\/academicos.uprrp.edu\/preh\/#website\"},\"datePublished\":\"2018-02-23T15:27:09+00:00\",\"dateModified\":\"2026-03-20T20:13:13+00:00\",\"breadcrumb\":{\"@id\":\"https:\/\/academicos.uprrp.edu\/preh\/descripcion-del-programa-de-estudios-de-honor\/#breadcrumb\"},\"inLanguage\":\"es\",\"potentialAction\":[{\"@type\":\"ReadAction\",\"target\":[\"https:\/\/academicos.uprrp.edu\/preh\/descripcion-del-programa-de-estudios-de-honor\/\"]}]},{\"@type\":\"BreadcrumbList\",\"@id\":\"https:\/\/academicos.uprrp.edu\/preh\/descripcion-del-programa-de-estudios-de-honor\/#breadcrumb\",\"itemListElement\":[{\"@type\":\"ListItem\",\"position\":1,\"name\":\"Home\",\"item\":\"https:\/\/academicos.uprrp.edu\/preh\/\"},{\"@type\":\"ListItem\",\"position\":2,\"name\":\"Misi\u00f3n, metas y objetivos\"}]},{\"@type\":\"WebSite\",\"@id\":\"https:\/\/academicos.uprrp.edu\/preh\/#website\",\"url\":\"https:\/\/academicos.uprrp.edu\/preh\/\",\"name\":\"Programa de Estudios de Honor\",\"description\":\"\",\"potentialAction\":[{\"@type\":\"SearchAction\",\"target\":{\"@type\":\"EntryPoint\",\"urlTemplate\":\"https:\/\/academicos.uprrp.edu\/preh\/?s={search_term_string}\"},\"query-input\":{\"@type\":\"PropertyValueSpecification\",\"valueRequired\":true,\"valueName\":\"search_term_string\"}}],\"inLanguage\":\"es\"}]}<\/script>\n<!-- \/ Yoast SEO plugin. -->","yoast_head_json":{"title":"Misi\u00f3n, metas y objetivos - Programa de Estudios de Honor","robots":{"index":"index","follow":"follow","max-snippet":"max-snippet:-1","max-image-preview":"max-image-preview:large","max-video-preview":"max-video-preview:-1"},"canonical":"https:\/\/academicos.uprrp.edu\/preh\/descripcion-del-programa-de-estudios-de-honor\/","og_locale":"es_ES","og_type":"article","og_title":"Misi\u00f3n, metas y objetivos - Programa de Estudios de Honor","og_description":"Misi\u00f3n Metas Objetivos Otras experiencias acad\u00e9micas Misi\u00f3n La misi\u00f3n del Programa de Estudios de Honor de la Universidad de Puerto Rico, Recinto de R\u00edo Piedras es ofrecer a sus estudiantes la oportunidad de lograr una educaci\u00f3n subgraduada integrada, en una &hellip;","og_url":"https:\/\/academicos.uprrp.edu\/preh\/descripcion-del-programa-de-estudios-de-honor\/","og_site_name":"Programa de Estudios de Honor","article_modified_time":"2026-03-20T20:13:13+00:00","twitter_card":"summary_large_image","twitter_misc":{"Est. reading time":"3 minutos"},"schema":{"@context":"https:\/\/schema.org","@graph":[{"@type":"WebPage","@id":"https:\/\/academicos.uprrp.edu\/preh\/descripcion-del-programa-de-estudios-de-honor\/","url":"https:\/\/academicos.uprrp.edu\/preh\/descripcion-del-programa-de-estudios-de-honor\/","name":"Misi\u00f3n, metas y objetivos - Programa de Estudios de Honor","isPartOf":{"@id":"https:\/\/academicos.uprrp.edu\/preh\/#website"},"datePublished":"2018-02-23T15:27:09+00:00","dateModified":"2026-03-20T20:13:13+00:00","breadcrumb":{"@id":"https:\/\/academicos.uprrp.edu\/preh\/descripcion-del-programa-de-estudios-de-honor\/#breadcrumb"},"inLanguage":"es","potentialAction":[{"@type":"ReadAction","target":["https:\/\/academicos.uprrp.edu\/preh\/descripcion-del-programa-de-estudios-de-honor\/"]}]},{"@type":"BreadcrumbList","@id":"https:\/\/academicos.uprrp.edu\/preh\/descripcion-del-programa-de-estudios-de-honor\/#breadcrumb","itemListElement":[{"@type":"ListItem","position":1,"name":"Home","item":"https:\/\/academicos.uprrp.edu\/preh\/"},{"@type":"ListItem","position":2,"name":"Misi\u00f3n, metas y objetivos"}]},{"@type":"WebSite","@id":"https:\/\/academicos.uprrp.edu\/preh\/#website","url":"https:\/\/academicos.uprrp.edu\/preh\/","name":"Programa de Estudios de Honor","description":"","potentialAction":[{"@type":"SearchAction","target":{"@type":"EntryPoint","urlTemplate":"https:\/\/academicos.uprrp.edu\/preh\/?s={search_term_string}"},"query-input":{"@type":"PropertyValueSpecification","valueRequired":true,"valueName":"search_term_string"}}],"inLanguage":"es"}]}},"_links":{"self":[{"href":"https:\/\/academicos.uprrp.edu\/preh\/wp-json\/wp\/v2\/pages\/9","targetHints":{"allow":["GET"]}}],"collection":[{"href":"https:\/\/academicos.uprrp.edu\/preh\/wp-json\/wp\/v2\/pages"}],"about":[{"href":"https:\/\/academicos.uprrp.edu\/preh\/wp-json\/wp\/v2\/types\/page"}],"author":[{"embeddable":true,"href":"https:\/\/academicos.uprrp.edu\/preh\/wp-json\/wp\/v2\/users\/9"}],"replies":[{"embeddable":true,"href":"https:\/\/academicos.uprrp.edu\/preh\/wp-json\/wp\/v2\/comments?post=9"}],"version-history":[{"count":10,"href":"https:\/\/academicos.uprrp.edu\/preh\/wp-json\/wp\/v2\/pages\/9\/revisions"}],"predecessor-version":[{"id":13484,"href":"https:\/\/academicos.uprrp.edu\/preh\/wp-json\/wp\/v2\/pages\/9\/revisions\/13484"}],"wp:attachment":[{"href":"https:\/\/academicos.uprrp.edu\/preh\/wp-json\/wp\/v2\/media?parent=9"}],"curies":[{"name":"wp","href":"https:\/\/api.w.org\/{rel}","templated":true}]}}