{"id":5373,"date":"2021-05-25T15:09:27","date_gmt":"2021-05-25T19:09:27","guid":{"rendered":"https:\/\/preh.uprrp.edu\/?page_id=5373"},"modified":"2021-05-25T15:09:27","modified_gmt":"2021-05-25T19:09:27","slug":"internado-legislativo-jorge-a-ramos-comas-2","status":"publish","type":"page","link":"https:\/\/academicos.uprrp.edu\/preh\/becas-internados\/internados\/internado-legislativo-jorge-a-ramos-comas\/internado-legislativo-jorge-a-ramos-comas-2\/","title":{"rendered":"Internado Legislativo Jorge A. Ramos Comas"},"content":{"rendered":"<div class=\"wp-block-image\">\n<figure class=\"alignleft\"><img decoding=\"async\" src=\"https:\/\/preh.uprrp.edu\/wp-content\/uploads\/2021\/10\/Screen-Shot-2021-10-07-at-9.22.48-AM.png\" alt=\"\" class=\"wp-image-5968\" \/><\/figure>\n<\/div>\n\n\n<p><span lang=\"ES\">El&nbsp;<\/span><span lang=\"ES\">Programa de Internado Legislativo<\/span><span lang=\"ES\">&nbsp;Jorge Alberto Ramos Comas<\/span><span lang=\"ES\">, fue creado en virtud de la Ley 184-1996 y est\u00e1 dirigido a ofrecer estudiantes universitarios una experiencia educativa que combine los elementos te\u00f3ricos y pr\u00e1cticos de los procesos legislativos y su integraci\u00f3n con las dem\u00e1s Ramas de Gobierno. Promueve una mayor conciencia entre los participantes de la importancia del proceso legislativo en la consecuci\u00f3n del bien com\u00fan. A su vez, se desarrolla el talento de peritaje y el inter\u00e9s futuro en mantenerse ligados a la Rama Legislativa. El Programa es presidido por el Representante&nbsp;<\/span><span lang=\"EN-US\"><span lang=\"ES\">H\u00e9ctor E. Ferrer Santiago.<\/span><\/span><\/p>\n\n\n\n<h4 class=\"wp-block-heading\">REQUISITOS GENERALES<\/h4>\n\n\n\n<ol class=\"wp-block-list\">\n<li><span style=\"font-family: Arial;font-size: 12.0pt;font-weight: normal;font-style: normal\">Ser mayor de 18 a\u00f1os de edad.<\/span><\/li>\n\n\n\n<li><span style=\"font-family: Arial;font-size: 12.0pt\">Ser estudiante de una instituci\u00f3n de educaci\u00f3n superior acreditada por el Consejo de Educaci\u00f3n de Puerto Rico.<\/span><\/li>\n\n\n\n<li><span style=\"font-family: Arial;font-size: 12.0pt\">Ser estudiante a nivel sub-graduado o graduado.<\/span><\/li>\n\n\n\n<li><span style=\"font-family: Arial;font-size: 12.0pt\">Haber completado y aprobado la mitad de los cr\u00e9ditos necesarios para obtener el grado (sub-graduado o graduado) al momento de solicitar.<\/span><\/li>\n\n\n\n<li><span style=\"font-family: Arial;font-size: 12.0pt\">Estar matriculado en una instituci\u00f3n post-secundaria ubicada en Puerto Rico al momento de solicitar y participar del internado.<\/span><\/li>\n\n\n\n<li><span style=\"font-family: Arial;font-size: 12.0pt\">Tener un horario de clase que le permita estar disponible en las facilidades del Distrito Capitolino un m\u00ednimo de 20 horas por semana, durante la duraci\u00f3n del Internado. Se requiere que el aspirante tenga disponible el per\u00edodo comprendido entre las diez de la ma\u00f1ana (10:00 a.m.) hasta las dos de la tarde (2:00 p.m.), durante cada viernes en el cual el Programa est\u00e9 en sesi\u00f3n (enero a mayo y de agosto a diciembre)<\/span><\/li>\n\n\n\n<li><span style=\"font-family: Arial;font-size: 12.0pt\">Ser nominado por un miembro de la Asamblea Legislativa. Solo se aceptar\u00e1 una recomendaci\u00f3n por estudiante.<\/span><\/li>\n\n\n\n<li><span style=\"font-family: Arial;font-size: 12.0pt\">Completar la Solicitud de Participaci\u00f3n acompa\u00f1ada de los documentos que en ella se solicitan.<\/span><\/li>\n\n\n\n<li><span style=\"font-family: Arial;font-size: 12.0pt\">Participar de una entrevista formal, previa al momento de la selecci\u00f3n de candidatos, con el personal administrativo de la Comisi\u00f3n.<\/span><\/li>\n\n\n\n<li><span style=\"font-family: Arial;font-size: 12.0pt\">Tener un promedio m\u00ednimo (GPA) de 3.00 al momento de solicitar.<\/span><\/li>\n<\/ol>\n\n\n\n<h4 class=\"wp-block-heading\">&nbsp;<\/h4>\n\n\n\n<h4 class=\"wp-block-heading\"><span style=\"font-weight: bold\">DURANTE EL INTERNADO<\/span><\/h4>\n\n\n\n<ul class=\"wp-block-list\">\n<li><span style=\"font-family: Arial;font-size: 12.0pt\">Los estudiantes son asignados a Oficinas Legislativas o Comisiones, de acuerdo a sus intereses y disponibilidad de las oficinas.<\/span><\/li>\n\n\n\n<li><span style=\"font-family: Arial;font-size: 12.0pt\">Los estudiantes deben cumplir con un m\u00ednimo de 20 horas semanales de trabajo para un total de 80 horas mensuales. (incluidas las horas de los talleres que son mayormente programados para viernes de 10:00 am hasta 2:00 pm)<\/span><\/li>\n\n\n\n<li><span style=\"font-family: Arial;font-size: 12.0pt\">Los estudiantes pueden hacer m\u00e1s horas de acuerdo con su disponibilidad y en coordinaci\u00f3n con su supervisor directo.<\/span><\/li>\n\n\n\n<li><span style=\"font-family: Arial;font-size: 12.0pt\">Cada estudiante es supervisado por el Director de la Oficina, Asesor Legislativo y\/o por el propio legislador o legisladora.<\/span><\/li>\n\n\n\n<li><span style=\"font-family: Arial;font-size: 12.0pt\">La asistencia a los talleres es compulsoria.<\/span><\/li>\n\n\n\n<li><span style=\"font-family: Arial;font-size: 12.0pt\">Los estudiantes podr\u00e1n participar de: redacci\u00f3n de proyectos, asistencia a Vistas P\u00fablicas, Vistas Oculares y \u201cMarkup Sessions\u201d, entre otras funciones legislativas.<\/span><\/li>\n\n\n\n<li><span style=\"font-family: Arial;font-size: 12.0pt\">Como parte de los requisitos, una vez admitidos los estudiantes deben: redactar un proyecto de ley, entrevistar a un legislador, participar en una Vista Publica Simulada y en la Sesi\u00f3n Legislativa Simulada y entregar un portafolio que documente todo lo aprendido.<\/span><\/li>\n<\/ul>\n\n\n\n<h4 class=\"wp-block-heading\">&nbsp;<\/h4>\n\n\n\n<h4 class=\"wp-block-heading\">Convocatoria<\/h4>\n\n\n\n<p>16 de noviembre de 2021.<\/p>\n\n\n\n<h4 class=\"wp-block-heading\"><a href=\"https:\/\/preh.uprrp.edu\/wp-content\/uploads\/2021\/05\/HOJA-DE-DOCUMENTOS-REQUERIDOS-ILRC.pdf\" target=\"_blank\" rel=\"noreferrer noopener\">HOJA DE DOCUMENTOS REQUERIDOS (ILRC)<\/a><\/h4>\n\n\n\n<h4 class=\"wp-block-heading\"><a href=\"https:\/\/preh.uprrp.edu\/wp-content\/uploads\/2021\/05\/SOLICITUD-DE-PARTICPACION-ILRC.pdf\" target=\"_blank\" rel=\"noreferrer noopener\">SOLICITUD DE PARTICPACI\u00d3N (ILRC)<\/a><\/h4>\n\n\n\n<h4 class=\"wp-block-heading\">Informaci\u00f3n de contacto<\/h4>\n\n\n\n<p><b>Administradora, Yanielis Rivera<\/b><\/p>\n\n\n\n<p><span style=\"font-weight: 400\">787-721-6040 Ext. 2125<\/span><\/p>\n\n\n\n<p><a href=\"mailto:Ymrivera@camara.pr.gov\"><span style=\"font-weight: 400\">Ymrivera@camara.pr.gov<\/span><\/a><span style=\"font-weight: 400\">&nbsp;&nbsp;&nbsp;&nbsp;&nbsp;&nbsp;<\/span><\/p>\n\n\n\n<p><b>Representante, H\u00e9ctor E. Ferrer Santiago<\/b><\/p>\n\n\n\n<p><span style=\"font-weight: 400\">Presidente, Comisi\u00f3n Conjunta del Programa de Internado Legislativo Jorge Alberto Ramos Comas<\/span><\/p>\n\n\n\n<p><a href=\"mailto:Hector.ferrersantiago@gmail.com\"><span style=\"font-weight: 400\">Hector.ferrersantiago@gmail.com<\/span><\/a><span style=\"font-weight: 400\">&nbsp;<\/span><\/p>\n","protected":false},"excerpt":{"rendered":"<p>El&nbsp;Programa de Internado Legislativo&nbsp;Jorge Alberto Ramos Comas, fue creado en virtud de la Ley 184-1996 y est\u00e1 dirigido a ofrecer estudiantes universitarios una experiencia educativa que combine los elementos te\u00f3ricos y pr\u00e1cticos de los procesos legislativos y su integraci\u00f3n con &hellip; <\/p>\n","protected":false},"author":9,"featured_media":0,"parent":637,"menu_order":0,"comment_status":"closed","ping_status":"closed","template":"","meta":{"_monsterinsights_skip_tracking":false,"_monsterinsights_sitenote_active":false,"_monsterinsights_sitenote_note":"","_monsterinsights_sitenote_category":0,"footnotes":""},"class_list":["post-5373","page","type-page","status-publish","hentry"],"yoast_head":"<!-- This site is optimized with the Yoast SEO plugin v27.2 - https:\/\/yoast.com\/product\/yoast-seo-wordpress\/ -->\n<title>Internado Legislativo Jorge A. Ramos Comas - Programa de Estudios de Honor<\/title>\n<meta name=\"robots\" content=\"index, follow, max-snippet:-1, max-image-preview:large, max-video-preview:-1\" \/>\n<link rel=\"canonical\" href=\"https:\/\/academicos.uprrp.edu\/preh\/becas-internados\/internados\/internado-legislativo-jorge-a-ramos-comas\/internado-legislativo-jorge-a-ramos-comas-2\/\" \/>\n<meta property=\"og:locale\" content=\"es_ES\" \/>\n<meta property=\"og:type\" content=\"article\" \/>\n<meta property=\"og:title\" content=\"Internado Legislativo Jorge A. Ramos Comas - Programa de Estudios de Honor\" \/>\n<meta property=\"og:description\" content=\"El&nbsp;Programa de Internado Legislativo&nbsp;Jorge Alberto Ramos Comas, fue creado en virtud de la Ley 184-1996 y est\u00e1 dirigido a ofrecer estudiantes universitarios una experiencia educativa que combine los elementos te\u00f3ricos y pr\u00e1cticos de los procesos legislativos y su integraci\u00f3n con &hellip;\" \/>\n<meta property=\"og:url\" content=\"https:\/\/academicos.uprrp.edu\/preh\/becas-internados\/internados\/internado-legislativo-jorge-a-ramos-comas\/internado-legislativo-jorge-a-ramos-comas-2\/\" \/>\n<meta property=\"og:site_name\" content=\"Programa de Estudios de Honor\" \/>\n<meta property=\"og:image\" content=\"https:\/\/preh.uprrp.edu\/wp-content\/uploads\/2021\/10\/Screen-Shot-2021-10-07-at-9.22.48-AM.png\" \/>\n<meta name=\"twitter:card\" content=\"summary_large_image\" \/>\n<meta name=\"twitter:label1\" content=\"Est. reading time\" \/>\n\t<meta name=\"twitter:data1\" content=\"3 minutos\" \/>\n<script type=\"application\/ld+json\" class=\"yoast-schema-graph\">{\"@context\":\"https:\/\/schema.org\",\"@graph\":[{\"@type\":\"WebPage\",\"@id\":\"https:\/\/academicos.uprrp.edu\/preh\/becas-internados\/internados\/internado-legislativo-jorge-a-ramos-comas\/internado-legislativo-jorge-a-ramos-comas-2\/\",\"url\":\"https:\/\/academicos.uprrp.edu\/preh\/becas-internados\/internados\/internado-legislativo-jorge-a-ramos-comas\/internado-legislativo-jorge-a-ramos-comas-2\/\",\"name\":\"Internado Legislativo Jorge A. Ramos Comas - Programa de Estudios de Honor\",\"isPartOf\":{\"@id\":\"https:\/\/academicos.uprrp.edu\/preh\/#website\"},\"primaryImageOfPage\":{\"@id\":\"https:\/\/academicos.uprrp.edu\/preh\/becas-internados\/internados\/internado-legislativo-jorge-a-ramos-comas\/internado-legislativo-jorge-a-ramos-comas-2\/#primaryimage\"},\"image\":{\"@id\":\"https:\/\/academicos.uprrp.edu\/preh\/becas-internados\/internados\/internado-legislativo-jorge-a-ramos-comas\/internado-legislativo-jorge-a-ramos-comas-2\/#primaryimage\"},\"thumbnailUrl\":\"https:\/\/preh.uprrp.edu\/wp-content\/uploads\/2021\/10\/Screen-Shot-2021-10-07-at-9.22.48-AM.png\",\"datePublished\":\"2021-05-25T19:09:27+00:00\",\"breadcrumb\":{\"@id\":\"https:\/\/academicos.uprrp.edu\/preh\/becas-internados\/internados\/internado-legislativo-jorge-a-ramos-comas\/internado-legislativo-jorge-a-ramos-comas-2\/#breadcrumb\"},\"inLanguage\":\"es\",\"potentialAction\":[{\"@type\":\"ReadAction\",\"target\":[\"https:\/\/academicos.uprrp.edu\/preh\/becas-internados\/internados\/internado-legislativo-jorge-a-ramos-comas\/internado-legislativo-jorge-a-ramos-comas-2\/\"]}]},{\"@type\":\"ImageObject\",\"inLanguage\":\"es\",\"@id\":\"https:\/\/academicos.uprrp.edu\/preh\/becas-internados\/internados\/internado-legislativo-jorge-a-ramos-comas\/internado-legislativo-jorge-a-ramos-comas-2\/#primaryimage\",\"url\":\"https:\/\/preh.uprrp.edu\/wp-content\/uploads\/2021\/10\/Screen-Shot-2021-10-07-at-9.22.48-AM.png\",\"contentUrl\":\"https:\/\/preh.uprrp.edu\/wp-content\/uploads\/2021\/10\/Screen-Shot-2021-10-07-at-9.22.48-AM.png\"},{\"@type\":\"BreadcrumbList\",\"@id\":\"https:\/\/academicos.uprrp.edu\/preh\/becas-internados\/internados\/internado-legislativo-jorge-a-ramos-comas\/internado-legislativo-jorge-a-ramos-comas-2\/#breadcrumb\",\"itemListElement\":[{\"@type\":\"ListItem\",\"position\":1,\"name\":\"Home\",\"item\":\"https:\/\/academicos.uprrp.edu\/preh\/\"},{\"@type\":\"ListItem\",\"position\":2,\"name\":\"Becas\/Internados\",\"item\":\"https:\/\/academicos.uprrp.edu\/preh\/becas-internados\/\"},{\"@type\":\"ListItem\",\"position\":3,\"name\":\"Internados\",\"item\":\"https:\/\/academicos.uprrp.edu\/preh\/becas-internados\/internados\/\"},{\"@type\":\"ListItem\",\"position\":4,\"name\":\"Internado Legislativo Jorge A. Ramos Comas\",\"item\":\"https:\/\/academicos.uprrp.edu\/preh\/becas-internados\/internados\/internado-legislativo-jorge-a-ramos-comas\/\"},{\"@type\":\"ListItem\",\"position\":5,\"name\":\"Internado Legislativo Jorge A. Ramos Comas\"}]},{\"@type\":\"WebSite\",\"@id\":\"https:\/\/academicos.uprrp.edu\/preh\/#website\",\"url\":\"https:\/\/academicos.uprrp.edu\/preh\/\",\"name\":\"Programa de Estudios de Honor\",\"description\":\"\",\"potentialAction\":[{\"@type\":\"SearchAction\",\"target\":{\"@type\":\"EntryPoint\",\"urlTemplate\":\"https:\/\/academicos.uprrp.edu\/preh\/?s={search_term_string}\"},\"query-input\":{\"@type\":\"PropertyValueSpecification\",\"valueRequired\":true,\"valueName\":\"search_term_string\"}}],\"inLanguage\":\"es\"}]}<\/script>\n<!-- \/ Yoast SEO plugin. -->","yoast_head_json":{"title":"Internado Legislativo Jorge A. Ramos Comas - Programa de Estudios de Honor","robots":{"index":"index","follow":"follow","max-snippet":"max-snippet:-1","max-image-preview":"max-image-preview:large","max-video-preview":"max-video-preview:-1"},"canonical":"https:\/\/academicos.uprrp.edu\/preh\/becas-internados\/internados\/internado-legislativo-jorge-a-ramos-comas\/internado-legislativo-jorge-a-ramos-comas-2\/","og_locale":"es_ES","og_type":"article","og_title":"Internado Legislativo Jorge A. Ramos Comas - Programa de Estudios de Honor","og_description":"El&nbsp;Programa de Internado Legislativo&nbsp;Jorge Alberto Ramos Comas, fue creado en virtud de la Ley 184-1996 y est\u00e1 dirigido a ofrecer estudiantes universitarios una experiencia educativa que combine los elementos te\u00f3ricos y pr\u00e1cticos de los procesos legislativos y su integraci\u00f3n con &hellip;","og_url":"https:\/\/academicos.uprrp.edu\/preh\/becas-internados\/internados\/internado-legislativo-jorge-a-ramos-comas\/internado-legislativo-jorge-a-ramos-comas-2\/","og_site_name":"Programa de Estudios de Honor","og_image":[{"url":"https:\/\/preh.uprrp.edu\/wp-content\/uploads\/2021\/10\/Screen-Shot-2021-10-07-at-9.22.48-AM.png","type":"","width":"","height":""}],"twitter_card":"summary_large_image","twitter_misc":{"Est. reading time":"3 minutos"},"schema":{"@context":"https:\/\/schema.org","@graph":[{"@type":"WebPage","@id":"https:\/\/academicos.uprrp.edu\/preh\/becas-internados\/internados\/internado-legislativo-jorge-a-ramos-comas\/internado-legislativo-jorge-a-ramos-comas-2\/","url":"https:\/\/academicos.uprrp.edu\/preh\/becas-internados\/internados\/internado-legislativo-jorge-a-ramos-comas\/internado-legislativo-jorge-a-ramos-comas-2\/","name":"Internado Legislativo Jorge A. Ramos Comas - Programa de Estudios de Honor","isPartOf":{"@id":"https:\/\/academicos.uprrp.edu\/preh\/#website"},"primaryImageOfPage":{"@id":"https:\/\/academicos.uprrp.edu\/preh\/becas-internados\/internados\/internado-legislativo-jorge-a-ramos-comas\/internado-legislativo-jorge-a-ramos-comas-2\/#primaryimage"},"image":{"@id":"https:\/\/academicos.uprrp.edu\/preh\/becas-internados\/internados\/internado-legislativo-jorge-a-ramos-comas\/internado-legislativo-jorge-a-ramos-comas-2\/#primaryimage"},"thumbnailUrl":"https:\/\/preh.uprrp.edu\/wp-content\/uploads\/2021\/10\/Screen-Shot-2021-10-07-at-9.22.48-AM.png","datePublished":"2021-05-25T19:09:27+00:00","breadcrumb":{"@id":"https:\/\/academicos.uprrp.edu\/preh\/becas-internados\/internados\/internado-legislativo-jorge-a-ramos-comas\/internado-legislativo-jorge-a-ramos-comas-2\/#breadcrumb"},"inLanguage":"es","potentialAction":[{"@type":"ReadAction","target":["https:\/\/academicos.uprrp.edu\/preh\/becas-internados\/internados\/internado-legislativo-jorge-a-ramos-comas\/internado-legislativo-jorge-a-ramos-comas-2\/"]}]},{"@type":"ImageObject","inLanguage":"es","@id":"https:\/\/academicos.uprrp.edu\/preh\/becas-internados\/internados\/internado-legislativo-jorge-a-ramos-comas\/internado-legislativo-jorge-a-ramos-comas-2\/#primaryimage","url":"https:\/\/preh.uprrp.edu\/wp-content\/uploads\/2021\/10\/Screen-Shot-2021-10-07-at-9.22.48-AM.png","contentUrl":"https:\/\/preh.uprrp.edu\/wp-content\/uploads\/2021\/10\/Screen-Shot-2021-10-07-at-9.22.48-AM.png"},{"@type":"BreadcrumbList","@id":"https:\/\/academicos.uprrp.edu\/preh\/becas-internados\/internados\/internado-legislativo-jorge-a-ramos-comas\/internado-legislativo-jorge-a-ramos-comas-2\/#breadcrumb","itemListElement":[{"@type":"ListItem","position":1,"name":"Home","item":"https:\/\/academicos.uprrp.edu\/preh\/"},{"@type":"ListItem","position":2,"name":"Becas\/Internados","item":"https:\/\/academicos.uprrp.edu\/preh\/becas-internados\/"},{"@type":"ListItem","position":3,"name":"Internados","item":"https:\/\/academicos.uprrp.edu\/preh\/becas-internados\/internados\/"},{"@type":"ListItem","position":4,"name":"Internado Legislativo Jorge A. Ramos Comas","item":"https:\/\/academicos.uprrp.edu\/preh\/becas-internados\/internados\/internado-legislativo-jorge-a-ramos-comas\/"},{"@type":"ListItem","position":5,"name":"Internado Legislativo Jorge A. Ramos Comas"}]},{"@type":"WebSite","@id":"https:\/\/academicos.uprrp.edu\/preh\/#website","url":"https:\/\/academicos.uprrp.edu\/preh\/","name":"Programa de Estudios de Honor","description":"","potentialAction":[{"@type":"SearchAction","target":{"@type":"EntryPoint","urlTemplate":"https:\/\/academicos.uprrp.edu\/preh\/?s={search_term_string}"},"query-input":{"@type":"PropertyValueSpecification","valueRequired":true,"valueName":"search_term_string"}}],"inLanguage":"es"}]}},"_links":{"self":[{"href":"https:\/\/academicos.uprrp.edu\/preh\/wp-json\/wp\/v2\/pages\/5373","targetHints":{"allow":["GET"]}}],"collection":[{"href":"https:\/\/academicos.uprrp.edu\/preh\/wp-json\/wp\/v2\/pages"}],"about":[{"href":"https:\/\/academicos.uprrp.edu\/preh\/wp-json\/wp\/v2\/types\/page"}],"author":[{"embeddable":true,"href":"https:\/\/academicos.uprrp.edu\/preh\/wp-json\/wp\/v2\/users\/9"}],"replies":[{"embeddable":true,"href":"https:\/\/academicos.uprrp.edu\/preh\/wp-json\/wp\/v2\/comments?post=5373"}],"version-history":[{"count":0,"href":"https:\/\/academicos.uprrp.edu\/preh\/wp-json\/wp\/v2\/pages\/5373\/revisions"}],"up":[{"embeddable":true,"href":"https:\/\/academicos.uprrp.edu\/preh\/wp-json\/wp\/v2\/pages\/637"}],"wp:attachment":[{"href":"https:\/\/academicos.uprrp.edu\/preh\/wp-json\/wp\/v2\/media?parent=5373"}],"curies":[{"name":"wp","href":"https:\/\/api.w.org\/{rel}","templated":true}]}}