{"id":5065,"date":"2021-04-08T10:19:42","date_gmt":"2021-04-08T14:19:42","guid":{"rendered":"https:\/\/preh.uprrp.edu\/?page_id=5065"},"modified":"2024-04-29T10:06:53","modified_gmt":"2024-04-29T14:06:53","slug":"celebrando-sus-logros","status":"publish","type":"page","link":"https:\/\/academicos.uprrp.edu\/preh\/celebrando-sus-logros\/","title":{"rendered":"Celebrando sus Logros"},"content":{"rendered":"\r\n<h3 class=\"wp-block-heading\" style=\"text-align: left;\">En el Programa de Estudios de Honor estamos muy orgullosos de nuestros(as) estudiantes y los (as) apoyamos en todas las etapas de su vida universitaria. Creemos en su capacidad para alcanzar sus metas y triunfar.<\/h3>\r\n\r\n\r\n\r\n<h3 class=\"wp-block-heading\" style=\"text-align: left;\">Esta secci\u00f3n tiene el prop\u00f3sito de exponer al mundo sus logros.<\/h3>\r\n\r\n\r\n\r\n<h3 class=\"wp-block-heading\" style=\"text-align: left;\"><span style=\"color: #000000; font-size: 14px;\">Para informar sus logros, complete la <span style=\"color: #ff0000;\"><a style=\"color: #ff0000;\" href=\"http:\/\/preh.uprrp.edu\/wp-content\/uploads\/2021\/02\/Plantilla-informe-logros.docx\">plantilla de informe de logros<\/a><\/span> y env\u00edela junto con una foto a:\u00a0<\/span><span style=\"color: #ff0000;\"><a href=\"http:\/\/programa.honor@upr.edu.\">programa.honor@upr.edu<\/a><\/span><\/h3>\r\n\r\n\r\n\r\n<h3 class=\"wp-block-heading\" style=\"text-align: left;\">\u00a0<\/h3>\r\n\r\n\r\n<div class=\"wp-block-image\">\r\n<figure class=\"aligncenter\"><img decoding=\"async\" class=\"wp-image-5056\" src=\"https:\/\/preh.uprrp.edu\/wp-content\/uploads\/2021\/04\/Jomarly-Cruz-logro-1024x1024.jpg\" alt=\"\" \/><\/figure>\r\n<\/div>\r\n\r\n<div class=\"wp-block-image\">\r\n<figure class=\"aligncenter\"><img decoding=\"async\" class=\"wp-image-5006\" src=\"https:\/\/preh.uprrp.edu\/wp-content\/uploads\/2021\/04\/E05C73EB-6A00-4412-91F0-7FBA5EFA34EE-1024x1024.jpeg\" alt=\"\" \/><\/figure>\r\n<\/div>\r\n\r\n<div class=\"wp-block-image\">\r\n<figure class=\"aligncenter\"><img decoding=\"async\" class=\"wp-image-5005\" src=\"https:\/\/preh.uprrp.edu\/wp-content\/uploads\/2021\/04\/A3ED9E6B-8E4F-4239-A0F6-A930938D08C0-1024x1024.jpeg\" alt=\"\" \/><\/figure>\r\n<\/div>\r\n\r\n<div class=\"wp-block-image\">\r\n<figure class=\"aligncenter\"><img decoding=\"async\" class=\"wp-image-4980\" src=\"https:\/\/preh.uprrp.edu\/wp-content\/uploads\/2021\/04\/Michael-West-1024x1024.jpg\" alt=\"\" \/><\/figure>\r\n<\/div>\r\n\r\n<div class=\"wp-block-image\">\r\n<figure class=\"aligncenter\"><img decoding=\"async\" class=\"wp-image-4885\" src=\"https:\/\/preh.uprrp.edu\/wp-content\/uploads\/2021\/03\/Carlos-Feliciano-1024x1024.jpg\" alt=\"\" \/><\/figure>\r\n<\/div>\r\n\r\n<div class=\"wp-block-image\">\r\n<figure class=\"aligncenter\"><img decoding=\"async\" class=\"wp-image-4859\" src=\"https:\/\/preh.uprrp.edu\/wp-content\/uploads\/2021\/03\/reynaldo-logro-1024x1024.jpg\" alt=\"\" \/><\/figure>\r\n<\/div>\r\n\r\n<div class=\"wp-block-image\">\r\n<figure class=\"aligncenter\"><img decoding=\"async\" class=\"wp-image-4827\" src=\"https:\/\/preh.uprrp.edu\/wp-content\/uploads\/2021\/03\/Crisitna-Seda-1024x1024.jpg\" alt=\"\" \/><\/figure>\r\n<\/div>\r\n\r\n<hr class=\"wp-block-separator has-alpha-channel-opacity\" \/>\r\n\r\n<div class=\"wp-block-image\">\r\n<figure class=\"aligncenter\"><img decoding=\"async\" class=\"wp-image-4505\" src=\"http:\/\/preh.uprrp.edu\/wp-content\/uploads\/2021\/01\/Paula-Roque-1024x1024.jpg\" alt=\"\" \/><\/figure>\r\n<\/div>\r\n\r\n<div class=\"wp-block-image\">\r\n<figure class=\"aligncenter\"><img decoding=\"async\" class=\"wp-image-4344\" src=\"http:\/\/preh.uprrp.edu\/wp-content\/uploads\/2020\/12\/Logros-de-estudiantes-1024x1024.jpg\" alt=\"\" \/><\/figure>\r\n<\/div>\r\n\r\n<hr class=\"wp-block-separator has-alpha-channel-opacity\" \/>\r\n\r\n<div class=\"wp-block-image\">\r\n<figure class=\"aligncenter\"><img decoding=\"async\" class=\"wp-image-4379\" src=\"http:\/\/preh.uprrp.edu\/wp-content\/uploads\/2020\/12\/Gabriela-Herna\u00ecndez-1024x1024.jpg\" alt=\"\" \/><\/figure>\r\n<\/div>\r\n\r\n<div class=\"wp-block-image\">\r\n<figure class=\"aligncenter\"><img decoding=\"async\" class=\"wp-image-4378\" src=\"http:\/\/preh.uprrp.edu\/wp-content\/uploads\/2020\/12\/Emili-Rosado-1024x1024.jpg\" alt=\"\" \/><\/figure>\r\n<\/div>\r\n\r\n<div class=\"wp-block-image\">\r\n<figure class=\"aligncenter\"><img decoding=\"async\" class=\"wp-image-4377\" src=\"http:\/\/preh.uprrp.edu\/wp-content\/uploads\/2020\/12\/Minelly-Gonza\u011blez-1-1024x1024.jpg\" alt=\"\" \/><\/figure>\r\n<\/div>\r\n\r\n<div class=\"wp-block-image\">\r\n<figure class=\"aligncenter\"><img decoding=\"async\" class=\"wp-image-4376\" src=\"http:\/\/preh.uprrp.edu\/wp-content\/uploads\/2020\/12\/Rosa-Cordero-1024x1024.jpg\" alt=\"\" \/><\/figure>\r\n<\/div>\r\n\r\n<div class=\"wp-block-image\">\r\n<figure class=\"aligncenter\"><img decoding=\"async\" class=\"wp-image-4375\" src=\"http:\/\/preh.uprrp.edu\/wp-content\/uploads\/2020\/12\/Marleana-Rolo\u00ecn-1024x1024.jpg\" alt=\"\" \/><\/figure>\r\n<\/div>\r\n\r\n<div class=\"wp-block-image\">\r\n<figure class=\"aligncenter\"><img decoding=\"async\" class=\"wp-image-4374\" src=\"http:\/\/preh.uprrp.edu\/wp-content\/uploads\/2020\/12\/Anthony-Medina-1024x1024.jpg\" alt=\"\" \/><\/figure>\r\n<\/div>\r\n\r\n<div class=\"wp-block-image\">\r\n<figure class=\"aligncenter\"><img decoding=\"async\" class=\"wp-image-4321\" src=\"http:\/\/preh.uprrp.edu\/wp-content\/uploads\/2020\/12\/Brian-Miranda-1024x1024.jpg\" alt=\"\" \/><\/figure>\r\n<\/div>\r\n\r\n<div class=\"wp-block-image\">\r\n<figure class=\"aligncenter\"><img decoding=\"async\" class=\"wp-image-4307\" src=\"http:\/\/preh.uprrp.edu\/wp-content\/uploads\/2020\/12\/Joseph-Berrios-1024x1024.jpg\" alt=\"\" \/><\/figure>\r\n<\/div>\r\n\r\n<div class=\"wp-block-image\">\r\n<figure class=\"aligncenter\"><img decoding=\"async\" class=\"wp-image-4306\" src=\"http:\/\/preh.uprrp.edu\/wp-content\/uploads\/2020\/12\/Adriana-Carrio\u00ecn--1024x1024.jpg\" alt=\"\" \/><\/figure>\r\n<\/div>\r\n\r\n\r\n<p style=\"text-align: left;\"><a href=\"http:\/\/preh.uprrp.edu\/wp-content\/uploads\/2019\/11\/Plantilla-informe-logros.docx\">\u00a0<\/a><\/p>\r\n\r\n\r\n\r\n<h5 class=\"wp-block-heading\" style=\"text-align: left;\">\u00a0<\/h5>\r\n\r\n\r\n\r\n<h5 class=\"wp-block-heading\" style=\"text-align: left;\">\u00a0<a href=\"http:\/\/preh.uprrp.edu\/index.php\/nuestros-estudiantes\/celebrando-sus-logros\/logro-de-la-estudiante-juanita-polanco-irizarry\/\" target=\"_blank\" rel=\"noreferrer noopener\">Juanita Polanco Irizarry<\/a><\/h5>\r\n\r\n\r\n\r\n<h5 class=\"wp-block-heading\" style=\"text-align: left;\"><a href=\"http:\/\/preh.uprrp.edu\/index.php\/nuestros-estudiantes\/celebrando-sus-logros\/xariana-vales-y-anna-martinez-premiadas-en-la-conferencia-anual-de-investigacion-biomedica-para-estudiantes-de-minorias\/\" target=\"_blank\" rel=\"noreferrer noopener\">Xariana Vales y Anna Mart\u00ednez premiadas en la Conferencia Anual de Investigaci\u00f3n Biom\u00e9dica para estudiantes de Minor\u00edas<\/a><\/h5>\r\n\r\n\r\n\r\n<h5 class=\"wp-block-heading\" style=\"text-align: left;\"><a href=\"http:\/\/preh.uprrp.edu\/index.php\/nuestros-estudiantes\/celebrando-sus-logros\/logros-del-estudiante-michael-j-west-ortiz\/\" target=\"_blank\" rel=\"noreferrer noopener\">Michael J. West Ortiz<\/a><\/h5>\r\n\r\n\r\n\r\n<h5 class=\"wp-block-heading\" style=\"text-align: left;\"><a href=\"http:\/\/natsci.uprrp.edu\/2019\/08\/13\/estudiantes-del-recinto-de-rio-piedras-obtienen-la-prestigiosa-beca-millennium-fellowship\/\" target=\"_blank\" rel=\"noreferrer noopener\">Becarios del Millenium Fellowship 2019<\/a><\/h5>\r\n\r\n\r\n\r\n<h5 class=\"wp-block-heading\" style=\"text-align: left;\"><a href=\"http:\/\/humanidades.uprrp.edu\/estudiantes-del-curso-intermedio-avanzado-de-ruso-presentan-ponencias-sobre-estudios-rusos-en-washington-d-c\/\" target=\"_blank\" rel=\"noreferrer noopener\">Estudiantes presentan ponencia en Washington D.C. en el idioma Ruso<\/a><\/h5>\r\n","protected":false},"excerpt":{"rendered":"<p>En el Programa de Estudios de Honor estamos muy orgullosos de nuestros(as) estudiantes y los (as) apoyamos en todas las etapas de su vida universitaria. Creemos en su capacidad para alcanzar sus metas y triunfar. Esta secci\u00f3n tiene el prop\u00f3sito &hellip; <\/p>\n","protected":false},"author":9,"featured_media":0,"parent":0,"menu_order":0,"comment_status":"closed","ping_status":"closed","template":"","meta":{"_monsterinsights_skip_tracking":false,"_monsterinsights_sitenote_active":false,"_monsterinsights_sitenote_note":"","_monsterinsights_sitenote_category":0,"footnotes":""},"class_list":["post-5065","page","type-page","status-publish","hentry"],"yoast_head":"<!-- This site is optimized with the Yoast SEO plugin v27.2 - https:\/\/yoast.com\/product\/yoast-seo-wordpress\/ -->\n<title>Celebrando sus Logros - Programa de Estudios de Honor<\/title>\n<meta name=\"robots\" content=\"index, follow, max-snippet:-1, max-image-preview:large, max-video-preview:-1\" \/>\n<link rel=\"canonical\" href=\"https:\/\/academicos.uprrp.edu\/preh\/celebrando-sus-logros\/\" \/>\n<meta property=\"og:locale\" content=\"es_ES\" \/>\n<meta property=\"og:type\" content=\"article\" \/>\n<meta property=\"og:title\" content=\"Celebrando sus Logros - Programa de Estudios de Honor\" \/>\n<meta property=\"og:description\" content=\"En el Programa de Estudios de Honor estamos muy orgullosos de nuestros(as) estudiantes y los (as) apoyamos en todas las etapas de su vida universitaria. Creemos en su capacidad para alcanzar sus metas y triunfar. Esta secci\u00f3n tiene el prop\u00f3sito &hellip;\" \/>\n<meta property=\"og:url\" content=\"https:\/\/academicos.uprrp.edu\/preh\/celebrando-sus-logros\/\" \/>\n<meta property=\"og:site_name\" content=\"Programa de Estudios de Honor\" \/>\n<meta property=\"article:modified_time\" content=\"2024-04-29T14:06:53+00:00\" \/>\n<meta property=\"og:image\" content=\"https:\/\/preh.uprrp.edu\/wp-content\/uploads\/2021\/04\/Jomarly-Cruz-logro-1024x1024.jpg\" \/>\n<meta name=\"twitter:card\" content=\"summary_large_image\" \/>\n<meta name=\"twitter:label1\" content=\"Est. reading time\" \/>\n\t<meta name=\"twitter:data1\" content=\"5 minutos\" \/>\n<script type=\"application\/ld+json\" class=\"yoast-schema-graph\">{\"@context\":\"https:\/\/schema.org\",\"@graph\":[{\"@type\":\"WebPage\",\"@id\":\"https:\/\/academicos.uprrp.edu\/preh\/celebrando-sus-logros\/\",\"url\":\"https:\/\/academicos.uprrp.edu\/preh\/celebrando-sus-logros\/\",\"name\":\"Celebrando sus Logros - Programa de Estudios de Honor\",\"isPartOf\":{\"@id\":\"https:\/\/academicos.uprrp.edu\/preh\/#website\"},\"primaryImageOfPage\":{\"@id\":\"https:\/\/academicos.uprrp.edu\/preh\/celebrando-sus-logros\/#primaryimage\"},\"image\":{\"@id\":\"https:\/\/academicos.uprrp.edu\/preh\/celebrando-sus-logros\/#primaryimage\"},\"thumbnailUrl\":\"https:\/\/preh.uprrp.edu\/wp-content\/uploads\/2021\/04\/Jomarly-Cruz-logro-1024x1024.jpg\",\"datePublished\":\"2021-04-08T14:19:42+00:00\",\"dateModified\":\"2024-04-29T14:06:53+00:00\",\"breadcrumb\":{\"@id\":\"https:\/\/academicos.uprrp.edu\/preh\/celebrando-sus-logros\/#breadcrumb\"},\"inLanguage\":\"es\",\"potentialAction\":[{\"@type\":\"ReadAction\",\"target\":[\"https:\/\/academicos.uprrp.edu\/preh\/celebrando-sus-logros\/\"]}]},{\"@type\":\"ImageObject\",\"inLanguage\":\"es\",\"@id\":\"https:\/\/academicos.uprrp.edu\/preh\/celebrando-sus-logros\/#primaryimage\",\"url\":\"https:\/\/preh.uprrp.edu\/wp-content\/uploads\/2021\/04\/Jomarly-Cruz-logro-1024x1024.jpg\",\"contentUrl\":\"https:\/\/preh.uprrp.edu\/wp-content\/uploads\/2021\/04\/Jomarly-Cruz-logro-1024x1024.jpg\"},{\"@type\":\"BreadcrumbList\",\"@id\":\"https:\/\/academicos.uprrp.edu\/preh\/celebrando-sus-logros\/#breadcrumb\",\"itemListElement\":[{\"@type\":\"ListItem\",\"position\":1,\"name\":\"Home\",\"item\":\"https:\/\/academicos.uprrp.edu\/preh\/\"},{\"@type\":\"ListItem\",\"position\":2,\"name\":\"Celebrando sus Logros\"}]},{\"@type\":\"WebSite\",\"@id\":\"https:\/\/academicos.uprrp.edu\/preh\/#website\",\"url\":\"https:\/\/academicos.uprrp.edu\/preh\/\",\"name\":\"Programa de Estudios de Honor\",\"description\":\"\",\"potentialAction\":[{\"@type\":\"SearchAction\",\"target\":{\"@type\":\"EntryPoint\",\"urlTemplate\":\"https:\/\/academicos.uprrp.edu\/preh\/?s={search_term_string}\"},\"query-input\":{\"@type\":\"PropertyValueSpecification\",\"valueRequired\":true,\"valueName\":\"search_term_string\"}}],\"inLanguage\":\"es\"}]}<\/script>\n<!-- \/ Yoast SEO plugin. -->","yoast_head_json":{"title":"Celebrando sus Logros - Programa de Estudios de Honor","robots":{"index":"index","follow":"follow","max-snippet":"max-snippet:-1","max-image-preview":"max-image-preview:large","max-video-preview":"max-video-preview:-1"},"canonical":"https:\/\/academicos.uprrp.edu\/preh\/celebrando-sus-logros\/","og_locale":"es_ES","og_type":"article","og_title":"Celebrando sus Logros - Programa de Estudios de Honor","og_description":"En el Programa de Estudios de Honor estamos muy orgullosos de nuestros(as) estudiantes y los (as) apoyamos en todas las etapas de su vida universitaria. Creemos en su capacidad para alcanzar sus metas y triunfar. Esta secci\u00f3n tiene el prop\u00f3sito &hellip;","og_url":"https:\/\/academicos.uprrp.edu\/preh\/celebrando-sus-logros\/","og_site_name":"Programa de Estudios de Honor","article_modified_time":"2024-04-29T14:06:53+00:00","og_image":[{"url":"https:\/\/preh.uprrp.edu\/wp-content\/uploads\/2021\/04\/Jomarly-Cruz-logro-1024x1024.jpg","type":"","width":"","height":""}],"twitter_card":"summary_large_image","twitter_misc":{"Est. reading time":"5 minutos"},"schema":{"@context":"https:\/\/schema.org","@graph":[{"@type":"WebPage","@id":"https:\/\/academicos.uprrp.edu\/preh\/celebrando-sus-logros\/","url":"https:\/\/academicos.uprrp.edu\/preh\/celebrando-sus-logros\/","name":"Celebrando sus Logros - Programa de Estudios de Honor","isPartOf":{"@id":"https:\/\/academicos.uprrp.edu\/preh\/#website"},"primaryImageOfPage":{"@id":"https:\/\/academicos.uprrp.edu\/preh\/celebrando-sus-logros\/#primaryimage"},"image":{"@id":"https:\/\/academicos.uprrp.edu\/preh\/celebrando-sus-logros\/#primaryimage"},"thumbnailUrl":"https:\/\/preh.uprrp.edu\/wp-content\/uploads\/2021\/04\/Jomarly-Cruz-logro-1024x1024.jpg","datePublished":"2021-04-08T14:19:42+00:00","dateModified":"2024-04-29T14:06:53+00:00","breadcrumb":{"@id":"https:\/\/academicos.uprrp.edu\/preh\/celebrando-sus-logros\/#breadcrumb"},"inLanguage":"es","potentialAction":[{"@type":"ReadAction","target":["https:\/\/academicos.uprrp.edu\/preh\/celebrando-sus-logros\/"]}]},{"@type":"ImageObject","inLanguage":"es","@id":"https:\/\/academicos.uprrp.edu\/preh\/celebrando-sus-logros\/#primaryimage","url":"https:\/\/preh.uprrp.edu\/wp-content\/uploads\/2021\/04\/Jomarly-Cruz-logro-1024x1024.jpg","contentUrl":"https:\/\/preh.uprrp.edu\/wp-content\/uploads\/2021\/04\/Jomarly-Cruz-logro-1024x1024.jpg"},{"@type":"BreadcrumbList","@id":"https:\/\/academicos.uprrp.edu\/preh\/celebrando-sus-logros\/#breadcrumb","itemListElement":[{"@type":"ListItem","position":1,"name":"Home","item":"https:\/\/academicos.uprrp.edu\/preh\/"},{"@type":"ListItem","position":2,"name":"Celebrando sus Logros"}]},{"@type":"WebSite","@id":"https:\/\/academicos.uprrp.edu\/preh\/#website","url":"https:\/\/academicos.uprrp.edu\/preh\/","name":"Programa de Estudios de Honor","description":"","potentialAction":[{"@type":"SearchAction","target":{"@type":"EntryPoint","urlTemplate":"https:\/\/academicos.uprrp.edu\/preh\/?s={search_term_string}"},"query-input":{"@type":"PropertyValueSpecification","valueRequired":true,"valueName":"search_term_string"}}],"inLanguage":"es"}]}},"_links":{"self":[{"href":"https:\/\/academicos.uprrp.edu\/preh\/wp-json\/wp\/v2\/pages\/5065","targetHints":{"allow":["GET"]}}],"collection":[{"href":"https:\/\/academicos.uprrp.edu\/preh\/wp-json\/wp\/v2\/pages"}],"about":[{"href":"https:\/\/academicos.uprrp.edu\/preh\/wp-json\/wp\/v2\/types\/page"}],"author":[{"embeddable":true,"href":"https:\/\/academicos.uprrp.edu\/preh\/wp-json\/wp\/v2\/users\/9"}],"replies":[{"embeddable":true,"href":"https:\/\/academicos.uprrp.edu\/preh\/wp-json\/wp\/v2\/comments?post=5065"}],"version-history":[{"count":2,"href":"https:\/\/academicos.uprrp.edu\/preh\/wp-json\/wp\/v2\/pages\/5065\/revisions"}],"predecessor-version":[{"id":10785,"href":"https:\/\/academicos.uprrp.edu\/preh\/wp-json\/wp\/v2\/pages\/5065\/revisions\/10785"}],"wp:attachment":[{"href":"https:\/\/academicos.uprrp.edu\/preh\/wp-json\/wp\/v2\/media?parent=5065"}],"curies":[{"name":"wp","href":"https:\/\/api.w.org\/{rel}","templated":true}]}}