{"id":4832,"date":"2021-03-04T18:46:15","date_gmt":"2021-03-04T22:46:15","guid":{"rendered":"https:\/\/preh.uprrp.edu\/?page_id=4832"},"modified":"2021-03-04T18:46:15","modified_gmt":"2021-03-04T22:46:15","slug":"ensayos-para-solicitud-de-admision-al-preh","status":"publish","type":"page","link":"https:\/\/academicos.uprrp.edu\/preh\/ensayos-para-solicitud-de-admision-al-preh\/","title":{"rendered":"Ensayos para solicitud de admisi\u00f3n al PREH"},"content":{"rendered":"\n<p>Se requiere redactar y someter tres ensayos: admisi\u00f3n, intereses personales y tema de tesina\/proyecto de creaci\u00f3n. Siga las instrucciones a continuaci\u00f3n para cada ensayo sobre su contenido, n\u00famero m\u00e1ximo de palabras y nombre del archivo electr\u00f3nico. Utilice doble espacio y letra tama\u00f1o 12. Solo se aceptar\u00e1n archivos electr\u00f3nicos en formato DOC y PDF.<\/p>\n\n\n\n<p><strong>ENSAYO DE ADMISI\u00d3N<\/strong><\/p>\n\n\n\n<p>Comente sobre las razones para desear ingresar al PREH, \u00e1rea de inter\u00e9s acad\u00e9mico, planes para proseguir estudios graduados o profesionales, trabajos de investigaci\u00f3n o creaci\u00f3n (tanto en la escuela superior como en la universidad) participaci\u00f3n en organizaciones o actividades de servicio p\u00fablico, y honores o distinciones recibidas. M\u00e1ximo 500 palabras. Guarde con el nombre: <em>Apellidos Nombre Ensayo admisi\u00f3n<\/em>.<\/p>\n\n\n\n<p><strong>ENSAYO DE INTERESES PERSONALES<\/strong><\/p>\n\n\n\n<p>Comente sobre la forma en que usa sus horas libres, experiencias de trabajo (si aplica), intereses o habilidades especiales y lecturas hechas recientemente (distinga entre lecturas asignadas y lecturas independientes). M\u00e1ximo 500 palabras. Guarde con el con el nombre: <em>Apellidos Nombre Ensayo intereses personales<\/em>.<\/p>\n\n\n\n<p><strong>ENSAYO DE TEMA DE TESINA O PROYECTO DE CREACI\u00d3N<\/strong><\/p>\n\n\n\n<p>Comente sobre el tema que le gustar\u00eda investigar para la tesina o proyecto de creaci\u00f3n (requisito acad\u00e9mico del PREH). Es muy probable que cambie de idea antes de su desarrollo. Solo deseamos conocer cu\u00e1les son sus intereses de investigaci\u00f3n. Trate de ser espec\u00edfico en su escrito. M\u00e1ximo de 500 palabras. Guarde con el con el nombre:\u00a0<em>Apellidos Nombre Ensayo interes investigacion. <\/em><\/p>\n","protected":false},"excerpt":{"rendered":"<p>Se requiere redactar y someter tres ensayos: admisi\u00f3n, intereses personales y tema de tesina\/proyecto de creaci\u00f3n. Siga las instrucciones a continuaci\u00f3n para cada ensayo sobre su contenido, n\u00famero m\u00e1ximo de palabras y nombre del archivo electr\u00f3nico. Utilice doble espacio y &hellip; <\/p>\n","protected":false},"author":9,"featured_media":0,"parent":0,"menu_order":0,"comment_status":"closed","ping_status":"closed","template":"","meta":{"_monsterinsights_skip_tracking":false,"_monsterinsights_sitenote_active":false,"_monsterinsights_sitenote_note":"","_monsterinsights_sitenote_category":0,"footnotes":""},"class_list":["post-4832","page","type-page","status-publish","hentry"],"yoast_head":"<!-- This site is optimized with the Yoast SEO plugin v27.2 - https:\/\/yoast.com\/product\/yoast-seo-wordpress\/ -->\n<title>Ensayos para solicitud de admisi\u00f3n al PREH - Programa de Estudios de Honor<\/title>\n<meta name=\"robots\" content=\"index, follow, max-snippet:-1, max-image-preview:large, max-video-preview:-1\" \/>\n<link rel=\"canonical\" href=\"https:\/\/academicos.uprrp.edu\/preh\/ensayos-para-solicitud-de-admision-al-preh\/\" \/>\n<meta property=\"og:locale\" content=\"es_ES\" \/>\n<meta property=\"og:type\" content=\"article\" \/>\n<meta property=\"og:title\" content=\"Ensayos para solicitud de admisi\u00f3n al PREH - Programa de Estudios de Honor\" \/>\n<meta property=\"og:description\" content=\"Se requiere redactar y someter tres ensayos: admisi\u00f3n, intereses personales y tema de tesina\/proyecto de creaci\u00f3n. Siga las instrucciones a continuaci\u00f3n para cada ensayo sobre su contenido, n\u00famero m\u00e1ximo de palabras y nombre del archivo electr\u00f3nico. Utilice doble espacio y &hellip;\" \/>\n<meta property=\"og:url\" content=\"https:\/\/academicos.uprrp.edu\/preh\/ensayos-para-solicitud-de-admision-al-preh\/\" \/>\n<meta property=\"og:site_name\" content=\"Programa de Estudios de Honor\" \/>\n<meta name=\"twitter:card\" content=\"summary_large_image\" \/>\n<meta name=\"twitter:label1\" content=\"Est. reading time\" \/>\n\t<meta name=\"twitter:data1\" content=\"1 minuto\" \/>\n<script type=\"application\/ld+json\" class=\"yoast-schema-graph\">{\"@context\":\"https:\/\/schema.org\",\"@graph\":[{\"@type\":\"WebPage\",\"@id\":\"https:\/\/academicos.uprrp.edu\/preh\/ensayos-para-solicitud-de-admision-al-preh\/\",\"url\":\"https:\/\/academicos.uprrp.edu\/preh\/ensayos-para-solicitud-de-admision-al-preh\/\",\"name\":\"Ensayos para solicitud de admisi\u00f3n al PREH - Programa de Estudios de Honor\",\"isPartOf\":{\"@id\":\"https:\/\/academicos.uprrp.edu\/preh\/#website\"},\"datePublished\":\"2021-03-04T22:46:15+00:00\",\"breadcrumb\":{\"@id\":\"https:\/\/academicos.uprrp.edu\/preh\/ensayos-para-solicitud-de-admision-al-preh\/#breadcrumb\"},\"inLanguage\":\"es\",\"potentialAction\":[{\"@type\":\"ReadAction\",\"target\":[\"https:\/\/academicos.uprrp.edu\/preh\/ensayos-para-solicitud-de-admision-al-preh\/\"]}]},{\"@type\":\"BreadcrumbList\",\"@id\":\"https:\/\/academicos.uprrp.edu\/preh\/ensayos-para-solicitud-de-admision-al-preh\/#breadcrumb\",\"itemListElement\":[{\"@type\":\"ListItem\",\"position\":1,\"name\":\"Home\",\"item\":\"https:\/\/academicos.uprrp.edu\/preh\/\"},{\"@type\":\"ListItem\",\"position\":2,\"name\":\"Ensayos para solicitud de admisi\u00f3n al PREH\"}]},{\"@type\":\"WebSite\",\"@id\":\"https:\/\/academicos.uprrp.edu\/preh\/#website\",\"url\":\"https:\/\/academicos.uprrp.edu\/preh\/\",\"name\":\"Programa de Estudios de Honor\",\"description\":\"\",\"potentialAction\":[{\"@type\":\"SearchAction\",\"target\":{\"@type\":\"EntryPoint\",\"urlTemplate\":\"https:\/\/academicos.uprrp.edu\/preh\/?s={search_term_string}\"},\"query-input\":{\"@type\":\"PropertyValueSpecification\",\"valueRequired\":true,\"valueName\":\"search_term_string\"}}],\"inLanguage\":\"es\"}]}<\/script>\n<!-- \/ Yoast SEO plugin. -->","yoast_head_json":{"title":"Ensayos para solicitud de admisi\u00f3n al PREH - Programa de Estudios de Honor","robots":{"index":"index","follow":"follow","max-snippet":"max-snippet:-1","max-image-preview":"max-image-preview:large","max-video-preview":"max-video-preview:-1"},"canonical":"https:\/\/academicos.uprrp.edu\/preh\/ensayos-para-solicitud-de-admision-al-preh\/","og_locale":"es_ES","og_type":"article","og_title":"Ensayos para solicitud de admisi\u00f3n al PREH - Programa de Estudios de Honor","og_description":"Se requiere redactar y someter tres ensayos: admisi\u00f3n, intereses personales y tema de tesina\/proyecto de creaci\u00f3n. Siga las instrucciones a continuaci\u00f3n para cada ensayo sobre su contenido, n\u00famero m\u00e1ximo de palabras y nombre del archivo electr\u00f3nico. Utilice doble espacio y &hellip;","og_url":"https:\/\/academicos.uprrp.edu\/preh\/ensayos-para-solicitud-de-admision-al-preh\/","og_site_name":"Programa de Estudios de Honor","twitter_card":"summary_large_image","twitter_misc":{"Est. reading time":"1 minuto"},"schema":{"@context":"https:\/\/schema.org","@graph":[{"@type":"WebPage","@id":"https:\/\/academicos.uprrp.edu\/preh\/ensayos-para-solicitud-de-admision-al-preh\/","url":"https:\/\/academicos.uprrp.edu\/preh\/ensayos-para-solicitud-de-admision-al-preh\/","name":"Ensayos para solicitud de admisi\u00f3n al PREH - Programa de Estudios de Honor","isPartOf":{"@id":"https:\/\/academicos.uprrp.edu\/preh\/#website"},"datePublished":"2021-03-04T22:46:15+00:00","breadcrumb":{"@id":"https:\/\/academicos.uprrp.edu\/preh\/ensayos-para-solicitud-de-admision-al-preh\/#breadcrumb"},"inLanguage":"es","potentialAction":[{"@type":"ReadAction","target":["https:\/\/academicos.uprrp.edu\/preh\/ensayos-para-solicitud-de-admision-al-preh\/"]}]},{"@type":"BreadcrumbList","@id":"https:\/\/academicos.uprrp.edu\/preh\/ensayos-para-solicitud-de-admision-al-preh\/#breadcrumb","itemListElement":[{"@type":"ListItem","position":1,"name":"Home","item":"https:\/\/academicos.uprrp.edu\/preh\/"},{"@type":"ListItem","position":2,"name":"Ensayos para solicitud de admisi\u00f3n al PREH"}]},{"@type":"WebSite","@id":"https:\/\/academicos.uprrp.edu\/preh\/#website","url":"https:\/\/academicos.uprrp.edu\/preh\/","name":"Programa de Estudios de Honor","description":"","potentialAction":[{"@type":"SearchAction","target":{"@type":"EntryPoint","urlTemplate":"https:\/\/academicos.uprrp.edu\/preh\/?s={search_term_string}"},"query-input":{"@type":"PropertyValueSpecification","valueRequired":true,"valueName":"search_term_string"}}],"inLanguage":"es"}]}},"_links":{"self":[{"href":"https:\/\/academicos.uprrp.edu\/preh\/wp-json\/wp\/v2\/pages\/4832","targetHints":{"allow":["GET"]}}],"collection":[{"href":"https:\/\/academicos.uprrp.edu\/preh\/wp-json\/wp\/v2\/pages"}],"about":[{"href":"https:\/\/academicos.uprrp.edu\/preh\/wp-json\/wp\/v2\/types\/page"}],"author":[{"embeddable":true,"href":"https:\/\/academicos.uprrp.edu\/preh\/wp-json\/wp\/v2\/users\/9"}],"replies":[{"embeddable":true,"href":"https:\/\/academicos.uprrp.edu\/preh\/wp-json\/wp\/v2\/comments?post=4832"}],"version-history":[{"count":0,"href":"https:\/\/academicos.uprrp.edu\/preh\/wp-json\/wp\/v2\/pages\/4832\/revisions"}],"wp:attachment":[{"href":"https:\/\/academicos.uprrp.edu\/preh\/wp-json\/wp\/v2\/media?parent=4832"}],"curies":[{"name":"wp","href":"https:\/\/api.w.org\/{rel}","templated":true}]}}