{"id":342,"date":"2019-01-15T10:27:22","date_gmt":"2019-01-15T14:27:22","guid":{"rendered":"http:\/\/preh.uprrp.edu\/?page_id=342"},"modified":"2026-03-30T14:25:01","modified_gmt":"2026-03-30T18:25:01","slug":"otrosdocumentos","status":"publish","type":"page","link":"https:\/\/academicos.uprrp.edu\/preh\/otrosdocumentos\/","title":{"rendered":"Manual de tesina, gu\u00edas, formatos, planitillas y formularios"},"content":{"rendered":"\t\t<div data-elementor-type=\"wp-page\" data-elementor-id=\"342\" class=\"elementor elementor-342\">\n\t\t\t\t<div class=\"elementor-element elementor-element-6a8e4227 e-flex e-con-boxed e-con e-parent\" data-id=\"6a8e4227\" data-element_type=\"container\" data-e-type=\"container\">\n\t\t\t\t\t<div class=\"e-con-inner\">\n\t\t\t\t<div class=\"elementor-element elementor-element-1279a476 elementor-widget elementor-widget-text-editor\" data-id=\"1279a476\" data-element_type=\"widget\" data-e-type=\"widget\" data-widget_type=\"text-editor.default\">\n\t\t\t\t<div class=\"elementor-widget-container\">\n\t\t\t\t\t\t\t\t\t<h2 class=\"wp-block-heading\"><strong>MANUAL DE TESINA Y PROYECTO DE CREACI\u00d3N<\/strong><\/h2>\n<p><!-- \/wp:heading --><!-- wp:list {\"style\":{\"elements\":{\"link\":{\"color\":{\"text\":\"var:preset|color|vivid-red\"}}}},\"textColor\":\"vivid-red\"} --><\/p>\n<ul class=\"has-vivid-red-color has-text-color has-link-color\">\n<li style=\"list-style-type: none\">\n<ul class=\"has-vivid-red-color has-text-color has-link-color\"><!-- wp:list-item --><\/ul>\n<\/li>\n<\/ul>\n<ul class=\"has-vivid-red-color has-text-color has-link-color\">\n<li style=\"list-style-type: none\">\n<ul class=\"has-vivid-red-color has-text-color has-link-color\">\n<li>\n<h5><a href=\"https:\/\/academicos.uprrp.edu\/preh\/wp-content\/uploads\/sites\/6\/2026\/03\/Manual-de-tesinas-y-proyectos-de-creacion-rev-2025.pdf\" target=\"_blank\" rel=\"noopener\"><span style=\"color: #ff0000\">Manual de tesina y proyecto de creaci\u00f3n<\/span><\/a><\/h5>\n<\/li>\n<\/ul>\n<\/li>\n<\/ul>\n<p><!-- \/wp:list-item --><\/p>\n<p><!-- \/wp:list --><!-- wp:paragraph {\"style\":{\"elements\":{\"link\":{\"color\":{\"text\":\"var:preset|color|black\"}}}},\"textColor\":\"black\"} --><\/p>\n<p class=\"has-black-color has-text-color has-link-color\"><span style=\"color: #000000\"><strong>Introducci\u00f3n: <\/strong><\/span><\/p>\n<p><span style=\"color: #000000\"><!-- \/wp:paragraph --><!-- wp:paragraph {\"style\":{\"elements\":{\"link\":{\"color\":{\"text\":\"var:preset|color|black\"}}}},\"textColor\":\"black\"} --><\/span><\/p>\n<p class=\"has-black-color has-text-color has-link-color\"><span style=\"color: #000000\">La tesina o proyecto de creaci\u00f3n constituye la culminaci\u00f3n de los requisitos acad\u00e9micos del Programa de Estudios de Honor. Ambos, la tesina y el proyecto de creaci\u00f3n, son trabajos acad\u00e9micos rigurosos. En el caso de la tesina, el\/la estudiante investiga un tema a profundidad. Los proyectos de creaci\u00f3n incluyen un componente de investigaci\u00f3n; no obstante, se centran en la elaboraci\u00f3n de una obra original en su campo de estudio (por ejemplo, obra literaria, de artes visuales, teatral, o musical; una serie de unidades curriculares; una traducci\u00f3n; plan de negocios; maqueta de proyecto arquitect\u00f3nico, entre otros). En ambos casos, el trabajo se lleva a cabo con el apoyo de un profesor o profesora, que le sirve al estudiante como mentor(a). <span style=\"text-decoration: underline\">Este manual tiene como prop\u00f3sito servir de gu\u00eda a estudiantes y mentores(as), tanto en aspectos acad\u00e9micos como procesales<\/span>.<\/span><\/p>\n<p><span style=\"color: #000000\"><!-- \/wp:paragraph --><!-- wp:paragraph {\"style\":{\"elements\":{\"link\":{\"color\":{\"text\":\"var:preset|color|black\"}}}},\"textColor\":\"black\"} --><\/span><\/p>\n<p class=\"has-black-color has-text-color has-link-color\"><span style=\"color: #000000\"><strong>Etapas hacia la tesina o proyecto de creaci\u00f3n<\/strong>:<\/span><\/p>\n<p><span style=\"color: #000000\"><!-- \/wp:paragraph --><!-- wp:paragraph {\"style\":{\"elements\":{\"link\":{\"color\":{\"text\":\"var:preset|color|black\"}}}},\"textColor\":\"black\"} --><\/span><\/p>\n<p class=\"has-black-color has-text-color has-link-color\"><span style=\"color: #000000\">El proceso de la tesina o del proyecto de creaci\u00f3n se debe visualizar como uno de a\u00f1o y medio (tres semestres) estructurado de la siguiente manera:<\/span><\/p>\n<p><span style=\"color: #000000\"><!-- \/wp:paragraph --><!-- wp:paragraph {\"style\":{\"elements\":{\"link\":{\"color\":{\"text\":\"var:preset|color|black\"}}}},\"textColor\":\"black\"} --><\/span><\/p>\n<p class=\"has-black-color has-text-color has-link-color\"><span style=\"color: #000000\"><strong>Semestre 1.<\/strong> Identificaci\u00f3n de mentor(a) y elaboraci\u00f3n del s\u00edlabo para el Estudio Individualizado. El Estudio Individualizado corresponde al curso PREH 4900. En el caso de ser estudiante de la Facultad de Ciencias Naturales, la experiencia del estudio individualizado dentro del curso PREH 4900 puede ser convalidada por cursos tales como BIOL 4990 o QUIM 4995.<\/span><\/p>\n<p><span style=\"color: #000000\"><!-- \/wp:paragraph --><!-- wp:paragraph {\"style\":{\"elements\":{\"link\":{\"color\":{\"text\":\"var:preset|color|black\"}}}},\"textColor\":\"black\"} --><\/span><\/p>\n<p class=\"has-black-color has-text-color has-link-color\"><span style=\"color: #000000\"><strong>Semestre 2.<\/strong> Matr\u00edcula en el curso PREH 4900, el cual culmina en la defensa de la propuesta para la tesina o proyecto de creaci\u00f3n.<\/span><\/p>\n<p><span style=\"color: #000000\"><!-- \/wp:paragraph --><!-- wp:paragraph {\"style\":{\"elements\":{\"link\":{\"color\":{\"text\":\"var:preset|color|black\"}}}},\"textColor\":\"black\"} --><\/span><\/p>\n<p class=\"has-black-color has-text-color has-link-color\"><span style=\"color: #000000\"><strong>Semestre 3.<\/strong> Matr\u00edcula en el curso Tesina de Honor, PREH 4980, durante el cual el\/la estudiante realiza su investigaci\u00f3n o proyecto de creaci\u00f3n (seg\u00fan corresponda). Culmina con la defensa de su tesina o proyecto de creaci\u00f3n.<\/span><\/p>\n<p><!-- \/wp:paragraph --><!-- wp:separator --><\/p>\n<hr class=\"wp-block-separator has-alpha-channel-opacity\" \/>\n<p><!-- \/wp:separator --><!-- wp:heading {\"style\":{\"elements\":{\"link\":{\"color\":{\"text\":\"var:preset|color|black\"}}}},\"textColor\":\"black\"} --><\/p>\n<h2 class=\"wp-block-heading has-black-color has-text-color has-link-color\">ETAPA 1: PROPUESTA DE S\u00cdLABO PARA PREH 4900\u00a0 &#8211; ESTUDIOS INDIVIDUALIZADOS<\/h2>\n<p><!-- \/wp:heading --><!-- wp:list --><\/p>\n<ul>\n<li style=\"list-style-type: none\">\n<ul><!-- wp:list-item --><\/ul>\n<\/li>\n<\/ul>\n<ul>\n<li style=\"list-style-type: none\">\n<ul>\n<li><a href=\"https:\/\/academicos.uprrp.edu\/preh\/wp-content\/uploads\/sites\/6\/2026\/03\/Manual-de-tesinas-y-proyectos-de-creacion-rev-2025.pdf\" target=\"_blank\" rel=\"noopener\">Manual de tesina y proyecto de creaci\u00f3n<\/a><\/li>\n<\/ul>\n<\/li>\n<\/ul>\n<p><!-- \/wp:list-item --><!-- wp:list-item --><\/p>\n<ul>\n<li style=\"list-style-type: none\">\n<ul>\n<li><a href=\"https:\/\/academicos.uprrp.edu\/preh\/wp-content\/uploads\/sites\/6\/2024\/05\/Lista-de-cotejo-proponer-cursos-rev-mayo2020.pdf\" target=\"_blank\" rel=\"noopener\">Lista de cotejo de los documentos para proponer cursos de estudios Individualizados &#8211; PREH 4900<\/a><\/li>\n<\/ul>\n<\/li>\n<\/ul>\n<p><!-- \/wp:list-item --><!-- wp:list-item --><\/p>\n<ul>\n<li style=\"list-style-type: none\">\n<ul>\n<li><a href=\"https:\/\/academicos.uprrp.edu\/preh\/wp-content\/uploads\/sites\/6\/2026\/03\/Plantilla-de-silabo-preh-4900_REV-30-03-2026.docx\" target=\"_blank\" rel=\"noopener\">Plantilla\u00a0 y gu\u00eda para la creaci\u00f3n del s\u00edlabo para PREH 4900 &#8211; Estudio Individualizado<\/a><\/li>\n<\/ul>\n<\/li>\n<\/ul>\n<p><!-- \/wp:list-item --><!-- wp:list-item --><\/p>\n<ul>\n<li style=\"list-style-type: none\">\n<ul>\n<li><a href=\"https:\/\/academicos.uprrp.edu\/preh\/wp-content\/uploads\/sites\/6\/2024\/05\/Visto-bueno-propuesta-Estudio-Individualizado-PREH-4900.pdf\" target=\"_blank\" rel=\"noopener\">Formulario Visto bueno del mentor y director de estudios para el s\u00edlabo de estudios Individualizados<\/a><\/li>\n<\/ul>\n<\/li>\n<\/ul>\n<p><!-- \/wp:list-item --><!-- wp:list-item --><\/p>\n<ul>\n<li style=\"list-style-type: none\">\n<ul>\n<li><span style=\"color: #000000\"><strong>Ejemplos de s\u00edlabos:<\/strong><\/span>\n<ul>\n<li style=\"list-style-type: none\">\n<ul>\n<li><span style=\"color: #000000\"><a href=\"https:\/\/academicos.uprrp.edu\/preh\/wp-content\/uploads\/sites\/6\/2024\/05\/Aspectos-pragma\u0301ticos-en-la-comunicacio\u0301n-empresarial-interna-y-su-efecto-en-las-finanzas-de-una-organizacio\u0301n.pdf\" target=\"_blank\" rel=\"noopener\">Aspectos pragm\u00e1ticos en la comunicaci\u00f3n empresarial interna y su efecto en las finanzas de una organizaci\u00f3n<\/a> <\/span><\/li>\n<\/ul>\n<\/li>\n<\/ul>\n<p><!-- \/wp:list-item --><!-- wp:list-item --><\/p>\n<ul>\n<li style=\"list-style-type: none\">\n<ul>\n<li><span style=\"color: #000000\"><a href=\"https:\/\/academicos.uprrp.edu\/preh\/wp-content\/uploads\/sites\/6\/2024\/05\/Conocimiento-y-disposiciones-de-estudiantes-minorizados-respecto-a-las-carreras-relacionadas-a-STEM.pdf\" target=\"_blank\" rel=\"noopener\">Conocimiento y disposiciones de estudiantes minorizados respecto a las carreras relacionadas a STEM<\/a> <\/span><\/li>\n<\/ul>\n<\/li>\n<\/ul>\n<p><!-- \/wp:list-item --><!-- wp:list-item --><\/p>\n<ul>\n<li style=\"list-style-type: none\">\n<ul>\n<li><a href=\"https:\/\/academicos.uprrp.edu\/preh\/wp-content\/uploads\/sites\/6\/2024\/05\/El-lenguaje-sexista-y-el-lenguaje-inclusivo-su-impacto-psicosocial.pdf\" target=\"_blank\" rel=\"noopener\"><span style=\"color: #000000\">El lenguaje sexista y el lenguaje inclusivo su impacto psicosocial<\/span><\/a><\/li>\n<\/ul>\n<\/li>\n<\/ul>\n<p><!-- \/wp:list-item --><!-- wp:list-item --><\/p>\n<ul>\n<li style=\"list-style-type: none\">\n<ul>\n<li><span style=\"color: #000000\"><a href=\"https:\/\/academicos.uprrp.edu\/preh\/wp-content\/uploads\/sites\/6\/2024\/05\/El-si\u0301ndrome-de-quemazo\u0301n-en-enfermeras-durante-la-pandemia-de-COVID-19-en-Puerto-Rico.pdf\" target=\"_blank\" rel=\"noopener\">El s\u00edndrome de quemaz\u00f3n en enfermeras durante la pandemia de COVID-19 en Puerto Rico<\/a> <\/span><\/li>\n<\/ul>\n<\/li>\n<\/ul>\n<p><!-- \/wp:list-item --><!-- wp:list-item --><\/p>\n<ul>\n<li style=\"list-style-type: none\">\n<ul>\n<li><span style=\"color: #000000\"><a href=\"https:\/\/academicos.uprrp.edu\/preh\/wp-content\/uploads\/sites\/6\/2024\/05\/Estudios-de-medios-y-religio\u0301n-El-discurso-persuasivo-empleado-por-los-evangelistas-de-la-teologi\u0301a-de-la-prosperidad-a-trave\u0301s-de-los-medios-digitales.pdf\" target=\"_blank\" rel=\"noopener\">Estudios de medios y religi\u00f3n-El discurso persuasivo empleado por los evangelistas de la teolog\u00eda de la prosperidad a trav\u00e9s de los medios digitales<\/a> <\/span><\/li>\n<\/ul>\n<\/li>\n<\/ul>\n<p><!-- \/wp:list-item --><!-- wp:list-item --><\/p>\n<ul>\n<li style=\"list-style-type: none\">\n<ul>\n<li><span style=\"color: #000000\"><a href=\"https:\/\/academicos.uprrp.edu\/preh\/wp-content\/uploads\/sites\/6\/2024\/05\/Investigacio\u0301n-sobre-jardines-en-villas-de-la-ciudad.pdf\" target=\"_blank\" rel=\"noopener\">Investigaci\u00f3n sobre jardines en villas de la ciudad<\/a><\/span><\/li>\n<\/ul>\n<\/li>\n<\/ul>\n<p><!-- \/wp:list-item --><!-- wp:list-item --><\/p>\n<ul>\n<li style=\"list-style-type: none\">\n<ul>\n<li><span style=\"color: #000000\"><a href=\"https:\/\/academicos.uprrp.edu\/preh\/wp-content\/uploads\/sites\/6\/2024\/05\/Oportunidades-de-mercado-para-innovaciones-desarrolladas-con-tecnologi\u0301as-de-filtracio\u0301n-de-agua-en-Puerto-Rico-Estados-Unidos-y-Latinoame\u0301rica.pdf\" target=\"_blank\" rel=\"noopener\">Oportunidades de mercado para innovaciones desarrolladas con tecnolog\u00edas de filtraci\u00f3n de agua en Puerto Rico, Estados Unidos y Latinoam\u00e9rica<\/a><\/span><\/li>\n<\/ul>\n<\/li>\n<\/ul>\n<p><!-- \/wp:list-item --><\/p>\n<p><!-- \/wp:list --><\/p>\n<\/li>\n<\/ul>\n<\/li>\n<\/ul>\n<p><!-- \/wp:list-item --><\/p>\n<p><!-- \/wp:list --><!-- wp:separator --><\/p>\n<hr class=\"wp-block-separator has-alpha-channel-opacity\" \/>\n<p><!-- \/wp:separator --><!-- wp:heading --><\/p>\n<h2 class=\"wp-block-heading\">ETAPA 2: PREH 4900 &#8211; ESTUDIOS INDIVIDUALIZADOS<\/h2>\n<p><!-- \/wp:heading --><!-- wp:list --><\/p>\n<ul>\n<li style=\"list-style-type: none\">\n<ul><!-- wp:list-item --><\/ul>\n<\/li>\n<\/ul>\n<ul>\n<li style=\"list-style-type: none\">\n<ul>\n<li><a href=\"https:\/\/academicos.uprrp.edu\/preh\/wp-content\/uploads\/sites\/6\/2026\/03\/Manual-de-tesinas-y-proyectos-de-creacion-rev-2025.pdf\" target=\"_blank\" rel=\"noopener\">Manual de tesina y proyecto de creaci\u00f3n<\/a><\/li>\n<\/ul>\n<\/li>\n<\/ul>\n<p><!-- \/wp:list-item --><!-- wp:list-item --><\/p>\n<ul>\n<li style=\"list-style-type: none\">\n<ul>\n<li><a href=\"https:\/\/academicos.uprrp.edu\/preh\/wp-content\/uploads\/sites\/6\/2024\/05\/Formato-y-Componentes-Propuesta-Tesina-y-Proyecto-de-Creacio\u0301n.pdf\" target=\"_blank\" rel=\"noopener\">Formato y componentes de la propuesta de tesina o proyecto de creaci\u00f3n<\/a><\/li>\n<\/ul>\n<\/li>\n<\/ul>\n<p><!-- \/wp:list-item --><!-- wp:list-item --><\/p>\n<ul>\n<li style=\"list-style-type: none\">\n<ul>\n<li><a href=\"https:\/\/academicos.uprrp.edu\/preh\/wp-content\/uploads\/sites\/6\/2024\/05\/Formato-Defensas-Propuestas-y-Trabajos-Finales.pdf\" target=\"_blank\" rel=\"noopener\">Formato para defensas de propuestas y trabajos finales de tesina y proyecto de creaci\u00f3n<\/a><\/li>\n<\/ul>\n<\/li>\n<\/ul>\n<p><!-- \/wp:list-item --><!-- wp:list-item --><\/p>\n<ul>\n<li style=\"list-style-type: none\">\n<ul>\n<li><a href=\"https:\/\/academicos.uprrp.edu\/preh\/wp-content\/uploads\/sites\/6\/2024\/05\/Fomulario-visto-bueno-defensa-propuesta-de-tesina-proyecto-de-creacion-2020-09.pdf\" target=\"_blank\" rel=\"noopener\">Formulario: Visto bueno para defender la propuesta de tesina o proyecto de creaci\u00f3n<\/a><\/li>\n<\/ul>\n<\/li>\n<\/ul>\n<p><!-- \/wp:list-item --><!-- wp:list-item --><\/p>\n<ul>\n<li style=\"list-style-type: none\">\n<ul>\n<li><a href=\"https:\/\/academicos.uprrp.edu\/preh\/wp-content\/uploads\/sites\/6\/2024\/05\/Formulario-Informe-Comite-Propuesta-Tesina-Proyecto-Creacion_-Editable.pdf\" target=\"_blank\" rel=\"noopener\">Formulario para informar constituci\u00f3n del comit\u00e9 de tesina o proyecto de creaci\u00f3n<\/a><\/li>\n<\/ul>\n<\/li>\n<\/ul>\n<p><!-- \/wp:list-item --><!-- wp:list-item --><\/p>\n<ul>\n<li style=\"list-style-type: none\">\n<ul>\n<li><a href=\"https:\/\/academicos.uprrp.edu\/preh\/wp-content\/uploads\/sites\/6\/2024\/05\/Formulario-para-informar-cambio-en-comite-de-tesina-o-de-proyecto-de-creacio\u0301n.pdf\" target=\"_blank\" rel=\"noopener\">Formulario para informar cambio en comit\u00e9 de tesina o proyecto de creaci\u00f3n<\/a><\/li>\n<\/ul>\n<\/li>\n<\/ul>\n<p><!-- \/wp:list-item --><\/p>\n<p><!-- \/wp:list --><!-- wp:separator --><\/p>\n<hr class=\"wp-block-separator has-alpha-channel-opacity\" \/>\n<p><!-- \/wp:separator --><!-- wp:heading --><\/p>\n<h2 class=\"wp-block-heading\">ETAPA 3: <span style=\"color: #000000\">PREH 4980 &#8211;\u00a0<\/span><span style=\"color: #000000\">TESINA O PROYECTO DE CREACI\u00d3N<\/span><\/h2>\n<p><!-- \/wp:heading --><!-- wp:list --><\/p>\n<ul>\n<li style=\"list-style-type: none\">\n<ul><!-- wp:list-item --><\/ul>\n<\/li>\n<\/ul>\n<ul>\n<li style=\"list-style-type: none\">\n<ul>\n<li><a href=\"https:\/\/academicos.uprrp.edu\/preh\/wp-content\/uploads\/sites\/6\/2025\/08\/Manual-de-tesinas-y-proyectos-de-creacion-rev-2025-08.pdf\" target=\"_blank\" rel=\"noopener\">Manual de teina y proyecto de creaci\u00f3n<\/a><\/li>\n<\/ul>\n<\/li>\n<\/ul>\n<p><!-- \/wp:list-item --><!-- wp:list-item --><\/p>\n<ul>\n<li style=\"list-style-type: none\">\n<ul>\n<li><a href=\"https:\/\/academicos.uprrp.edu\/preh\/wp-content\/uploads\/sites\/6\/2024\/05\/Formato-y-Componentes-Tesina-y-Proyecto-de-Creacio\u0301n.pdf\" target=\"_blank\" rel=\"noopener\">Formato y componentes de la tesina o proyecto de creaci\u00f3n<\/a><\/li>\n<\/ul>\n<\/li>\n<\/ul>\n<p><!-- \/wp:list-item --><!-- wp:list-item --><\/p>\n<ul>\n<li style=\"list-style-type: none\">\n<ul>\n<li><a href=\"https:\/\/academicos.uprrp.edu\/preh\/wp-content\/uploads\/sites\/6\/2024\/05\/Formato-Defensas-Propuestas-y-Trabajos-Finales.pdf\" target=\"_blank\" rel=\"noopener\">Formato para defensas de trabajos finales de tesina y proyecto de creaci\u00f3n<\/a><\/li>\n<\/ul>\n<\/li>\n<\/ul>\n<p><!-- \/wp:list-item --><!-- wp:list-item --><\/p>\n<ul>\n<li style=\"list-style-type: none\">\n<ul>\n<li><a href=\"https:\/\/academicos.uprrp.edu\/preh\/wp-content\/uploads\/sites\/6\/2024\/05\/Fomulario-visto-bueno-defensa-trabajo-final-de-tesina-proyecto-2020-09-02.pdf\" target=\"_blank\" rel=\"noopener\">Formulario: Visto bueno para defender el trabajo final de tesina o proyecto de creaci\u00f3n<\/a><\/li>\n<\/ul>\n<\/li>\n<\/ul>\n<p><!-- \/wp:list-item --><!-- wp:list-item --><\/p>\n<ul>\n<li style=\"list-style-type: none\">\n<ul>\n<li><a href=\"https:\/\/academicos.uprrp.edu\/preh\/wp-content\/uploads\/sites\/6\/2024\/05\/Formulario-Certificacion-del-trabajo-final-de-tesina-o-del-proyecto-de-creacio\u0301n.pdf\">Formulario:\u00a0Certificaci\u00f3n de la versi\u00f3n final de tesina o del proyecto de creaci\u00f3n<\/a><\/li>\n<\/ul>\n<\/li>\n<\/ul>\n<p><!-- \/wp:list-item --><!-- wp:list-item --><\/p>\n<ul>\n<li style=\"list-style-type: none\">\n<ul>\n<li><a href=\"https:\/\/academicos.uprrp.edu\/preh\/wp-content\/uploads\/sites\/6\/2024\/05\/Formulario-Autorizacio\u0301n-publicacio\u0301n-de-la-tesina_proyecto-de-creacio\u0301n.pdf\" target=\"_blank\" rel=\"noopener\">Formulario: Autorizaci\u00f3n para la publicaci\u00f3n digital de la tesina o proyecto de creaci\u00f3n<\/a><\/li>\n<\/ul>\n<\/li>\n<\/ul>\n<p><!-- \/wp:list-item --><\/p>\n<p><!-- \/wp:list --><!-- wp:separator --><\/p>\n<hr class=\"wp-block-separator has-alpha-channel-opacity\" \/>\n<p><!-- \/wp:separator --><!-- wp:heading {\"level\":3} --><\/p>\n<h3 class=\"wp-block-heading\"><a href=\"https:\/\/academicos.uprrp.edu\/preh\/certificaciones\/cipshi\/\" target=\"_blank\" rel=\"noopener\">Comit\u00e9 institucional para la protecci\u00f3n de los seres humanos en la investigaci\u00f3n (CIPSHI)<\/a><\/h3>\n<p><!-- \/wp:heading --><\/p>\t\t\t\t\t\t\t\t<\/div>\n\t\t\t\t<\/div>\n\t\t\t\t\t<\/div>\n\t\t\t\t<\/div>\n\t\t\t\t<\/div>\n\t\t","protected":false},"excerpt":{"rendered":"<p>MANUAL DE TESINA Y PROYECTO DE CREACI\u00d3N Manual de tesina y proyecto de creaci\u00f3n Introducci\u00f3n: La tesina o proyecto de creaci\u00f3n constituye la culminaci\u00f3n de los requisitos acad\u00e9micos del Programa de Estudios de Honor. Ambos, la tesina y el proyecto &hellip; <\/p>\n","protected":false},"author":9,"featured_media":0,"parent":0,"menu_order":0,"comment_status":"closed","ping_status":"closed","template":"","meta":{"_monsterinsights_skip_tracking":false,"_monsterinsights_sitenote_active":false,"_monsterinsights_sitenote_note":"","_monsterinsights_sitenote_category":0,"footnotes":""},"class_list":["post-342","page","type-page","status-publish","hentry"],"yoast_head":"<!-- This site is optimized with the Yoast SEO plugin v27.2 - https:\/\/yoast.com\/product\/yoast-seo-wordpress\/ -->\n<title>Manual de tesina, gu\u00edas, formatos, planitillas y formularios - Programa de Estudios de Honor<\/title>\n<meta name=\"robots\" content=\"index, follow, max-snippet:-1, max-image-preview:large, max-video-preview:-1\" \/>\n<link rel=\"canonical\" href=\"https:\/\/academicos.uprrp.edu\/preh\/otrosdocumentos\/\" \/>\n<meta property=\"og:locale\" content=\"es_ES\" \/>\n<meta property=\"og:type\" content=\"article\" \/>\n<meta property=\"og:title\" content=\"Manual de tesina, gu\u00edas, formatos, planitillas y formularios - Programa de Estudios de Honor\" \/>\n<meta property=\"og:description\" content=\"MANUAL DE TESINA Y PROYECTO DE CREACI\u00d3N Manual de tesina y proyecto de creaci\u00f3n Introducci\u00f3n: La tesina o proyecto de creaci\u00f3n constituye la culminaci\u00f3n de los requisitos acad\u00e9micos del Programa de Estudios de Honor. Ambos, la tesina y el proyecto &hellip;\" \/>\n<meta property=\"og:url\" content=\"https:\/\/academicos.uprrp.edu\/preh\/otrosdocumentos\/\" \/>\n<meta property=\"og:site_name\" content=\"Programa de Estudios de Honor\" \/>\n<meta property=\"article:modified_time\" content=\"2026-03-30T18:25:01+00:00\" \/>\n<meta name=\"twitter:card\" content=\"summary_large_image\" \/>\n<meta name=\"twitter:label1\" content=\"Est. reading time\" \/>\n\t<meta name=\"twitter:data1\" content=\"3 minutos\" \/>\n<script type=\"application\/ld+json\" class=\"yoast-schema-graph\">{\"@context\":\"https:\/\/schema.org\",\"@graph\":[{\"@type\":\"WebPage\",\"@id\":\"https:\/\/academicos.uprrp.edu\/preh\/otrosdocumentos\/\",\"url\":\"https:\/\/academicos.uprrp.edu\/preh\/otrosdocumentos\/\",\"name\":\"Manual de tesina, gu\u00edas, formatos, planitillas y formularios - Programa de Estudios de Honor\",\"isPartOf\":{\"@id\":\"https:\/\/academicos.uprrp.edu\/preh\/#website\"},\"datePublished\":\"2019-01-15T14:27:22+00:00\",\"dateModified\":\"2026-03-30T18:25:01+00:00\",\"breadcrumb\":{\"@id\":\"https:\/\/academicos.uprrp.edu\/preh\/otrosdocumentos\/#breadcrumb\"},\"inLanguage\":\"es\",\"potentialAction\":[{\"@type\":\"ReadAction\",\"target\":[\"https:\/\/academicos.uprrp.edu\/preh\/otrosdocumentos\/\"]}]},{\"@type\":\"BreadcrumbList\",\"@id\":\"https:\/\/academicos.uprrp.edu\/preh\/otrosdocumentos\/#breadcrumb\",\"itemListElement\":[{\"@type\":\"ListItem\",\"position\":1,\"name\":\"Home\",\"item\":\"https:\/\/academicos.uprrp.edu\/preh\/\"},{\"@type\":\"ListItem\",\"position\":2,\"name\":\"Manual de tesina, gu\u00edas, formatos, planitillas y formularios\"}]},{\"@type\":\"WebSite\",\"@id\":\"https:\/\/academicos.uprrp.edu\/preh\/#website\",\"url\":\"https:\/\/academicos.uprrp.edu\/preh\/\",\"name\":\"Programa de Estudios de Honor\",\"description\":\"\",\"potentialAction\":[{\"@type\":\"SearchAction\",\"target\":{\"@type\":\"EntryPoint\",\"urlTemplate\":\"https:\/\/academicos.uprrp.edu\/preh\/?s={search_term_string}\"},\"query-input\":{\"@type\":\"PropertyValueSpecification\",\"valueRequired\":true,\"valueName\":\"search_term_string\"}}],\"inLanguage\":\"es\"}]}<\/script>\n<!-- \/ Yoast SEO plugin. -->","yoast_head_json":{"title":"Manual de tesina, gu\u00edas, formatos, planitillas y formularios - Programa de Estudios de Honor","robots":{"index":"index","follow":"follow","max-snippet":"max-snippet:-1","max-image-preview":"max-image-preview:large","max-video-preview":"max-video-preview:-1"},"canonical":"https:\/\/academicos.uprrp.edu\/preh\/otrosdocumentos\/","og_locale":"es_ES","og_type":"article","og_title":"Manual de tesina, gu\u00edas, formatos, planitillas y formularios - Programa de Estudios de Honor","og_description":"MANUAL DE TESINA Y PROYECTO DE CREACI\u00d3N Manual de tesina y proyecto de creaci\u00f3n Introducci\u00f3n: La tesina o proyecto de creaci\u00f3n constituye la culminaci\u00f3n de los requisitos acad\u00e9micos del Programa de Estudios de Honor. Ambos, la tesina y el proyecto &hellip;","og_url":"https:\/\/academicos.uprrp.edu\/preh\/otrosdocumentos\/","og_site_name":"Programa de Estudios de Honor","article_modified_time":"2026-03-30T18:25:01+00:00","twitter_card":"summary_large_image","twitter_misc":{"Est. reading time":"3 minutos"},"schema":{"@context":"https:\/\/schema.org","@graph":[{"@type":"WebPage","@id":"https:\/\/academicos.uprrp.edu\/preh\/otrosdocumentos\/","url":"https:\/\/academicos.uprrp.edu\/preh\/otrosdocumentos\/","name":"Manual de tesina, gu\u00edas, formatos, planitillas y formularios - Programa de Estudios de Honor","isPartOf":{"@id":"https:\/\/academicos.uprrp.edu\/preh\/#website"},"datePublished":"2019-01-15T14:27:22+00:00","dateModified":"2026-03-30T18:25:01+00:00","breadcrumb":{"@id":"https:\/\/academicos.uprrp.edu\/preh\/otrosdocumentos\/#breadcrumb"},"inLanguage":"es","potentialAction":[{"@type":"ReadAction","target":["https:\/\/academicos.uprrp.edu\/preh\/otrosdocumentos\/"]}]},{"@type":"BreadcrumbList","@id":"https:\/\/academicos.uprrp.edu\/preh\/otrosdocumentos\/#breadcrumb","itemListElement":[{"@type":"ListItem","position":1,"name":"Home","item":"https:\/\/academicos.uprrp.edu\/preh\/"},{"@type":"ListItem","position":2,"name":"Manual de tesina, gu\u00edas, formatos, planitillas y formularios"}]},{"@type":"WebSite","@id":"https:\/\/academicos.uprrp.edu\/preh\/#website","url":"https:\/\/academicos.uprrp.edu\/preh\/","name":"Programa de Estudios de Honor","description":"","potentialAction":[{"@type":"SearchAction","target":{"@type":"EntryPoint","urlTemplate":"https:\/\/academicos.uprrp.edu\/preh\/?s={search_term_string}"},"query-input":{"@type":"PropertyValueSpecification","valueRequired":true,"valueName":"search_term_string"}}],"inLanguage":"es"}]}},"_links":{"self":[{"href":"https:\/\/academicos.uprrp.edu\/preh\/wp-json\/wp\/v2\/pages\/342","targetHints":{"allow":["GET"]}}],"collection":[{"href":"https:\/\/academicos.uprrp.edu\/preh\/wp-json\/wp\/v2\/pages"}],"about":[{"href":"https:\/\/academicos.uprrp.edu\/preh\/wp-json\/wp\/v2\/types\/page"}],"author":[{"embeddable":true,"href":"https:\/\/academicos.uprrp.edu\/preh\/wp-json\/wp\/v2\/users\/9"}],"replies":[{"embeddable":true,"href":"https:\/\/academicos.uprrp.edu\/preh\/wp-json\/wp\/v2\/comments?post=342"}],"version-history":[{"count":69,"href":"https:\/\/academicos.uprrp.edu\/preh\/wp-json\/wp\/v2\/pages\/342\/revisions"}],"predecessor-version":[{"id":13499,"href":"https:\/\/academicos.uprrp.edu\/preh\/wp-json\/wp\/v2\/pages\/342\/revisions\/13499"}],"wp:attachment":[{"href":"https:\/\/academicos.uprrp.edu\/preh\/wp-json\/wp\/v2\/media?parent=342"}],"curies":[{"name":"wp","href":"https:\/\/api.w.org\/{rel}","templated":true}]}}