{"id":338,"date":"2019-01-15T10:25:34","date_gmt":"2019-01-15T14:25:34","guid":{"rendered":"http:\/\/preh.uprrp.edu\/?page_id=338"},"modified":"2026-02-24T12:23:10","modified_gmt":"2026-02-24T16:23:10","slug":"preguntas-frecuentes","status":"publish","type":"page","link":"https:\/\/academicos.uprrp.edu\/preh\/preguntas-frecuentes\/","title":{"rendered":"Preguntas Frecuentes"},"content":{"rendered":"\t\t<div data-elementor-type=\"wp-page\" data-elementor-id=\"338\" class=\"elementor elementor-338\">\n\t\t\t\t<div class=\"elementor-element elementor-element-7065bd01 e-flex e-con-boxed e-con e-parent\" data-id=\"7065bd01\" data-element_type=\"container\" data-e-type=\"container\">\n\t\t\t\t\t<div class=\"e-con-inner\">\n\t\t\t\t<div class=\"elementor-element elementor-element-72f5511 elementor-widget elementor-widget-text-editor\" data-id=\"72f5511\" data-element_type=\"widget\" data-e-type=\"widget\" data-widget_type=\"text-editor.default\">\n\t\t\t\t<div class=\"elementor-widget-container\">\n\t\t\t\t\t\t\t\t\t<p><\/p>\n<p><span style=\"color: #000000\">El Programa de Estudios de Honor (PREH) ofrece una secuencia curricular \u00fanica a los estudiantes que quieren aprovechar plenamente su educaci\u00f3n universitaria. Su objetivo es enriquecer la formaci\u00f3n educativa del estudiante dentro de un marco interdisciplinario y de investigaci\u00f3n.\u00a0 Los estudiantes cursan sus estudios dentro de sus facultades o escuelas y toman los cursos del Programa como electivas.\u00a0\u00a0<\/span><\/p>\n<p><\/p>\t\t\t\t\t\t\t\t<\/div>\n\t\t\t\t<\/div>\n\t\t\t\t<div class=\"elementor-element elementor-element-e615c2f elementor-widget elementor-widget-toggle\" data-id=\"e615c2f\" data-element_type=\"widget\" data-e-type=\"widget\" data-widget_type=\"toggle.default\">\n\t\t\t\t<div class=\"elementor-widget-container\">\n\t\t\t\t\t\t\t<div class=\"elementor-toggle\">\n\t\t\t\t\t\t\t<div class=\"elementor-toggle-item\">\n\t\t\t\t\t<div id=\"elementor-tab-title-2411\" class=\"elementor-tab-title\" data-tab=\"1\" role=\"button\" aria-controls=\"elementor-tab-content-2411\" aria-expanded=\"false\">\n\t\t\t\t\t\t\t\t\t\t\t\t<span class=\"elementor-toggle-icon elementor-toggle-icon-left\" aria-hidden=\"true\">\n\t\t\t\t\t\t\t\t\t\t\t\t\t\t\t<span class=\"elementor-toggle-icon-closed\"><i class=\"fas fa-caret-right\"><\/i><\/span>\n\t\t\t\t\t\t\t\t<span class=\"elementor-toggle-icon-opened\"><i class=\"elementor-toggle-icon-opened fas fa-caret-up\"><\/i><\/span>\n\t\t\t\t\t\t\t\t\t\t\t\t\t<\/span>\n\t\t\t\t\t\t\t\t\t\t\t\t<a class=\"elementor-toggle-title\" tabindex=\"0\">\u00bfCu\u00e1les son los requisitos para completar el Programa?<\/a>\n\t\t\t\t\t<\/div>\n\n\t\t\t\t\t<div id=\"elementor-tab-content-2411\" class=\"elementor-tab-content elementor-clearfix\" data-tab=\"1\" role=\"region\" aria-labelledby=\"elementor-tab-title-2411\"><p>El estudiante tiene que completar una secuencia curricular de 17 cr\u00e9ditos.\u00a0\u00a0En los cursos capstone\u00a0(PREH 4900 y PREH 4980) el estudiante tiene la oportunidad de, primero, dise\u00f1ar y escribir una propuesta de tesina o proyecto de creaci\u00f3n\u00a0junto al mentor seleccionado; y, por \u00faltimo, de desarrollar su investigaci\u00f3n o proyecto de creaci\u00f3n y el trabajo final escrito.\u00a0 \u00bfD\u00f3nde m\u00e1s en la UPR puedes tomar un curso que t\u00fa dise\u00f1as y que tomas para ti solo con tu mentor?<\/p><\/div>\n\t\t\t\t<\/div>\n\t\t\t\t\t\t\t<div class=\"elementor-toggle-item\">\n\t\t\t\t\t<div id=\"elementor-tab-title-2412\" class=\"elementor-tab-title\" data-tab=\"2\" role=\"button\" aria-controls=\"elementor-tab-content-2412\" aria-expanded=\"false\">\n\t\t\t\t\t\t\t\t\t\t\t\t<span class=\"elementor-toggle-icon elementor-toggle-icon-left\" aria-hidden=\"true\">\n\t\t\t\t\t\t\t\t\t\t\t\t\t\t\t<span class=\"elementor-toggle-icon-closed\"><i class=\"fas fa-caret-right\"><\/i><\/span>\n\t\t\t\t\t\t\t\t<span class=\"elementor-toggle-icon-opened\"><i class=\"elementor-toggle-icon-opened fas fa-caret-up\"><\/i><\/span>\n\t\t\t\t\t\t\t\t\t\t\t\t\t<\/span>\n\t\t\t\t\t\t\t\t\t\t\t\t<a class=\"elementor-toggle-title\" tabindex=\"0\">\u00bfQu\u00e9 beneficios tienen los miembros del Programa de Estudios de Honor?<\/a>\n\t\t\t\t\t<\/div>\n\n\t\t\t\t\t<div id=\"elementor-tab-content-2412\" class=\"elementor-tab-content elementor-clearfix\" data-tab=\"2\" role=\"region\" aria-labelledby=\"elementor-tab-title-2412\"><p>Pertenecer al PREH brinda varias ventajas y oportunidades \u00fanicas. Para los estudiantes que interesan hacer investigaci\u00f3n, el PREH provee apoyo y ayuda para integrarlos al proceso. El PREH tambi\u00e9n permite tener acceso a una experiencia interdisciplinaria de dos maneras. Primero, el requisito del seminario interdisciplinario le ofrece la oportunidad de tomar un curso con un enfoque interdisciplinario sobre temas interesantes que a menudo no se ofrecen en las secuencias curriculares de los diferentes programas acad\u00e9micos del recinto.\u00a0 Por ejemplo, algunos seminarios que se han dado son: \u201cProblemas de la teor\u00eda social a trav\u00e9s del \u2018Western\u2019\u201d, \u201cBioantropolog\u00eda de poblaciones contempor\u00e1neas\u201d, \u201cLos medios de comunicaci\u00f3n y los procesos judiciales\u201d y \u201cSustentabilidad en ambientes urbanos\u201d, \u00abCiencia y poder\u00bb, entre otros. Todos los semestres se cambian los temas que cubren estos seminarios.\u00a0 En segundo lugar, los estudiantes del Programa confraternizan con otros estudiantes que comparten su entusiasmo por la investigaci\u00f3n, la labor creativa y la excelencia acad\u00e9mica, pero que provienen de distintos trasfondos acad\u00e9micos.\u00a0 En ese sentido al ser miembro del PREH el\/la estudiante estar\u00e1 expuesto a ideas, tem\u00e1ticas y compa\u00f1eros de diversas ramas del conocimiento. El PREH provee una red de apoyo individualizada. Tanto el director como los directores de estudios dan seguimiento, consejo y apoyo individualizado para lograr el \u00e9xito en los estudios universitarios y la graduaci\u00f3n del Programa.\u00a0 Los egresados del PREH son aceptados en programas graduados o profesionales en y fuera de Puerto Rico. El Programa adem\u00e1s provee otras ventajas como hacer la matr\u00edcula adelantada, su propio centro de c\u00f3mputos, un \u201clounge\u201d donde puedes relajarte, almorzar y compartir con otros miembros del PREH, entre otras cosas.<\/p><\/div>\n\t\t\t\t<\/div>\n\t\t\t\t\t\t\t<div class=\"elementor-toggle-item\">\n\t\t\t\t\t<div id=\"elementor-tab-title-2413\" class=\"elementor-tab-title\" data-tab=\"3\" role=\"button\" aria-controls=\"elementor-tab-content-2413\" aria-expanded=\"false\">\n\t\t\t\t\t\t\t\t\t\t\t\t<span class=\"elementor-toggle-icon elementor-toggle-icon-left\" aria-hidden=\"true\">\n\t\t\t\t\t\t\t\t\t\t\t\t\t\t\t<span class=\"elementor-toggle-icon-closed\"><i class=\"fas fa-caret-right\"><\/i><\/span>\n\t\t\t\t\t\t\t\t<span class=\"elementor-toggle-icon-opened\"><i class=\"elementor-toggle-icon-opened fas fa-caret-up\"><\/i><\/span>\n\t\t\t\t\t\t\t\t\t\t\t\t\t<\/span>\n\t\t\t\t\t\t\t\t\t\t\t\t<a class=\"elementor-toggle-title\" tabindex=\"0\">\u00bfSe suman los requisitos del Programa a la carga normal de cursos por semestre?<\/a>\n\t\t\t\t\t<\/div>\n\n\t\t\t\t\t<div id=\"elementor-tab-content-2413\" class=\"elementor-tab-content elementor-clearfix\" data-tab=\"3\" role=\"region\" aria-labelledby=\"elementor-tab-title-2413\"><p>Para graduarse de la Universidad de Puerto Rico, el estudiante tiene que completar un n\u00famero de cursos en cada una de tres \u00e1reas: los requisitos de la facultad, los del departamento o programa y un n\u00famero de cursos electivos. Los cursos del PREH se cuentan como electivas libres. Algunos cursos del curr\u00edculo del PREH pueden convalidarse por cursos de otros programas y son conducentes a grado para fines de asistencia econ\u00f3mica.\u00a0 En otras palabras, no hay que tomar m\u00e1s cr\u00e9ditos a los requeridos por la concentraci\u00f3n. Ver p\u00e1gina de <a href=\"https:\/\/academicos.uprrp.edu\/preh\/convalidaciones\/\">Convalidaciones<\/a>.<\/p><\/div>\n\t\t\t\t<\/div>\n\t\t\t\t\t\t\t<div class=\"elementor-toggle-item\">\n\t\t\t\t\t<div id=\"elementor-tab-title-2414\" class=\"elementor-tab-title\" data-tab=\"4\" role=\"button\" aria-controls=\"elementor-tab-content-2414\" aria-expanded=\"false\">\n\t\t\t\t\t\t\t\t\t\t\t\t<span class=\"elementor-toggle-icon elementor-toggle-icon-left\" aria-hidden=\"true\">\n\t\t\t\t\t\t\t\t\t\t\t\t\t\t\t<span class=\"elementor-toggle-icon-closed\"><i class=\"fas fa-caret-right\"><\/i><\/span>\n\t\t\t\t\t\t\t\t<span class=\"elementor-toggle-icon-opened\"><i class=\"elementor-toggle-icon-opened fas fa-caret-up\"><\/i><\/span>\n\t\t\t\t\t\t\t\t\t\t\t\t\t<\/span>\n\t\t\t\t\t\t\t\t\t\t\t\t<a class=\"elementor-toggle-title\" tabindex=\"0\">\u00bfCu\u00e1les son los requisitos de admisi\u00f3n y para continuar en el Programa?<\/a>\n\t\t\t\t\t<\/div>\n\n\t\t\t\t\t<div id=\"elementor-tab-content-2414\" class=\"elementor-tab-content elementor-clearfix\" data-tab=\"4\" role=\"region\" aria-labelledby=\"elementor-tab-title-2414\"><p>El Programa est\u00e1 abierto a estudiantes subgraduados de cualquier facultad o escuela del Recinto de R\u00edo Piedras. Los requisitos de admisi\u00f3n se acceden en\u00a0<a href=\"https:\/\/academicos.uprrp.edu\/preh\/requisitos\/\">https:\/\/academicos.uprrp.edu\/preh\/requisitos\/<\/a>\u00a0Es primordial tener un compromiso con la excelencia acad\u00e9mica y un inter\u00e9s genuino en las ideas.\u00a0 Esto se revela en el trasfondo acad\u00e9mico del estudiante, en sus lecturas, intereses e inquietudes.\u00a0 El Consejo Directivo del Programa estudia el expediente y solicitud e invita al estudiante a una entrevista para conocerlo en persona, pues muchas veces el expediente escrito no revela las cualidades, car\u00e1cter y potencial del estudiante.\u00a0\u00a0Una vez admitido, el estudiante debe mantener el promedio de 3.50 o m\u00e1s y tener progreso acad\u00e9mico.<\/p><\/div>\n\t\t\t\t<\/div>\n\t\t\t\t\t\t\t<div class=\"elementor-toggle-item\">\n\t\t\t\t\t<div id=\"elementor-tab-title-2415\" class=\"elementor-tab-title\" data-tab=\"5\" role=\"button\" aria-controls=\"elementor-tab-content-2415\" aria-expanded=\"false\">\n\t\t\t\t\t\t\t\t\t\t\t\t<span class=\"elementor-toggle-icon elementor-toggle-icon-left\" aria-hidden=\"true\">\n\t\t\t\t\t\t\t\t\t\t\t\t\t\t\t<span class=\"elementor-toggle-icon-closed\"><i class=\"fas fa-caret-right\"><\/i><\/span>\n\t\t\t\t\t\t\t\t<span class=\"elementor-toggle-icon-opened\"><i class=\"elementor-toggle-icon-opened fas fa-caret-up\"><\/i><\/span>\n\t\t\t\t\t\t\t\t\t\t\t\t\t<\/span>\n\t\t\t\t\t\t\t\t\t\t\t\t<a class=\"elementor-toggle-title\" tabindex=\"0\">\u00bfQu\u00e9 servicios ofrece el Programa a la comunidad universitaria?<\/a>\n\t\t\t\t\t<\/div>\n\n\t\t\t\t\t<div id=\"elementor-tab-content-2415\" class=\"elementor-tab-content elementor-clearfix\" data-tab=\"5\" role=\"region\" aria-labelledby=\"elementor-tab-title-2415\"><p>El Programa auspicia foros, coloquios, talleres y otras actividades acad\u00e9micas abiertas a toda la comunidad universitaria. Adem\u00e1s, se ofrecen actividades de orientaci\u00f3n sobre algunas oportunidades de becas e internados, y orientaci\u00f3n individual a quien lo solicita.<\/p><\/div>\n\t\t\t\t<\/div>\n\t\t\t\t\t\t\t<div class=\"elementor-toggle-item\">\n\t\t\t\t\t<div id=\"elementor-tab-title-2416\" class=\"elementor-tab-title\" data-tab=\"6\" role=\"button\" aria-controls=\"elementor-tab-content-2416\" aria-expanded=\"false\">\n\t\t\t\t\t\t\t\t\t\t\t\t<span class=\"elementor-toggle-icon elementor-toggle-icon-left\" aria-hidden=\"true\">\n\t\t\t\t\t\t\t\t\t\t\t\t\t\t\t<span class=\"elementor-toggle-icon-closed\"><i class=\"fas fa-caret-right\"><\/i><\/span>\n\t\t\t\t\t\t\t\t<span class=\"elementor-toggle-icon-opened\"><i class=\"elementor-toggle-icon-opened fas fa-caret-up\"><\/i><\/span>\n\t\t\t\t\t\t\t\t\t\t\t\t\t<\/span>\n\t\t\t\t\t\t\t\t\t\t\t\t<a class=\"elementor-toggle-title\" tabindex=\"0\">\u00bfC\u00f3mo se puede obtener informaci\u00f3n m\u00e1s detallada sobre el Programa y sus ofertas curriculares?<\/a>\n\t\t\t\t\t<\/div>\n\n\t\t\t\t\t<div id=\"elementor-tab-content-2416\" class=\"elementor-tab-content elementor-clearfix\" data-tab=\"6\" role=\"region\" aria-labelledby=\"elementor-tab-title-2416\"><p>Puede coordinar una cita por tel\u00e9fono, correo electr\u00f3nico o visitar las oficinas del Programa durante los d\u00edas y horas laborables. Se sugiere llamar para coordinar una cita.\u00a0<\/p>\n<ul>\n<li>Plaza Universitaria, Torre Centra, Piso 2, frente a Admisiones<\/li>\n<li>programa.honor@upr.edu<\/li>\n<li>Tel. (787) 764-0000 ext. 85060, 85061, 85062\u00a0<\/li>\n<\/ul><\/div>\n\t\t\t\t<\/div>\n\t\t\t\t\t\t\t\t<\/div>\n\t\t\t\t\t\t<\/div>\n\t\t\t\t<\/div>\n\t\t\t\t\t<\/div>\n\t\t\t\t<\/div>\n\t\t\t\t<\/div>\n\t\t","protected":false},"excerpt":{"rendered":"<p>El Programa de Estudios de Honor (PREH) ofrece una secuencia curricular \u00fanica a los estudiantes que quieren aprovechar plenamente su educaci\u00f3n universitaria. Su objetivo es enriquecer la formaci\u00f3n educativa del estudiante dentro de un marco interdisciplinario y de investigaci\u00f3n.\u00a0 Los &hellip; <\/p>\n","protected":false},"author":9,"featured_media":0,"parent":0,"menu_order":0,"comment_status":"closed","ping_status":"closed","template":"","meta":{"_monsterinsights_skip_tracking":false,"_monsterinsights_sitenote_active":false,"_monsterinsights_sitenote_note":"","_monsterinsights_sitenote_category":0,"footnotes":""},"class_list":["post-338","page","type-page","status-publish","hentry"],"yoast_head":"<!-- This site is optimized with the Yoast SEO plugin v27.2 - https:\/\/yoast.com\/product\/yoast-seo-wordpress\/ -->\n<title>Preguntas Frecuentes - Programa de Estudios de Honor<\/title>\n<meta name=\"robots\" content=\"index, follow, max-snippet:-1, max-image-preview:large, max-video-preview:-1\" \/>\n<link rel=\"canonical\" href=\"https:\/\/academicos.uprrp.edu\/preh\/preguntas-frecuentes\/\" \/>\n<meta property=\"og:locale\" content=\"es_ES\" \/>\n<meta property=\"og:type\" content=\"article\" \/>\n<meta property=\"og:title\" content=\"Preguntas Frecuentes - Programa de Estudios de Honor\" \/>\n<meta property=\"og:description\" content=\"El Programa de Estudios de Honor (PREH) ofrece una secuencia curricular \u00fanica a los estudiantes que quieren aprovechar plenamente su educaci\u00f3n universitaria. Su objetivo es enriquecer la formaci\u00f3n educativa del estudiante dentro de un marco interdisciplinario y de investigaci\u00f3n.\u00a0 Los &hellip;\" \/>\n<meta property=\"og:url\" content=\"https:\/\/academicos.uprrp.edu\/preh\/preguntas-frecuentes\/\" \/>\n<meta property=\"og:site_name\" content=\"Programa de Estudios de Honor\" \/>\n<meta property=\"article:modified_time\" content=\"2026-02-24T16:23:10+00:00\" \/>\n<meta name=\"twitter:card\" content=\"summary_large_image\" \/>\n<meta name=\"twitter:label1\" content=\"Est. reading time\" \/>\n\t<meta name=\"twitter:data1\" content=\"4 minutos\" \/>\n<script type=\"application\/ld+json\" class=\"yoast-schema-graph\">{\"@context\":\"https:\/\/schema.org\",\"@graph\":[{\"@type\":\"WebPage\",\"@id\":\"https:\/\/academicos.uprrp.edu\/preh\/preguntas-frecuentes\/\",\"url\":\"https:\/\/academicos.uprrp.edu\/preh\/preguntas-frecuentes\/\",\"name\":\"Preguntas Frecuentes - Programa de Estudios de Honor\",\"isPartOf\":{\"@id\":\"https:\/\/academicos.uprrp.edu\/preh\/#website\"},\"datePublished\":\"2019-01-15T14:25:34+00:00\",\"dateModified\":\"2026-02-24T16:23:10+00:00\",\"breadcrumb\":{\"@id\":\"https:\/\/academicos.uprrp.edu\/preh\/preguntas-frecuentes\/#breadcrumb\"},\"inLanguage\":\"es\",\"potentialAction\":[{\"@type\":\"ReadAction\",\"target\":[\"https:\/\/academicos.uprrp.edu\/preh\/preguntas-frecuentes\/\"]}]},{\"@type\":\"BreadcrumbList\",\"@id\":\"https:\/\/academicos.uprrp.edu\/preh\/preguntas-frecuentes\/#breadcrumb\",\"itemListElement\":[{\"@type\":\"ListItem\",\"position\":1,\"name\":\"Home\",\"item\":\"https:\/\/academicos.uprrp.edu\/preh\/\"},{\"@type\":\"ListItem\",\"position\":2,\"name\":\"Preguntas Frecuentes\"}]},{\"@type\":\"WebSite\",\"@id\":\"https:\/\/academicos.uprrp.edu\/preh\/#website\",\"url\":\"https:\/\/academicos.uprrp.edu\/preh\/\",\"name\":\"Programa de Estudios de Honor\",\"description\":\"\",\"potentialAction\":[{\"@type\":\"SearchAction\",\"target\":{\"@type\":\"EntryPoint\",\"urlTemplate\":\"https:\/\/academicos.uprrp.edu\/preh\/?s={search_term_string}\"},\"query-input\":{\"@type\":\"PropertyValueSpecification\",\"valueRequired\":true,\"valueName\":\"search_term_string\"}}],\"inLanguage\":\"es\"}]}<\/script>\n<!-- \/ Yoast SEO plugin. -->","yoast_head_json":{"title":"Preguntas Frecuentes - Programa de Estudios de Honor","robots":{"index":"index","follow":"follow","max-snippet":"max-snippet:-1","max-image-preview":"max-image-preview:large","max-video-preview":"max-video-preview:-1"},"canonical":"https:\/\/academicos.uprrp.edu\/preh\/preguntas-frecuentes\/","og_locale":"es_ES","og_type":"article","og_title":"Preguntas Frecuentes - Programa de Estudios de Honor","og_description":"El Programa de Estudios de Honor (PREH) ofrece una secuencia curricular \u00fanica a los estudiantes que quieren aprovechar plenamente su educaci\u00f3n universitaria. Su objetivo es enriquecer la formaci\u00f3n educativa del estudiante dentro de un marco interdisciplinario y de investigaci\u00f3n.\u00a0 Los &hellip;","og_url":"https:\/\/academicos.uprrp.edu\/preh\/preguntas-frecuentes\/","og_site_name":"Programa de Estudios de Honor","article_modified_time":"2026-02-24T16:23:10+00:00","twitter_card":"summary_large_image","twitter_misc":{"Est. reading time":"4 minutos"},"schema":{"@context":"https:\/\/schema.org","@graph":[{"@type":"WebPage","@id":"https:\/\/academicos.uprrp.edu\/preh\/preguntas-frecuentes\/","url":"https:\/\/academicos.uprrp.edu\/preh\/preguntas-frecuentes\/","name":"Preguntas Frecuentes - Programa de Estudios de Honor","isPartOf":{"@id":"https:\/\/academicos.uprrp.edu\/preh\/#website"},"datePublished":"2019-01-15T14:25:34+00:00","dateModified":"2026-02-24T16:23:10+00:00","breadcrumb":{"@id":"https:\/\/academicos.uprrp.edu\/preh\/preguntas-frecuentes\/#breadcrumb"},"inLanguage":"es","potentialAction":[{"@type":"ReadAction","target":["https:\/\/academicos.uprrp.edu\/preh\/preguntas-frecuentes\/"]}]},{"@type":"BreadcrumbList","@id":"https:\/\/academicos.uprrp.edu\/preh\/preguntas-frecuentes\/#breadcrumb","itemListElement":[{"@type":"ListItem","position":1,"name":"Home","item":"https:\/\/academicos.uprrp.edu\/preh\/"},{"@type":"ListItem","position":2,"name":"Preguntas Frecuentes"}]},{"@type":"WebSite","@id":"https:\/\/academicos.uprrp.edu\/preh\/#website","url":"https:\/\/academicos.uprrp.edu\/preh\/","name":"Programa de Estudios de Honor","description":"","potentialAction":[{"@type":"SearchAction","target":{"@type":"EntryPoint","urlTemplate":"https:\/\/academicos.uprrp.edu\/preh\/?s={search_term_string}"},"query-input":{"@type":"PropertyValueSpecification","valueRequired":true,"valueName":"search_term_string"}}],"inLanguage":"es"}]}},"_links":{"self":[{"href":"https:\/\/academicos.uprrp.edu\/preh\/wp-json\/wp\/v2\/pages\/338","targetHints":{"allow":["GET"]}}],"collection":[{"href":"https:\/\/academicos.uprrp.edu\/preh\/wp-json\/wp\/v2\/pages"}],"about":[{"href":"https:\/\/academicos.uprrp.edu\/preh\/wp-json\/wp\/v2\/types\/page"}],"author":[{"embeddable":true,"href":"https:\/\/academicos.uprrp.edu\/preh\/wp-json\/wp\/v2\/users\/9"}],"replies":[{"embeddable":true,"href":"https:\/\/academicos.uprrp.edu\/preh\/wp-json\/wp\/v2\/comments?post=338"}],"version-history":[{"count":10,"href":"https:\/\/academicos.uprrp.edu\/preh\/wp-json\/wp\/v2\/pages\/338\/revisions"}],"predecessor-version":[{"id":13456,"href":"https:\/\/academicos.uprrp.edu\/preh\/wp-json\/wp\/v2\/pages\/338\/revisions\/13456"}],"wp:attachment":[{"href":"https:\/\/academicos.uprrp.edu\/preh\/wp-json\/wp\/v2\/media?parent=338"}],"curies":[{"name":"wp","href":"https:\/\/api.w.org\/{rel}","templated":true}]}}