{"id":336,"date":"2019-01-15T10:25:15","date_gmt":"2019-01-15T14:25:15","guid":{"rendered":"http:\/\/preh.uprrp.edu\/?page_id=336"},"modified":"2026-03-20T16:16:32","modified_gmt":"2026-03-20T20:16:32","slug":"requisitos","status":"publish","type":"page","link":"https:\/\/academicos.uprrp.edu\/preh\/requisitos\/","title":{"rendered":"\u00bfQui\u00e9n puede solicitar?"},"content":{"rendered":"\t\t<div data-elementor-type=\"wp-page\" data-elementor-id=\"336\" class=\"elementor elementor-336\">\n\t\t\t\t<div class=\"elementor-element elementor-element-cc790f3 e-flex e-con-boxed e-con e-parent\" data-id=\"cc790f3\" data-element_type=\"container\" data-e-type=\"container\">\n\t\t\t\t\t<div class=\"e-con-inner\">\n\t\t\t\t<div class=\"elementor-element elementor-element-a958154 elementor-widget elementor-widget-text-editor\" data-id=\"a958154\" data-element_type=\"widget\" data-e-type=\"widget\" data-widget_type=\"text-editor.default\">\n\t\t\t\t<div class=\"elementor-widget-container\">\n\t\t\t\t\t\t\t\t\t<h3 style=\"text-align: center\"><strong><span style=\"color: #ff0000\">FECHA L\u00cdMITE PARA SOLICITAR<\/span><\/strong><\/h3><h3 style=\"text-align: center\"><strong><span style=\"color: #ff0000\">\u00a0 1 de mayo de 2026<\/span><\/strong><\/h3><p><span style=\"color: #000000\">Puede solicitar al Programa de Estudios de Honor (PREH), cualquier estudiante de bachillerato con un promedio general acumulativo (GPA) de 3.50 o m\u00e1s en cualquier a\u00f1o de sus estudios, siempre y cuando disponga del tiempo suficiente para completar los requisitos acad\u00e9micos del Programa. El curr\u00edculo acad\u00e9mico consta de 17 cr\u00e9ditos y completar los requisitos acad\u00e9micos puede tomar de 3 a 4 semestres, seg\u00fan el plan de estudios que establezca el estudiante.<\/span><\/p><h4 style=\"text-align: center\"><span style=\"color: #ff0000\"><strong>ORIENTACIONES<\/strong><\/span><\/h4><table width=\"432\"><tbody><tr><td width=\"204\"><p><span style=\"color: #000000\"><strong>mi\u00e9rcoles 18 de marzo<\/strong><\/span><\/p><p><span style=\"color: #000000\"><strong>11:30 a.m. \u2013 12:30 p.m.<\/strong><\/span><\/p><\/td><td width=\"228\"><p><span style=\"color: #000000\">Google Meet<\/span><\/p><p><a href=\"https:\/\/meet.google.com\/vea-quzt-aan\">Click here to join the meeting<\/a><\/p><\/td><\/tr><tr><td width=\"204\"><p><span style=\"color: #000000\"><strong>viernes 20 de marzo <\/strong><\/span><\/p><p><span style=\"color: #000000\"><strong>12:00 \u2013 1:00 p.m.<\/strong><\/span><\/p><\/td><td width=\"228\"><p><span style=\"color: #000000\">Google Meet<\/span><\/p><p><a href=\"https:\/\/meet.google.com\/kik-jqfs-kbc\">Click here to join the meeting<\/a><\/p><\/td><\/tr><\/tbody><\/table>\t\t\t\t\t\t\t\t<\/div>\n\t\t\t\t<\/div>\n\t\t\t\t\t<\/div>\n\t\t\t\t<\/div>\n\t\t<div class=\"elementor-element elementor-element-64890bc e-grid e-con-full e-con e-parent\" data-id=\"64890bc\" data-element_type=\"container\" data-e-type=\"container\">\n\t\t\t\t<div class=\"elementor-element elementor-element-01da607 elementor-view-default elementor-position-block-start elementor-mobile-position-block-start elementor-widget elementor-widget-icon-box\" data-id=\"01da607\" data-element_type=\"widget\" data-e-type=\"widget\" data-widget_type=\"icon-box.default\">\n\t\t\t\t<div class=\"elementor-widget-container\">\n\t\t\t\t\t\t\t<div class=\"elementor-icon-box-wrapper\">\n\n\t\t\t\t\t\t<div class=\"elementor-icon-box-icon\">\n\t\t\t\t<a href=\"https:\/\/academicos.uprrp.edu\/preh\/beneficios-del-preh\/\" class=\"elementor-icon\" tabindex=\"-1\" aria-label=\"Beneficios de Pertenecer al PREH\">\n\t\t\t\t<i aria-hidden=\"true\" class=\"fas fa-star-of-life\"><\/i>\t\t\t\t<\/a>\n\t\t\t<\/div>\n\t\t\t\n\t\t\t\t\t\t<div class=\"elementor-icon-box-content\">\n\n\t\t\t\t\t\t\t\t\t<h3 class=\"elementor-icon-box-title\">\n\t\t\t\t\t\t<a href=\"https:\/\/academicos.uprrp.edu\/preh\/beneficios-del-preh\/\" >\n\t\t\t\t\t\t\tBeneficios de Pertenecer al PREH\t\t\t\t\t\t<\/a>\n\t\t\t\t\t<\/h3>\n\t\t\t\t\n\t\t\t\t\n\t\t\t<\/div>\n\t\t\t\n\t\t<\/div>\n\t\t\t\t\t\t<\/div>\n\t\t\t\t<\/div>\n\t\t\t\t<div class=\"elementor-element elementor-element-a7d8e9c elementor-view-default elementor-position-block-start elementor-mobile-position-block-start elementor-widget elementor-widget-icon-box\" data-id=\"a7d8e9c\" data-element_type=\"widget\" data-e-type=\"widget\" data-widget_type=\"icon-box.default\">\n\t\t\t\t<div class=\"elementor-widget-container\">\n\t\t\t\t\t\t\t<div class=\"elementor-icon-box-wrapper\">\n\n\t\t\t\t\t\t<div class=\"elementor-icon-box-icon\">\n\t\t\t\t<a href=\"https:\/\/academicos.uprrp.edu\/preh\/academicos\/\" class=\"elementor-icon\" tabindex=\"-1\" aria-label=\"Curr\u00edculo Acad\u00e9mico\">\n\t\t\t\t<i aria-hidden=\"true\" class=\"fas fa-tasks\"><\/i>\t\t\t\t<\/a>\n\t\t\t<\/div>\n\t\t\t\n\t\t\t\t\t\t<div class=\"elementor-icon-box-content\">\n\n\t\t\t\t\t\t\t\t\t<h3 class=\"elementor-icon-box-title\">\n\t\t\t\t\t\t<a href=\"https:\/\/academicos.uprrp.edu\/preh\/academicos\/\" >\n\t\t\t\t\t\t\tCurr\u00edculo Acad\u00e9mico\t\t\t\t\t\t<\/a>\n\t\t\t\t\t<\/h3>\n\t\t\t\t\n\t\t\t\t\n\t\t\t<\/div>\n\t\t\t\n\t\t<\/div>\n\t\t\t\t\t\t<\/div>\n\t\t\t\t<\/div>\n\t\t\t\t<div class=\"elementor-element elementor-element-7f880e4 elementor-view-default elementor-position-block-start elementor-mobile-position-block-start elementor-widget elementor-widget-icon-box\" data-id=\"7f880e4\" data-element_type=\"widget\" data-e-type=\"widget\" data-widget_type=\"icon-box.default\">\n\t\t\t\t<div class=\"elementor-widget-container\">\n\t\t\t\t\t\t\t<div class=\"elementor-icon-box-wrapper\">\n\n\t\t\t\t\t\t<div class=\"elementor-icon-box-icon\">\n\t\t\t\t<a href=\"https:\/\/academicos.uprrp.edu\/preh\/wp-content\/uploads\/sites\/6\/2025\/03\/Opusculo-PREH-Rev-2025-02.pdf\" target=\"_blank\" class=\"elementor-icon\" tabindex=\"-1\" aria-label=\"Op\u00fasculo Informativo\">\n\t\t\t\t<i aria-hidden=\"true\" class=\"fas fa-exclamation-circle\"><\/i>\t\t\t\t<\/a>\n\t\t\t<\/div>\n\t\t\t\n\t\t\t\t\t\t<div class=\"elementor-icon-box-content\">\n\n\t\t\t\t\t\t\t\t\t<h3 class=\"elementor-icon-box-title\">\n\t\t\t\t\t\t<a href=\"https:\/\/academicos.uprrp.edu\/preh\/wp-content\/uploads\/sites\/6\/2025\/03\/Opusculo-PREH-Rev-2025-02.pdf\" target=\"_blank\" >\n\t\t\t\t\t\t\tOp\u00fasculo Informativo\t\t\t\t\t\t<\/a>\n\t\t\t\t\t<\/h3>\n\t\t\t\t\n\t\t\t\t\n\t\t\t<\/div>\n\t\t\t\n\t\t<\/div>\n\t\t\t\t\t\t<\/div>\n\t\t\t\t<\/div>\n\t\t\t\t<\/div>\n\t\t<div class=\"elementor-element elementor-element-06f541a e-con-full e-flex e-con e-parent\" data-id=\"06f541a\" data-element_type=\"container\" data-e-type=\"container\">\n\t\t\t\t<div class=\"elementor-element elementor-element-3395090 elementor-widget elementor-widget-spacer\" data-id=\"3395090\" data-element_type=\"widget\" data-e-type=\"widget\" data-widget_type=\"spacer.default\">\n\t\t\t\t<div class=\"elementor-widget-container\">\n\t\t\t\t\t\t\t<div class=\"elementor-spacer\">\n\t\t\t<div class=\"elementor-spacer-inner\"><\/div>\n\t\t<\/div>\n\t\t\t\t\t\t<\/div>\n\t\t\t\t<\/div>\n\t\t\t\t<div class=\"elementor-element elementor-element-850408d elementor-widget thim-ekits-heading elementor-widget-thim-heading\" data-id=\"850408d\" data-element_type=\"widget\" data-e-type=\"widget\" data-widget_type=\"thim-heading.default\">\n\t\t\t\t<div class=\"elementor-widget-container\">\n\t\t\t\t\t<div class=\"sc_heading \"><h3 class=\"title\">Requisitos de Admisi\u00f3n y Solicitud<\/h3><span class=\"line\"><\/span><\/div>\t\t\t\t<\/div>\n\t\t\t\t<\/div>\n\t\t\t\t<div class=\"elementor-element elementor-element-4fa49a9 elementor-widget elementor-widget-text-editor\" data-id=\"4fa49a9\" data-element_type=\"widget\" data-e-type=\"widget\" data-widget_type=\"text-editor.default\">\n\t\t\t\t<div class=\"elementor-widget-container\">\n\t\t\t\t\t\t\t\t\t<p><span style=\"color: #000000\"><strong>PERSONA CONTACTO:<\/strong><\/span><\/p><p><span style=\"color: #000000\">Elaine Alfonso-Cabiya, EdD, Directora<\/span><br \/><span style=\"color: #000000\"><a style=\"color: #000000\" href=\"mailto:programa.honor@upr.edu\">programa.honor@upr.edu<\/a><\/span><br \/><span style=\"color: #000000\">787-764-0000 exts. 85060, 85061, 85062, 85063<\/span><\/p>\t\t\t\t\t\t\t\t<\/div>\n\t\t\t\t<\/div>\n\t\t\t\t<div class=\"elementor-element elementor-element-873de32 elementor-widget elementor-widget-text-editor\" data-id=\"873de32\" data-element_type=\"widget\" data-e-type=\"widget\" data-widget_type=\"text-editor.default\">\n\t\t\t\t<div class=\"elementor-widget-container\">\n\t\t\t\t\t\t\t\t\t<ul><li><span style=\"color: #000000\"><strong>Tener un promedio general acumulado (GPA) de 3.50 o m\u00e1s<\/strong><\/span><\/li><li><span style=\"color: #000000\"><strong>Contar con el tiempo suficiente para completar los\u00a0<a style=\"color: #000000\" href=\"https:\/\/academicos.uprrp.edu\/preh\/academicos\/\" target=\"_blank\" rel=\"noopener\">requisitos acad\u00e9micos\u00a0<\/a>(17 cr\u00e9ditos):<\/strong><\/span><ul><li><span style=\"color: #000000\">Tres o cuatro semestres, dependiendo del plan de estudios que establezca el estudiante.<\/span><\/li><li><span style=\"color: #000000\">Se aceptar\u00e1n solicitudes de convalidaci\u00f3n de <span style=\"text-decoration: underline\"><span style=\"color: #0000ff\"><a style=\"color: #0000ff;text-decoration: underline\" href=\"https:\/\/academicos.uprrp.edu\/preh\/convalidaciones\/\" target=\"_blank\" rel=\"noopener\">cursos autorizados por el Consejo Directivo<\/a><\/span><\/span> aprobados con A o B despu\u00e9s de que el estudiante sea aceptado al Programa.<\/span><\/li><\/ul><\/li><li><span style=\"text-decoration: underline;color: #3366ff\"><strong>Completar el <\/strong><strong><a style=\"color: #3366ff;text-decoration: underline\" href=\"https:\/\/forms.gle\/GHuzkKHdajGsCXLg6\" target=\"_blank\" rel=\"noopener\"><i><b>Formulario de Solicitud de Admisi\u00f3n <\/b><\/i><\/a><\/strong><\/span><span style=\"color: #000000\"><strong><b>en GoogleForm<\/b>.<\/strong><\/span><\/li><li><span style=\"color: #000000\"><strong>Redactar 3 ensayos<\/strong><\/span><ul><li><span style=\"text-decoration: underline;color: #0000ff\"><a style=\"color: #0000ff;text-decoration: underline\" href=\"https:\/\/academicos.uprrp.edu\/preh\/ensayos-para-solicitud-de-admision-al-preh\/\">Instrucciones para redactar los ensayos <\/a><\/span><\/li><li><span style=\"color: #000000\">Entregar los ensayos a trav\u00e9s del <em>Formulario de Solicitud de Admisi\u00f3n<\/em><\/span><\/li><\/ul><\/li><li><span style=\"color: #000000\"><strong>Entregar una copia de estudiante de su transcripci\u00f3n de cr\u00e9ditos<\/strong><\/span><ul><li><span style=\"color: #000000\">Entregar a trav\u00e9s del <i>Formulario de Solicitud de Admisi\u00f3n<\/i><\/span><\/li><\/ul><\/li><li><span style=\"color: #000000\"><strong>Entregar una carta de recomendaci\u00f3n<\/strong><\/span><ul><li><span style=\"text-decoration: underline;color: #0000ff\"><a style=\"color: #0000ff\" href=\"https:\/\/academicos.uprrp.edu\/preh\/wp-content\/uploads\/sites\/6\/2026\/03\/Formulario-carta-de-recomendacion-admision-PREH-2026-1.pdf\" target=\"_blank\" rel=\"noopener\"><em>Instrucciones para solicitar y entregar la carta de recomendaci\u00f3n<\/em><\/a><\/span><\/li><li><span style=\"color: #000000\">Fecha l\u00edmite: <strong>1 de mayo de 2026<\/strong><\/span><\/li><li><span style=\"color: #000000\"><span style=\"text-decoration: underline\">El docente es quien tiene que enviar la carta<\/span>.<\/span><\/li><\/ul><\/li><li><span style=\"color: #000000\"><strong>Participar de una entrevista con el Comit\u00e9 de Selecci\u00f3n, de ser necesario.<\/strong><\/span><ul><li><span style=\"color: #000000\">Si el Comit\u00e9 de Selecci\u00f3n lo estima necesario, se le invitar\u00e1 a participar de una entrevista. Por lo general, las entrevistas se llevan a cabo durante el verano.<\/span><\/li><\/ul><\/li><\/ul>\t\t\t\t\t\t\t\t<\/div>\n\t\t\t\t<\/div>\n\t\t\t\t<\/div>\n\t\t\t\t<\/div>\n\t\t","protected":false},"excerpt":{"rendered":"<p>FECHA L\u00cdMITE PARA SOLICITAR \u00a0 1 de mayo de 2026 Puede solicitar al Programa de Estudios de Honor (PREH), cualquier estudiante de bachillerato con un promedio general acumulativo (GPA) de 3.50 o m\u00e1s en cualquier a\u00f1o de sus estudios, siempre &hellip; <\/p>\n","protected":false},"author":9,"featured_media":0,"parent":0,"menu_order":0,"comment_status":"closed","ping_status":"closed","template":"","meta":{"_monsterinsights_skip_tracking":false,"_monsterinsights_sitenote_active":false,"_monsterinsights_sitenote_note":"","_monsterinsights_sitenote_category":0,"footnotes":""},"class_list":["post-336","page","type-page","status-publish","hentry"],"yoast_head":"<!-- This site is optimized with the Yoast SEO plugin v27.2 - https:\/\/yoast.com\/product\/yoast-seo-wordpress\/ -->\n<title>\u00bfQui\u00e9n puede solicitar? - Programa de Estudios de Honor<\/title>\n<meta name=\"robots\" content=\"index, follow, max-snippet:-1, max-image-preview:large, max-video-preview:-1\" \/>\n<link rel=\"canonical\" href=\"https:\/\/academicos.uprrp.edu\/preh\/requisitos\/\" \/>\n<meta property=\"og:locale\" content=\"es_ES\" \/>\n<meta property=\"og:type\" content=\"article\" \/>\n<meta property=\"og:title\" content=\"\u00bfQui\u00e9n puede solicitar? - Programa de Estudios de Honor\" \/>\n<meta property=\"og:description\" content=\"FECHA L\u00cdMITE PARA SOLICITAR \u00a0 1 de mayo de 2026 Puede solicitar al Programa de Estudios de Honor (PREH), cualquier estudiante de bachillerato con un promedio general acumulativo (GPA) de 3.50 o m\u00e1s en cualquier a\u00f1o de sus estudios, siempre &hellip;\" \/>\n<meta property=\"og:url\" content=\"https:\/\/academicos.uprrp.edu\/preh\/requisitos\/\" \/>\n<meta property=\"og:site_name\" content=\"Programa de Estudios de Honor\" \/>\n<meta property=\"article:modified_time\" content=\"2026-03-20T20:16:32+00:00\" \/>\n<meta name=\"twitter:card\" content=\"summary_large_image\" \/>\n<meta name=\"twitter:label1\" content=\"Est. reading time\" \/>\n\t<meta name=\"twitter:data1\" content=\"2 minutos\" \/>\n<script type=\"application\/ld+json\" class=\"yoast-schema-graph\">{\"@context\":\"https:\/\/schema.org\",\"@graph\":[{\"@type\":\"WebPage\",\"@id\":\"https:\/\/academicos.uprrp.edu\/preh\/requisitos\/\",\"url\":\"https:\/\/academicos.uprrp.edu\/preh\/requisitos\/\",\"name\":\"\u00bfQui\u00e9n puede solicitar? - Programa de Estudios de Honor\",\"isPartOf\":{\"@id\":\"https:\/\/academicos.uprrp.edu\/preh\/#website\"},\"datePublished\":\"2019-01-15T14:25:15+00:00\",\"dateModified\":\"2026-03-20T20:16:32+00:00\",\"breadcrumb\":{\"@id\":\"https:\/\/academicos.uprrp.edu\/preh\/requisitos\/#breadcrumb\"},\"inLanguage\":\"es\",\"potentialAction\":[{\"@type\":\"ReadAction\",\"target\":[\"https:\/\/academicos.uprrp.edu\/preh\/requisitos\/\"]}]},{\"@type\":\"BreadcrumbList\",\"@id\":\"https:\/\/academicos.uprrp.edu\/preh\/requisitos\/#breadcrumb\",\"itemListElement\":[{\"@type\":\"ListItem\",\"position\":1,\"name\":\"Home\",\"item\":\"https:\/\/academicos.uprrp.edu\/preh\/\"},{\"@type\":\"ListItem\",\"position\":2,\"name\":\"\u00bfQui\u00e9n puede solicitar?\"}]},{\"@type\":\"WebSite\",\"@id\":\"https:\/\/academicos.uprrp.edu\/preh\/#website\",\"url\":\"https:\/\/academicos.uprrp.edu\/preh\/\",\"name\":\"Programa de Estudios de Honor\",\"description\":\"\",\"potentialAction\":[{\"@type\":\"SearchAction\",\"target\":{\"@type\":\"EntryPoint\",\"urlTemplate\":\"https:\/\/academicos.uprrp.edu\/preh\/?s={search_term_string}\"},\"query-input\":{\"@type\":\"PropertyValueSpecification\",\"valueRequired\":true,\"valueName\":\"search_term_string\"}}],\"inLanguage\":\"es\"}]}<\/script>\n<!-- \/ Yoast SEO plugin. -->","yoast_head_json":{"title":"\u00bfQui\u00e9n puede solicitar? - Programa de Estudios de Honor","robots":{"index":"index","follow":"follow","max-snippet":"max-snippet:-1","max-image-preview":"max-image-preview:large","max-video-preview":"max-video-preview:-1"},"canonical":"https:\/\/academicos.uprrp.edu\/preh\/requisitos\/","og_locale":"es_ES","og_type":"article","og_title":"\u00bfQui\u00e9n puede solicitar? - Programa de Estudios de Honor","og_description":"FECHA L\u00cdMITE PARA SOLICITAR \u00a0 1 de mayo de 2026 Puede solicitar al Programa de Estudios de Honor (PREH), cualquier estudiante de bachillerato con un promedio general acumulativo (GPA) de 3.50 o m\u00e1s en cualquier a\u00f1o de sus estudios, siempre &hellip;","og_url":"https:\/\/academicos.uprrp.edu\/preh\/requisitos\/","og_site_name":"Programa de Estudios de Honor","article_modified_time":"2026-03-20T20:16:32+00:00","twitter_card":"summary_large_image","twitter_misc":{"Est. reading time":"2 minutos"},"schema":{"@context":"https:\/\/schema.org","@graph":[{"@type":"WebPage","@id":"https:\/\/academicos.uprrp.edu\/preh\/requisitos\/","url":"https:\/\/academicos.uprrp.edu\/preh\/requisitos\/","name":"\u00bfQui\u00e9n puede solicitar? - Programa de Estudios de Honor","isPartOf":{"@id":"https:\/\/academicos.uprrp.edu\/preh\/#website"},"datePublished":"2019-01-15T14:25:15+00:00","dateModified":"2026-03-20T20:16:32+00:00","breadcrumb":{"@id":"https:\/\/academicos.uprrp.edu\/preh\/requisitos\/#breadcrumb"},"inLanguage":"es","potentialAction":[{"@type":"ReadAction","target":["https:\/\/academicos.uprrp.edu\/preh\/requisitos\/"]}]},{"@type":"BreadcrumbList","@id":"https:\/\/academicos.uprrp.edu\/preh\/requisitos\/#breadcrumb","itemListElement":[{"@type":"ListItem","position":1,"name":"Home","item":"https:\/\/academicos.uprrp.edu\/preh\/"},{"@type":"ListItem","position":2,"name":"\u00bfQui\u00e9n puede solicitar?"}]},{"@type":"WebSite","@id":"https:\/\/academicos.uprrp.edu\/preh\/#website","url":"https:\/\/academicos.uprrp.edu\/preh\/","name":"Programa de Estudios de Honor","description":"","potentialAction":[{"@type":"SearchAction","target":{"@type":"EntryPoint","urlTemplate":"https:\/\/academicos.uprrp.edu\/preh\/?s={search_term_string}"},"query-input":{"@type":"PropertyValueSpecification","valueRequired":true,"valueName":"search_term_string"}}],"inLanguage":"es"}]}},"_links":{"self":[{"href":"https:\/\/academicos.uprrp.edu\/preh\/wp-json\/wp\/v2\/pages\/336","targetHints":{"allow":["GET"]}}],"collection":[{"href":"https:\/\/academicos.uprrp.edu\/preh\/wp-json\/wp\/v2\/pages"}],"about":[{"href":"https:\/\/academicos.uprrp.edu\/preh\/wp-json\/wp\/v2\/types\/page"}],"author":[{"embeddable":true,"href":"https:\/\/academicos.uprrp.edu\/preh\/wp-json\/wp\/v2\/users\/9"}],"replies":[{"embeddable":true,"href":"https:\/\/academicos.uprrp.edu\/preh\/wp-json\/wp\/v2\/comments?post=336"}],"version-history":[{"count":134,"href":"https:\/\/academicos.uprrp.edu\/preh\/wp-json\/wp\/v2\/pages\/336\/revisions"}],"predecessor-version":[{"id":13488,"href":"https:\/\/academicos.uprrp.edu\/preh\/wp-json\/wp\/v2\/pages\/336\/revisions\/13488"}],"wp:attachment":[{"href":"https:\/\/academicos.uprrp.edu\/preh\/wp-json\/wp\/v2\/media?parent=336"}],"curies":[{"name":"wp","href":"https:\/\/api.w.org\/{rel}","templated":true}]}}