{"id":330,"date":"2019-01-15T10:07:05","date_gmt":"2019-01-15T14:07:05","guid":{"rendered":"http:\/\/preh.uprrp.edu\/?page_id=330"},"modified":"2025-04-28T15:34:37","modified_gmt":"2025-04-28T19:34:37","slug":"certificaciones","status":"publish","type":"page","link":"https:\/\/academicos.uprrp.edu\/preh\/certificaciones\/","title":{"rendered":"Documentos Oficiales y Pol\u00edticas"},"content":{"rendered":"\r\n<p><a href=\"https:\/\/academicos.uprrp.edu\/preh\/wp-content\/uploads\/sites\/6\/2025\/04\/Manual-de-Procedimiento-Mayo-2021.pdf\" target=\"_blank\" rel=\"noopener\">Manual de procedimiento 2021<\/a><\/p>\r\n\r\n\r\n\r\n<p><a href=\"https:\/\/academicos.uprrp.edu\/preh\/wp-content\/uploads\/sites\/6\/2024\/05\/Reglamento-del-Programa-de-Estudios-de-Honor-Cert.-Num.-119.pdf\" target=\"_blank\" rel=\"noopener\">Reglamento del Programa de Estudios de Honor, Certificaci\u00f3n N\u00fam. 119 [2000-2001] del Senado Acad\u00e9mico<\/a><\/p>\r\n\r\n\r\n\r\n<p><a href=\"https:\/\/academicos.uprrp.edu\/preh\/wp-content\/uploads\/sites\/6\/2024\/05\/Certificacio\u0301n-Nu\u0301m.-122-An\u0303o-1993-94-1.pdf\" target=\"_blank\" rel=\"noopener\">Certificaci\u00f3n N\u00fam. 122 A\u00f1o 1993-94: Informe Trienal 1987-1990<\/a><\/p>\r\n\r\n\r\n\r\n<p><a href=\"https:\/\/academicos.uprrp.edu\/preh\/wp-content\/uploads\/sites\/6\/2024\/05\/Certificacion-Num-77-2007-2008.pdf\" target=\"_blank\" rel=\"noopener\">Certificaci\u00f3n N\u00fam. 77 A\u00f1o 2007-2008: Informe Quinquenal del Programa de Estudios de Honor<\/a><\/p>\r\n\r\n\r\n\r\n<p><a href=\"https:\/\/academicos.uprrp.edu\/preh\/wp-content\/uploads\/sites\/6\/2024\/05\/Certifiacion-Num-139-PREH-2013-14.pdf\" target=\"_blank\" rel=\"noopener\">Certificaci\u00f3n N\u00fam. 139 A\u00f1o 2013-2014: Informe Quinquenal del Programa de Estudios de Honor<\/a><\/p>\r\n<p><a href=\"https:\/\/senado.uprrp.edu\/wp-content\/uploads\/2023\/01\/CSA-64-2022-2023.pdf\">Certificaci\u00f3n N\u00fam. 64, (2022-2023) del SA. <em>Pol\u00edtica de Integridad Acad\u00e9mica de la Universidad de Puerto Rico, Recinto de R\u00edo Piedras<\/em><\/a><\/p>\r\n","protected":false},"excerpt":{"rendered":"<p>Manual de procedimiento 2021 Reglamento del Programa de Estudios de Honor, Certificaci\u00f3n N\u00fam. 119 [2000-2001] del Senado Acad\u00e9mico Certificaci\u00f3n N\u00fam. 122 A\u00f1o 1993-94: Informe Trienal 1987-1990 Certificaci\u00f3n N\u00fam. 77 A\u00f1o 2007-2008: Informe Quinquenal del Programa de Estudios de Honor Certificaci\u00f3n &hellip; <\/p>\n","protected":false},"author":9,"featured_media":0,"parent":0,"menu_order":0,"comment_status":"closed","ping_status":"closed","template":"","meta":{"_monsterinsights_skip_tracking":false,"_monsterinsights_sitenote_active":false,"_monsterinsights_sitenote_note":"","_monsterinsights_sitenote_category":0,"footnotes":""},"class_list":["post-330","page","type-page","status-publish","hentry"],"yoast_head":"<!-- This site is optimized with the Yoast SEO plugin v27.2 - https:\/\/yoast.com\/product\/yoast-seo-wordpress\/ -->\n<title>Documentos Oficiales y Pol\u00edticas - Programa de Estudios de Honor<\/title>\n<meta name=\"robots\" content=\"index, follow, max-snippet:-1, max-image-preview:large, max-video-preview:-1\" \/>\n<link rel=\"canonical\" href=\"https:\/\/academicos.uprrp.edu\/preh\/certificaciones\/\" \/>\n<meta property=\"og:locale\" content=\"es_ES\" \/>\n<meta property=\"og:type\" content=\"article\" \/>\n<meta property=\"og:title\" content=\"Documentos Oficiales y Pol\u00edticas - Programa de Estudios de Honor\" \/>\n<meta property=\"og:description\" content=\"Manual de procedimiento 2021 Reglamento del Programa de Estudios de Honor, Certificaci\u00f3n N\u00fam. 119 [2000-2001] del Senado Acad\u00e9mico Certificaci\u00f3n N\u00fam. 122 A\u00f1o 1993-94: Informe Trienal 1987-1990 Certificaci\u00f3n N\u00fam. 77 A\u00f1o 2007-2008: Informe Quinquenal del Programa de Estudios de Honor Certificaci\u00f3n &hellip;\" \/>\n<meta property=\"og:url\" content=\"https:\/\/academicos.uprrp.edu\/preh\/certificaciones\/\" \/>\n<meta property=\"og:site_name\" content=\"Programa de Estudios de Honor\" \/>\n<meta property=\"article:modified_time\" content=\"2025-04-28T19:34:37+00:00\" \/>\n<meta name=\"twitter:card\" content=\"summary_large_image\" \/>\n<meta name=\"twitter:label1\" content=\"Est. reading time\" \/>\n\t<meta name=\"twitter:data1\" content=\"1 minuto\" \/>\n<script type=\"application\/ld+json\" class=\"yoast-schema-graph\">{\"@context\":\"https:\/\/schema.org\",\"@graph\":[{\"@type\":\"WebPage\",\"@id\":\"https:\/\/academicos.uprrp.edu\/preh\/certificaciones\/\",\"url\":\"https:\/\/academicos.uprrp.edu\/preh\/certificaciones\/\",\"name\":\"Documentos Oficiales y Pol\u00edticas - Programa de Estudios de Honor\",\"isPartOf\":{\"@id\":\"https:\/\/academicos.uprrp.edu\/preh\/#website\"},\"datePublished\":\"2019-01-15T14:07:05+00:00\",\"dateModified\":\"2025-04-28T19:34:37+00:00\",\"breadcrumb\":{\"@id\":\"https:\/\/academicos.uprrp.edu\/preh\/certificaciones\/#breadcrumb\"},\"inLanguage\":\"es\",\"potentialAction\":[{\"@type\":\"ReadAction\",\"target\":[\"https:\/\/academicos.uprrp.edu\/preh\/certificaciones\/\"]}]},{\"@type\":\"BreadcrumbList\",\"@id\":\"https:\/\/academicos.uprrp.edu\/preh\/certificaciones\/#breadcrumb\",\"itemListElement\":[{\"@type\":\"ListItem\",\"position\":1,\"name\":\"Home\",\"item\":\"https:\/\/academicos.uprrp.edu\/preh\/\"},{\"@type\":\"ListItem\",\"position\":2,\"name\":\"Documentos Oficiales y Pol\u00edticas\"}]},{\"@type\":\"WebSite\",\"@id\":\"https:\/\/academicos.uprrp.edu\/preh\/#website\",\"url\":\"https:\/\/academicos.uprrp.edu\/preh\/\",\"name\":\"Programa de Estudios de Honor\",\"description\":\"\",\"potentialAction\":[{\"@type\":\"SearchAction\",\"target\":{\"@type\":\"EntryPoint\",\"urlTemplate\":\"https:\/\/academicos.uprrp.edu\/preh\/?s={search_term_string}\"},\"query-input\":{\"@type\":\"PropertyValueSpecification\",\"valueRequired\":true,\"valueName\":\"search_term_string\"}}],\"inLanguage\":\"es\"}]}<\/script>\n<!-- \/ Yoast SEO plugin. -->","yoast_head_json":{"title":"Documentos Oficiales y Pol\u00edticas - Programa de Estudios de Honor","robots":{"index":"index","follow":"follow","max-snippet":"max-snippet:-1","max-image-preview":"max-image-preview:large","max-video-preview":"max-video-preview:-1"},"canonical":"https:\/\/academicos.uprrp.edu\/preh\/certificaciones\/","og_locale":"es_ES","og_type":"article","og_title":"Documentos Oficiales y Pol\u00edticas - Programa de Estudios de Honor","og_description":"Manual de procedimiento 2021 Reglamento del Programa de Estudios de Honor, Certificaci\u00f3n N\u00fam. 119 [2000-2001] del Senado Acad\u00e9mico Certificaci\u00f3n N\u00fam. 122 A\u00f1o 1993-94: Informe Trienal 1987-1990 Certificaci\u00f3n N\u00fam. 77 A\u00f1o 2007-2008: Informe Quinquenal del Programa de Estudios de Honor Certificaci\u00f3n &hellip;","og_url":"https:\/\/academicos.uprrp.edu\/preh\/certificaciones\/","og_site_name":"Programa de Estudios de Honor","article_modified_time":"2025-04-28T19:34:37+00:00","twitter_card":"summary_large_image","twitter_misc":{"Est. reading time":"1 minuto"},"schema":{"@context":"https:\/\/schema.org","@graph":[{"@type":"WebPage","@id":"https:\/\/academicos.uprrp.edu\/preh\/certificaciones\/","url":"https:\/\/academicos.uprrp.edu\/preh\/certificaciones\/","name":"Documentos Oficiales y Pol\u00edticas - Programa de Estudios de Honor","isPartOf":{"@id":"https:\/\/academicos.uprrp.edu\/preh\/#website"},"datePublished":"2019-01-15T14:07:05+00:00","dateModified":"2025-04-28T19:34:37+00:00","breadcrumb":{"@id":"https:\/\/academicos.uprrp.edu\/preh\/certificaciones\/#breadcrumb"},"inLanguage":"es","potentialAction":[{"@type":"ReadAction","target":["https:\/\/academicos.uprrp.edu\/preh\/certificaciones\/"]}]},{"@type":"BreadcrumbList","@id":"https:\/\/academicos.uprrp.edu\/preh\/certificaciones\/#breadcrumb","itemListElement":[{"@type":"ListItem","position":1,"name":"Home","item":"https:\/\/academicos.uprrp.edu\/preh\/"},{"@type":"ListItem","position":2,"name":"Documentos Oficiales y Pol\u00edticas"}]},{"@type":"WebSite","@id":"https:\/\/academicos.uprrp.edu\/preh\/#website","url":"https:\/\/academicos.uprrp.edu\/preh\/","name":"Programa de Estudios de Honor","description":"","potentialAction":[{"@type":"SearchAction","target":{"@type":"EntryPoint","urlTemplate":"https:\/\/academicos.uprrp.edu\/preh\/?s={search_term_string}"},"query-input":{"@type":"PropertyValueSpecification","valueRequired":true,"valueName":"search_term_string"}}],"inLanguage":"es"}]}},"_links":{"self":[{"href":"https:\/\/academicos.uprrp.edu\/preh\/wp-json\/wp\/v2\/pages\/330","targetHints":{"allow":["GET"]}}],"collection":[{"href":"https:\/\/academicos.uprrp.edu\/preh\/wp-json\/wp\/v2\/pages"}],"about":[{"href":"https:\/\/academicos.uprrp.edu\/preh\/wp-json\/wp\/v2\/types\/page"}],"author":[{"embeddable":true,"href":"https:\/\/academicos.uprrp.edu\/preh\/wp-json\/wp\/v2\/users\/9"}],"replies":[{"embeddable":true,"href":"https:\/\/academicos.uprrp.edu\/preh\/wp-json\/wp\/v2\/comments?post=330"}],"version-history":[{"count":3,"href":"https:\/\/academicos.uprrp.edu\/preh\/wp-json\/wp\/v2\/pages\/330\/revisions"}],"predecessor-version":[{"id":12623,"href":"https:\/\/academicos.uprrp.edu\/preh\/wp-json\/wp\/v2\/pages\/330\/revisions\/12623"}],"wp:attachment":[{"href":"https:\/\/academicos.uprrp.edu\/preh\/wp-json\/wp\/v2\/media?parent=330"}],"curies":[{"name":"wp","href":"https:\/\/api.w.org\/{rel}","templated":true}]}}