{"id":33,"date":"2018-03-26T17:59:48","date_gmt":"2018-03-26T17:59:48","guid":{"rendered":"http:\/\/preh.uprrp.edu\/?page_id=33"},"modified":"2024-06-03T09:07:31","modified_gmt":"2024-06-03T13:07:31","slug":"beneficios-del-preh","status":"publish","type":"page","link":"https:\/\/academicos.uprrp.edu\/preh\/beneficios-del-preh\/","title":{"rendered":"Beneficios de pertenecer al PREH"},"content":{"rendered":"\r\n\r\n\r\n<ul class=\"wp-block-list\">\r\n<li><a href=\"https:\/\/academicos.uprrp.edu\/preh\/academicos\/\" target=\"_blank\" rel=\"noreferrer noopener\">Curr\u00edculo acad\u00e9mico de 17 cr\u00e9ditos<\/a>\r\n<ul class=\"wp-block-list\">\r\n<li>Culmina con el desarrollo y defensa\u00a0una investigaci\u00f3n (tesina) o proyecto de creaci\u00f3n bajo la mentor\u00eda exclusiva de un docente de su preferencia<\/li>\r\n\r\n\r\n\r\n<li>Al completar los requisitos acad\u00e9micos, se anotar\u00e1 en su transcripci\u00f3n de cr\u00e9ditos una distinci\u00f3n acad\u00e9mica para indicar que cumpli\u00f3 con los requisitos de graduaci\u00f3n del Programa y, adem\u00e1s, se anotar\u00e1 el t\u00edtulo de su tesina de investigaci\u00f3n \/ proyecto de creaci\u00f3n y la calificaci\u00f3n que obtuvo en su defensa.<\/li>\r\n<\/ul>\r\n<\/li>\r\n\r\n\r\n\r\n<li>Laboratorio con computadoras exclusivo para estudiantes del PREH<\/li>\r\n\r\n\r\n\r\n<li>Lounge con mesa, sof\u00e1s, \u00a0nevera y microondas para el intercambio de ideas, compartir y socializar con otros estudiantes del Programa<\/li>\r\n\r\n\r\n\r\n<li>Consejer\u00eda individualizada por un director de estudios (docente) designado por el PREH para los estudiantes adscritos a su facultad \/ escuela<\/li>\r\n\r\n\r\n\r\n<li>Talleres y orientaciones acerca del proceso de solicitud a la escuela graduada, becas e internados y otros temas de inter\u00e9s para los estudiantes del Programa<\/li>\r\n\r\n\r\n\r\n<li>Oportunidad para desarrollar su liderazgo mediante la participaci\u00f3n en los proyectos y actividades de la Asociaci\u00f3n de Estudiantes del Programa de Estudios de Honor<\/li>\r\n\r\n\r\n\r\n<li>Mentor\u00eda en la redacci\u00f3n de ensayos en ingl\u00e9s para la solicitud a escuelas graduadas, internados y becas<\/li>\r\n\r\n\r\n\r\n<li>Clases con un m\u00e1ximo de 15 estudiantes para permitir una mayor interacci\u00f3n entre estudiantes y profesores<\/li>\r\n\r\n\r\n\r\n<li>Adelanto de turno en la matr\u00edcula<\/li>\r\n<\/ul>\r\n\r\n\r\n\r\n<p>&nbsp;<\/p>\r\n","protected":false},"excerpt":{"rendered":"<p>&nbsp;<\/p>\n","protected":false},"author":9,"featured_media":0,"parent":0,"menu_order":2,"comment_status":"closed","ping_status":"closed","template":"","meta":{"_monsterinsights_skip_tracking":false,"_monsterinsights_sitenote_active":false,"_monsterinsights_sitenote_note":"","_monsterinsights_sitenote_category":0,"footnotes":""},"class_list":["post-33","page","type-page","status-publish","hentry"],"yoast_head":"<!-- This site is optimized with the Yoast SEO plugin v27.2 - https:\/\/yoast.com\/product\/yoast-seo-wordpress\/ -->\n<title>Beneficios de pertenecer al PREH - Programa de Estudios de Honor<\/title>\n<meta name=\"robots\" content=\"index, follow, max-snippet:-1, max-image-preview:large, max-video-preview:-1\" \/>\n<link rel=\"canonical\" href=\"https:\/\/academicos.uprrp.edu\/preh\/beneficios-del-preh\/\" \/>\n<meta property=\"og:locale\" content=\"es_ES\" \/>\n<meta property=\"og:type\" content=\"article\" \/>\n<meta property=\"og:title\" content=\"Beneficios de pertenecer al PREH - Programa de Estudios de Honor\" \/>\n<meta property=\"og:description\" content=\"&nbsp;\" \/>\n<meta property=\"og:url\" content=\"https:\/\/academicos.uprrp.edu\/preh\/beneficios-del-preh\/\" \/>\n<meta property=\"og:site_name\" content=\"Programa de Estudios de Honor\" \/>\n<meta property=\"article:modified_time\" content=\"2024-06-03T13:07:31+00:00\" \/>\n<meta name=\"twitter:card\" content=\"summary_large_image\" \/>\n<meta name=\"twitter:label1\" content=\"Est. reading time\" \/>\n\t<meta name=\"twitter:data1\" content=\"1 minuto\" \/>\n<script type=\"application\/ld+json\" class=\"yoast-schema-graph\">{\"@context\":\"https:\/\/schema.org\",\"@graph\":[{\"@type\":\"WebPage\",\"@id\":\"https:\/\/academicos.uprrp.edu\/preh\/beneficios-del-preh\/\",\"url\":\"https:\/\/academicos.uprrp.edu\/preh\/beneficios-del-preh\/\",\"name\":\"Beneficios de pertenecer al PREH - Programa de Estudios de Honor\",\"isPartOf\":{\"@id\":\"https:\/\/academicos.uprrp.edu\/preh\/#website\"},\"datePublished\":\"2018-03-26T17:59:48+00:00\",\"dateModified\":\"2024-06-03T13:07:31+00:00\",\"breadcrumb\":{\"@id\":\"https:\/\/academicos.uprrp.edu\/preh\/beneficios-del-preh\/#breadcrumb\"},\"inLanguage\":\"es\",\"potentialAction\":[{\"@type\":\"ReadAction\",\"target\":[\"https:\/\/academicos.uprrp.edu\/preh\/beneficios-del-preh\/\"]}]},{\"@type\":\"BreadcrumbList\",\"@id\":\"https:\/\/academicos.uprrp.edu\/preh\/beneficios-del-preh\/#breadcrumb\",\"itemListElement\":[{\"@type\":\"ListItem\",\"position\":1,\"name\":\"Home\",\"item\":\"https:\/\/academicos.uprrp.edu\/preh\/\"},{\"@type\":\"ListItem\",\"position\":2,\"name\":\"Beneficios de pertenecer al PREH\"}]},{\"@type\":\"WebSite\",\"@id\":\"https:\/\/academicos.uprrp.edu\/preh\/#website\",\"url\":\"https:\/\/academicos.uprrp.edu\/preh\/\",\"name\":\"Programa de Estudios de Honor\",\"description\":\"\",\"potentialAction\":[{\"@type\":\"SearchAction\",\"target\":{\"@type\":\"EntryPoint\",\"urlTemplate\":\"https:\/\/academicos.uprrp.edu\/preh\/?s={search_term_string}\"},\"query-input\":{\"@type\":\"PropertyValueSpecification\",\"valueRequired\":true,\"valueName\":\"search_term_string\"}}],\"inLanguage\":\"es\"}]}<\/script>\n<!-- \/ Yoast SEO plugin. -->","yoast_head_json":{"title":"Beneficios de pertenecer al PREH - Programa de Estudios de Honor","robots":{"index":"index","follow":"follow","max-snippet":"max-snippet:-1","max-image-preview":"max-image-preview:large","max-video-preview":"max-video-preview:-1"},"canonical":"https:\/\/academicos.uprrp.edu\/preh\/beneficios-del-preh\/","og_locale":"es_ES","og_type":"article","og_title":"Beneficios de pertenecer al PREH - Programa de Estudios de Honor","og_description":"&nbsp;","og_url":"https:\/\/academicos.uprrp.edu\/preh\/beneficios-del-preh\/","og_site_name":"Programa de Estudios de Honor","article_modified_time":"2024-06-03T13:07:31+00:00","twitter_card":"summary_large_image","twitter_misc":{"Est. reading time":"1 minuto"},"schema":{"@context":"https:\/\/schema.org","@graph":[{"@type":"WebPage","@id":"https:\/\/academicos.uprrp.edu\/preh\/beneficios-del-preh\/","url":"https:\/\/academicos.uprrp.edu\/preh\/beneficios-del-preh\/","name":"Beneficios de pertenecer al PREH - Programa de Estudios de Honor","isPartOf":{"@id":"https:\/\/academicos.uprrp.edu\/preh\/#website"},"datePublished":"2018-03-26T17:59:48+00:00","dateModified":"2024-06-03T13:07:31+00:00","breadcrumb":{"@id":"https:\/\/academicos.uprrp.edu\/preh\/beneficios-del-preh\/#breadcrumb"},"inLanguage":"es","potentialAction":[{"@type":"ReadAction","target":["https:\/\/academicos.uprrp.edu\/preh\/beneficios-del-preh\/"]}]},{"@type":"BreadcrumbList","@id":"https:\/\/academicos.uprrp.edu\/preh\/beneficios-del-preh\/#breadcrumb","itemListElement":[{"@type":"ListItem","position":1,"name":"Home","item":"https:\/\/academicos.uprrp.edu\/preh\/"},{"@type":"ListItem","position":2,"name":"Beneficios de pertenecer al PREH"}]},{"@type":"WebSite","@id":"https:\/\/academicos.uprrp.edu\/preh\/#website","url":"https:\/\/academicos.uprrp.edu\/preh\/","name":"Programa de Estudios de Honor","description":"","potentialAction":[{"@type":"SearchAction","target":{"@type":"EntryPoint","urlTemplate":"https:\/\/academicos.uprrp.edu\/preh\/?s={search_term_string}"},"query-input":{"@type":"PropertyValueSpecification","valueRequired":true,"valueName":"search_term_string"}}],"inLanguage":"es"}]}},"_links":{"self":[{"href":"https:\/\/academicos.uprrp.edu\/preh\/wp-json\/wp\/v2\/pages\/33","targetHints":{"allow":["GET"]}}],"collection":[{"href":"https:\/\/academicos.uprrp.edu\/preh\/wp-json\/wp\/v2\/pages"}],"about":[{"href":"https:\/\/academicos.uprrp.edu\/preh\/wp-json\/wp\/v2\/types\/page"}],"author":[{"embeddable":true,"href":"https:\/\/academicos.uprrp.edu\/preh\/wp-json\/wp\/v2\/users\/9"}],"replies":[{"embeddable":true,"href":"https:\/\/academicos.uprrp.edu\/preh\/wp-json\/wp\/v2\/comments?post=33"}],"version-history":[{"count":3,"href":"https:\/\/academicos.uprrp.edu\/preh\/wp-json\/wp\/v2\/pages\/33\/revisions"}],"predecessor-version":[{"id":11796,"href":"https:\/\/academicos.uprrp.edu\/preh\/wp-json\/wp\/v2\/pages\/33\/revisions\/11796"}],"wp:attachment":[{"href":"https:\/\/academicos.uprrp.edu\/preh\/wp-json\/wp\/v2\/media?parent=33"}],"curies":[{"name":"wp","href":"https:\/\/api.w.org\/{rel}","templated":true}]}}