{"id":3281,"date":"2020-02-19T18:17:08","date_gmt":"2020-02-19T22:17:08","guid":{"rendered":"http:\/\/preh.uprrp.edu\/?page_id=3281"},"modified":"2020-02-19T18:17:08","modified_gmt":"2020-02-19T22:17:08","slug":"estudios-individualizados-2","status":"publish","type":"page","link":"https:\/\/academicos.uprrp.edu\/preh\/nuestros-estudiantes\/estudios-individualizados\/estudios-individualizados-2\/","title":{"rendered":"Propuestas de tesina o proyecto de creaci\u00f3n &#8211; Aprobadas 2021 &#8211; 2022"},"content":{"rendered":"\n<table id=\"tablepress-28\" class=\"tablepress tablepress-id-28\">\n<thead>\n<tr class=\"row-1\">\n\t<th class=\"column-1\">DOCENTE<\/th><th class=\"column-2\">MENTOR(A)<\/th><th class=\"column-3\">LECTOR(A)<\/th>\n<\/tr>\n<\/thead>\n<tbody class=\"row-striping row-hover\">\n<tr class=\"row-2\">\n\t<td class=\"column-1\">Iv\u00e1n de la Cruz Cuebas<br \/>\nPrograma de REPU<br \/>\nCorreo electr\u00f3nico: ivan.delacruz1@upr.edu<br \/>\n\u00c1reas de investigaci\u00f3n: Comunicaci\u00f3n y salud (relaciones p\u00fablicas para la salud; internet y salud; medios sociales y salud; aplicaciones y salud)<\/td><td class=\"column-2\">\u2713<\/td><td class=\"column-3\">\u2713<\/td>\n<\/tr>\n<tr class=\"row-3\">\n\t<td class=\"column-1\">Carlos Su\u00e1rez Balseiro<br \/>\nCorreo electr\u00f3nico: carlos.suarez5@upr.edu<br \/>\n\u00c1reas de investigaci\u00f3n: Modelos y procesos de la Comunicaci\u00f3n Cient\u00edfica (Scholarly Communication. ALISE Classification: Information Systems and Retrieval); Bibliometr\u00eda (Bibliometrics\/Informetric. ALISE Classification : Information Systems and Retrieval); Estudio de necesidades de informaci\u00f3n y comportamiento informativo (Human Information Behavior. ALISE Classification: Services to User Populations); Aproximaci\u00f3n hist\u00f3rica a los estudios de la informaci\u00f3n (History of Libraries and Library Science, History of Information Science, Libraries and Society\/Culture, Information and Society\/Culture. ALISE Classification: Development\/Principles of LIS).<\/td><td class=\"column-2\">\u2713<\/td><td class=\"column-3\">\u2713<\/td>\n<\/tr>\n<tr class=\"row-4\">\n\t<td class=\"column-1\">Federico Subervi V\u00e9lez, PhD <br \/>\nComunicaci\u00f3n<br \/>\nCorreo electr\u00f3nico: subervif@gmail.com<br \/>\nL\u00edneas de investigaci\u00f3n: <br \/>\n\u2022 la UPR y sus estudiantes en los medios de comunicaci\u00f3n de Puerto Rico<br \/>\n\u2022 econom\u00eda pol\u00edtica de los medios de comunicaci\u00f3n de Puerto Rico <br \/>\n\u2022 historia de los medios de comunicaci\u00f3n de Puerto Rico \u2022 an\u00e1lisis cuantitativo y cualitativo de noticias y columnas de opini\u00f3n <br \/>\n\u2022 sistemas de comunicaci\u00f3n de Am\u00e9rica Latina <br \/>\n\u2022 pol\u00edticas (policies) y pr\u00e1cticas de comunicaci\u00f3n en situaciones de emergencia<\/td><td class=\"column-2\">\u2713<\/td><td class=\"column-3\"><\/td>\n<\/tr>\n<\/tbody>\n<\/table>\n<!-- #tablepress-28 from cache -->\n","protected":false},"excerpt":{"rendered":"","protected":false},"author":9,"featured_media":0,"parent":1593,"menu_order":0,"comment_status":"closed","ping_status":"closed","template":"page-blocks.php","meta":{"_monsterinsights_skip_tracking":false,"_monsterinsights_sitenote_active":false,"_monsterinsights_sitenote_note":"","_monsterinsights_sitenote_category":0,"footnotes":""},"class_list":["post-3281","page","type-page","status-publish","hentry"],"yoast_head":"<!-- This site is optimized with the Yoast SEO plugin v27.2 - https:\/\/yoast.com\/product\/yoast-seo-wordpress\/ -->\n<title>Propuestas de tesina o proyecto de creaci\u00f3n - Aprobadas 2021 - 2022 - Programa de Estudios de Honor<\/title>\n<meta name=\"robots\" content=\"index, follow, max-snippet:-1, max-image-preview:large, max-video-preview:-1\" \/>\n<link rel=\"canonical\" href=\"https:\/\/academicos.uprrp.edu\/preh\/nuestros-estudiantes\/estudios-individualizados\/estudios-individualizados-2\/\" \/>\n<meta property=\"og:locale\" content=\"es_ES\" \/>\n<meta property=\"og:type\" content=\"article\" \/>\n<meta property=\"og:title\" content=\"Propuestas de tesina o proyecto de creaci\u00f3n - Aprobadas 2021 - 2022 - Programa de Estudios de Honor\" \/>\n<meta property=\"og:url\" content=\"https:\/\/academicos.uprrp.edu\/preh\/nuestros-estudiantes\/estudios-individualizados\/estudios-individualizados-2\/\" \/>\n<meta property=\"og:site_name\" content=\"Programa de Estudios de Honor\" \/>\n<meta name=\"twitter:card\" content=\"summary_large_image\" \/>\n<script type=\"application\/ld+json\" class=\"yoast-schema-graph\">{\"@context\":\"https:\/\/schema.org\",\"@graph\":[{\"@type\":\"WebPage\",\"@id\":\"https:\/\/academicos.uprrp.edu\/preh\/nuestros-estudiantes\/estudios-individualizados\/estudios-individualizados-2\/\",\"url\":\"https:\/\/academicos.uprrp.edu\/preh\/nuestros-estudiantes\/estudios-individualizados\/estudios-individualizados-2\/\",\"name\":\"Propuestas de tesina o proyecto de creaci\u00f3n - Aprobadas 2021 - 2022 - Programa de Estudios de Honor\",\"isPartOf\":{\"@id\":\"https:\/\/academicos.uprrp.edu\/preh\/#website\"},\"datePublished\":\"2020-02-19T22:17:08+00:00\",\"breadcrumb\":{\"@id\":\"https:\/\/academicos.uprrp.edu\/preh\/nuestros-estudiantes\/estudios-individualizados\/estudios-individualizados-2\/#breadcrumb\"},\"inLanguage\":\"es\",\"potentialAction\":[{\"@type\":\"ReadAction\",\"target\":[\"https:\/\/academicos.uprrp.edu\/preh\/nuestros-estudiantes\/estudios-individualizados\/estudios-individualizados-2\/\"]}]},{\"@type\":\"BreadcrumbList\",\"@id\":\"https:\/\/academicos.uprrp.edu\/preh\/nuestros-estudiantes\/estudios-individualizados\/estudios-individualizados-2\/#breadcrumb\",\"itemListElement\":[{\"@type\":\"ListItem\",\"position\":1,\"name\":\"Home\",\"item\":\"https:\/\/academicos.uprrp.edu\/preh\/\"},{\"@type\":\"ListItem\",\"position\":2,\"name\":\"Nuestros Estudiantes\",\"item\":\"https:\/\/academicos.uprrp.edu\/preh\/nuestros-estudiantes\/\"},{\"@type\":\"ListItem\",\"position\":3,\"name\":\"Propuestas de tesina o proyecto de creaci\u00f3n\",\"item\":\"https:\/\/academicos.uprrp.edu\/preh\/nuestros-estudiantes\/estudios-individualizados\/\"},{\"@type\":\"ListItem\",\"position\":4,\"name\":\"Propuestas de tesina o proyecto de creaci\u00f3n &#8211; Aprobadas 2021 &#8211; 2022\"}]},{\"@type\":\"WebSite\",\"@id\":\"https:\/\/academicos.uprrp.edu\/preh\/#website\",\"url\":\"https:\/\/academicos.uprrp.edu\/preh\/\",\"name\":\"Programa de Estudios de Honor\",\"description\":\"\",\"potentialAction\":[{\"@type\":\"SearchAction\",\"target\":{\"@type\":\"EntryPoint\",\"urlTemplate\":\"https:\/\/academicos.uprrp.edu\/preh\/?s={search_term_string}\"},\"query-input\":{\"@type\":\"PropertyValueSpecification\",\"valueRequired\":true,\"valueName\":\"search_term_string\"}}],\"inLanguage\":\"es\"}]}<\/script>\n<!-- \/ Yoast SEO plugin. -->","yoast_head_json":{"title":"Propuestas de tesina o proyecto de creaci\u00f3n - Aprobadas 2021 - 2022 - Programa de Estudios de Honor","robots":{"index":"index","follow":"follow","max-snippet":"max-snippet:-1","max-image-preview":"max-image-preview:large","max-video-preview":"max-video-preview:-1"},"canonical":"https:\/\/academicos.uprrp.edu\/preh\/nuestros-estudiantes\/estudios-individualizados\/estudios-individualizados-2\/","og_locale":"es_ES","og_type":"article","og_title":"Propuestas de tesina o proyecto de creaci\u00f3n - Aprobadas 2021 - 2022 - Programa de Estudios de Honor","og_url":"https:\/\/academicos.uprrp.edu\/preh\/nuestros-estudiantes\/estudios-individualizados\/estudios-individualizados-2\/","og_site_name":"Programa de Estudios de Honor","twitter_card":"summary_large_image","schema":{"@context":"https:\/\/schema.org","@graph":[{"@type":"WebPage","@id":"https:\/\/academicos.uprrp.edu\/preh\/nuestros-estudiantes\/estudios-individualizados\/estudios-individualizados-2\/","url":"https:\/\/academicos.uprrp.edu\/preh\/nuestros-estudiantes\/estudios-individualizados\/estudios-individualizados-2\/","name":"Propuestas de tesina o proyecto de creaci\u00f3n - Aprobadas 2021 - 2022 - Programa de Estudios de Honor","isPartOf":{"@id":"https:\/\/academicos.uprrp.edu\/preh\/#website"},"datePublished":"2020-02-19T22:17:08+00:00","breadcrumb":{"@id":"https:\/\/academicos.uprrp.edu\/preh\/nuestros-estudiantes\/estudios-individualizados\/estudios-individualizados-2\/#breadcrumb"},"inLanguage":"es","potentialAction":[{"@type":"ReadAction","target":["https:\/\/academicos.uprrp.edu\/preh\/nuestros-estudiantes\/estudios-individualizados\/estudios-individualizados-2\/"]}]},{"@type":"BreadcrumbList","@id":"https:\/\/academicos.uprrp.edu\/preh\/nuestros-estudiantes\/estudios-individualizados\/estudios-individualizados-2\/#breadcrumb","itemListElement":[{"@type":"ListItem","position":1,"name":"Home","item":"https:\/\/academicos.uprrp.edu\/preh\/"},{"@type":"ListItem","position":2,"name":"Nuestros Estudiantes","item":"https:\/\/academicos.uprrp.edu\/preh\/nuestros-estudiantes\/"},{"@type":"ListItem","position":3,"name":"Propuestas de tesina o proyecto de creaci\u00f3n","item":"https:\/\/academicos.uprrp.edu\/preh\/nuestros-estudiantes\/estudios-individualizados\/"},{"@type":"ListItem","position":4,"name":"Propuestas de tesina o proyecto de creaci\u00f3n &#8211; Aprobadas 2021 &#8211; 2022"}]},{"@type":"WebSite","@id":"https:\/\/academicos.uprrp.edu\/preh\/#website","url":"https:\/\/academicos.uprrp.edu\/preh\/","name":"Programa de Estudios de Honor","description":"","potentialAction":[{"@type":"SearchAction","target":{"@type":"EntryPoint","urlTemplate":"https:\/\/academicos.uprrp.edu\/preh\/?s={search_term_string}"},"query-input":{"@type":"PropertyValueSpecification","valueRequired":true,"valueName":"search_term_string"}}],"inLanguage":"es"}]}},"_links":{"self":[{"href":"https:\/\/academicos.uprrp.edu\/preh\/wp-json\/wp\/v2\/pages\/3281","targetHints":{"allow":["GET"]}}],"collection":[{"href":"https:\/\/academicos.uprrp.edu\/preh\/wp-json\/wp\/v2\/pages"}],"about":[{"href":"https:\/\/academicos.uprrp.edu\/preh\/wp-json\/wp\/v2\/types\/page"}],"author":[{"embeddable":true,"href":"https:\/\/academicos.uprrp.edu\/preh\/wp-json\/wp\/v2\/users\/9"}],"replies":[{"embeddable":true,"href":"https:\/\/academicos.uprrp.edu\/preh\/wp-json\/wp\/v2\/comments?post=3281"}],"version-history":[{"count":0,"href":"https:\/\/academicos.uprrp.edu\/preh\/wp-json\/wp\/v2\/pages\/3281\/revisions"}],"up":[{"embeddable":true,"href":"https:\/\/academicos.uprrp.edu\/preh\/wp-json\/wp\/v2\/pages\/1593"}],"wp:attachment":[{"href":"https:\/\/academicos.uprrp.edu\/preh\/wp-json\/wp\/v2\/media?parent=3281"}],"curies":[{"name":"wp","href":"https:\/\/api.w.org\/{rel}","templated":true}]}}