{"id":3015,"date":"2019-12-17T12:00:58","date_gmt":"2019-12-17T16:00:58","guid":{"rendered":"http:\/\/preh.uprrp.edu\/?page_id=3015"},"modified":"2019-12-17T12:00:58","modified_gmt":"2019-12-17T16:00:58","slug":"revistas-academicas-subgraduadas","status":"publish","type":"page","link":"https:\/\/academicos.uprrp.edu\/preh\/revistas-academicas-subgraduadas\/","title":{"rendered":"Revistas Acad\u00e9micas Subgraduadas"},"content":{"rendered":"\n<ul class=\"wp-block-list\">\n<li><a href=\"https:\/\/www.ingeniosupr.com\/\" target=\"_blank\" rel=\"noreferrer noopener\">[IN]Genios:\u00a0<\/a>Cualquier estudiante de (primer) bachillerato del Sistema de la Universidad de Puerto Rico, la Escuela de Artes Pl\u00e1sticas o el Conservatorio de M\u00fasica de Puerto Rico puede someter trabajos a la consideraci\u00f3n de la Junta Editorial, siguiendo la \u00abGu\u00eda de publicaci\u00f3n\u00bb.<\/li>\n\n\n\n<li><a href=\"https:\/\/unl.libguides.com\/undergradpub\" target=\"_blank\" rel=\"noreferrer noopener\">Undergaduate Research Journals Guide<\/a><\/li>\n\n\n\n<li><a href=\"https:\/\/undergraduatecommons.com\/institutions.html\" target=\"_blank\" rel=\"noreferrer noopener\">Undergraduate Research Commons<\/a><\/li>\n\n\n\n<li><a href=\"https:\/\/www.cur.org\/engage\/undergraduate\/journals\/listing\/\" target=\"_blank\" rel=\"noreferrer noopener\">Undergraduate Research Journal Listing<\/a><a href=\"https:\/\/www.cur.org\/engage\/undergraduate\/journals\/listing\/\"> (Council on Undergraduate Research)<\/a><\/li>\n\n\n\n<li><a href=\"https:\/\/uncw.edu\/honors\/info\/student-life\/journals-that-publish-undergraduate-student-research.html\" target=\"_blank\" rel=\"noreferrer noopener\">University of North Caroline Wilmington,\u00a0<\/a><a style=\"font-size: 14px\" href=\"https:\/\/uncw.edu\/honors\/info\/student-life\/journals-that-publish-undergraduate-student-research.html\">Journals that Publish Research Conducted by Undergraduate Students<\/a><\/li>\n\n\n\n<li><a href=\"http:\/\/www.jurpress.org\/\" target=\"_blank\" rel=\"noreferrer noopener\">Journal of Undergraduate Research<\/a><\/li>\n\n\n\n<li><a href=\"http:\/\/www.jurpress.org\/\" target=\"_blank\" rel=\"noreferrer noopener\">University of Nebraska-Lincoln,\u00a0<\/a><a style=\"font-size: 14px\" href=\"http:\/\/www.jurpress.org\/\">Journal of Undergraduate Research<\/a><\/li>\n\n\n\n<li><a href=\"https:\/\/unl.libguides.com\/c.php?g=51642&amp;p=333914\" target=\"_blank\" rel=\"noreferrer noopener\">Undergraduate Research Journals: Interdisciplinary \/ Multidisciplinary (Libguide)<\/a><\/li>\n\n\n\n<li><a href=\"https:\/\/warwick.ac.uk\/fac\/cross_fac\/iatl\/reinvention\/\" target=\"_blank\" rel=\"noreferrer noopener\">Reinvention: An International Journal of Undergraduate Research<\/a><\/li>\n\n\n\n<li><a href=\"http:\/\/www.ajuronline.org\/\" target=\"_blank\" rel=\"noreferrer noopener\">AJUR American Journal of Undergraduate Research<\/a><\/li>\n\n\n\n<li><a href=\"https:\/\/westoahu.hawaii.edu\/library\/scholarly-communication\/scholarly-publishing\/undergraduate-research-journals\/\" target=\"_blank\" rel=\"noreferrer noopener\">University of Hawai West O\u2019Ahu,\u00a0Undergraduate Research Journals (by subject areas)<\/a><\/li>\n\n\n\n<li><a href=\"http:\/\/www.facso.uchile.cl\/publicaciones\/presentacion\/57003\/revistas-estudiantiles\" target=\"_blank\" rel=\"noreferrer noopener\">Universidad de Chile<\/a> (Chile- 5 revistas)<\/li>\n\n\n\n<li><a href=\"https:\/\/economia.uniandes.edu.co\/estudiantes\/revistas-estudiantiles\" target=\"_blank\" rel=\"noreferrer noopener\">Universidad de los Andes<\/a> (Colombia- 3 revistas)<\/li>\n<\/ul>\n\n\n\n<p><strong>Medicina:<\/strong><\/p>\n\n\n\n<ul class=\"wp-block-list\">\n<li><a href=\"http:\/\/www.rev16deabril.sld.cu\/index.php\/16_04\" target=\"_blank\" rel=\"noreferrer noopener\">Revista estudiantil 16 de abril (Cuba)<\/a><\/li>\n\n\n\n<li><a href=\"https:\/\/revistas.uis.edu.co\/index.php\/revistamedicasuis\" target=\"_blank\" rel=\"noreferrer noopener\">M\u00e9dicas UIS<\/a> (Colombia)<\/li>\n\n\n\n<li><a href=\"https:\/\/www.cimel.felsocem.net\/index.php\/CIMEL\" target=\"_blank\" rel=\"noreferrer noopener\">CIMEL<\/a> (Per\u00fa)<\/li>\n\n\n\n<li>Revista Cient\u00edfica Ciencia M\u00e9dica (Bolivia)<\/li>\n\n\n\n<li>Revista IATROS (Colombia)<\/li>\n\n\n\n<li><a href=\"http:\/\/galeno.pri.sld.cu\" target=\"_blank\" rel=\"noreferrer noopener\">Revista Universidad M\u00e9dica Pinare\u00f1a<\/a> (Cuba)<span style=\"font-size: 14px\">\u00a0\u00a0<\/span><\/li>\n\n\n\n<li><a href=\"http:\/\/ojs2.revistaanacem.cl\" target=\"_blank\" rel=\"noreferrer noopener\">Revista ANACEM<\/a> (Chile)<\/li>\n\n\n\n<li><a href=\"http:\/\/www.revistamedicamd.com\" target=\"_blank\" rel=\"noreferrer noopener\">Revista MD<\/a> (M\u00e9xico)<span style=\"font-size: 14px\">\u00a0\u00a0<\/span><\/li>\n\n\n\n<li><a href=\"http:\/\/www.imbiomed.com.mx\" target=\"_blank\" rel=\"noreferrer noopener\">Estudiantes de Medicina en Movimiento<\/a> (M\u00e9xico)<\/li>\n<\/ul>\n","protected":false},"excerpt":{"rendered":"<p>Medicina:<\/p>\n","protected":false},"author":9,"featured_media":0,"parent":0,"menu_order":0,"comment_status":"closed","ping_status":"closed","template":"","meta":{"_monsterinsights_skip_tracking":false,"_monsterinsights_sitenote_active":false,"_monsterinsights_sitenote_note":"","_monsterinsights_sitenote_category":0,"footnotes":""},"class_list":["post-3015","page","type-page","status-publish","hentry"],"yoast_head":"<!-- This site is optimized with the Yoast SEO plugin v27.2 - https:\/\/yoast.com\/product\/yoast-seo-wordpress\/ -->\n<title>Revistas Acad\u00e9micas Subgraduadas - Programa de Estudios de Honor<\/title>\n<meta name=\"robots\" content=\"index, follow, max-snippet:-1, max-image-preview:large, max-video-preview:-1\" \/>\n<link rel=\"canonical\" href=\"https:\/\/academicos.uprrp.edu\/preh\/revistas-academicas-subgraduadas\/\" \/>\n<meta property=\"og:locale\" content=\"es_ES\" \/>\n<meta property=\"og:type\" content=\"article\" \/>\n<meta property=\"og:title\" content=\"Revistas Acad\u00e9micas Subgraduadas - Programa de Estudios de Honor\" \/>\n<meta property=\"og:description\" content=\"Medicina:\" \/>\n<meta property=\"og:url\" content=\"https:\/\/academicos.uprrp.edu\/preh\/revistas-academicas-subgraduadas\/\" \/>\n<meta property=\"og:site_name\" content=\"Programa de Estudios de Honor\" \/>\n<meta name=\"twitter:card\" content=\"summary_large_image\" \/>\n<meta name=\"twitter:label1\" content=\"Est. reading time\" \/>\n\t<meta name=\"twitter:data1\" content=\"1 minuto\" \/>\n<script type=\"application\/ld+json\" class=\"yoast-schema-graph\">{\"@context\":\"https:\/\/schema.org\",\"@graph\":[{\"@type\":\"WebPage\",\"@id\":\"https:\/\/academicos.uprrp.edu\/preh\/revistas-academicas-subgraduadas\/\",\"url\":\"https:\/\/academicos.uprrp.edu\/preh\/revistas-academicas-subgraduadas\/\",\"name\":\"Revistas Acad\u00e9micas Subgraduadas - Programa de Estudios de Honor\",\"isPartOf\":{\"@id\":\"https:\/\/academicos.uprrp.edu\/preh\/#website\"},\"datePublished\":\"2019-12-17T16:00:58+00:00\",\"breadcrumb\":{\"@id\":\"https:\/\/academicos.uprrp.edu\/preh\/revistas-academicas-subgraduadas\/#breadcrumb\"},\"inLanguage\":\"es\",\"potentialAction\":[{\"@type\":\"ReadAction\",\"target\":[\"https:\/\/academicos.uprrp.edu\/preh\/revistas-academicas-subgraduadas\/\"]}]},{\"@type\":\"BreadcrumbList\",\"@id\":\"https:\/\/academicos.uprrp.edu\/preh\/revistas-academicas-subgraduadas\/#breadcrumb\",\"itemListElement\":[{\"@type\":\"ListItem\",\"position\":1,\"name\":\"Home\",\"item\":\"https:\/\/academicos.uprrp.edu\/preh\/\"},{\"@type\":\"ListItem\",\"position\":2,\"name\":\"Revistas Acad\u00e9micas Subgraduadas\"}]},{\"@type\":\"WebSite\",\"@id\":\"https:\/\/academicos.uprrp.edu\/preh\/#website\",\"url\":\"https:\/\/academicos.uprrp.edu\/preh\/\",\"name\":\"Programa de Estudios de Honor\",\"description\":\"\",\"potentialAction\":[{\"@type\":\"SearchAction\",\"target\":{\"@type\":\"EntryPoint\",\"urlTemplate\":\"https:\/\/academicos.uprrp.edu\/preh\/?s={search_term_string}\"},\"query-input\":{\"@type\":\"PropertyValueSpecification\",\"valueRequired\":true,\"valueName\":\"search_term_string\"}}],\"inLanguage\":\"es\"}]}<\/script>\n<!-- \/ Yoast SEO plugin. -->","yoast_head_json":{"title":"Revistas Acad\u00e9micas Subgraduadas - Programa de Estudios de Honor","robots":{"index":"index","follow":"follow","max-snippet":"max-snippet:-1","max-image-preview":"max-image-preview:large","max-video-preview":"max-video-preview:-1"},"canonical":"https:\/\/academicos.uprrp.edu\/preh\/revistas-academicas-subgraduadas\/","og_locale":"es_ES","og_type":"article","og_title":"Revistas Acad\u00e9micas Subgraduadas - Programa de Estudios de Honor","og_description":"Medicina:","og_url":"https:\/\/academicos.uprrp.edu\/preh\/revistas-academicas-subgraduadas\/","og_site_name":"Programa de Estudios de Honor","twitter_card":"summary_large_image","twitter_misc":{"Est. reading time":"1 minuto"},"schema":{"@context":"https:\/\/schema.org","@graph":[{"@type":"WebPage","@id":"https:\/\/academicos.uprrp.edu\/preh\/revistas-academicas-subgraduadas\/","url":"https:\/\/academicos.uprrp.edu\/preh\/revistas-academicas-subgraduadas\/","name":"Revistas Acad\u00e9micas Subgraduadas - Programa de Estudios de Honor","isPartOf":{"@id":"https:\/\/academicos.uprrp.edu\/preh\/#website"},"datePublished":"2019-12-17T16:00:58+00:00","breadcrumb":{"@id":"https:\/\/academicos.uprrp.edu\/preh\/revistas-academicas-subgraduadas\/#breadcrumb"},"inLanguage":"es","potentialAction":[{"@type":"ReadAction","target":["https:\/\/academicos.uprrp.edu\/preh\/revistas-academicas-subgraduadas\/"]}]},{"@type":"BreadcrumbList","@id":"https:\/\/academicos.uprrp.edu\/preh\/revistas-academicas-subgraduadas\/#breadcrumb","itemListElement":[{"@type":"ListItem","position":1,"name":"Home","item":"https:\/\/academicos.uprrp.edu\/preh\/"},{"@type":"ListItem","position":2,"name":"Revistas Acad\u00e9micas Subgraduadas"}]},{"@type":"WebSite","@id":"https:\/\/academicos.uprrp.edu\/preh\/#website","url":"https:\/\/academicos.uprrp.edu\/preh\/","name":"Programa de Estudios de Honor","description":"","potentialAction":[{"@type":"SearchAction","target":{"@type":"EntryPoint","urlTemplate":"https:\/\/academicos.uprrp.edu\/preh\/?s={search_term_string}"},"query-input":{"@type":"PropertyValueSpecification","valueRequired":true,"valueName":"search_term_string"}}],"inLanguage":"es"}]}},"_links":{"self":[{"href":"https:\/\/academicos.uprrp.edu\/preh\/wp-json\/wp\/v2\/pages\/3015","targetHints":{"allow":["GET"]}}],"collection":[{"href":"https:\/\/academicos.uprrp.edu\/preh\/wp-json\/wp\/v2\/pages"}],"about":[{"href":"https:\/\/academicos.uprrp.edu\/preh\/wp-json\/wp\/v2\/types\/page"}],"author":[{"embeddable":true,"href":"https:\/\/academicos.uprrp.edu\/preh\/wp-json\/wp\/v2\/users\/9"}],"replies":[{"embeddable":true,"href":"https:\/\/academicos.uprrp.edu\/preh\/wp-json\/wp\/v2\/comments?post=3015"}],"version-history":[{"count":0,"href":"https:\/\/academicos.uprrp.edu\/preh\/wp-json\/wp\/v2\/pages\/3015\/revisions"}],"wp:attachment":[{"href":"https:\/\/academicos.uprrp.edu\/preh\/wp-json\/wp\/v2\/media?parent=3015"}],"curies":[{"name":"wp","href":"https:\/\/api.w.org\/{rel}","templated":true}]}}