{"id":281,"date":"2019-01-15T09:20:27","date_gmt":"2019-01-15T13:20:27","guid":{"rendered":"http:\/\/preh.uprrp.edu\/?page_id=281"},"modified":"2026-02-23T14:52:46","modified_gmt":"2026-02-23T18:52:46","slug":"internados","status":"publish","type":"page","link":"https:\/\/academicos.uprrp.edu\/preh\/becas-internados\/internados\/","title":{"rendered":"Internados"},"content":{"rendered":"\n<table id=\"tablepress-2\" class=\"tablepress tablepress-id-2\">\n<thead>\n<tr class=\"row-1\">\n\t<th class=\"column-1\">Nombres<br \/>\n<\/th><th class=\"column-2\">Duraci\u00f3n<\/th>\n<\/tr>\n<\/thead>\n<tbody class=\"row-striping row-hover\">\n<tr class=\"row-2\">\n\t<td class=\"column-1\"><a href=\"https:\/\/btaa.org\/resources-for\/students\/srop\/overview\">Big Academic Alliance Summer Research Opportunities Program (SROP) <\/a><br \/>\nPograma de investigaci\u00f3n para estudiantes subgraduados durante el verano en una universidad de Estados Unidos<\/td><td class=\"column-2\">Verano <br \/>\n<\/td>\n<\/tr>\n<tr class=\"row-3\">\n\t<td class=\"column-1\"><a href=\"https:\/\/www.getty.edu\/projects\/graduate-internships\/\">Getty Graduate Internship Program<\/a><br \/>\nPrograma de internado de trabajo para estudiantes interesados en las artes visuales<\/td><td class=\"column-2\">Un a\u00f1o<\/td>\n<\/tr>\n<tr class=\"row-4\">\n\t<td class=\"column-1\"><a href=\"https:\/\/hacu.net\/programs\/chnip\/\">The HACU National Internship Program (HNIP)<\/a> Programa de internados de trabajo en un \u00e1rea de inter\u00e9s del estudiante en una organizaci\u00f3n p\u00fablica o privada en Washington, DC<\/td><td class=\"column-2\">Sesi\u00f3n de primavera - 15 semanas.<br \/>\n<br \/>\nSesi\u00f3n de verano - 10 semanas<br \/>\n<br \/>\nSesi\u00f3n de oto\u00f1o - 15 semanas<\/td>\n<\/tr>\n<tr class=\"row-5\">\n\t<td class=\"column-1\"><a href=\"https:\/\/academicos.uprrp.edu\/preh\/becas-internados\/internados\/internado-congresional-de-cordova-fernos\/\" rel=\"noopener\" target=\"_blank\">Internado Congresional C\u00f3rdova-Fern\u00f3s <\/a><br \/>\nPara estudiantes interesados en el proceso legislativo del Congreso de Estados Unidos. Solamente para estudiates subgraduados<br \/>\n<\/td><td class=\"column-2\"><\/td>\n<\/tr>\n<tr class=\"row-6\">\n\t<td class=\"column-1\"><a href=\"https:\/\/fellowships.si.edu\/fellowship-programs\">Smithsonian Internship to Fellowship Program (I2F)<\/a><br \/>\nPrograma de internado de trabajo en Smithsonian Institute en Washington D.C. con opci\u00f3n de continuar como trabajando como investigador al terminar el internado.<\/td><td class=\"column-2\">Un semestre <br \/>\n(15 semanas)(internado y beca)<br \/>\n<\/td>\n<\/tr>\n<tr class=\"row-7\">\n\t<td class=\"column-1\"><a href=\"https:\/\/internships.si.edu\/opportunity\/katzenberger-foundation-art-history-internship\">Katzenberger Foundation Art History Internship<\/a><br \/>\nPrograma de trabajo de verano para estudiantes de historia del arte en uno de los museos de arte del Smithsonian Institute <\/td><td class=\"column-2\">Verano<\/td>\n<\/tr>\n<tr class=\"row-8\">\n\t<td class=\"column-1\"><a href=\"https:\/\/oge.mit.edu\/msrp\/\">MIT Summer Research Program<\/a> Para estudiantes interesados en hacer estudios graduados y una investigaci\u00f3n en MIT<\/td><td class=\"column-2\">Verano <\/td>\n<\/tr>\n<tr class=\"row-9\">\n\t<td class=\"column-1\"><a href=\"https:\/\/orise.orau.gov\/internships-fellowships\/index.html\">Oak Ridge Institute for Science and Education<\/a><br \/>\nOfrece la oportunidad de  desarrollarse en el \u00e1rea de STEM a los estudiantes de bachillerato, brindando a la oportunidad de trabajar en un laboratorio real.<\/td><td class=\"column-2\"> 10 semanas para el per\u00edodo de verano (de mayo a agosto) o de 16 semanas para los per\u00edodos de oto\u00f1o (de agosto a diciembre) y primavera (de enero a mayo).<br \/>\n<\/td>\n<\/tr>\n<tr class=\"row-10\">\n\t<td class=\"column-1\"><a href=\"https:\/\/www.daad.de\/rise\/en\/\"> RISE Research Internships in Science and Engineering<\/a><br \/>\nInternados ofrecidos por el gobierno Alem\u00e1n.<\/td><td class=\"column-2\">Var\u00edan<\/td>\n<\/tr>\n<tr class=\"row-11\">\n\t<td class=\"column-1\"><a href=\"https:\/\/theleadershipalliance.org\/summer-research-early-identification-program\">The Leadership Alliance Summer Research \u2013 Early Identification Program<\/a><br \/>\nPrograma de investigaci\u00f3n para estudiantes subgraduados durante el verano en una universidad de Estados Unidos<\/td><td class=\"column-2\">Verano, 8 a 10 semanas.<\/td>\n<\/tr>\n<tr class=\"row-12\">\n\t<td class=\"column-1\"><a href=\"https:\/\/twc.edu\/programs\/academic-internship-program\"> The Washington Center for Internship and Academic Seminars<\/a><br \/>\nPrograma de internados de trabajo y desarrollo profesional en organizaciones en Washington D.C.<\/td><td class=\"column-2\"><\/td>\n<\/tr>\n<tr class=\"row-13\">\n\t<td class=\"column-1\"><a href=\"https:\/\/careers.state.gov\/interns-fellows\/student-internship-program\/\"> U.S. Department of State Student Programs<\/a><br \/>\nInternados no remunerados que brinda  la oportunidad de conocer mejor la pol\u00edtica exterior y la diplomacia de los Estados Unidos<\/td><td class=\"column-2\">Var\u00edan<\/td>\n<\/tr>\n<tr class=\"row-14\">\n\t<td class=\"column-1\"><a href=\"https:\/\/new.nsf.gov\/funding\/opportunities\/reu-research-experiences-undergraduates\/\"> Research Experiences for Undergraduates (REU)<\/a><\/td><td class=\"column-2\">Verano<\/td>\n<\/tr>\n<tr class=\"row-15\">\n\t<td class=\"column-1\"><a href=\"https:\/\/academicos.uprrp.edu\/preh\/becas-internados\/internados\/internado-legislativo-jorge-a-ramos-comas\/\" rel=\"noopener\" target=\"_blank\"> Internado Legislativo Jorge A. Ramos Comas<\/a> Experiencia educativa que combina los elementos te\u00f3ricos y pr\u00e1cticos de los procesos legislativos y su integraci\u00f3n con las dem\u00e1s Ramas de Gobierno.<\/td><td class=\"column-2\"><\/td>\n<\/tr>\n<tr class=\"row-16\">\n\t<td class=\"column-1\"><a href=\"https:\/\/chli.org\/global-leaders\/\"> CHLI\u2019s Global Leaders Internship Program<\/a><br \/>\nProvee a estudiantes universitarios hispanos y latinos a trav\u00e9s de los Estados Unidos la oportunidad de adquirir experiencia garantizada en una oficina congresional y en oficinas corporativas enfocadas en asuntos legislativos en la capital federal.<\/td><td class=\"column-2\">Sesiones semestrales de primavera y oto\u00f1o. <\/td>\n<\/tr>\n<tr class=\"row-17\">\n\t<td class=\"column-1\"><a href=\"https:\/\/www.google.com\/about\/careers\/applications\/buildyourfuture\/internships\">Google Internships<\/a><br \/>\nInternados T\u00e9cnicos y en Ingenier\u00eda<br \/>\n<\/td><td class=\"column-2\">Var\u00edan<\/td>\n<\/tr>\n<tr class=\"row-18\">\n\t<td class=\"column-1\"><a href=\"https:\/\/academicos.uprrp.edu\/preh\/becas-internados\/internados\/mit-summer-research-program-general-msrp\/\">MIT Summer Research Program (MSRP) <\/a><br \/>\nPrograma de investigaci\u00f3n que promueve la diversidad en MIT. <\/td><td class=\"column-2\">verano<\/td>\n<\/tr>\n<tr class=\"row-19\">\n\t<td class=\"column-1\"><a href=\"https:\/\/www.migapprogram.com\/summerprogram\/\">Mobilization and Political Economy Summer Research Program<\/a><\/td><td class=\"column-2\">Verano<\/td>\n<\/tr>\n<tr class=\"row-20\">\n\t<td class=\"column-1\"><a href=\"https:\/\/www.intelligencecareers.gov\/nsa\/students-and-internships\">National Security Agency<\/a>  <br \/>\nInternados de verano para estudiantes subgraduados y graduados, al igual que experiencias de Co-op y oportunidades de empleo a tiempo completo.<\/td><td class=\"column-2\">Var\u00edan<\/td>\n<\/tr>\n<tr class=\"row-21\">\n\t<td class=\"column-1\"><a href=\"https:\/\/www.mentesenaccion.org\/\"> Mentes Puertorrique\u00f1as en Acci\u00f3n <\/td><td class=\"column-2\"><\/td>\n<\/tr>\n<tr class=\"row-22\">\n\t<td class=\"column-1\"><a href=\"https:\/\/sfp.caltech.edu\/undergraduate-research\/programs\/wavefellows\"> WAVE Fellows<\/a><br \/>\nLos becarios de WAVE tendr\u00e1n la oportunidad de realizar investigaciones bajo la gu\u00eda de los profesores de Caltech que trabajan en la frontera de sus campos. Los estudiantes podran elegir a su mentor  y tendr\u00e1n la oportunidad de desarrollar un proyecto de investigaci\u00f3n.<\/td><td class=\"column-2\">Verano<\/td>\n<\/tr>\n<tr class=\"row-23\">\n\t<td class=\"column-1\"><a href=\"https:\/\/lincs-dcic.org\/summer-research-app#nav\"> Summer Research Training Program in Biomedical Big Data Science<br \/>\n<\/td><td class=\"column-2\">Verano<\/td>\n<\/tr>\n<tr class=\"row-24\">\n\t<td class=\"column-1\"><a href=\"https:\/\/hacu.net\/programs\/\">HACU Internship Programs<\/a><\/td><td class=\"column-2\"><\/td>\n<\/tr>\n<\/tbody>\n<\/table>\n<!-- #tablepress-2 from cache -->\n\r\n\r\n\r\n\r\n\r\n<p>&nbsp;<\/p>\r\n\r\n\r\n\r\n<p>&nbsp;<\/p>\r\n","protected":false},"excerpt":{"rendered":"<p>&nbsp; &nbsp;<\/p>\n","protected":false},"author":9,"featured_media":0,"parent":4761,"menu_order":0,"comment_status":"closed","ping_status":"closed","template":"","meta":{"_monsterinsights_skip_tracking":false,"_monsterinsights_sitenote_active":false,"_monsterinsights_sitenote_note":"","_monsterinsights_sitenote_category":0,"footnotes":""},"class_list":["post-281","page","type-page","status-publish","hentry"],"yoast_head":"<!-- This site is optimized with the Yoast SEO plugin v27.2 - https:\/\/yoast.com\/product\/yoast-seo-wordpress\/ -->\n<title>Internados - Programa de Estudios de Honor<\/title>\n<meta name=\"robots\" content=\"index, follow, max-snippet:-1, max-image-preview:large, max-video-preview:-1\" \/>\n<link rel=\"canonical\" href=\"https:\/\/academicos.uprrp.edu\/preh\/becas-internados\/internados\/\" \/>\n<meta property=\"og:locale\" content=\"es_ES\" \/>\n<meta property=\"og:type\" content=\"article\" \/>\n<meta property=\"og:title\" content=\"Internados - Programa de Estudios de Honor\" \/>\n<meta property=\"og:description\" content=\"&nbsp; &nbsp;\" \/>\n<meta property=\"og:url\" content=\"https:\/\/academicos.uprrp.edu\/preh\/becas-internados\/internados\/\" \/>\n<meta property=\"og:site_name\" content=\"Programa de Estudios de Honor\" \/>\n<meta property=\"article:modified_time\" content=\"2026-02-23T18:52:46+00:00\" \/>\n<meta name=\"twitter:card\" content=\"summary_large_image\" \/>\n<meta name=\"twitter:label1\" content=\"Est. reading time\" \/>\n\t<meta name=\"twitter:data1\" content=\"1 minuto\" \/>\n<script type=\"application\/ld+json\" class=\"yoast-schema-graph\">{\"@context\":\"https:\/\/schema.org\",\"@graph\":[{\"@type\":\"WebPage\",\"@id\":\"https:\/\/academicos.uprrp.edu\/preh\/becas-internados\/internados\/\",\"url\":\"https:\/\/academicos.uprrp.edu\/preh\/becas-internados\/internados\/\",\"name\":\"Internados - Programa de Estudios de Honor\",\"isPartOf\":{\"@id\":\"https:\/\/academicos.uprrp.edu\/preh\/#website\"},\"datePublished\":\"2019-01-15T13:20:27+00:00\",\"dateModified\":\"2026-02-23T18:52:46+00:00\",\"breadcrumb\":{\"@id\":\"https:\/\/academicos.uprrp.edu\/preh\/becas-internados\/internados\/#breadcrumb\"},\"inLanguage\":\"es\",\"potentialAction\":[{\"@type\":\"ReadAction\",\"target\":[\"https:\/\/academicos.uprrp.edu\/preh\/becas-internados\/internados\/\"]}]},{\"@type\":\"BreadcrumbList\",\"@id\":\"https:\/\/academicos.uprrp.edu\/preh\/becas-internados\/internados\/#breadcrumb\",\"itemListElement\":[{\"@type\":\"ListItem\",\"position\":1,\"name\":\"Home\",\"item\":\"https:\/\/academicos.uprrp.edu\/preh\/\"},{\"@type\":\"ListItem\",\"position\":2,\"name\":\"Becas\/Internados\",\"item\":\"https:\/\/academicos.uprrp.edu\/preh\/becas-internados\/\"},{\"@type\":\"ListItem\",\"position\":3,\"name\":\"Internados\"}]},{\"@type\":\"WebSite\",\"@id\":\"https:\/\/academicos.uprrp.edu\/preh\/#website\",\"url\":\"https:\/\/academicos.uprrp.edu\/preh\/\",\"name\":\"Programa de Estudios de Honor\",\"description\":\"\",\"potentialAction\":[{\"@type\":\"SearchAction\",\"target\":{\"@type\":\"EntryPoint\",\"urlTemplate\":\"https:\/\/academicos.uprrp.edu\/preh\/?s={search_term_string}\"},\"query-input\":{\"@type\":\"PropertyValueSpecification\",\"valueRequired\":true,\"valueName\":\"search_term_string\"}}],\"inLanguage\":\"es\"}]}<\/script>\n<!-- \/ Yoast SEO plugin. -->","yoast_head_json":{"title":"Internados - Programa de Estudios de Honor","robots":{"index":"index","follow":"follow","max-snippet":"max-snippet:-1","max-image-preview":"max-image-preview:large","max-video-preview":"max-video-preview:-1"},"canonical":"https:\/\/academicos.uprrp.edu\/preh\/becas-internados\/internados\/","og_locale":"es_ES","og_type":"article","og_title":"Internados - Programa de Estudios de Honor","og_description":"&nbsp; &nbsp;","og_url":"https:\/\/academicos.uprrp.edu\/preh\/becas-internados\/internados\/","og_site_name":"Programa de Estudios de Honor","article_modified_time":"2026-02-23T18:52:46+00:00","twitter_card":"summary_large_image","twitter_misc":{"Est. reading time":"1 minuto"},"schema":{"@context":"https:\/\/schema.org","@graph":[{"@type":"WebPage","@id":"https:\/\/academicos.uprrp.edu\/preh\/becas-internados\/internados\/","url":"https:\/\/academicos.uprrp.edu\/preh\/becas-internados\/internados\/","name":"Internados - Programa de Estudios de Honor","isPartOf":{"@id":"https:\/\/academicos.uprrp.edu\/preh\/#website"},"datePublished":"2019-01-15T13:20:27+00:00","dateModified":"2026-02-23T18:52:46+00:00","breadcrumb":{"@id":"https:\/\/academicos.uprrp.edu\/preh\/becas-internados\/internados\/#breadcrumb"},"inLanguage":"es","potentialAction":[{"@type":"ReadAction","target":["https:\/\/academicos.uprrp.edu\/preh\/becas-internados\/internados\/"]}]},{"@type":"BreadcrumbList","@id":"https:\/\/academicos.uprrp.edu\/preh\/becas-internados\/internados\/#breadcrumb","itemListElement":[{"@type":"ListItem","position":1,"name":"Home","item":"https:\/\/academicos.uprrp.edu\/preh\/"},{"@type":"ListItem","position":2,"name":"Becas\/Internados","item":"https:\/\/academicos.uprrp.edu\/preh\/becas-internados\/"},{"@type":"ListItem","position":3,"name":"Internados"}]},{"@type":"WebSite","@id":"https:\/\/academicos.uprrp.edu\/preh\/#website","url":"https:\/\/academicos.uprrp.edu\/preh\/","name":"Programa de Estudios de Honor","description":"","potentialAction":[{"@type":"SearchAction","target":{"@type":"EntryPoint","urlTemplate":"https:\/\/academicos.uprrp.edu\/preh\/?s={search_term_string}"},"query-input":{"@type":"PropertyValueSpecification","valueRequired":true,"valueName":"search_term_string"}}],"inLanguage":"es"}]}},"_links":{"self":[{"href":"https:\/\/academicos.uprrp.edu\/preh\/wp-json\/wp\/v2\/pages\/281","targetHints":{"allow":["GET"]}}],"collection":[{"href":"https:\/\/academicos.uprrp.edu\/preh\/wp-json\/wp\/v2\/pages"}],"about":[{"href":"https:\/\/academicos.uprrp.edu\/preh\/wp-json\/wp\/v2\/types\/page"}],"author":[{"embeddable":true,"href":"https:\/\/academicos.uprrp.edu\/preh\/wp-json\/wp\/v2\/users\/9"}],"replies":[{"embeddable":true,"href":"https:\/\/academicos.uprrp.edu\/preh\/wp-json\/wp\/v2\/comments?post=281"}],"version-history":[{"count":2,"href":"https:\/\/academicos.uprrp.edu\/preh\/wp-json\/wp\/v2\/pages\/281\/revisions"}],"predecessor-version":[{"id":13453,"href":"https:\/\/academicos.uprrp.edu\/preh\/wp-json\/wp\/v2\/pages\/281\/revisions\/13453"}],"up":[{"embeddable":true,"href":"https:\/\/academicos.uprrp.edu\/preh\/wp-json\/wp\/v2\/pages\/4761"}],"wp:attachment":[{"href":"https:\/\/academicos.uprrp.edu\/preh\/wp-json\/wp\/v2\/media?parent=281"}],"curies":[{"name":"wp","href":"https:\/\/api.w.org\/{rel}","templated":true}]}}