{"id":2729,"date":"2019-11-08T14:59:06","date_gmt":"2019-11-08T18:59:06","guid":{"rendered":"http:\/\/preh.uprrp.edu\/?page_id=2729"},"modified":"2024-05-02T14:47:29","modified_gmt":"2024-05-02T18:47:29","slug":"facultad-de-ciencias-naturales","status":"publish","type":"page","link":"https:\/\/academicos.uprrp.edu\/preh\/facultad\/facultad-de-ciencias-naturales\/","title":{"rendered":"Facultad de Ciencias Naturales"},"content":{"rendered":"\n<table id=\"tablepress-27\" class=\"tablepress tablepress-id-27\">\n<thead>\n<tr class=\"row-1\">\n\t<th class=\"column-1\">DOCENTE<\/th><th class=\"column-2\">MENTOR(A)<\/th><th class=\"column-3\">LECTOR(A)<\/th>\n<\/tr>\n<\/thead>\n<tbody class=\"row-striping row-hover\">\n<tr class=\"row-2\">\n\t<td class=\"column-1\">Gary A. Toranzos<br \/>\nDepartamento de Biolog\u00eda<br \/>\nCorreo electr\u00f3nico: gary.toranzos@upr.edu<br \/>\n\u00c1reas de investigaci\u00f3n: Microbiolog\u00eda ambiental, Paleomicrobiolog\u00eda<\/td><td class=\"column-2\">\u2713<\/td><td class=\"column-3\">\u2713<\/td>\n<\/tr>\n<tr class=\"row-3\">\n\t<td class=\"column-1\">Diana Delgado Rivera<br \/>\nDepartamento de Biolog\u00eda<br \/>\nCorreo electr\u00f3nico: diana.delgadorivera@upr.edu<br \/>\n\u00c1reas de investigaci\u00f3n: Ecolog\u00eda; Especies invasoras (factores que influencian su expansi\u00f3n y su impacto en servicios de ecosistema)<\/td><td class=\"column-2\">\u2713<\/td><td class=\"column-3\">\u2713<\/td>\n<\/tr>\n<tr class=\"row-4\">\n\t<td class=\"column-1\">Antonio Mart\u00ednez Collazo<br \/>\nDepartamento de F\u00edsica<br \/>\nCorreo electr\u00f3nico: antonio.martinez5@upr.edu<br \/>\n\u00c1reas de investigaci\u00f3n: Caracterizaci\u00f3n f\u00edsico-qu\u00edmica del legado cultural<\/td><td class=\"column-2\">\u2713<\/td><td class=\"column-3\">\u2713<\/td>\n<\/tr>\n<tr class=\"row-5\">\n\t<td class=\"column-1\">Ana Helvia Quintero Rivera<br \/>\nDepartamento de Matem\u00e1tica<br \/>\nCorreo electr\u00f3nico: ana.quitero@upr.edu<br \/>\n\u00c1reas de investigaci\u00f3n: El aprendizaje de las matem\u00e1ticas; La escuela como centro comunitario de servicios<\/td><td class=\"column-2\">\u2713<\/td><td class=\"column-3\">\u2713<\/td>\n<\/tr>\n<tr class=\"row-6\">\n\t<td class=\"column-1\">Reza Emamy<br \/>\nDepartamento de Matem\u00e1tica<br \/>\nCorreo electr\u00f3nico: sanjuancube@yahoo.com<br \/>\n\u00c1reas de investigaci\u00f3n:Geometria Discreta y Convexo<\/td><td class=\"column-2\">\u2713<\/td><td class=\"column-3\"><\/td>\n<\/tr>\n<tr class=\"row-7\">\n\t<td class=\"column-1\">Marvin J. Bayro<br \/>\nDepartamento de Qu\u00edmica<br \/>\nCorreo electr\u00f3nico: marvin.bayro@upr.edu<br \/>\n\u00c1reas de investigaci\u00f3n:Biologia estructural, biofisica, estructura y mecanismos del HIV <\/td><td class=\"column-2\">\u2713<\/td><td class=\"column-3\"><\/td>\n<\/tr>\n<tr class=\"row-8\">\n\t<td class=\"column-1\">Julia V\u00e9lez Gonz\u00e1lez<br \/>\nCiencias Ambientales, CITEC, Decanato de Ciancias Naturales<br \/>\nCorreo electr\u00f3nico: julia.velez@upr.edu<br \/>\n\u00c1reas de investigaci\u00f3n: Educaci\u00f3n en Ciencia, Repositorios, Manejo de informaci\u00f3n y datos crudos, Ciencias Ambientales<\/td><td class=\"column-2\">\u2713<\/td><td class=\"column-3\">\u2713<\/td>\n<\/tr>\n<\/tbody>\n<\/table>\n<!-- #tablepress-27 from cache -->\n","protected":false},"excerpt":{"rendered":"","protected":false},"author":9,"featured_media":0,"parent":345,"menu_order":0,"comment_status":"closed","ping_status":"closed","template":"","meta":{"_monsterinsights_skip_tracking":false,"_monsterinsights_sitenote_active":false,"_monsterinsights_sitenote_note":"","_monsterinsights_sitenote_category":0,"footnotes":""},"class_list":["post-2729","page","type-page","status-publish","hentry"],"yoast_head":"<!-- This site is optimized with the Yoast SEO plugin v27.2 - https:\/\/yoast.com\/product\/yoast-seo-wordpress\/ -->\n<title>Facultad de Ciencias Naturales - Programa de Estudios de Honor<\/title>\n<meta name=\"robots\" content=\"index, follow, max-snippet:-1, max-image-preview:large, max-video-preview:-1\" \/>\n<link rel=\"canonical\" href=\"https:\/\/academicos.uprrp.edu\/preh\/facultad\/facultad-de-ciencias-naturales\/\" \/>\n<meta property=\"og:locale\" content=\"es_ES\" \/>\n<meta property=\"og:type\" content=\"article\" \/>\n<meta property=\"og:title\" content=\"Facultad de Ciencias Naturales - Programa de Estudios de Honor\" \/>\n<meta property=\"og:url\" content=\"https:\/\/academicos.uprrp.edu\/preh\/facultad\/facultad-de-ciencias-naturales\/\" \/>\n<meta property=\"og:site_name\" content=\"Programa de Estudios de Honor\" \/>\n<meta property=\"article:modified_time\" content=\"2024-05-02T18:47:29+00:00\" \/>\n<meta name=\"twitter:card\" content=\"summary_large_image\" \/>\n<meta name=\"twitter:label1\" content=\"Est. reading time\" \/>\n\t<meta name=\"twitter:data1\" content=\"1 minuto\" \/>\n<script type=\"application\/ld+json\" class=\"yoast-schema-graph\">{\"@context\":\"https:\/\/schema.org\",\"@graph\":[{\"@type\":\"WebPage\",\"@id\":\"https:\/\/academicos.uprrp.edu\/preh\/facultad\/facultad-de-ciencias-naturales\/\",\"url\":\"https:\/\/academicos.uprrp.edu\/preh\/facultad\/facultad-de-ciencias-naturales\/\",\"name\":\"Facultad de Ciencias Naturales - Programa de Estudios de Honor\",\"isPartOf\":{\"@id\":\"https:\/\/academicos.uprrp.edu\/preh\/#website\"},\"datePublished\":\"2019-11-08T18:59:06+00:00\",\"dateModified\":\"2024-05-02T18:47:29+00:00\",\"breadcrumb\":{\"@id\":\"https:\/\/academicos.uprrp.edu\/preh\/facultad\/facultad-de-ciencias-naturales\/#breadcrumb\"},\"inLanguage\":\"es\",\"potentialAction\":[{\"@type\":\"ReadAction\",\"target\":[\"https:\/\/academicos.uprrp.edu\/preh\/facultad\/facultad-de-ciencias-naturales\/\"]}]},{\"@type\":\"BreadcrumbList\",\"@id\":\"https:\/\/academicos.uprrp.edu\/preh\/facultad\/facultad-de-ciencias-naturales\/#breadcrumb\",\"itemListElement\":[{\"@type\":\"ListItem\",\"position\":1,\"name\":\"Home\",\"item\":\"https:\/\/academicos.uprrp.edu\/preh\/\"},{\"@type\":\"ListItem\",\"position\":2,\"name\":\"Docentes Colaboradores\",\"item\":\"https:\/\/academicos.uprrp.edu\/preh\/facultad\/\"},{\"@type\":\"ListItem\",\"position\":3,\"name\":\"Facultad de Ciencias Naturales\"}]},{\"@type\":\"WebSite\",\"@id\":\"https:\/\/academicos.uprrp.edu\/preh\/#website\",\"url\":\"https:\/\/academicos.uprrp.edu\/preh\/\",\"name\":\"Programa de Estudios de Honor\",\"description\":\"\",\"potentialAction\":[{\"@type\":\"SearchAction\",\"target\":{\"@type\":\"EntryPoint\",\"urlTemplate\":\"https:\/\/academicos.uprrp.edu\/preh\/?s={search_term_string}\"},\"query-input\":{\"@type\":\"PropertyValueSpecification\",\"valueRequired\":true,\"valueName\":\"search_term_string\"}}],\"inLanguage\":\"es\"}]}<\/script>\n<!-- \/ Yoast SEO plugin. -->","yoast_head_json":{"title":"Facultad de Ciencias Naturales - Programa de Estudios de Honor","robots":{"index":"index","follow":"follow","max-snippet":"max-snippet:-1","max-image-preview":"max-image-preview:large","max-video-preview":"max-video-preview:-1"},"canonical":"https:\/\/academicos.uprrp.edu\/preh\/facultad\/facultad-de-ciencias-naturales\/","og_locale":"es_ES","og_type":"article","og_title":"Facultad de Ciencias Naturales - Programa de Estudios de Honor","og_url":"https:\/\/academicos.uprrp.edu\/preh\/facultad\/facultad-de-ciencias-naturales\/","og_site_name":"Programa de Estudios de Honor","article_modified_time":"2024-05-02T18:47:29+00:00","twitter_card":"summary_large_image","twitter_misc":{"Est. reading time":"1 minuto"},"schema":{"@context":"https:\/\/schema.org","@graph":[{"@type":"WebPage","@id":"https:\/\/academicos.uprrp.edu\/preh\/facultad\/facultad-de-ciencias-naturales\/","url":"https:\/\/academicos.uprrp.edu\/preh\/facultad\/facultad-de-ciencias-naturales\/","name":"Facultad de Ciencias Naturales - Programa de Estudios de Honor","isPartOf":{"@id":"https:\/\/academicos.uprrp.edu\/preh\/#website"},"datePublished":"2019-11-08T18:59:06+00:00","dateModified":"2024-05-02T18:47:29+00:00","breadcrumb":{"@id":"https:\/\/academicos.uprrp.edu\/preh\/facultad\/facultad-de-ciencias-naturales\/#breadcrumb"},"inLanguage":"es","potentialAction":[{"@type":"ReadAction","target":["https:\/\/academicos.uprrp.edu\/preh\/facultad\/facultad-de-ciencias-naturales\/"]}]},{"@type":"BreadcrumbList","@id":"https:\/\/academicos.uprrp.edu\/preh\/facultad\/facultad-de-ciencias-naturales\/#breadcrumb","itemListElement":[{"@type":"ListItem","position":1,"name":"Home","item":"https:\/\/academicos.uprrp.edu\/preh\/"},{"@type":"ListItem","position":2,"name":"Docentes Colaboradores","item":"https:\/\/academicos.uprrp.edu\/preh\/facultad\/"},{"@type":"ListItem","position":3,"name":"Facultad de Ciencias Naturales"}]},{"@type":"WebSite","@id":"https:\/\/academicos.uprrp.edu\/preh\/#website","url":"https:\/\/academicos.uprrp.edu\/preh\/","name":"Programa de Estudios de Honor","description":"","potentialAction":[{"@type":"SearchAction","target":{"@type":"EntryPoint","urlTemplate":"https:\/\/academicos.uprrp.edu\/preh\/?s={search_term_string}"},"query-input":{"@type":"PropertyValueSpecification","valueRequired":true,"valueName":"search_term_string"}}],"inLanguage":"es"}]}},"_links":{"self":[{"href":"https:\/\/academicos.uprrp.edu\/preh\/wp-json\/wp\/v2\/pages\/2729","targetHints":{"allow":["GET"]}}],"collection":[{"href":"https:\/\/academicos.uprrp.edu\/preh\/wp-json\/wp\/v2\/pages"}],"about":[{"href":"https:\/\/academicos.uprrp.edu\/preh\/wp-json\/wp\/v2\/types\/page"}],"author":[{"embeddable":true,"href":"https:\/\/academicos.uprrp.edu\/preh\/wp-json\/wp\/v2\/users\/9"}],"replies":[{"embeddable":true,"href":"https:\/\/academicos.uprrp.edu\/preh\/wp-json\/wp\/v2\/comments?post=2729"}],"version-history":[{"count":1,"href":"https:\/\/academicos.uprrp.edu\/preh\/wp-json\/wp\/v2\/pages\/2729\/revisions"}],"predecessor-version":[{"id":10829,"href":"https:\/\/academicos.uprrp.edu\/preh\/wp-json\/wp\/v2\/pages\/2729\/revisions\/10829"}],"up":[{"embeddable":true,"href":"https:\/\/academicos.uprrp.edu\/preh\/wp-json\/wp\/v2\/pages\/345"}],"wp:attachment":[{"href":"https:\/\/academicos.uprrp.edu\/preh\/wp-json\/wp\/v2\/media?parent=2729"}],"curies":[{"name":"wp","href":"https:\/\/api.w.org\/{rel}","templated":true}]}}