{"id":2648,"date":"2019-10-29T16:15:55","date_gmt":"2019-10-29T20:15:55","guid":{"rendered":"http:\/\/preh.uprrp.edu\/?page_id=2648"},"modified":"2024-10-01T11:14:03","modified_gmt":"2024-10-01T15:14:03","slug":"contornos","status":"publish","type":"page","link":"https:\/\/academicos.uprrp.edu\/preh\/nuestros-estudiantes\/contornos\/","title":{"rendered":"Revista Contornos"},"content":{"rendered":"\r\n<p><a href=\"https:\/\/academicos.uprrp.edu\/preh\/wp-content\/uploads\/sites\/6\/2024\/10\/Revista-Contornos-Vol-XXI-No-1.pdf\">Revista Contornos Vol XXI No 1<\/a><\/p>\r\n<p>&nbsp;<\/p>\r\n<p><strong>CONVOCATORIA DE LA REVISTA CONTORNOS<br \/>Fecha l\u00edmite: 15 de abril de 2024<\/strong><\/p>\r\n\r\n\r\n\r\n<p>Con gran alegr\u00eda la Asociaci\u00f3n de Estudiantes del Programa de Estudios de Honor anuncia la\u00a0convocatoria XXI para la revista interdisciplinaria, Contornos. Nuestra meta es fomentar la\u00a0conexi\u00f3n entre estudiantes y exponer sus proyectos creativos o trabajos investigativos. Queremos\u00a0que los estudiantes se expresen y dejen saber su sentir. El tema ser\u00e1 libre. La Revista se publicar\u00e1 digitalmente a trav\u00e9s del Sistema de Bibliotecas. Consistir\u00e1 de dos secciones:<\/p>\r\n\r\n\r\n\r\n<ul class=\"wp-block-list\">\r\n<li>res\u00famenes de art\u00edculos de investigaci\u00f3n<\/li>\r\n\r\n\r\n\r\n<li>trabajos creativos<\/li>\r\n<\/ul>\r\n\r\n\r\n\r\n<p>Se aceptar\u00e1n las siguientes categor\u00edas:<\/p>\r\n\r\n\r\n\r\n<ul class=\"wp-block-list\">\r\n<li>Ensayos<\/li>\r\n\r\n\r\n\r\n<li>Cuentos<\/li>\r\n\r\n\r\n\r\n<li>Poemas<\/li>\r\n\r\n\r\n\r\n<li>Rese\u00f1as<\/li>\r\n\r\n\r\n\r\n<li>Trabajos visuales (pintura, fotograf\u00eda, entre otros)<\/li>\r\n\r\n\r\n\r\n<li>Obras de teatro<\/li>\r\n\r\n\r\n\r\n<li>Columnas de opini\u00f3n<\/li>\r\n\r\n\r\n\r\n<li>Res\u00famenes de tesina o investigaci\u00f3n<\/li>\r\n<\/ul>\r\n\r\n\r\n\r\n<p>Se aceptar\u00e1 un m\u00e1ximo de dos trabajos por categor\u00eda. Es requerido ser estudiante subgraduado\u00a0de UPR &#8211; Recinto de R\u00edo Piedras. Se estar\u00e1n aceptando trabajos originales escritos en espa\u00f1ol,\u00a0ingl\u00e9s o \u201cspanglish\u201d. El nombre del autor no deber\u00e1 aparecer en el archivo sometido, s\u00f3lo en el\u00a0formulario. Para m\u00e1s informaci\u00f3n comun\u00edquese con los editores de la revista:\u00a0<a href=\"mailto:contornos.upr@gmail.com\" target=\"_blank\" rel=\"noreferrer noopener\">contornos.upr@gmail.com<\/a><\/p>\r\n\r\n\r\n\r\n<p><strong>Acceda la gu\u00eda para publicar y el\u00a0formulario en:<\/strong> <a href=\"https:\/\/forms.gle\/fAapV5VuCyGunKKn6\" target=\"_blank\" rel=\"noreferrer noopener\">https:\/\/forms.gle\/fAapV5VuCyGunKKn6<\/a><\/p>\r\n","protected":false},"excerpt":{"rendered":"<p>Revista Contornos Vol XXI No 1 &nbsp; CONVOCATORIA DE LA REVISTA CONTORNOSFecha l\u00edmite: 15 de abril de 2024 Con gran alegr\u00eda la Asociaci\u00f3n de Estudiantes del Programa de Estudios de Honor anuncia la\u00a0convocatoria XXI para la revista interdisciplinaria, Contornos. Nuestra &hellip; <\/p>\n","protected":false},"author":9,"featured_media":0,"parent":247,"menu_order":0,"comment_status":"closed","ping_status":"closed","template":"","meta":{"_monsterinsights_skip_tracking":false,"_monsterinsights_sitenote_active":false,"_monsterinsights_sitenote_note":"","_monsterinsights_sitenote_category":0,"footnotes":""},"class_list":["post-2648","page","type-page","status-publish","hentry"],"yoast_head":"<!-- This site is optimized with the Yoast SEO plugin v27.2 - https:\/\/yoast.com\/product\/yoast-seo-wordpress\/ -->\n<title>Revista Contornos - Programa de Estudios de Honor<\/title>\n<meta name=\"robots\" content=\"index, follow, max-snippet:-1, max-image-preview:large, max-video-preview:-1\" \/>\n<link rel=\"canonical\" href=\"https:\/\/academicos.uprrp.edu\/preh\/nuestros-estudiantes\/contornos\/\" \/>\n<meta property=\"og:locale\" content=\"es_ES\" \/>\n<meta property=\"og:type\" content=\"article\" \/>\n<meta property=\"og:title\" content=\"Revista Contornos - Programa de Estudios de Honor\" \/>\n<meta property=\"og:description\" content=\"Revista Contornos Vol XXI No 1 &nbsp; CONVOCATORIA DE LA REVISTA CONTORNOSFecha l\u00edmite: 15 de abril de 2024 Con gran alegr\u00eda la Asociaci\u00f3n de Estudiantes del Programa de Estudios de Honor anuncia la\u00a0convocatoria XXI para la revista interdisciplinaria, Contornos. Nuestra &hellip;\" \/>\n<meta property=\"og:url\" content=\"https:\/\/academicos.uprrp.edu\/preh\/nuestros-estudiantes\/contornos\/\" \/>\n<meta property=\"og:site_name\" content=\"Programa de Estudios de Honor\" \/>\n<meta property=\"article:modified_time\" content=\"2024-10-01T15:14:03+00:00\" \/>\n<meta name=\"twitter:card\" content=\"summary_large_image\" \/>\n<meta name=\"twitter:label1\" content=\"Est. reading time\" \/>\n\t<meta name=\"twitter:data1\" content=\"1 minuto\" \/>\n<script type=\"application\/ld+json\" class=\"yoast-schema-graph\">{\"@context\":\"https:\/\/schema.org\",\"@graph\":[{\"@type\":\"WebPage\",\"@id\":\"https:\/\/academicos.uprrp.edu\/preh\/nuestros-estudiantes\/contornos\/\",\"url\":\"https:\/\/academicos.uprrp.edu\/preh\/nuestros-estudiantes\/contornos\/\",\"name\":\"Revista Contornos - Programa de Estudios de Honor\",\"isPartOf\":{\"@id\":\"https:\/\/academicos.uprrp.edu\/preh\/#website\"},\"datePublished\":\"2019-10-29T20:15:55+00:00\",\"dateModified\":\"2024-10-01T15:14:03+00:00\",\"breadcrumb\":{\"@id\":\"https:\/\/academicos.uprrp.edu\/preh\/nuestros-estudiantes\/contornos\/#breadcrumb\"},\"inLanguage\":\"es\",\"potentialAction\":[{\"@type\":\"ReadAction\",\"target\":[\"https:\/\/academicos.uprrp.edu\/preh\/nuestros-estudiantes\/contornos\/\"]}]},{\"@type\":\"BreadcrumbList\",\"@id\":\"https:\/\/academicos.uprrp.edu\/preh\/nuestros-estudiantes\/contornos\/#breadcrumb\",\"itemListElement\":[{\"@type\":\"ListItem\",\"position\":1,\"name\":\"Home\",\"item\":\"https:\/\/academicos.uprrp.edu\/preh\/\"},{\"@type\":\"ListItem\",\"position\":2,\"name\":\"Nuestros Estudiantes\",\"item\":\"https:\/\/academicos.uprrp.edu\/preh\/nuestros-estudiantes\/\"},{\"@type\":\"ListItem\",\"position\":3,\"name\":\"Revista Contornos\"}]},{\"@type\":\"WebSite\",\"@id\":\"https:\/\/academicos.uprrp.edu\/preh\/#website\",\"url\":\"https:\/\/academicos.uprrp.edu\/preh\/\",\"name\":\"Programa de Estudios de Honor\",\"description\":\"\",\"potentialAction\":[{\"@type\":\"SearchAction\",\"target\":{\"@type\":\"EntryPoint\",\"urlTemplate\":\"https:\/\/academicos.uprrp.edu\/preh\/?s={search_term_string}\"},\"query-input\":{\"@type\":\"PropertyValueSpecification\",\"valueRequired\":true,\"valueName\":\"search_term_string\"}}],\"inLanguage\":\"es\"}]}<\/script>\n<!-- \/ Yoast SEO plugin. -->","yoast_head_json":{"title":"Revista Contornos - Programa de Estudios de Honor","robots":{"index":"index","follow":"follow","max-snippet":"max-snippet:-1","max-image-preview":"max-image-preview:large","max-video-preview":"max-video-preview:-1"},"canonical":"https:\/\/academicos.uprrp.edu\/preh\/nuestros-estudiantes\/contornos\/","og_locale":"es_ES","og_type":"article","og_title":"Revista Contornos - Programa de Estudios de Honor","og_description":"Revista Contornos Vol XXI No 1 &nbsp; CONVOCATORIA DE LA REVISTA CONTORNOSFecha l\u00edmite: 15 de abril de 2024 Con gran alegr\u00eda la Asociaci\u00f3n de Estudiantes del Programa de Estudios de Honor anuncia la\u00a0convocatoria XXI para la revista interdisciplinaria, Contornos. Nuestra &hellip;","og_url":"https:\/\/academicos.uprrp.edu\/preh\/nuestros-estudiantes\/contornos\/","og_site_name":"Programa de Estudios de Honor","article_modified_time":"2024-10-01T15:14:03+00:00","twitter_card":"summary_large_image","twitter_misc":{"Est. reading time":"1 minuto"},"schema":{"@context":"https:\/\/schema.org","@graph":[{"@type":"WebPage","@id":"https:\/\/academicos.uprrp.edu\/preh\/nuestros-estudiantes\/contornos\/","url":"https:\/\/academicos.uprrp.edu\/preh\/nuestros-estudiantes\/contornos\/","name":"Revista Contornos - Programa de Estudios de Honor","isPartOf":{"@id":"https:\/\/academicos.uprrp.edu\/preh\/#website"},"datePublished":"2019-10-29T20:15:55+00:00","dateModified":"2024-10-01T15:14:03+00:00","breadcrumb":{"@id":"https:\/\/academicos.uprrp.edu\/preh\/nuestros-estudiantes\/contornos\/#breadcrumb"},"inLanguage":"es","potentialAction":[{"@type":"ReadAction","target":["https:\/\/academicos.uprrp.edu\/preh\/nuestros-estudiantes\/contornos\/"]}]},{"@type":"BreadcrumbList","@id":"https:\/\/academicos.uprrp.edu\/preh\/nuestros-estudiantes\/contornos\/#breadcrumb","itemListElement":[{"@type":"ListItem","position":1,"name":"Home","item":"https:\/\/academicos.uprrp.edu\/preh\/"},{"@type":"ListItem","position":2,"name":"Nuestros Estudiantes","item":"https:\/\/academicos.uprrp.edu\/preh\/nuestros-estudiantes\/"},{"@type":"ListItem","position":3,"name":"Revista Contornos"}]},{"@type":"WebSite","@id":"https:\/\/academicos.uprrp.edu\/preh\/#website","url":"https:\/\/academicos.uprrp.edu\/preh\/","name":"Programa de Estudios de Honor","description":"","potentialAction":[{"@type":"SearchAction","target":{"@type":"EntryPoint","urlTemplate":"https:\/\/academicos.uprrp.edu\/preh\/?s={search_term_string}"},"query-input":{"@type":"PropertyValueSpecification","valueRequired":true,"valueName":"search_term_string"}}],"inLanguage":"es"}]}},"_links":{"self":[{"href":"https:\/\/academicos.uprrp.edu\/preh\/wp-json\/wp\/v2\/pages\/2648","targetHints":{"allow":["GET"]}}],"collection":[{"href":"https:\/\/academicos.uprrp.edu\/preh\/wp-json\/wp\/v2\/pages"}],"about":[{"href":"https:\/\/academicos.uprrp.edu\/preh\/wp-json\/wp\/v2\/types\/page"}],"author":[{"embeddable":true,"href":"https:\/\/academicos.uprrp.edu\/preh\/wp-json\/wp\/v2\/users\/9"}],"replies":[{"embeddable":true,"href":"https:\/\/academicos.uprrp.edu\/preh\/wp-json\/wp\/v2\/comments?post=2648"}],"version-history":[{"count":3,"href":"https:\/\/academicos.uprrp.edu\/preh\/wp-json\/wp\/v2\/pages\/2648\/revisions"}],"predecessor-version":[{"id":12285,"href":"https:\/\/academicos.uprrp.edu\/preh\/wp-json\/wp\/v2\/pages\/2648\/revisions\/12285"}],"up":[{"embeddable":true,"href":"https:\/\/academicos.uprrp.edu\/preh\/wp-json\/wp\/v2\/pages\/247"}],"wp:attachment":[{"href":"https:\/\/academicos.uprrp.edu\/preh\/wp-json\/wp\/v2\/media?parent=2648"}],"curies":[{"name":"wp","href":"https:\/\/api.w.org\/{rel}","templated":true}]}}