{"id":2472,"date":"2019-09-30T10:05:53","date_gmt":"2019-09-30T14:05:53","guid":{"rendered":"http:\/\/preh.uprrp.edu\/?page_id=2472"},"modified":"2026-02-23T14:51:00","modified_gmt":"2026-02-23T18:51:00","slug":"becas","status":"publish","type":"page","link":"https:\/\/academicos.uprrp.edu\/preh\/becas-internados\/becas\/","title":{"rendered":"Becas"},"content":{"rendered":"\r\n<h4 class=\"wp-block-heading\">\r\n\r\n<\/h4>\r\n\r\n\r\n\n<table id=\"tablepress-1\" class=\"tablepress tablepress-id-1\">\n<thead>\n<tr class=\"row-1\">\n\t<th class=\"column-1\">Nombre<\/th><th class=\"column-2\">\u00c1reas de estudio<\/th>\n<\/tr>\n<\/thead>\n<tbody class=\"row-striping row-hover\">\n<tr class=\"row-2\">\n\t<td class=\"column-1\">Nombre<\/td><td class=\"column-2\">Antropolog\u00eda, humanidades, ciencia y tecnolog\u00eda<\/td>\n<\/tr>\n<tr class=\"row-3\">\n\t<td class=\"column-1\"><a href=\"https:\/\/www.acls.org\/fellowship-grant-programs\/\"> American Council of Learned Societies<\/a><\/br> Es una de las principales instituciones privadas que apoya a estudiantes en humanidades y ciencias sociales a nivel de doctorado y posdoctorado<\/td><td class=\"column-2\">Humanidades y ciencias sociales<\/td>\n<\/tr>\n<tr class=\"row-4\">\n\t<td class=\"column-1\"><a href=\"https:\/\/www.fordfoundation.org\/work\/investing-in-individuals\/the-ford-global-fellowship\/\">Ford Foundation Fellowship Programs<\/a><\/br>Programa de becas para estudios doctorales<\/td><td class=\"column-2\">Todas<\/td>\n<\/tr>\n<tr class=\"row-5\">\n\t<td class=\"column-1\"><a href=\"https:\/\/fundforeducationabroad.org\/\"> Fund for Education Abroad<\/a><\/br>La misi\u00f3n del Fund For Education Abroad es proporcionar becas y apoyo continuo a los estudiantes que est\u00e1n subrepresentados entre la poblaci\u00f3n estadounidense que estudia en el extranjero.<\/td><td class=\"column-2\">Todas<\/td>\n<\/tr>\n<tr class=\"row-6\">\n\t<td class=\"column-1\"><a href=\"https:\/\/www.hsf.net\/\">Hispanic Scholarship Fund<\/a><br \/>\nPrograma de ayuda finaciera para estudiantes hispanos subgraduados o graduados que interesan estudiar en una universidad en los EE.UU.<\/td><td class=\"column-2\">Todas<\/td>\n<\/tr>\n<tr class=\"row-7\">\n\t<td class=\"column-1\"><a href=\"https:\/\/www.iie.org\/\">The Institute of International Education<\/a><\/br>Desarrolla e implementa programas de formaci\u00f3n y becas incluido el apoyo a los programas emblem\u00e1ticos de intercambio educativo y cultural de los Departamentos de Estado y Defensa de EE. UU.<\/td><td class=\"column-2\">Todas<\/td>\n<\/tr>\n<tr class=\"row-8\">\n\t<td class=\"column-1\"><a href=\"https:\/\/www.ppiaprogram.org\/fellowship\">Junior Summer Institute Fellowship Program (Public Policy and International Affairs Program)<\/a><br \/>\nPrograma de becas para preparar a los estudiantes para estudios graduados o un t\u00edtulo conjunto en Pol\u00edtica P\u00fablica, Administraci\u00f3n P\u00fablica, Asuntos Internacionales o alg\u00fan otro campo relacionado<\/td><td class=\"column-2\">Todas<\/td>\n<\/tr>\n<tr class=\"row-9\">\n\t<td class=\"column-1\"><a href=\"https:\/\/www.marshallscholarship.org\/\"> Marshall Scholarships<\/a><br \/>\nPrograma de becas para estudios graduados en el Reino Unido<br \/>\n<\/td><td class=\"column-2\">Todas<\/td>\n<\/tr>\n<tr class=\"row-10\">\n\t<td class=\"column-1\"><a href=\"https:\/\/apsanet.org\/diversity\/diversity-fellowship-program\/mfp-application\/\"> American Political Science Association Minority Fellows Program<\/a><br \/>\nPrograma de becas para estudiantes de minor\u00eda interesados en obtener un doctorado en el campo de las Ciencias Pol\u00edticas<\/td><td class=\"column-2\">Todas <br \/>\n<br \/>\n(necesita estar matriculado en un programa doctoral de Ciencias Pol\u00edticas)<\/td>\n<\/tr>\n<tr class=\"row-11\">\n\t<td class=\"column-1\"><a href=\"https:\/\/oge.mit.edu\/msrp\/\"> MIT Summer Research Program <\/a> <br \/>\nhe MIT Summer Research Program (MSRP) seeks to promote graduate education as a meaningful and attainable goal; broaden perspectives and participation in research and innovation; prepare and recruit talented undergraduates for graduate programs at MIT and beyond.<\/td><td class=\"column-2\"> Arquitectura y Planificaci\u00f3n, Ingenier\u00eda<br \/>\nFacultad de Humanidades, Artes y Ciencias Sociales<br \/>\n Administrsci\u00f3n, Ciencias<\/td>\n<\/tr>\n<tr class=\"row-12\">\n\t<td class=\"column-1\"><a href=\"https:\/\/www.nsfgrfp.org\/\">National Science Foundation Graduate Research Fellowship Program<\/a> Este programa ofrece apoyo a estudiantes graduados sobresalientes que est\u00e1n cursando maestr\u00edas y doctorados basados \u200b\u200ben investigaci\u00f3n de tiempo completo en ciencia, tecnolog\u00eda, ingenier\u00eda y matem\u00e1ticas (STEM) o en educaci\u00f3n STEM. <\/td><td class=\"column-2\"> Ciencia, Tecnolog\u00eda, Ingenier\u00eda o Matem\u00e1ticas (STEM) o Educaci\u00f3n en STEM<\/td>\n<\/tr>\n<tr class=\"row-13\">\n\t<td class=\"column-1\"><a href=\"https:\/\/rangelprogram.org\/graduate-fellowship-program\/\">Rangel Graduate Fellowship<\/a> Programa de verano para estudiantes  en su ultimo a\u00f1o de estudios interesados en estudios graduados en una universidad de EE.UU. en un \u00e1rea relevante para el Servicio Exterior del Departamento de Estado de EE.UU.<\/td><td class=\"column-2\">Todas<\/td>\n<\/tr>\n<tr class=\"row-14\">\n\t<td class=\"column-1\"><a href=\"https:\/\/www.schwarzmanscholars.org\/\">Schwarzman Scholars<\/a><br \/>\nPrograma de becas para obtener un grado de maestr\u00eda en un a\u00f1o en Asuntos Globales en la Universidad de Tsingchua en China<br \/>\n<\/td><td class=\"column-2\">Todas<\/td>\n<\/tr>\n<tr class=\"row-15\">\n\t<td class=\"column-1\"><a href=\"https:\/\/www.si.edu\/ofi\">Smithonian Fellowship &amp; Internship Opportunities<\/a><br \/>\nSmithonian ofrece una variedad de oportunidades de becas tanto auspiciadas por las unidades que componen la instituci\u00f3n como centralmente para colocar a los becarios a trav\u00e9s de toda la organizaci\u00f3n.<\/td><td class=\"column-2\">Todas<\/td>\n<\/tr>\n<tr class=\"row-16\">\n\t<td class=\"column-1\"><a href=\"https:\/\/upraa.org\/scholarship\">University of Puerto Rico Alumni and Friends Abroad <\/a><br \/>\nOfrece  becas basadas en el rendimiento acad\u00e9mico y la necesidad financiera. <\/td><td class=\"column-2\">Cualquier disciplina en cualquiera de los campus de la Universidad de Puerto Rico <\/td>\n<\/tr>\n<tr class=\"row-17\">\n\t<td class=\"column-1\"><a href=\"https:\/\/www.truman.gov\/\">The Harry S. Truman Scholarship Foundation<\/a><br \/>\nPrograma de becas para estudiantes subgraduados en su tercer a\u00f1o interesados en estudios graduados y dedicarse al servicio p\u00fablico<\/td><td class=\"column-2\">Todas<br \/>\n<\/td>\n<\/tr>\n<tr class=\"row-18\">\n\t<td class=\"column-1\"><a href=\"https:\/\/www.gilmanscholarship.org\/\" rel=\"noopener\" target=\"_blank\">Benjamin A. Gilman International Scholarship<\/a><br \/>\nEl programa tiene como objetivo animar a los estudiantes a estudiar y hacer pr\u00e1cticas en una amplia gama de pa\u00edses o \u00e1reas y regiones del mundo. Permite a los estudiantes estudiar o trabajar en el extranjero, adquiriendo habilidades cr\u00edticas.<\/td><td class=\"column-2\">Todas<\/td>\n<\/tr>\n<tr class=\"row-19\">\n\t<td class=\"column-1\"><a href=\"https:\/\/us.fulbrightonline.org\/\">Fulbright US Student Program<\/a><br \/>\nProgramas de becas para estudios subgraduados o graduados, o investigaci\u00f3n en el extranjero<\/td><td class=\"column-2\">Todas<\/td>\n<\/tr>\n<tr class=\"row-20\">\n\t<td class=\"column-1\"><a href=\"https:\/\/www.borenawards.org\/\">Boren Awards<\/a><br \/>\nEl programa financea estudios e investigaciones en el extranjero. Los becarios cursan un semestre nacional (primavera) y otro internacional (oto\u00f1o), con la oportunidad de continuar los estudios en el extranjero hasta la primavera. De esa manera, se fomenta el estudio de lenguaje y cultura en el extranjero. <\/td><td class=\"column-2\">Refi\u00e9rase a este enlace: <a href=\"https:\/\/bit.ly\/34Dz3aL\" rel=\"noopener\" target=\"_blank\">https:\/\/bit.ly\/34Dz3aL<\/a><\/td>\n<\/tr>\n<tr class=\"row-21\">\n\t<td class=\"column-1\"><a href=\"https:\/\/clscholarship.org\/\">Critical Language Scholarship Program<\/a><br \/>\nPrograma de becas para aprender un lenguaje en el pa\u00eds de origen<br \/>\n<\/td><td class=\"column-2\">Todas<\/td>\n<\/tr>\n<tr class=\"row-22\">\n\t<td class=\"column-1\"><a href=\"https:\/\/academicos.uprrp.edu\/preh\/mellon-mays-undergraduate-fellowship-program\/\" rel=\"noopener\" target=\"_blank\">Mellon Mays<\/a><br \/>\nEl Programa de la Beca Subgraduada Mellon Mays (MMUF, por sus siglas en ingl\u00e9s) del Recinto de R\u00edo Piedras recibe una subvenci\u00f3n de la Fundaci\u00f3n Andrew W. Mellon.  Esta es una prestigiosa beca que ofrece estipendios  por dos a\u00f1os a un grupo selecto de estudiantes subgraduados para llevar a cabo una investigaci\u00f3n. El estudiante deber\u00e1 tener planes concretos de estudiar un PhD en uno de los campos de estudio elegibles, y de dedicarse a la docencia y\/o a la investigaci\u00f3n en el nivel universitario una vez culmine el PhD.<\/td><td class=\"column-2\"><\/td>\n<\/tr>\n<tr class=\"row-23\">\n\t<td class=\"column-1\"><a href=\"https:\/\/www.rhodeshouse.ox.ac.uk\/scholarships\/the-rhodes-scholarship\/\"> The Rhodes Scholarship<\/a><br \/>\nPrograma de becas para estudios graduados en la Universidad de Oxford en Inglaterra<br \/>\n<\/td><td class=\"column-2\">Todas<\/td>\n<\/tr>\n<tr class=\"row-24\">\n\t<td class=\"column-1\"><a href=\"https:\/\/hacu.net\/programs\/\">HACU Scholarhips<\/a><br \/>\n<\/td><td class=\"column-2\">Todas<\/td>\n<\/tr>\n<tr class=\"row-25\">\n\t<td class=\"column-1\"><a href=\"http:\/\/www.brookeowensfellowship.org\/\">Brooke Owens Fellowship Program<\/a> <br \/>\nEst\u00e1 dise\u00f1ada para servir como inspiraci\u00f3n y como impulso profesional para mujeres j\u00f3venes capaces y otras minor\u00edas de g\u00e9nero que aspiran a explorar  la industria aeroespacial<\/td><td class=\"column-2\">Aeroespacial<\/td>\n<\/tr>\n<tr class=\"row-26\">\n\t<td class=\"column-1\"><a href=\"https:\/\/www.google.com\/about\/careers\/applications\/buildyourfuture\/scholarships\">Google Scholarships<\/a><br \/>\nOfrece becas para estudiantes con el objetivo de apoyar e inspirar la b\u00fasqueda de carreras en tecnolog\u00eda.<\/td><td class=\"column-2\">STEM<\/td>\n<\/tr>\n<tr class=\"row-27\">\n\t<td class=\"column-1\"><a href=\"https:\/\/www.kinesispr.org\/\"> Fundaci\u00f3n Kinesis<\/a> <br \/>\nBrinda oportunidades de financiamiento para sus estudios de estudiantes de bachillerato, maestr\u00eda y doctorado<br \/>\n<br \/>\n<\/td><td class=\"column-2\">Todas<\/td>\n<\/tr>\n<tr class=\"row-28\">\n\t<td class=\"column-1\"><a href=\"https:\/\/prlsamp.upr.edu\/\"> PR-LSAMP<\/a> <br \/>\nOportunidad de beca de investigaci\u00f3n para estudiantes subgraduados.<\/td><td class=\"column-2\">Ciencias, Matem\u00e1tica e Ingenier\u00eda (STEM).<\/td>\n<\/tr>\n<tr class=\"row-29\">\n\t<td class=\"column-1\"><a href=\"https:\/\/goldwaterscholarship.gov\/\">Barry Goldwater Scholarships<br \/>\n<\/a>Beca para estudiantes que cursan bachilleratos relacionados a disciplinas STEM.<\/td><td class=\"column-2\">Qu\u00edmica, Ciencias e Ingenier\u00eda de la Informaci\u00f3n y la Computaci\u00f3n, Ingenier\u00eda, Geociencias, Ciencias de la Vida, Investigaci\u00f3n de Materiales, Ciencias Matem\u00e1ticas, F\u00edsica y Astronom\u00eda, Psicolog\u00eda, Medicia y Veterinaria<\/td>\n<\/tr>\n<tr class=\"row-30\">\n\t<td class=\"column-1\"><a href=\"https:\/\/us.fulbrightonline.org\/\"> Fulbright US Student Program<\/a>  El Programa Fulbright para Estudiantes Estadounidenses ampl\u00eda perspectivas a trav\u00e9s del desarrollo acad\u00e9mico y profesional y el di\u00e1logo intercultural. Fulbright crea conexiones en un mundo complejo y cambiante. En colaboraci\u00f3n con m\u00e1s de 140 pa\u00edses de todo el mundo, el Programa Fulbright para estudiantes estadounidenses ofrece oportunidades inigualables en todas las disciplinas acad\u00e9micas a estudiantes universitarios, estudiantes de posgrado y j\u00f3venes profesionales apasionados y competentes de todos los \u00e1mbitos. Los participantes del programa cursan estudios de posgrado, realizan investigaciones o ense\u00f1an ingl\u00e9s en el extranjero. <\/td><td class=\"column-2\">Todas<\/td>\n<\/tr>\n<\/tbody>\n<\/table>\n<!-- #tablepress-1 from cache -->\n<h5 class=\"has-medium-font-size\">\u00a0<\/h5>\n\r\n\r\n\r\n\r\n\r\n<p>&nbsp;<\/p>\r\n","protected":false},"excerpt":{"rendered":"<p>&nbsp;<\/p>\n","protected":false},"author":9,"featured_media":0,"parent":4761,"menu_order":0,"comment_status":"closed","ping_status":"closed","template":"","meta":{"_monsterinsights_skip_tracking":false,"_monsterinsights_sitenote_active":false,"_monsterinsights_sitenote_note":"","_monsterinsights_sitenote_category":0,"footnotes":""},"class_list":["post-2472","page","type-page","status-publish","hentry"],"yoast_head":"<!-- This site is optimized with the Yoast SEO plugin v27.2 - https:\/\/yoast.com\/product\/yoast-seo-wordpress\/ -->\n<title>Becas - Programa de Estudios de Honor<\/title>\n<meta name=\"robots\" content=\"index, follow, max-snippet:-1, max-image-preview:large, max-video-preview:-1\" \/>\n<link rel=\"canonical\" href=\"https:\/\/academicos.uprrp.edu\/preh\/becas-internados\/becas\/\" \/>\n<meta property=\"og:locale\" content=\"es_ES\" \/>\n<meta property=\"og:type\" content=\"article\" \/>\n<meta property=\"og:title\" content=\"Becas - Programa de Estudios de Honor\" \/>\n<meta property=\"og:description\" content=\"&nbsp;\" \/>\n<meta property=\"og:url\" content=\"https:\/\/academicos.uprrp.edu\/preh\/becas-internados\/becas\/\" \/>\n<meta property=\"og:site_name\" content=\"Programa de Estudios de Honor\" \/>\n<meta property=\"article:modified_time\" content=\"2026-02-23T18:51:00+00:00\" \/>\n<meta name=\"twitter:card\" content=\"summary_large_image\" \/>\n<meta name=\"twitter:label1\" content=\"Est. reading time\" \/>\n\t<meta name=\"twitter:data1\" content=\"1 minuto\" \/>\n<script type=\"application\/ld+json\" class=\"yoast-schema-graph\">{\"@context\":\"https:\/\/schema.org\",\"@graph\":[{\"@type\":\"WebPage\",\"@id\":\"https:\/\/academicos.uprrp.edu\/preh\/becas-internados\/becas\/\",\"url\":\"https:\/\/academicos.uprrp.edu\/preh\/becas-internados\/becas\/\",\"name\":\"Becas - Programa de Estudios de Honor\",\"isPartOf\":{\"@id\":\"https:\/\/academicos.uprrp.edu\/preh\/#website\"},\"datePublished\":\"2019-09-30T14:05:53+00:00\",\"dateModified\":\"2026-02-23T18:51:00+00:00\",\"breadcrumb\":{\"@id\":\"https:\/\/academicos.uprrp.edu\/preh\/becas-internados\/becas\/#breadcrumb\"},\"inLanguage\":\"es\",\"potentialAction\":[{\"@type\":\"ReadAction\",\"target\":[\"https:\/\/academicos.uprrp.edu\/preh\/becas-internados\/becas\/\"]}]},{\"@type\":\"BreadcrumbList\",\"@id\":\"https:\/\/academicos.uprrp.edu\/preh\/becas-internados\/becas\/#breadcrumb\",\"itemListElement\":[{\"@type\":\"ListItem\",\"position\":1,\"name\":\"Home\",\"item\":\"https:\/\/academicos.uprrp.edu\/preh\/\"},{\"@type\":\"ListItem\",\"position\":2,\"name\":\"Becas\/Internados\",\"item\":\"https:\/\/academicos.uprrp.edu\/preh\/becas-internados\/\"},{\"@type\":\"ListItem\",\"position\":3,\"name\":\"Becas\"}]},{\"@type\":\"WebSite\",\"@id\":\"https:\/\/academicos.uprrp.edu\/preh\/#website\",\"url\":\"https:\/\/academicos.uprrp.edu\/preh\/\",\"name\":\"Programa de Estudios de Honor\",\"description\":\"\",\"potentialAction\":[{\"@type\":\"SearchAction\",\"target\":{\"@type\":\"EntryPoint\",\"urlTemplate\":\"https:\/\/academicos.uprrp.edu\/preh\/?s={search_term_string}\"},\"query-input\":{\"@type\":\"PropertyValueSpecification\",\"valueRequired\":true,\"valueName\":\"search_term_string\"}}],\"inLanguage\":\"es\"}]}<\/script>\n<!-- \/ Yoast SEO plugin. -->","yoast_head_json":{"title":"Becas - Programa de Estudios de Honor","robots":{"index":"index","follow":"follow","max-snippet":"max-snippet:-1","max-image-preview":"max-image-preview:large","max-video-preview":"max-video-preview:-1"},"canonical":"https:\/\/academicos.uprrp.edu\/preh\/becas-internados\/becas\/","og_locale":"es_ES","og_type":"article","og_title":"Becas - Programa de Estudios de Honor","og_description":"&nbsp;","og_url":"https:\/\/academicos.uprrp.edu\/preh\/becas-internados\/becas\/","og_site_name":"Programa de Estudios de Honor","article_modified_time":"2026-02-23T18:51:00+00:00","twitter_card":"summary_large_image","twitter_misc":{"Est. reading time":"1 minuto"},"schema":{"@context":"https:\/\/schema.org","@graph":[{"@type":"WebPage","@id":"https:\/\/academicos.uprrp.edu\/preh\/becas-internados\/becas\/","url":"https:\/\/academicos.uprrp.edu\/preh\/becas-internados\/becas\/","name":"Becas - Programa de Estudios de Honor","isPartOf":{"@id":"https:\/\/academicos.uprrp.edu\/preh\/#website"},"datePublished":"2019-09-30T14:05:53+00:00","dateModified":"2026-02-23T18:51:00+00:00","breadcrumb":{"@id":"https:\/\/academicos.uprrp.edu\/preh\/becas-internados\/becas\/#breadcrumb"},"inLanguage":"es","potentialAction":[{"@type":"ReadAction","target":["https:\/\/academicos.uprrp.edu\/preh\/becas-internados\/becas\/"]}]},{"@type":"BreadcrumbList","@id":"https:\/\/academicos.uprrp.edu\/preh\/becas-internados\/becas\/#breadcrumb","itemListElement":[{"@type":"ListItem","position":1,"name":"Home","item":"https:\/\/academicos.uprrp.edu\/preh\/"},{"@type":"ListItem","position":2,"name":"Becas\/Internados","item":"https:\/\/academicos.uprrp.edu\/preh\/becas-internados\/"},{"@type":"ListItem","position":3,"name":"Becas"}]},{"@type":"WebSite","@id":"https:\/\/academicos.uprrp.edu\/preh\/#website","url":"https:\/\/academicos.uprrp.edu\/preh\/","name":"Programa de Estudios de Honor","description":"","potentialAction":[{"@type":"SearchAction","target":{"@type":"EntryPoint","urlTemplate":"https:\/\/academicos.uprrp.edu\/preh\/?s={search_term_string}"},"query-input":{"@type":"PropertyValueSpecification","valueRequired":true,"valueName":"search_term_string"}}],"inLanguage":"es"}]}},"_links":{"self":[{"href":"https:\/\/academicos.uprrp.edu\/preh\/wp-json\/wp\/v2\/pages\/2472","targetHints":{"allow":["GET"]}}],"collection":[{"href":"https:\/\/academicos.uprrp.edu\/preh\/wp-json\/wp\/v2\/pages"}],"about":[{"href":"https:\/\/academicos.uprrp.edu\/preh\/wp-json\/wp\/v2\/types\/page"}],"author":[{"embeddable":true,"href":"https:\/\/academicos.uprrp.edu\/preh\/wp-json\/wp\/v2\/users\/9"}],"replies":[{"embeddable":true,"href":"https:\/\/academicos.uprrp.edu\/preh\/wp-json\/wp\/v2\/comments?post=2472"}],"version-history":[{"count":4,"href":"https:\/\/academicos.uprrp.edu\/preh\/wp-json\/wp\/v2\/pages\/2472\/revisions"}],"predecessor-version":[{"id":13452,"href":"https:\/\/academicos.uprrp.edu\/preh\/wp-json\/wp\/v2\/pages\/2472\/revisions\/13452"}],"up":[{"embeddable":true,"href":"https:\/\/academicos.uprrp.edu\/preh\/wp-json\/wp\/v2\/pages\/4761"}],"wp:attachment":[{"href":"https:\/\/academicos.uprrp.edu\/preh\/wp-json\/wp\/v2\/media?parent=2472"}],"curies":[{"name":"wp","href":"https:\/\/api.w.org\/{rel}","templated":true}]}}