{"id":20,"date":"2018-03-28T14:14:23","date_gmt":"2018-03-28T14:14:23","guid":{"rendered":"http:\/\/preh.uprrp.edu\/?page_id=20"},"modified":"2025-03-05T11:07:52","modified_gmt":"2025-03-05T15:07:52","slug":"asociacion-de-estudiantes-del-programa-de-honor","status":"publish","type":"page","link":"https:\/\/academicos.uprrp.edu\/preh\/asociacion-de-estudiantes-del-programa-de-honor\/","title":{"rendered":"Asociaci\u00f3n de Estudiantes del Programa de Estudios de Honor"},"content":{"rendered":"\t\t<div data-elementor-type=\"wp-page\" data-elementor-id=\"20\" class=\"elementor elementor-20\">\n\t\t\t\t<div class=\"elementor-element elementor-element-6ab3822f e-flex e-con-boxed e-con e-parent\" data-id=\"6ab3822f\" data-element_type=\"container\" data-e-type=\"container\">\n\t\t\t\t\t<div class=\"e-con-inner\">\n\t\t\t\t<div class=\"elementor-element elementor-element-5ced2e4 elementor-widget elementor-widget-heading\" data-id=\"5ced2e4\" data-element_type=\"widget\" data-e-type=\"widget\" data-widget_type=\"heading.default\">\n\t\t\t\t<div class=\"elementor-widget-container\">\n\t\t\t\t\t<h2 class=\"elementor-heading-title elementor-size-default\">Asociaci\u00f3n de Estudiantes del Programa de Estudios de Honor<\/h2>\t\t\t\t<\/div>\n\t\t\t\t<\/div>\n\t\t\t\t<div class=\"elementor-element elementor-element-7ce07341 elementor-widget elementor-widget-text-editor\" data-id=\"7ce07341\" data-element_type=\"widget\" data-e-type=\"widget\" data-widget_type=\"text-editor.default\">\n\t\t\t\t<div class=\"elementor-widget-container\">\n\t\t\t\t\t\t\t\t\t\n<p><span style=\"color: #000000\">La<em> Asociaci\u00f3n de Estudiantes del Programa de Estudios de Honor<\/em>\u00a0(AEPREH)<em>\u00a0<\/em>es una organizaci\u00f3n estudiantil que promueve el inter\u00e9s por la investigaci\u00f3n a nivel subgraduado siendo a su vez una modalidad acad\u00e9mica innovadora cuyo enfoque es de car\u00e1cter integrador e interdisciplinario. Esta persigue dotar a los estudiantes de ofrecimientos curriculares y extracurriculares que los dirijan a continuar estudios graduados. La AEPREH, junto al Programa de Estudios de Honor (PREH), organiza conferencias y todo tipo de actividades con los recursos vitales para orientar a todos los estudiantes de todas las disciplinas del Recinto en el proceso de solicitar internados de verano y escuela graduada.\u00a0<\/span><\/p>\n\n<p><strong>Instagram:<\/strong> aepreh<\/p>\n\t\t\t\t\t\t\t\t<\/div>\n\t\t\t\t<\/div>\n\t\t\t\t\t<\/div>\n\t\t\t\t<\/div>\n\t\t\t\t<\/div>\n\t\t","protected":false},"excerpt":{"rendered":"<p>Asociaci\u00f3n de Estudiantes del Programa de Estudios de Honor La Asociaci\u00f3n de Estudiantes del Programa de Estudios de Honor\u00a0(AEPREH)\u00a0es una organizaci\u00f3n estudiantil que promueve el inter\u00e9s por la investigaci\u00f3n a nivel subgraduado siendo a su vez una modalidad acad\u00e9mica innovadora &hellip; <\/p>\n","protected":false},"author":9,"featured_media":0,"parent":0,"menu_order":0,"comment_status":"closed","ping_status":"closed","template":"","meta":{"_monsterinsights_skip_tracking":false,"_monsterinsights_sitenote_active":false,"_monsterinsights_sitenote_note":"","_monsterinsights_sitenote_category":0,"footnotes":""},"class_list":["post-20","page","type-page","status-publish","hentry"],"yoast_head":"<!-- This site is optimized with the Yoast SEO plugin v27.2 - https:\/\/yoast.com\/product\/yoast-seo-wordpress\/ -->\n<title>Asociaci\u00f3n de Estudiantes del Programa de Estudios de Honor - Programa de Estudios de Honor<\/title>\n<meta name=\"robots\" content=\"index, follow, max-snippet:-1, max-image-preview:large, max-video-preview:-1\" \/>\n<link rel=\"canonical\" href=\"https:\/\/academicos.uprrp.edu\/preh\/asociacion-de-estudiantes-del-programa-de-honor\/\" \/>\n<meta property=\"og:locale\" content=\"es_ES\" \/>\n<meta property=\"og:type\" content=\"article\" \/>\n<meta property=\"og:title\" content=\"Asociaci\u00f3n de Estudiantes del Programa de Estudios de Honor - Programa de Estudios de Honor\" \/>\n<meta property=\"og:description\" content=\"Asociaci\u00f3n de Estudiantes del Programa de Estudios de Honor La Asociaci\u00f3n de Estudiantes del Programa de Estudios de Honor\u00a0(AEPREH)\u00a0es una organizaci\u00f3n estudiantil que promueve el inter\u00e9s por la investigaci\u00f3n a nivel subgraduado siendo a su vez una modalidad acad\u00e9mica innovadora &hellip;\" \/>\n<meta property=\"og:url\" content=\"https:\/\/academicos.uprrp.edu\/preh\/asociacion-de-estudiantes-del-programa-de-honor\/\" \/>\n<meta property=\"og:site_name\" content=\"Programa de Estudios de Honor\" \/>\n<meta property=\"article:modified_time\" content=\"2025-03-05T15:07:52+00:00\" \/>\n<meta name=\"twitter:card\" content=\"summary_large_image\" \/>\n<meta name=\"twitter:label1\" content=\"Est. reading time\" \/>\n\t<meta name=\"twitter:data1\" content=\"1 minuto\" \/>\n<script type=\"application\/ld+json\" class=\"yoast-schema-graph\">{\"@context\":\"https:\/\/schema.org\",\"@graph\":[{\"@type\":\"WebPage\",\"@id\":\"https:\/\/academicos.uprrp.edu\/preh\/asociacion-de-estudiantes-del-programa-de-honor\/\",\"url\":\"https:\/\/academicos.uprrp.edu\/preh\/asociacion-de-estudiantes-del-programa-de-honor\/\",\"name\":\"Asociaci\u00f3n de Estudiantes del Programa de Estudios de Honor - Programa de Estudios de Honor\",\"isPartOf\":{\"@id\":\"https:\/\/academicos.uprrp.edu\/preh\/#website\"},\"datePublished\":\"2018-03-28T14:14:23+00:00\",\"dateModified\":\"2025-03-05T15:07:52+00:00\",\"breadcrumb\":{\"@id\":\"https:\/\/academicos.uprrp.edu\/preh\/asociacion-de-estudiantes-del-programa-de-honor\/#breadcrumb\"},\"inLanguage\":\"es\",\"potentialAction\":[{\"@type\":\"ReadAction\",\"target\":[\"https:\/\/academicos.uprrp.edu\/preh\/asociacion-de-estudiantes-del-programa-de-honor\/\"]}]},{\"@type\":\"BreadcrumbList\",\"@id\":\"https:\/\/academicos.uprrp.edu\/preh\/asociacion-de-estudiantes-del-programa-de-honor\/#breadcrumb\",\"itemListElement\":[{\"@type\":\"ListItem\",\"position\":1,\"name\":\"Home\",\"item\":\"https:\/\/academicos.uprrp.edu\/preh\/\"},{\"@type\":\"ListItem\",\"position\":2,\"name\":\"Asociaci\u00f3n de Estudiantes del Programa de Estudios de Honor\"}]},{\"@type\":\"WebSite\",\"@id\":\"https:\/\/academicos.uprrp.edu\/preh\/#website\",\"url\":\"https:\/\/academicos.uprrp.edu\/preh\/\",\"name\":\"Programa de Estudios de Honor\",\"description\":\"\",\"potentialAction\":[{\"@type\":\"SearchAction\",\"target\":{\"@type\":\"EntryPoint\",\"urlTemplate\":\"https:\/\/academicos.uprrp.edu\/preh\/?s={search_term_string}\"},\"query-input\":{\"@type\":\"PropertyValueSpecification\",\"valueRequired\":true,\"valueName\":\"search_term_string\"}}],\"inLanguage\":\"es\"}]}<\/script>\n<!-- \/ Yoast SEO plugin. -->","yoast_head_json":{"title":"Asociaci\u00f3n de Estudiantes del Programa de Estudios de Honor - Programa de Estudios de Honor","robots":{"index":"index","follow":"follow","max-snippet":"max-snippet:-1","max-image-preview":"max-image-preview:large","max-video-preview":"max-video-preview:-1"},"canonical":"https:\/\/academicos.uprrp.edu\/preh\/asociacion-de-estudiantes-del-programa-de-honor\/","og_locale":"es_ES","og_type":"article","og_title":"Asociaci\u00f3n de Estudiantes del Programa de Estudios de Honor - Programa de Estudios de Honor","og_description":"Asociaci\u00f3n de Estudiantes del Programa de Estudios de Honor La Asociaci\u00f3n de Estudiantes del Programa de Estudios de Honor\u00a0(AEPREH)\u00a0es una organizaci\u00f3n estudiantil que promueve el inter\u00e9s por la investigaci\u00f3n a nivel subgraduado siendo a su vez una modalidad acad\u00e9mica innovadora &hellip;","og_url":"https:\/\/academicos.uprrp.edu\/preh\/asociacion-de-estudiantes-del-programa-de-honor\/","og_site_name":"Programa de Estudios de Honor","article_modified_time":"2025-03-05T15:07:52+00:00","twitter_card":"summary_large_image","twitter_misc":{"Est. reading time":"1 minuto"},"schema":{"@context":"https:\/\/schema.org","@graph":[{"@type":"WebPage","@id":"https:\/\/academicos.uprrp.edu\/preh\/asociacion-de-estudiantes-del-programa-de-honor\/","url":"https:\/\/academicos.uprrp.edu\/preh\/asociacion-de-estudiantes-del-programa-de-honor\/","name":"Asociaci\u00f3n de Estudiantes del Programa de Estudios de Honor - Programa de Estudios de Honor","isPartOf":{"@id":"https:\/\/academicos.uprrp.edu\/preh\/#website"},"datePublished":"2018-03-28T14:14:23+00:00","dateModified":"2025-03-05T15:07:52+00:00","breadcrumb":{"@id":"https:\/\/academicos.uprrp.edu\/preh\/asociacion-de-estudiantes-del-programa-de-honor\/#breadcrumb"},"inLanguage":"es","potentialAction":[{"@type":"ReadAction","target":["https:\/\/academicos.uprrp.edu\/preh\/asociacion-de-estudiantes-del-programa-de-honor\/"]}]},{"@type":"BreadcrumbList","@id":"https:\/\/academicos.uprrp.edu\/preh\/asociacion-de-estudiantes-del-programa-de-honor\/#breadcrumb","itemListElement":[{"@type":"ListItem","position":1,"name":"Home","item":"https:\/\/academicos.uprrp.edu\/preh\/"},{"@type":"ListItem","position":2,"name":"Asociaci\u00f3n de Estudiantes del Programa de Estudios de Honor"}]},{"@type":"WebSite","@id":"https:\/\/academicos.uprrp.edu\/preh\/#website","url":"https:\/\/academicos.uprrp.edu\/preh\/","name":"Programa de Estudios de Honor","description":"","potentialAction":[{"@type":"SearchAction","target":{"@type":"EntryPoint","urlTemplate":"https:\/\/academicos.uprrp.edu\/preh\/?s={search_term_string}"},"query-input":{"@type":"PropertyValueSpecification","valueRequired":true,"valueName":"search_term_string"}}],"inLanguage":"es"}]}},"_links":{"self":[{"href":"https:\/\/academicos.uprrp.edu\/preh\/wp-json\/wp\/v2\/pages\/20","targetHints":{"allow":["GET"]}}],"collection":[{"href":"https:\/\/academicos.uprrp.edu\/preh\/wp-json\/wp\/v2\/pages"}],"about":[{"href":"https:\/\/academicos.uprrp.edu\/preh\/wp-json\/wp\/v2\/types\/page"}],"author":[{"embeddable":true,"href":"https:\/\/academicos.uprrp.edu\/preh\/wp-json\/wp\/v2\/users\/9"}],"replies":[{"embeddable":true,"href":"https:\/\/academicos.uprrp.edu\/preh\/wp-json\/wp\/v2\/comments?post=20"}],"version-history":[{"count":7,"href":"https:\/\/academicos.uprrp.edu\/preh\/wp-json\/wp\/v2\/pages\/20\/revisions"}],"predecessor-version":[{"id":12544,"href":"https:\/\/academicos.uprrp.edu\/preh\/wp-json\/wp\/v2\/pages\/20\/revisions\/12544"}],"wp:attachment":[{"href":"https:\/\/academicos.uprrp.edu\/preh\/wp-json\/wp\/v2\/media?parent=20"}],"curies":[{"name":"wp","href":"https:\/\/api.w.org\/{rel}","templated":true}]}}