{"id":12685,"date":"2025-06-17T13:12:10","date_gmt":"2025-06-17T17:12:10","guid":{"rendered":"https:\/\/academicos.uprrp.edu\/preh\/?page_id=12685"},"modified":"2025-06-17T13:12:10","modified_gmt":"2025-06-17T17:12:10","slug":"ano-de-aprobacion-2025","status":"publish","type":"page","link":"https:\/\/academicos.uprrp.edu\/preh\/nuestros-estudiantes\/tesina-proyectos\/ano-de-aprobacion-2025\/","title":{"rendered":"A\u00f1o de aprobaci\u00f3n 2025"},"content":{"rendered":"\n<table id=\"tablepress-34\" class=\"tablepress tablepress-id-34\">\n<thead>\n<tr class=\"row-1\">\n\t<th class=\"column-1\">Nombre del estudiante<\/th><th class=\"column-2\">Facultad<\/th><th class=\"column-3\">T\u00edtulo de tesina\/Proyecto de creaci\u00f3n<\/th>\n<\/tr>\n<\/thead>\n<tbody class=\"row-striping row-hover\">\n<tr class=\"row-2\">\n\t<td class=\"column-1\">Alondra M. Llompart Marrero<\/td><td class=\"column-2\">Humanidades<\/td><td class=\"column-3\"><a href=\"https:\/\/academicos.uprrp.edu\/preh\/wp-content\/uploads\/sites\/6\/2025\/07\/TESINA-COMPILADA-ALONDRA-LLOMPART-MARRERO-1.pdf\">\u00bfQui\u00e9n muere primero?: El discurso teatral de la privatizaci\u00f3n universitaria a trav\u00e9s de la Ant\u00edgona puertorrique\u00f1a<\/a><\/td>\n<\/tr>\n<tr class=\"row-3\">\n\t<td class=\"column-1\">Aneira V. Collado Laboy<\/td><td class=\"column-2\">Ciencias Sociales<\/td><td class=\"column-3\"><a href=\"https:\/\/academicos.uprrp.edu\/preh\/wp-content\/uploads\/sites\/6\/2025\/06\/Tesina-final-compilada-Aneira-Collado.pdf\">La baja poblacional de Puerto Rico a la luz del concepto de la injusticia espacial<\/a><\/td>\n<\/tr>\n<tr class=\"row-4\">\n\t<td class=\"column-1\">Camila I. R\u00edos-PIcorelli<\/td><td class=\"column-2\">Educaci\u00f3n<\/td><td class=\"column-3\"><a href=\"https:\/\/academicos.uprrp.edu\/preh\/wp-content\/uploads\/sites\/6\/2025\/06\/Tesina-final-compilada-CAMILA-RIOS-PICORRELLI.pdf\">Principios y pr\u00e1cticas pedag\u00f3gicas para un proceso de ense\u00f1anza-aprendizaje con base socioemocional: Gu\u00eda para educadores<\/a><\/td>\n<\/tr>\n<tr class=\"row-5\">\n\t<td class=\"column-1\">Niva De Jes\u00fas Guadalupe<\/td><td class=\"column-2\">Humanidades<\/td><td class=\"column-3\"><a href=\"https:\/\/academicos.uprrp.edu\/preh\/wp-content\/uploads\/sites\/6\/2025\/10\/Tesina-Final-Compilada-Niva-De-Jesus.pdf\" target=\"_blank\">Desarrollo de guion literario para cortometraje de cine social<\/a><\/td>\n<\/tr>\n<tr class=\"row-6\">\n\t<td class=\"column-1\">Rosa I. Berr\u00edos Negr\u00f3n<\/td><td class=\"column-2\">Administraci\u00f3n de Empresas<\/td><td class=\"column-3\">T<a href=\"https:\/\/academicos.uprrp.edu\/preh\/wp-content\/uploads\/sites\/6\/2025\/06\/TESINA-FINAL-COMPILADA-ROSA-BERRIOS.pdf\" target=\"_blank\">rue Pricing as a Marketing Strategy to Educate and Promote Ethical Consumption Among Gen Z<\/a><\/td>\n<\/tr>\n<tr class=\"row-7\">\n\t<td class=\"column-1\">Leonardo Birriel <\/td><td class=\"column-2\">Ciencias Naturales<\/td><td class=\"column-3\">Synthesis of Ferrocenyl-Urea-Chalcones Hybrids as Potential Antitumorigenic Agents<\/td>\n<\/tr>\n<tr class=\"row-8\">\n\t<td class=\"column-1\">Silvia Carlo Carre\u00f1o<\/td><td class=\"column-2\">Ciencias Sociales<\/td><td class=\"column-3\">Las percepciones de derechos humanos de l\u00edderes dominicanos en Puerto Rico<\/td>\n<\/tr>\n<tr class=\"row-9\">\n\t<td class=\"column-1\">Noelia M Cuevas C\u00f3rdova<\/td><td class=\"column-2\">Educaci\u00f3n<\/td><td class=\"column-3\">Educaci\u00f3n sexual para estudiantes de educaci\u00f3n especial en etapas de pre-adolescencia y adolescencia<\/td>\n<\/tr>\n<tr class=\"row-10\">\n\t<td class=\"column-1\">Valerie I. Gonz\u00e1lez Delgado<\/td><td class=\"column-2\">Ciencias Sociales<\/td><td class=\"column-3\">Factores y consecuencias de la deserci\u00f3n escolar: un estudio comparativo entre puerto rico y casos selectos de Columbia<\/td>\n<\/tr>\n<tr class=\"row-11\">\n\t<td class=\"column-1\">Andrea MarreroAlsina<\/td><td class=\"column-2\">Ciencias Sociales<\/td><td class=\"column-3\">An\u00e1lisis del efecto del diagn\u00f3stico de TDAH en la expresi\u00f3n, vinculaci\u00f3n y constituci\u00f3n subjetiva de usuarios de TikTok<\/td>\n<\/tr>\n<tr class=\"row-12\">\n\t<td class=\"column-1\">Ver\u00f3nica Morales Quintana<\/td><td class=\"column-2\">Ciencias Naturales<\/td><td class=\"column-3\">Tackling SCTLD: A Potential Sargassum sp. -based Drug Carrier for Stony Corals with Stony Coral Tissue Loss Disease<\/td>\n<\/tr>\n<\/tbody>\n<\/table>\n<!-- #tablepress-34 from cache -->\n","protected":false},"excerpt":{"rendered":"","protected":false},"author":12,"featured_media":0,"parent":1591,"menu_order":0,"comment_status":"closed","ping_status":"closed","template":"","meta":{"_monsterinsights_skip_tracking":false,"_monsterinsights_sitenote_active":false,"_monsterinsights_sitenote_note":"","_monsterinsights_sitenote_category":0,"footnotes":""},"class_list":["post-12685","page","type-page","status-publish","hentry"],"yoast_head":"<!-- This site is optimized with the Yoast SEO plugin v27.2 - https:\/\/yoast.com\/product\/yoast-seo-wordpress\/ -->\n<title>A\u00f1o de aprobaci\u00f3n 2025 - Programa de Estudios de Honor<\/title>\n<meta name=\"robots\" content=\"index, follow, max-snippet:-1, max-image-preview:large, max-video-preview:-1\" \/>\n<link rel=\"canonical\" href=\"https:\/\/academicos.uprrp.edu\/preh\/nuestros-estudiantes\/tesina-proyectos\/ano-de-aprobacion-2025\/\" \/>\n<meta property=\"og:locale\" content=\"es_ES\" \/>\n<meta property=\"og:type\" content=\"article\" \/>\n<meta property=\"og:title\" content=\"A\u00f1o de aprobaci\u00f3n 2025 - Programa de Estudios de Honor\" \/>\n<meta property=\"og:url\" content=\"https:\/\/academicos.uprrp.edu\/preh\/nuestros-estudiantes\/tesina-proyectos\/ano-de-aprobacion-2025\/\" \/>\n<meta property=\"og:site_name\" content=\"Programa de Estudios de Honor\" \/>\n<meta name=\"twitter:card\" content=\"summary_large_image\" \/>\n<meta name=\"twitter:label1\" content=\"Est. reading time\" \/>\n\t<meta name=\"twitter:data1\" content=\"1 minuto\" \/>\n<script type=\"application\/ld+json\" class=\"yoast-schema-graph\">{\"@context\":\"https:\/\/schema.org\",\"@graph\":[{\"@type\":\"WebPage\",\"@id\":\"https:\/\/academicos.uprrp.edu\/preh\/nuestros-estudiantes\/tesina-proyectos\/ano-de-aprobacion-2025\/\",\"url\":\"https:\/\/academicos.uprrp.edu\/preh\/nuestros-estudiantes\/tesina-proyectos\/ano-de-aprobacion-2025\/\",\"name\":\"A\u00f1o de aprobaci\u00f3n 2025 - Programa de Estudios de Honor\",\"isPartOf\":{\"@id\":\"https:\/\/academicos.uprrp.edu\/preh\/#website\"},\"datePublished\":\"2025-06-17T17:12:10+00:00\",\"breadcrumb\":{\"@id\":\"https:\/\/academicos.uprrp.edu\/preh\/nuestros-estudiantes\/tesina-proyectos\/ano-de-aprobacion-2025\/#breadcrumb\"},\"inLanguage\":\"es\",\"potentialAction\":[{\"@type\":\"ReadAction\",\"target\":[\"https:\/\/academicos.uprrp.edu\/preh\/nuestros-estudiantes\/tesina-proyectos\/ano-de-aprobacion-2025\/\"]}]},{\"@type\":\"BreadcrumbList\",\"@id\":\"https:\/\/academicos.uprrp.edu\/preh\/nuestros-estudiantes\/tesina-proyectos\/ano-de-aprobacion-2025\/#breadcrumb\",\"itemListElement\":[{\"@type\":\"ListItem\",\"position\":1,\"name\":\"Home\",\"item\":\"https:\/\/academicos.uprrp.edu\/preh\/\"},{\"@type\":\"ListItem\",\"position\":2,\"name\":\"Nuestros Estudiantes\",\"item\":\"https:\/\/academicos.uprrp.edu\/preh\/nuestros-estudiantes\/\"},{\"@type\":\"ListItem\",\"position\":3,\"name\":\"Tesinas y Proyectos de Creaci\u00f3n\",\"item\":\"https:\/\/academicos.uprrp.edu\/preh\/nuestros-estudiantes\/tesina-proyectos\/\"},{\"@type\":\"ListItem\",\"position\":4,\"name\":\"A\u00f1o de aprobaci\u00f3n 2025\"}]},{\"@type\":\"WebSite\",\"@id\":\"https:\/\/academicos.uprrp.edu\/preh\/#website\",\"url\":\"https:\/\/academicos.uprrp.edu\/preh\/\",\"name\":\"Programa de Estudios de Honor\",\"description\":\"\",\"potentialAction\":[{\"@type\":\"SearchAction\",\"target\":{\"@type\":\"EntryPoint\",\"urlTemplate\":\"https:\/\/academicos.uprrp.edu\/preh\/?s={search_term_string}\"},\"query-input\":{\"@type\":\"PropertyValueSpecification\",\"valueRequired\":true,\"valueName\":\"search_term_string\"}}],\"inLanguage\":\"es\"}]}<\/script>\n<!-- \/ Yoast SEO plugin. -->","yoast_head_json":{"title":"A\u00f1o de aprobaci\u00f3n 2025 - Programa de Estudios de Honor","robots":{"index":"index","follow":"follow","max-snippet":"max-snippet:-1","max-image-preview":"max-image-preview:large","max-video-preview":"max-video-preview:-1"},"canonical":"https:\/\/academicos.uprrp.edu\/preh\/nuestros-estudiantes\/tesina-proyectos\/ano-de-aprobacion-2025\/","og_locale":"es_ES","og_type":"article","og_title":"A\u00f1o de aprobaci\u00f3n 2025 - Programa de Estudios de Honor","og_url":"https:\/\/academicos.uprrp.edu\/preh\/nuestros-estudiantes\/tesina-proyectos\/ano-de-aprobacion-2025\/","og_site_name":"Programa de Estudios de Honor","twitter_card":"summary_large_image","twitter_misc":{"Est. reading time":"1 minuto"},"schema":{"@context":"https:\/\/schema.org","@graph":[{"@type":"WebPage","@id":"https:\/\/academicos.uprrp.edu\/preh\/nuestros-estudiantes\/tesina-proyectos\/ano-de-aprobacion-2025\/","url":"https:\/\/academicos.uprrp.edu\/preh\/nuestros-estudiantes\/tesina-proyectos\/ano-de-aprobacion-2025\/","name":"A\u00f1o de aprobaci\u00f3n 2025 - Programa de Estudios de Honor","isPartOf":{"@id":"https:\/\/academicos.uprrp.edu\/preh\/#website"},"datePublished":"2025-06-17T17:12:10+00:00","breadcrumb":{"@id":"https:\/\/academicos.uprrp.edu\/preh\/nuestros-estudiantes\/tesina-proyectos\/ano-de-aprobacion-2025\/#breadcrumb"},"inLanguage":"es","potentialAction":[{"@type":"ReadAction","target":["https:\/\/academicos.uprrp.edu\/preh\/nuestros-estudiantes\/tesina-proyectos\/ano-de-aprobacion-2025\/"]}]},{"@type":"BreadcrumbList","@id":"https:\/\/academicos.uprrp.edu\/preh\/nuestros-estudiantes\/tesina-proyectos\/ano-de-aprobacion-2025\/#breadcrumb","itemListElement":[{"@type":"ListItem","position":1,"name":"Home","item":"https:\/\/academicos.uprrp.edu\/preh\/"},{"@type":"ListItem","position":2,"name":"Nuestros Estudiantes","item":"https:\/\/academicos.uprrp.edu\/preh\/nuestros-estudiantes\/"},{"@type":"ListItem","position":3,"name":"Tesinas y Proyectos de Creaci\u00f3n","item":"https:\/\/academicos.uprrp.edu\/preh\/nuestros-estudiantes\/tesina-proyectos\/"},{"@type":"ListItem","position":4,"name":"A\u00f1o de aprobaci\u00f3n 2025"}]},{"@type":"WebSite","@id":"https:\/\/academicos.uprrp.edu\/preh\/#website","url":"https:\/\/academicos.uprrp.edu\/preh\/","name":"Programa de Estudios de Honor","description":"","potentialAction":[{"@type":"SearchAction","target":{"@type":"EntryPoint","urlTemplate":"https:\/\/academicos.uprrp.edu\/preh\/?s={search_term_string}"},"query-input":{"@type":"PropertyValueSpecification","valueRequired":true,"valueName":"search_term_string"}}],"inLanguage":"es"}]}},"_links":{"self":[{"href":"https:\/\/academicos.uprrp.edu\/preh\/wp-json\/wp\/v2\/pages\/12685","targetHints":{"allow":["GET"]}}],"collection":[{"href":"https:\/\/academicos.uprrp.edu\/preh\/wp-json\/wp\/v2\/pages"}],"about":[{"href":"https:\/\/academicos.uprrp.edu\/preh\/wp-json\/wp\/v2\/types\/page"}],"author":[{"embeddable":true,"href":"https:\/\/academicos.uprrp.edu\/preh\/wp-json\/wp\/v2\/users\/12"}],"replies":[{"embeddable":true,"href":"https:\/\/academicos.uprrp.edu\/preh\/wp-json\/wp\/v2\/comments?post=12685"}],"version-history":[{"count":2,"href":"https:\/\/academicos.uprrp.edu\/preh\/wp-json\/wp\/v2\/pages\/12685\/revisions"}],"predecessor-version":[{"id":12700,"href":"https:\/\/academicos.uprrp.edu\/preh\/wp-json\/wp\/v2\/pages\/12685\/revisions\/12700"}],"up":[{"embeddable":true,"href":"https:\/\/academicos.uprrp.edu\/preh\/wp-json\/wp\/v2\/pages\/1591"}],"wp:attachment":[{"href":"https:\/\/academicos.uprrp.edu\/preh\/wp-json\/wp\/v2\/media?parent=12685"}],"curies":[{"name":"wp","href":"https:\/\/api.w.org\/{rel}","templated":true}]}}