{"id":11873,"date":"2024-06-03T10:00:38","date_gmt":"2024-06-03T14:00:38","guid":{"rendered":"https:\/\/academicos.uprrp.edu\/preh\/?page_id=11873"},"modified":"2026-02-12T14:34:21","modified_gmt":"2026-02-12T18:34:21","slug":"facultad-de-ciencias-naturales","status":"publish","type":"page","link":"https:\/\/academicos.uprrp.edu\/preh\/estudiantes-de-honor\/facultad-de-ciencias-naturales\/","title":{"rendered":"Facultad de Ciencias Naturales"},"content":{"rendered":"\t\t<div data-elementor-type=\"wp-page\" data-elementor-id=\"11873\" class=\"elementor elementor-11873\">\n\t\t\t\t<div class=\"elementor-element elementor-element-67315f6 e-flex e-con-boxed e-con e-parent\" data-id=\"67315f6\" data-element_type=\"container\" data-e-type=\"container\">\n\t\t\t\t\t<div class=\"e-con-inner\">\n\t\t\t\t<div class=\"elementor-element elementor-element-9ff16d0 elementor-widget elementor-widget-heading\" data-id=\"9ff16d0\" data-element_type=\"widget\" data-e-type=\"widget\" data-widget_type=\"heading.default\">\n\t\t\t\t<div class=\"elementor-widget-container\">\n\t\t\t\t\t<h2 class=\"elementor-heading-title elementor-size-default\">FACULTAD DE CIENCIAS NATURALES<\/h2>\t\t\t\t<\/div>\n\t\t\t\t<\/div>\n\t\t\t\t\t<\/div>\n\t\t\t\t<\/div>\n\t\t<div class=\"elementor-element elementor-element-5c19766c e-flex e-con-boxed e-con e-parent\" data-id=\"5c19766c\" data-element_type=\"container\" data-e-type=\"container\">\n\t\t\t\t\t<div class=\"e-con-inner\">\n\t\t\t\t<div class=\"elementor-element elementor-element-787326c7 elementor-widget elementor-widget-text-editor\" data-id=\"787326c7\" data-element_type=\"widget\" data-e-type=\"widget\" data-widget_type=\"text-editor.default\">\n\t\t\t\t<div class=\"elementor-widget-container\">\n\t\t\t\t\t\t\t\t\t<table><tbody><tr><td><p>Candelaria<\/p><\/td><td><p>D\u00edaz<\/p><\/td><td><p>Nelly M<\/p><\/td><\/tr><tr><td><p>Carrasquillo<\/p><\/td><td><p>Ruiz<\/p><\/td><td><p>Mirian L.<\/p><\/td><\/tr><tr><td><p>Col\u00f3n<\/p><\/td><td><p>Pab\u00f3n<\/p><\/td><td><p>Karla S<\/p><\/td><\/tr><tr><td><p>Cordero<\/p><\/td><td><p>Moyett<\/p><\/td><td><p>Laura M<\/p><\/td><\/tr><tr><td><p>Juarbe<\/p><\/td><td><p>Hern\u00e1ndez<\/p><\/td><td><p>Franeyshka L<\/p><\/td><\/tr><tr><td><p>M\u00e1rtir<\/p><\/td><td><p>Acevedo<\/p><\/td><td><p>Orlando E<\/p><\/td><\/tr><tr><td><p>Maym\u00ed<\/p><\/td><td><p>M\u00e9ndez<\/p><\/td><td><p>Armando J.<\/p><\/td><\/tr><tr><td><p>Morales<\/p><\/td><td><p>Albaladejo<\/p><\/td><td><p>Emilianys<\/p><\/td><\/tr><tr><td><p>Ocasio<\/p><\/td><td><p>Narvaez<\/p><\/td><td><p>Angelie M<\/p><\/td><\/tr><tr><td><p>P\u00e9rez<\/p><\/td><td><p>Navarro<\/p><\/td><td><p>Maliarys<\/p><\/td><\/tr><tr><td><p>Qui\u00f1ones<\/p><\/td><td><p>Mel\u00e9ndez<\/p><\/td><td><p>Febe L<\/p><\/td><\/tr><tr><td><p>Rivera<\/p><\/td><td><p>Pizarro<\/p><\/td><td><p>Ra\u00fal S<\/p><\/td><\/tr><tr><td><p>Su\u00e1rez<\/p><\/td><td><p>Soto<\/p><\/td><td><p>Mal\u00e9n A.<\/p><\/td><\/tr><tr><td><p>Velez<\/p><\/td><td><p>Vazquez<\/p><\/td><td><p>Amandalys<\/p><\/td><\/tr><\/tbody><\/table>\t\t\t\t\t\t\t\t<\/div>\n\t\t\t\t<\/div>\n\t\t\t\t\t<\/div>\n\t\t\t\t<\/div>\n\t\t\t\t<\/div>\n\t\t","protected":false},"excerpt":{"rendered":"<p>FACULTAD DE CIENCIAS NATURALES Candelaria D\u00edaz Nelly M Carrasquillo Ruiz Mirian L. Col\u00f3n Pab\u00f3n Karla S Cordero Moyett Laura M Juarbe Hern\u00e1ndez Franeyshka L M\u00e1rtir Acevedo Orlando E Maym\u00ed M\u00e9ndez Armando J. Morales Albaladejo Emilianys Ocasio Narvaez Angelie M P\u00e9rez &hellip; <\/p>\n","protected":false},"author":9,"featured_media":0,"parent":320,"menu_order":0,"comment_status":"closed","ping_status":"closed","template":"","meta":{"_monsterinsights_skip_tracking":false,"_monsterinsights_sitenote_active":false,"_monsterinsights_sitenote_note":"","_monsterinsights_sitenote_category":0,"footnotes":""},"class_list":["post-11873","page","type-page","status-publish","hentry"],"yoast_head":"<!-- This site is optimized with the Yoast SEO plugin v27.2 - https:\/\/yoast.com\/product\/yoast-seo-wordpress\/ -->\n<title>Facultad de Ciencias Naturales - Programa de Estudios de Honor<\/title>\n<meta name=\"robots\" content=\"index, follow, max-snippet:-1, max-image-preview:large, max-video-preview:-1\" \/>\n<link rel=\"canonical\" href=\"https:\/\/academicos.uprrp.edu\/preh\/estudiantes-de-honor\/facultad-de-ciencias-naturales\/\" \/>\n<meta property=\"og:locale\" content=\"es_ES\" \/>\n<meta property=\"og:type\" content=\"article\" \/>\n<meta property=\"og:title\" content=\"Facultad de Ciencias Naturales - Programa de Estudios de Honor\" \/>\n<meta property=\"og:description\" content=\"FACULTAD DE CIENCIAS NATURALES Candelaria D\u00edaz Nelly M Carrasquillo Ruiz Mirian L. Col\u00f3n Pab\u00f3n Karla S Cordero Moyett Laura M Juarbe Hern\u00e1ndez Franeyshka L M\u00e1rtir Acevedo Orlando E Maym\u00ed M\u00e9ndez Armando J. Morales Albaladejo Emilianys Ocasio Narvaez Angelie M P\u00e9rez &hellip;\" \/>\n<meta property=\"og:url\" content=\"https:\/\/academicos.uprrp.edu\/preh\/estudiantes-de-honor\/facultad-de-ciencias-naturales\/\" \/>\n<meta property=\"og:site_name\" content=\"Programa de Estudios de Honor\" \/>\n<meta property=\"article:modified_time\" content=\"2026-02-12T18:34:21+00:00\" \/>\n<meta name=\"twitter:card\" content=\"summary_large_image\" \/>\n<meta name=\"twitter:label1\" content=\"Est. reading time\" \/>\n\t<meta name=\"twitter:data1\" content=\"1 minuto\" \/>\n<script type=\"application\/ld+json\" class=\"yoast-schema-graph\">{\"@context\":\"https:\/\/schema.org\",\"@graph\":[{\"@type\":\"WebPage\",\"@id\":\"https:\/\/academicos.uprrp.edu\/preh\/estudiantes-de-honor\/facultad-de-ciencias-naturales\/\",\"url\":\"https:\/\/academicos.uprrp.edu\/preh\/estudiantes-de-honor\/facultad-de-ciencias-naturales\/\",\"name\":\"Facultad de Ciencias Naturales - Programa de Estudios de Honor\",\"isPartOf\":{\"@id\":\"https:\/\/academicos.uprrp.edu\/preh\/#website\"},\"datePublished\":\"2024-06-03T14:00:38+00:00\",\"dateModified\":\"2026-02-12T18:34:21+00:00\",\"breadcrumb\":{\"@id\":\"https:\/\/academicos.uprrp.edu\/preh\/estudiantes-de-honor\/facultad-de-ciencias-naturales\/#breadcrumb\"},\"inLanguage\":\"es\",\"potentialAction\":[{\"@type\":\"ReadAction\",\"target\":[\"https:\/\/academicos.uprrp.edu\/preh\/estudiantes-de-honor\/facultad-de-ciencias-naturales\/\"]}]},{\"@type\":\"BreadcrumbList\",\"@id\":\"https:\/\/academicos.uprrp.edu\/preh\/estudiantes-de-honor\/facultad-de-ciencias-naturales\/#breadcrumb\",\"itemListElement\":[{\"@type\":\"ListItem\",\"position\":1,\"name\":\"Home\",\"item\":\"https:\/\/academicos.uprrp.edu\/preh\/\"},{\"@type\":\"ListItem\",\"position\":2,\"name\":\"Estudiantes Activos del PREH\",\"item\":\"https:\/\/academicos.uprrp.edu\/preh\/estudiantes-de-honor\/\"},{\"@type\":\"ListItem\",\"position\":3,\"name\":\"Facultad de Ciencias Naturales\"}]},{\"@type\":\"WebSite\",\"@id\":\"https:\/\/academicos.uprrp.edu\/preh\/#website\",\"url\":\"https:\/\/academicos.uprrp.edu\/preh\/\",\"name\":\"Programa de Estudios de Honor\",\"description\":\"\",\"potentialAction\":[{\"@type\":\"SearchAction\",\"target\":{\"@type\":\"EntryPoint\",\"urlTemplate\":\"https:\/\/academicos.uprrp.edu\/preh\/?s={search_term_string}\"},\"query-input\":{\"@type\":\"PropertyValueSpecification\",\"valueRequired\":true,\"valueName\":\"search_term_string\"}}],\"inLanguage\":\"es\"}]}<\/script>\n<!-- \/ Yoast SEO plugin. -->","yoast_head_json":{"title":"Facultad de Ciencias Naturales - Programa de Estudios de Honor","robots":{"index":"index","follow":"follow","max-snippet":"max-snippet:-1","max-image-preview":"max-image-preview:large","max-video-preview":"max-video-preview:-1"},"canonical":"https:\/\/academicos.uprrp.edu\/preh\/estudiantes-de-honor\/facultad-de-ciencias-naturales\/","og_locale":"es_ES","og_type":"article","og_title":"Facultad de Ciencias Naturales - Programa de Estudios de Honor","og_description":"FACULTAD DE CIENCIAS NATURALES Candelaria D\u00edaz Nelly M Carrasquillo Ruiz Mirian L. Col\u00f3n Pab\u00f3n Karla S Cordero Moyett Laura M Juarbe Hern\u00e1ndez Franeyshka L M\u00e1rtir Acevedo Orlando E Maym\u00ed M\u00e9ndez Armando J. Morales Albaladejo Emilianys Ocasio Narvaez Angelie M P\u00e9rez &hellip;","og_url":"https:\/\/academicos.uprrp.edu\/preh\/estudiantes-de-honor\/facultad-de-ciencias-naturales\/","og_site_name":"Programa de Estudios de Honor","article_modified_time":"2026-02-12T18:34:21+00:00","twitter_card":"summary_large_image","twitter_misc":{"Est. reading time":"1 minuto"},"schema":{"@context":"https:\/\/schema.org","@graph":[{"@type":"WebPage","@id":"https:\/\/academicos.uprrp.edu\/preh\/estudiantes-de-honor\/facultad-de-ciencias-naturales\/","url":"https:\/\/academicos.uprrp.edu\/preh\/estudiantes-de-honor\/facultad-de-ciencias-naturales\/","name":"Facultad de Ciencias Naturales - Programa de Estudios de Honor","isPartOf":{"@id":"https:\/\/academicos.uprrp.edu\/preh\/#website"},"datePublished":"2024-06-03T14:00:38+00:00","dateModified":"2026-02-12T18:34:21+00:00","breadcrumb":{"@id":"https:\/\/academicos.uprrp.edu\/preh\/estudiantes-de-honor\/facultad-de-ciencias-naturales\/#breadcrumb"},"inLanguage":"es","potentialAction":[{"@type":"ReadAction","target":["https:\/\/academicos.uprrp.edu\/preh\/estudiantes-de-honor\/facultad-de-ciencias-naturales\/"]}]},{"@type":"BreadcrumbList","@id":"https:\/\/academicos.uprrp.edu\/preh\/estudiantes-de-honor\/facultad-de-ciencias-naturales\/#breadcrumb","itemListElement":[{"@type":"ListItem","position":1,"name":"Home","item":"https:\/\/academicos.uprrp.edu\/preh\/"},{"@type":"ListItem","position":2,"name":"Estudiantes Activos del PREH","item":"https:\/\/academicos.uprrp.edu\/preh\/estudiantes-de-honor\/"},{"@type":"ListItem","position":3,"name":"Facultad de Ciencias Naturales"}]},{"@type":"WebSite","@id":"https:\/\/academicos.uprrp.edu\/preh\/#website","url":"https:\/\/academicos.uprrp.edu\/preh\/","name":"Programa de Estudios de Honor","description":"","potentialAction":[{"@type":"SearchAction","target":{"@type":"EntryPoint","urlTemplate":"https:\/\/academicos.uprrp.edu\/preh\/?s={search_term_string}"},"query-input":{"@type":"PropertyValueSpecification","valueRequired":true,"valueName":"search_term_string"}}],"inLanguage":"es"}]}},"_links":{"self":[{"href":"https:\/\/academicos.uprrp.edu\/preh\/wp-json\/wp\/v2\/pages\/11873","targetHints":{"allow":["GET"]}}],"collection":[{"href":"https:\/\/academicos.uprrp.edu\/preh\/wp-json\/wp\/v2\/pages"}],"about":[{"href":"https:\/\/academicos.uprrp.edu\/preh\/wp-json\/wp\/v2\/types\/page"}],"author":[{"embeddable":true,"href":"https:\/\/academicos.uprrp.edu\/preh\/wp-json\/wp\/v2\/users\/9"}],"replies":[{"embeddable":true,"href":"https:\/\/academicos.uprrp.edu\/preh\/wp-json\/wp\/v2\/comments?post=11873"}],"version-history":[{"count":12,"href":"https:\/\/academicos.uprrp.edu\/preh\/wp-json\/wp\/v2\/pages\/11873\/revisions"}],"predecessor-version":[{"id":13276,"href":"https:\/\/academicos.uprrp.edu\/preh\/wp-json\/wp\/v2\/pages\/11873\/revisions\/13276"}],"up":[{"embeddable":true,"href":"https:\/\/academicos.uprrp.edu\/preh\/wp-json\/wp\/v2\/pages\/320"}],"wp:attachment":[{"href":"https:\/\/academicos.uprrp.edu\/preh\/wp-json\/wp\/v2\/media?parent=11873"}],"curies":[{"name":"wp","href":"https:\/\/api.w.org\/{rel}","templated":true}]}}