{"id":9087,"date":"2020-01-30T20:23:34","date_gmt":"2020-01-31T00:23:34","guid":{"rendered":"http:\/\/academicos.dv.rrp.campus\/wp\/diia\/?page_id=9087"},"modified":"2020-07-09T15:26:15","modified_gmt":"2020-07-09T19:26:15","slug":"datos-reportados-a-traves-de-ipeds","status":"publish","type":"page","link":"https:\/\/academicos.uprrp.edu\/diia\/datos-institucionales\/datos-reportados-a-traves-de-ipeds\/","title":{"rendered":"Datos reportados a trav\u00e9s de IPEDS"},"content":{"rendered":"\t\t<div data-elementor-type=\"wp-page\" data-elementor-id=\"9087\" class=\"elementor elementor-9087\">\n\t\t\t\t\t\t<section class=\"elementor-section elementor-top-section elementor-element elementor-element-87e71c3 elementor-section-boxed elementor-section-height-default elementor-section-height-default\" data-id=\"87e71c3\" data-element_type=\"section\" data-e-type=\"section\">\n\t\t\t\t\t\t<div class=\"elementor-container elementor-column-gap-default\">\n\t\t\t\t\t<div class=\"elementor-column elementor-col-100 elementor-top-column elementor-element elementor-element-c6f8c54\" data-id=\"c6f8c54\" data-element_type=\"column\" data-e-type=\"column\">\n\t\t\t<div class=\"elementor-widget-wrap elementor-element-populated\">\n\t\t\t\t\t\t<div class=\"elementor-element elementor-element-dc59313 elementor-widget elementor-widget-text-editor\" data-id=\"dc59313\" data-element_type=\"widget\" data-e-type=\"widget\" data-widget_type=\"text-editor.default\">\n\t\t\t\t<div class=\"elementor-widget-container\">\n\t\t\t\t\t\t\t\t\t<h3>\u00bfQu\u00e9 es IPEDS?<\/h3><p>IPEDS (<a href=\"https:\/\/nces.ed.gov\/ipeds\/about-ipeds\" target=\"_blank\" rel=\"noopener\">Integrated Postsecondary Education Data System<\/a>) es un sistema de encuestas interrelacionadas realizadas anualmente por el NCES (<a href=\"https:\/\/nces.ed.gov\/about\/\" target=\"_blank\" rel=\"noopener\">National Center for Education Statistics<\/a>) del Departamento de Educaci\u00f3n de EE. UU. IPEDS re\u00fane informaci\u00f3n de cada colegio, universidad e instituci\u00f3n t\u00e9cnica y vocacional que participa en los programas federales de ayuda financiera para estudiantes.<\/p><p>Para obtener m\u00e1s informaci\u00f3n sobre los componentes de la Encuesta IPEDS, visite la siguiente direcci\u00f3n (<a href=\"https:\/\/nces.ed.gov\/Ipeds\/use-the-data\/survey-components\" target=\"_blank\" rel=\"noopener\">https:\/\/nces.ed.gov\/Ipeds\/use-the-data\/survey-components<\/a>).<\/p>\t\t\t\t\t\t\t\t<\/div>\n\t\t\t\t<\/div>\n\t\t\t\t\t<\/div>\n\t\t<\/div>\n\t\t\t\t\t<\/div>\n\t\t<\/section>\n\t\t\t\t<section class=\"elementor-section elementor-top-section elementor-element elementor-element-72f5576 elementor-section-boxed elementor-section-height-default elementor-section-height-default\" data-id=\"72f5576\" data-element_type=\"section\" data-e-type=\"section\">\n\t\t\t\t\t\t<div class=\"elementor-container elementor-column-gap-default\">\n\t\t\t\t\t<div class=\"elementor-column elementor-col-100 elementor-top-column elementor-element elementor-element-fda3857\" data-id=\"fda3857\" data-element_type=\"column\" data-e-type=\"column\">\n\t\t\t<div class=\"elementor-widget-wrap elementor-element-populated\">\n\t\t\t\t\t\t<div class=\"elementor-element elementor-element-85ad281 elementor-widget elementor-widget-text-editor\" data-id=\"85ad281\" data-element_type=\"widget\" data-e-type=\"widget\" data-widget_type=\"text-editor.default\">\n\t\t\t\t<div class=\"elementor-widget-container\">\n\t\t\t\t\t\t\t\t\t<h3>\u00bfC\u00f3mo puedo ver los datos reportados por el Recinto?<\/h3><p>A trav\u00e9s de la siguiente direcci\u00f3n (<a href=\"https:\/\/nces.ed.gov\/ipeds\/datacenter\/login.aspx?gotoReportId=6\" target=\"_blank\" rel=\"noopener\">https:\/\/nces.ed.gov\/ipeds\/datacenter\/login.aspx?gotoReportId=6<\/a>), puede ver los datos en tres formas:<\/p><ul><li>Perfil de la instituci\u00f3n, similar a College Navigator.<\/li><li>Datos reportados, donde puede ver la respuesta de la instituci\u00f3n a cada pregunta de la encuesta.<\/li><li>Informe de retroalimentaci\u00f3n de datos, mejor conocido por Data Feedback Report (DFR). Este informe resume gr\u00e1ficamente un conjunto de datos institucionales predeterminado, y muestra como \u00e9stos comparan con instituciones pares.<\/li><\/ul>\t\t\t\t\t\t\t\t<\/div>\n\t\t\t\t<\/div>\n\t\t\t\t\t<\/div>\n\t\t<\/div>\n\t\t\t\t\t<\/div>\n\t\t<\/section>\n\t\t\t\t<section class=\"elementor-section elementor-top-section elementor-element elementor-element-c388aa5 elementor-section-boxed elementor-section-height-default elementor-section-height-default\" data-id=\"c388aa5\" data-element_type=\"section\" data-e-type=\"section\">\n\t\t\t\t\t\t<div class=\"elementor-container elementor-column-gap-default\">\n\t\t\t\t\t<div class=\"elementor-column elementor-col-100 elementor-top-column elementor-element elementor-element-6dfe447\" data-id=\"6dfe447\" data-element_type=\"column\" data-e-type=\"column\">\n\t\t\t<div class=\"elementor-widget-wrap elementor-element-populated\">\n\t\t\t\t\t\t<div class=\"elementor-element elementor-element-8f68e44 elementor-widget elementor-widget-text-editor\" data-id=\"8f68e44\" data-element_type=\"widget\" data-e-type=\"widget\" data-widget_type=\"text-editor.default\">\n\t\t\t\t<div class=\"elementor-widget-container\">\n\t\t\t\t\t\t\t\t\t<h3>Referencias para el uso y manejo de IPEDS<\/h3><ul><li>Para ver instrucciones r\u00e1pidas puede accceder a la siguiente direcci\u00f3n (<a href=\"https:\/\/nces.ed.gov\/ipeds\/Help\/View\/3\" target=\"_blank\" rel=\"noopener\">https:\/\/nces.ed.gov\/ipeds\/Help\/View\/3<\/a>).<\/li><li>Gu\u00eda completa para el manejo del IPEDS Data Center (<a href=\"https:\/\/nces.ed.gov\/ipeds\/datacenter\/IPEDSManual.pdf\" target=\"_blank\" rel=\"noopener\">IPEDS Data Center User Manual &#8211; PDF<\/a>).<\/li><li>M\u00f3dulos educativos de IPEDS con audio y video (<a href=\"https:\/\/nces.ed.gov\/ipeds\/use-the-data\/overview-of-ipeds-data\" target=\"_blank\" rel=\"noopener\">https:\/\/nces.ed.gov\/ipeds\/use-the-data\/overview-of-ipeds-data<\/a>).<\/li><li>Glosario IPEDS (<a href=\"https:\/\/surveys.nces.ed.gov\/ipeds\/VisGlossaryAll.aspx\" target=\"_blank\" rel=\"noopener\">https:\/\/surveys.nces.ed.gov\/ipeds\/VisGlossaryAll.aspx<\/a>).<\/li><\/ul>\t\t\t\t\t\t\t\t<\/div>\n\t\t\t\t<\/div>\n\t\t\t\t\t<\/div>\n\t\t<\/div>\n\t\t\t\t\t<\/div>\n\t\t<\/section>\n\t\t\t\t<\/div>\n\t\t","protected":false},"excerpt":{"rendered":"<p>\u00bfQu\u00e9 es IPEDS? IPEDS (Integrated Postsecondary Education Data System) es un sistema de encuestas interrelacionadas realizadas anualmente por el NCES (National Center for Education Statistics) del Departamento de Educaci\u00f3n de &hellip; <\/p>\n","protected":false},"author":1,"featured_media":0,"parent":9054,"menu_order":0,"comment_status":"closed","ping_status":"closed","template":"","meta":{"om_disable_all_campaigns":false,"_monsterinsights_skip_tracking":false,"_monsterinsights_sitenote_active":false,"_monsterinsights_sitenote_note":"","_monsterinsights_sitenote_category":0,"_uf_show_specific_survey":0,"_uf_disable_surveys":false,"footnotes":""},"class_list":["post-9087","page","type-page","status-publish","hentry"],"yoast_head":"<!-- This site is optimized with the Yoast SEO plugin v27.2 - https:\/\/yoast.com\/product\/yoast-seo-wordpress\/ -->\n<title>Datos reportados a trav\u00e9s de IPEDS - Divisi\u00f3n Investigaci\u00f3n Institucional y Aval\u00fao - Universidad de Puerto Rico - Recinto de R\u00edo Piedras - UPRRP<\/title>\n<meta name=\"robots\" content=\"index, follow, max-snippet:-1, max-image-preview:large, max-video-preview:-1\" \/>\n<link rel=\"canonical\" href=\"https:\/\/academicos.uprrp.edu\/diia\/datos-institucionales\/datos-reportados-a-traves-de-ipeds\/\" \/>\n<meta property=\"og:locale\" content=\"es_ES\" \/>\n<meta property=\"og:type\" content=\"article\" \/>\n<meta property=\"og:title\" content=\"Datos reportados a trav\u00e9s de IPEDS - Divisi\u00f3n Investigaci\u00f3n Institucional y Aval\u00fao - Universidad de Puerto Rico - Recinto de R\u00edo Piedras - UPRRP\" \/>\n<meta property=\"og:description\" content=\"\u00bfQu\u00e9 es IPEDS? IPEDS (Integrated Postsecondary Education Data System) es un sistema de encuestas interrelacionadas realizadas anualmente por el NCES (National Center for Education Statistics) del Departamento de Educaci\u00f3n de &hellip;\" \/>\n<meta property=\"og:url\" content=\"https:\/\/academicos.uprrp.edu\/diia\/datos-institucionales\/datos-reportados-a-traves-de-ipeds\/\" \/>\n<meta property=\"og:site_name\" content=\"Divisi\u00f3n Investigaci\u00f3n Institucional y Aval\u00fao - Universidad de Puerto Rico - Recinto de R\u00edo Piedras - UPRRP\" \/>\n<meta property=\"article:modified_time\" content=\"2020-07-09T19:26:15+00:00\" \/>\n<meta name=\"twitter:card\" content=\"summary_large_image\" \/>\n<meta name=\"twitter:label1\" content=\"Est. reading time\" \/>\n\t<meta name=\"twitter:data1\" content=\"1 minuto\" \/>\n<script type=\"application\/ld+json\" class=\"yoast-schema-graph\">{\"@context\":\"https:\/\/schema.org\",\"@graph\":[{\"@type\":\"WebPage\",\"@id\":\"https:\/\/academicos.uprrp.edu\/diia\/datos-institucionales\/datos-reportados-a-traves-de-ipeds\/\",\"url\":\"https:\/\/academicos.uprrp.edu\/diia\/datos-institucionales\/datos-reportados-a-traves-de-ipeds\/\",\"name\":\"Datos reportados a trav\u00e9s de IPEDS - Divisi\u00f3n Investigaci\u00f3n Institucional y Aval\u00fao - Universidad de Puerto Rico - Recinto de R\u00edo Piedras - UPRRP\",\"isPartOf\":{\"@id\":\"https:\/\/academicos.uprrp.edu\/diia\/#website\"},\"datePublished\":\"2020-01-31T00:23:34+00:00\",\"dateModified\":\"2020-07-09T19:26:15+00:00\",\"breadcrumb\":{\"@id\":\"https:\/\/academicos.uprrp.edu\/diia\/datos-institucionales\/datos-reportados-a-traves-de-ipeds\/#breadcrumb\"},\"inLanguage\":\"es\",\"potentialAction\":[{\"@type\":\"ReadAction\",\"target\":[\"https:\/\/academicos.uprrp.edu\/diia\/datos-institucionales\/datos-reportados-a-traves-de-ipeds\/\"]}]},{\"@type\":\"BreadcrumbList\",\"@id\":\"https:\/\/academicos.uprrp.edu\/diia\/datos-institucionales\/datos-reportados-a-traves-de-ipeds\/#breadcrumb\",\"itemListElement\":[{\"@type\":\"ListItem\",\"position\":1,\"name\":\"Home\",\"item\":\"https:\/\/academicos.uprrp.edu\/diia\/\"},{\"@type\":\"ListItem\",\"position\":2,\"name\":\"Datos institucionales\",\"item\":\"https:\/\/academicos.uprrp.edu\/diia\/datos-institucionales\/\"},{\"@type\":\"ListItem\",\"position\":3,\"name\":\"Datos reportados a trav\u00e9s de IPEDS\"}]},{\"@type\":\"WebSite\",\"@id\":\"https:\/\/academicos.uprrp.edu\/diia\/#website\",\"url\":\"https:\/\/academicos.uprrp.edu\/diia\/\",\"name\":\"Divisi\u00f3n Investigaci\u00f3n Institucional y Aval\u00fao - Universidad de Puerto Rico - Recinto de R\u00edo Piedras - DIIA - UPRRP\",\"description\":\"Investigaci\u00f3n institucional, aval\u00fao del aprendizaje estudiantil, efectividad institucional, datos institucionales, institutional research, student learning assessment, institutional effectiveness, institutional data\",\"publisher\":{\"@id\":\"https:\/\/academicos.uprrp.edu\/diia\/#organization\"},\"potentialAction\":[{\"@type\":\"SearchAction\",\"target\":{\"@type\":\"EntryPoint\",\"urlTemplate\":\"https:\/\/academicos.uprrp.edu\/diia\/?s={search_term_string}\"},\"query-input\":{\"@type\":\"PropertyValueSpecification\",\"valueRequired\":true,\"valueName\":\"search_term_string\"}}],\"inLanguage\":\"es\"},{\"@type\":\"Organization\",\"@id\":\"https:\/\/academicos.uprrp.edu\/diia\/#organization\",\"name\":\"Divisi\u00f3n de Investigaci\u00f3n Institucional y Aval\u00fao, Universidad de Puerto Rico, Recinto de R\u00edo Piedras\",\"url\":\"https:\/\/academicos.uprrp.edu\/diia\/\",\"logo\":{\"@type\":\"ImageObject\",\"inLanguage\":\"es\",\"@id\":\"https:\/\/academicos.uprrp.edu\/diia\/#\/schema\/logo\/image\/\",\"url\":\"https:\/\/academicos.uprrp.edu\/diia\/wp-content\/uploads\/sites\/5\/2020\/02\/LogoDIIA-Oficial01SelloFondoBlanco.png\",\"contentUrl\":\"https:\/\/academicos.uprrp.edu\/diia\/wp-content\/uploads\/sites\/5\/2020\/02\/LogoDIIA-Oficial01SelloFondoBlanco.png\",\"width\":3038,\"height\":899,\"caption\":\"Divisi\u00f3n de Investigaci\u00f3n Institucional y Aval\u00fao, Universidad de Puerto Rico, Recinto de R\u00edo Piedras\"},\"image\":{\"@id\":\"https:\/\/academicos.uprrp.edu\/diia\/#\/schema\/logo\/image\/\"}}]}<\/script>\n<!-- \/ Yoast SEO plugin. -->","yoast_head_json":{"title":"Datos reportados a trav\u00e9s de IPEDS - Divisi\u00f3n Investigaci\u00f3n Institucional y Aval\u00fao - Universidad de Puerto Rico - Recinto de R\u00edo Piedras - UPRRP","robots":{"index":"index","follow":"follow","max-snippet":"max-snippet:-1","max-image-preview":"max-image-preview:large","max-video-preview":"max-video-preview:-1"},"canonical":"https:\/\/academicos.uprrp.edu\/diia\/datos-institucionales\/datos-reportados-a-traves-de-ipeds\/","og_locale":"es_ES","og_type":"article","og_title":"Datos reportados a trav\u00e9s de IPEDS - Divisi\u00f3n Investigaci\u00f3n Institucional y Aval\u00fao - Universidad de Puerto Rico - Recinto de R\u00edo Piedras - UPRRP","og_description":"\u00bfQu\u00e9 es IPEDS? IPEDS (Integrated Postsecondary Education Data System) es un sistema de encuestas interrelacionadas realizadas anualmente por el NCES (National Center for Education Statistics) del Departamento de Educaci\u00f3n de &hellip;","og_url":"https:\/\/academicos.uprrp.edu\/diia\/datos-institucionales\/datos-reportados-a-traves-de-ipeds\/","og_site_name":"Divisi\u00f3n Investigaci\u00f3n Institucional y Aval\u00fao - Universidad de Puerto Rico - Recinto de R\u00edo Piedras - UPRRP","article_modified_time":"2020-07-09T19:26:15+00:00","twitter_card":"summary_large_image","twitter_misc":{"Est. reading time":"1 minuto"},"schema":{"@context":"https:\/\/schema.org","@graph":[{"@type":"WebPage","@id":"https:\/\/academicos.uprrp.edu\/diia\/datos-institucionales\/datos-reportados-a-traves-de-ipeds\/","url":"https:\/\/academicos.uprrp.edu\/diia\/datos-institucionales\/datos-reportados-a-traves-de-ipeds\/","name":"Datos reportados a trav\u00e9s de IPEDS - Divisi\u00f3n Investigaci\u00f3n Institucional y Aval\u00fao - Universidad de Puerto Rico - Recinto de R\u00edo Piedras - UPRRP","isPartOf":{"@id":"https:\/\/academicos.uprrp.edu\/diia\/#website"},"datePublished":"2020-01-31T00:23:34+00:00","dateModified":"2020-07-09T19:26:15+00:00","breadcrumb":{"@id":"https:\/\/academicos.uprrp.edu\/diia\/datos-institucionales\/datos-reportados-a-traves-de-ipeds\/#breadcrumb"},"inLanguage":"es","potentialAction":[{"@type":"ReadAction","target":["https:\/\/academicos.uprrp.edu\/diia\/datos-institucionales\/datos-reportados-a-traves-de-ipeds\/"]}]},{"@type":"BreadcrumbList","@id":"https:\/\/academicos.uprrp.edu\/diia\/datos-institucionales\/datos-reportados-a-traves-de-ipeds\/#breadcrumb","itemListElement":[{"@type":"ListItem","position":1,"name":"Home","item":"https:\/\/academicos.uprrp.edu\/diia\/"},{"@type":"ListItem","position":2,"name":"Datos institucionales","item":"https:\/\/academicos.uprrp.edu\/diia\/datos-institucionales\/"},{"@type":"ListItem","position":3,"name":"Datos reportados a trav\u00e9s de IPEDS"}]},{"@type":"WebSite","@id":"https:\/\/academicos.uprrp.edu\/diia\/#website","url":"https:\/\/academicos.uprrp.edu\/diia\/","name":"Divisi\u00f3n Investigaci\u00f3n Institucional y Aval\u00fao - Universidad de Puerto Rico - Recinto de R\u00edo Piedras - DIIA - UPRRP","description":"Investigaci\u00f3n institucional, aval\u00fao del aprendizaje estudiantil, efectividad institucional, datos institucionales, institutional research, student learning assessment, institutional effectiveness, institutional data","publisher":{"@id":"https:\/\/academicos.uprrp.edu\/diia\/#organization"},"potentialAction":[{"@type":"SearchAction","target":{"@type":"EntryPoint","urlTemplate":"https:\/\/academicos.uprrp.edu\/diia\/?s={search_term_string}"},"query-input":{"@type":"PropertyValueSpecification","valueRequired":true,"valueName":"search_term_string"}}],"inLanguage":"es"},{"@type":"Organization","@id":"https:\/\/academicos.uprrp.edu\/diia\/#organization","name":"Divisi\u00f3n de Investigaci\u00f3n Institucional y Aval\u00fao, Universidad de Puerto Rico, Recinto de R\u00edo Piedras","url":"https:\/\/academicos.uprrp.edu\/diia\/","logo":{"@type":"ImageObject","inLanguage":"es","@id":"https:\/\/academicos.uprrp.edu\/diia\/#\/schema\/logo\/image\/","url":"https:\/\/academicos.uprrp.edu\/diia\/wp-content\/uploads\/sites\/5\/2020\/02\/LogoDIIA-Oficial01SelloFondoBlanco.png","contentUrl":"https:\/\/academicos.uprrp.edu\/diia\/wp-content\/uploads\/sites\/5\/2020\/02\/LogoDIIA-Oficial01SelloFondoBlanco.png","width":3038,"height":899,"caption":"Divisi\u00f3n de Investigaci\u00f3n Institucional y Aval\u00fao, Universidad de Puerto Rico, Recinto de R\u00edo Piedras"},"image":{"@id":"https:\/\/academicos.uprrp.edu\/diia\/#\/schema\/logo\/image\/"}}]}},"aioseo_notices":[],"_links":{"self":[{"href":"https:\/\/academicos.uprrp.edu\/diia\/wp-json\/wp\/v2\/pages\/9087","targetHints":{"allow":["GET"]}}],"collection":[{"href":"https:\/\/academicos.uprrp.edu\/diia\/wp-json\/wp\/v2\/pages"}],"about":[{"href":"https:\/\/academicos.uprrp.edu\/diia\/wp-json\/wp\/v2\/types\/page"}],"author":[{"embeddable":true,"href":"https:\/\/academicos.uprrp.edu\/diia\/wp-json\/wp\/v2\/users\/1"}],"replies":[{"embeddable":true,"href":"https:\/\/academicos.uprrp.edu\/diia\/wp-json\/wp\/v2\/comments?post=9087"}],"version-history":[{"count":11,"href":"https:\/\/academicos.uprrp.edu\/diia\/wp-json\/wp\/v2\/pages\/9087\/revisions"}],"predecessor-version":[{"id":9525,"href":"https:\/\/academicos.uprrp.edu\/diia\/wp-json\/wp\/v2\/pages\/9087\/revisions\/9525"}],"up":[{"embeddable":true,"href":"https:\/\/academicos.uprrp.edu\/diia\/wp-json\/wp\/v2\/pages\/9054"}],"wp:attachment":[{"href":"https:\/\/academicos.uprrp.edu\/diia\/wp-json\/wp\/v2\/media?parent=9087"}],"curies":[{"name":"wp","href":"https:\/\/api.w.org\/{rel}","templated":true}]}}