{"id":10106,"date":"2020-10-14T11:42:05","date_gmt":"2020-10-14T15:42:05","guid":{"rendered":"https:\/\/academicos.uprrp.edu\/diia\/?page_id=10106"},"modified":"2020-10-15T09:40:10","modified_gmt":"2020-10-15T13:40:10","slug":"olas-undergrad-assessment","status":"publish","type":"page","link":"https:\/\/academicos.uprrp.edu\/diia\/avaluo-aprendizaje\/olas-undergrad-assessment\/","title":{"rendered":"OLAS Undergraduate Programs Assessment"},"content":{"rendered":"\t\t<div data-elementor-type=\"wp-page\" data-elementor-id=\"10106\" class=\"elementor elementor-10106\">\n\t\t\t\t\t\t<section class=\"elementor-section elementor-top-section elementor-element elementor-element-d734d54 elementor-section-boxed elementor-section-height-default elementor-section-height-default\" data-id=\"d734d54\" data-element_type=\"section\" data-e-type=\"section\">\n\t\t\t\t\t\t<div class=\"elementor-container elementor-column-gap-default\">\n\t\t\t\t\t<div class=\"elementor-column elementor-col-100 elementor-top-column elementor-element elementor-element-acd4ce1\" data-id=\"acd4ce1\" data-element_type=\"column\" data-e-type=\"column\">\n\t\t\t<div class=\"elementor-widget-wrap elementor-element-populated\">\n\t\t\t\t\t\t<div class=\"elementor-element elementor-element-c154b97 elementor-widget elementor-widget-text-editor\" data-id=\"c154b97\" data-element_type=\"widget\" data-e-type=\"widget\" data-widget_type=\"text-editor.default\">\n\t\t\t\t<div class=\"elementor-widget-container\">\n\t\t\t\t\t\t\t\t\t<h1>Undergraduate Programs Assessment<\/h1>\t\t\t\t\t\t\t\t<\/div>\n\t\t\t\t<\/div>\n\t\t\t\t<div class=\"elementor-element elementor-element-029cf71 elementor-widget elementor-widget-text-editor\" data-id=\"029cf71\" data-element_type=\"widget\" data-e-type=\"widget\" data-widget_type=\"text-editor.default\">\n\t\t\t\t<div class=\"elementor-widget-container\">\n\t\t\t\t\t\t\t\t\t<h2>2017-2018<\/h2>\t\t\t\t\t\t\t\t<\/div>\n\t\t\t\t<\/div>\n\t\t\t\t<div class=\"elementor-element elementor-element-0ef3859 elementor-widget elementor-widget-text-editor\" data-id=\"0ef3859\" data-element_type=\"widget\" data-e-type=\"widget\" data-widget_type=\"text-editor.default\">\n\t\t\t\t<div class=\"elementor-widget-container\">\n\t\t\t\t\t\t\t\t\t<h3 style=\"text-align: center;font-size: 1.2em\">Undergraduate Performance by Learning Outcome Criteria (Campus)<br \/>1st and 2nd Semester 2017-2018<\/h3><p><div class=\"visualizer-front-container\" id=\"chart_wrapper_visualizer-9771-149111517\"><style type=\"text\/css\" name=\"visualizer-custom-css\" id=\"customcss-visualizer-9771\">.locker,.locker-loader{position:absolute;top:0;left:0;width:100%;height:100%}.locker{z-index:1000;opacity:.8;background-color:#fff;-ms-filter:\"progid:DXImageTransform.Microsoft.Alpha(Opacity=80)\";filter:alpha(opacity=80)}.locker-loader{z-index:1001;background:url(https:\/\/academicos.uprrp.edu\/diia\/wp-content\/plugins\/visualizer\/images\/ajax-loader.gif) no-repeat center center}.dt-button{display:none!important}.visualizer-front-container.visualizer-lazy-render{content-visibility: auto;}.google-visualization-controls-categoryfilter label.google-visualization-controls-label {vertical-align: middle;}.google-visualization-controls-categoryfilter li.goog-inline-block {margin: 0 0.2em;}.google-visualization-controls-categoryfilter li {padding: 0 0.2em;}.visualizer-front-container .dataTables_scrollHeadInner{margin: 0 auto;}<\/style><div id=\"visualizer-9771-149111517\" class=\"visualizer-front  visualizer-front-9771\"><\/div><!-- Not showing structured data for chart 9771 because description is empty --><\/div><\/p>\t\t\t\t\t\t\t\t<\/div>\n\t\t\t\t<\/div>\n\t\t\t\t<div class=\"elementor-element elementor-element-6d40c68 elementor-widget elementor-widget-text-editor\" data-id=\"6d40c68\" data-element_type=\"widget\" data-e-type=\"widget\" data-widget_type=\"text-editor.default\">\n\t\t\t\t<div class=\"elementor-widget-container\">\n\t\t\t\t\t\t\t\t\t<h3 style=\"text-align: center;font-size: 1.2em\">Assessment Results by Learning Outcomes in the Undergraduate Academic Programs (N=19)<br \/>1st and 2nd Semester 2017-2018<\/h3>\t\t\t\t\t\t\t\t<\/div>\n\t\t\t\t<\/div>\n\t\t\t\t<div class=\"elementor-element elementor-element-2990238 elementor-widget elementor-widget-eael-advanced-data-table\" data-id=\"2990238\" data-element_type=\"widget\" data-e-type=\"widget\" data-widget_type=\"eael-advanced-data-table.default\">\n\t\t\t\t<div class=\"elementor-widget-container\">\n\t\t\t\t\t<div class=\"ea-advanced-data-table-wrap\" data-id=\"2990238\"><div class=\"ea-advanced-data-table-wrap-inner\">\n                <table class=\"ea-advanced-data-table ea-advanced-data-table-static ea-advanced-data-table-2990238\" data-id=\"2990238\"><thead><tr><th>Learning Outcome<\/th><th>Undergraduate Programs Performing Assessment<\/th><th>Undergraduate Programs Achieving Assessment Success<\/th><th>Success Rate<\/th><\/tr><\/thead><tbody><tr><td>Capacity for Independent Studies<\/td><td>1<\/td><td>1<\/td><td>100%<\/td><\/tr><tr><td>Content Knowledge, Skills or Dispositions in the academic program learning outcomes<\/td><td>11<\/td><td>9<\/td><td>81.82%<\/td><\/tr><tr><td>Critical Thinking<\/td><td>10<\/td><td>8<\/td><td>80%<\/td><\/tr><tr><td>Effective Communication Skills<\/td><td>11<\/td><td>9<\/td><td>81.82%<\/td><\/tr><tr><td>Information Literacy<\/td><td>7<\/td><td>5<\/td><td>71.43%<\/td><\/tr><tr><td>Knowledge Integration<\/td><td>3<\/td><td>3<\/td><td>100%<\/td><\/tr><tr><td>Logical-mathematical reasoning<\/td><td>4<\/td><td>4<\/td><td>100%<\/td><\/tr><tr><td>Ongoing (Lifelong) Learning<\/td><td>1<\/td><td>0<\/td><td>0%<\/td><\/tr><tr><td>Research and Creation<\/td><td>13<\/td><td>11<\/td><td>84.62%<\/td><\/tr><tr><td>Social responsibility<\/td><td>3<\/td><td>2<\/td><td>66.67%<\/td><\/tr><\/tbody><\/table>\n            <\/div><\/div>\t\t\t\t<\/div>\n\t\t\t\t<\/div>\n\t\t\t\t<div class=\"elementor-element elementor-element-8bf7577 elementor-widget elementor-widget-text-editor\" data-id=\"8bf7577\" data-element_type=\"widget\" data-e-type=\"widget\" data-widget_type=\"text-editor.default\">\n\t\t\t\t<div class=\"elementor-widget-container\">\n\t\t\t\t\t\t\t\t\t<h3 style=\"text-align: center;font-size: 1.2em\">Undergraduate Performance by Learning Outcome Criteria (Campus)<br \/>2nd Semester 2017-2018<\/h3><p><div class=\"visualizer-front-container\" id=\"chart_wrapper_visualizer-10122-2004607560\"><style type=\"text\/css\" name=\"visualizer-custom-css\" id=\"customcss-visualizer-10122\">.locker,.locker-loader{position:absolute;top:0;left:0;width:100%;height:100%}.locker{z-index:1000;opacity:.8;background-color:#fff;-ms-filter:\"progid:DXImageTransform.Microsoft.Alpha(Opacity=80)\";filter:alpha(opacity=80)}.locker-loader{z-index:1001;background:url(https:\/\/academicos.uprrp.edu\/diia\/wp-content\/plugins\/visualizer\/images\/ajax-loader.gif) no-repeat center center}.dt-button{display:none!important}.visualizer-front-container.visualizer-lazy-render{content-visibility: auto;}.google-visualization-controls-categoryfilter label.google-visualization-controls-label {vertical-align: middle;}.google-visualization-controls-categoryfilter li.goog-inline-block {margin: 0 0.2em;}.google-visualization-controls-categoryfilter li {padding: 0 0.2em;}.visualizer-front-container .dataTables_scrollHeadInner{margin: 0 auto;}<\/style><div id=\"visualizer-10122-2004607560\" class=\"visualizer-front  visualizer-front-10122\"><\/div><!-- Not showing structured data for chart 10122 because description is empty --><\/div><\/p>\t\t\t\t\t\t\t\t<\/div>\n\t\t\t\t<\/div>\n\t\t\t\t<div class=\"elementor-element elementor-element-a912697 elementor-widget elementor-widget-text-editor\" data-id=\"a912697\" data-element_type=\"widget\" data-e-type=\"widget\" data-widget_type=\"text-editor.default\">\n\t\t\t\t<div class=\"elementor-widget-container\">\n\t\t\t\t\t\t\t\t\t<h3 style=\"text-align: center;font-size: 1.2em\">Assessment Results by Learning Outcomes in the Undergraduate Academic Programs (N=18)<br \/>2nd Semester 2017-2018<\/h3>\t\t\t\t\t\t\t\t<\/div>\n\t\t\t\t<\/div>\n\t\t\t\t<div class=\"elementor-element elementor-element-c1fe55e elementor-widget elementor-widget-eael-advanced-data-table\" data-id=\"c1fe55e\" data-element_type=\"widget\" data-e-type=\"widget\" data-widget_type=\"eael-advanced-data-table.default\">\n\t\t\t\t<div class=\"elementor-widget-container\">\n\t\t\t\t\t<div class=\"ea-advanced-data-table-wrap\" data-id=\"c1fe55e\"><div class=\"ea-advanced-data-table-wrap-inner\">\n                <table class=\"ea-advanced-data-table ea-advanced-data-table-static ea-advanced-data-table-c1fe55e\" data-id=\"c1fe55e\"><thead><tr><th>Learning Outcome<\/th><th>Undergraduate Programs Performing Assessment<\/th><th>Undergraduate Programs Achieving Assessment Success<\/th><th>Success Rate<\/th><\/tr><\/thead><tbody><tr><td>Capacity for Independent Studies<\/td><td>1<\/td><td>1<\/td><td>100%<\/td><\/tr><tr><td>Content Knowledge, Skills or Dispositions in the academic program learning outcomes<\/td><td>10<\/td><td>7<\/td><td>70%<\/td><\/tr><tr><td>Critical Thinking<\/td><td>8<\/td><td>6<\/td><td>75%<\/td><\/tr><tr><td>Effective Communication Skills<\/td><td>9<\/td><td>7<\/td><td>77.78%<\/td><\/tr><tr><td>Information Literacy<\/td><td>5<\/td><td>4<\/td><td>80%<\/td><\/tr><tr><td>Knowledge Integration<\/td><td>2<\/td><td>2<\/td><td>100%<\/td><\/tr><tr><td>Logical-mathematical reasoning<\/td><td>4<\/td><td>4<\/td><td>100%<\/td><\/tr><tr><td>Ongoing (Lifelong) Learning<\/td><td>1<\/td><td>0<\/td><td>0%<\/td><\/tr><tr><td>Research and Creation<\/td><td>10<\/td><td>9<\/td><td>90%<\/td><\/tr><tr><td>Social responsibility<\/td><td>2<\/td><td>1<\/td><td>50%<\/td><\/tr><\/tbody><\/table>\n            <\/div><\/div>\t\t\t\t<\/div>\n\t\t\t\t<\/div>\n\t\t\t\t<div class=\"elementor-element elementor-element-7c86d35 elementor-widget elementor-widget-text-editor\" data-id=\"7c86d35\" data-element_type=\"widget\" data-e-type=\"widget\" data-widget_type=\"text-editor.default\">\n\t\t\t\t<div class=\"elementor-widget-container\">\n\t\t\t\t\t\t\t\t\t<h3 style=\"text-align: center;font-size: 1.2em\">Undergraduate Performance by Learning Outcome Criteria (Campus)<br \/>1st Semester 2017-2018<\/h3><p><div class=\"visualizer-front-container\" id=\"chart_wrapper_visualizer-10129-731590851\"><style type=\"text\/css\" name=\"visualizer-custom-css\" id=\"customcss-visualizer-10129\">.locker,.locker-loader{position:absolute;top:0;left:0;width:100%;height:100%}.locker{z-index:1000;opacity:.8;background-color:#fff;-ms-filter:\"progid:DXImageTransform.Microsoft.Alpha(Opacity=80)\";filter:alpha(opacity=80)}.locker-loader{z-index:1001;background:url(https:\/\/academicos.uprrp.edu\/diia\/wp-content\/plugins\/visualizer\/images\/ajax-loader.gif) no-repeat center center}.dt-button{display:none!important}.visualizer-front-container.visualizer-lazy-render{content-visibility: auto;}.google-visualization-controls-categoryfilter label.google-visualization-controls-label {vertical-align: middle;}.google-visualization-controls-categoryfilter li.goog-inline-block {margin: 0 0.2em;}.google-visualization-controls-categoryfilter li {padding: 0 0.2em;}.visualizer-front-container .dataTables_scrollHeadInner{margin: 0 auto;}<\/style><div id=\"visualizer-10129-731590851\" class=\"visualizer-front  visualizer-front-10129\"><\/div><!-- Not showing structured data for chart 10129 because description is empty --><\/div><\/p>\t\t\t\t\t\t\t\t<\/div>\n\t\t\t\t<\/div>\n\t\t\t\t<div class=\"elementor-element elementor-element-0213356 elementor-widget elementor-widget-text-editor\" data-id=\"0213356\" data-element_type=\"widget\" data-e-type=\"widget\" data-widget_type=\"text-editor.default\">\n\t\t\t\t<div class=\"elementor-widget-container\">\n\t\t\t\t\t\t\t\t\t<h3 style=\"text-align: center;font-size: 1.2em\">Assessment Results by Learning Outcomes in the Undergraduate Academic Programs (N=11)<br \/>1st Semester 2017-2018<\/h3>\t\t\t\t\t\t\t\t<\/div>\n\t\t\t\t<\/div>\n\t\t\t\t<div class=\"elementor-element elementor-element-ab49f59 elementor-widget elementor-widget-eael-advanced-data-table\" data-id=\"ab49f59\" data-element_type=\"widget\" data-e-type=\"widget\" data-widget_type=\"eael-advanced-data-table.default\">\n\t\t\t\t<div class=\"elementor-widget-container\">\n\t\t\t\t\t<div class=\"ea-advanced-data-table-wrap\" data-id=\"ab49f59\"><div class=\"ea-advanced-data-table-wrap-inner\">\n                <table class=\"ea-advanced-data-table ea-advanced-data-table-static ea-advanced-data-table-ab49f59\" data-id=\"ab49f59\"><thead><tr><th>Learning Outcome<\/th><th>Undergraduate Programs Performing Assessment<\/th><th>Undergraduate Programs Achieving Assessment Success<\/th><th>Success Rate<\/th><\/tr><\/thead><tbody><tr><td>Capacity for Independent Studies<\/td><td>1<\/td><td>1<\/td><td>100%<\/td><\/tr><tr><td>Content Knowledge, Skills or Dispositions in the academic program learning outcomes<\/td><td>5<\/td><td>4<\/td><td>80%<\/td><\/tr><tr><td>Critical Thinking<\/td><td>5<\/td><td>5<\/td><td>100%<\/td><\/tr><tr><td>Effective Communication Skills<\/td><td>8<\/td><td>7<\/td><td>87.5%<\/td><\/tr><tr><td>Information Literacy<\/td><td>5<\/td><td>4<\/td><td>80%<\/td><\/tr><tr><td>Knowledge Integration<\/td><td>1<\/td><td>1<\/td><td>100%<\/td><\/tr><tr><td>Research and Creation<\/td><td>8<\/td><td>7<\/td><td>87.5%<\/td><\/tr><tr><td>Social responsibility<\/td><td>1<\/td><td>1<\/td><td>100%<\/td><\/tr><\/tbody><\/table>\n            <\/div><\/div>\t\t\t\t<\/div>\n\t\t\t\t<\/div>\n\t\t\t\t\t<\/div>\n\t\t<\/div>\n\t\t\t\t\t<\/div>\n\t\t<\/section>\n\t\t\t\t<\/div>\n\t\t","protected":false},"excerpt":{"rendered":"<p>Undergraduate Programs Assessment 2017-2018 Undergraduate Performance by Learning Outcome Criteria (Campus)1st and 2nd Semester 2017-2018 Assessment Results by Learning Outcomes in the Undergraduate Academic Programs (N=19)1st and 2nd Semester 2017-2018 &hellip; <\/p>\n","protected":false},"author":6,"featured_media":0,"parent":9362,"menu_order":0,"comment_status":"closed","ping_status":"closed","template":"","meta":{"om_disable_all_campaigns":false,"_monsterinsights_skip_tracking":false,"_monsterinsights_sitenote_active":false,"_monsterinsights_sitenote_note":"","_monsterinsights_sitenote_category":0,"_uf_show_specific_survey":0,"_uf_disable_surveys":false,"footnotes":""},"class_list":["post-10106","page","type-page","status-publish","hentry"],"yoast_head":"<!-- This site is optimized with the Yoast SEO plugin v27.2 - https:\/\/yoast.com\/product\/yoast-seo-wordpress\/ -->\n<title>OLAS Undergraduate Programs Assessment - Divisi\u00f3n Investigaci\u00f3n Institucional y Aval\u00fao - Universidad de Puerto Rico - Recinto de R\u00edo Piedras - UPRRP<\/title>\n<meta name=\"robots\" content=\"index, follow, max-snippet:-1, max-image-preview:large, max-video-preview:-1\" \/>\n<link rel=\"canonical\" href=\"https:\/\/academicos.uprrp.edu\/diia\/avaluo-aprendizaje\/olas-undergrad-assessment\/\" \/>\n<meta property=\"og:locale\" content=\"es_ES\" \/>\n<meta property=\"og:type\" content=\"article\" \/>\n<meta property=\"og:title\" content=\"OLAS Undergraduate Programs Assessment - Divisi\u00f3n Investigaci\u00f3n Institucional y Aval\u00fao - Universidad de Puerto Rico - Recinto de R\u00edo Piedras - UPRRP\" \/>\n<meta property=\"og:description\" content=\"Undergraduate Programs Assessment 2017-2018 Undergraduate Performance by Learning Outcome Criteria (Campus)1st and 2nd Semester 2017-2018 Assessment Results by Learning Outcomes in the Undergraduate Academic Programs (N=19)1st and 2nd Semester 2017-2018 &hellip;\" \/>\n<meta property=\"og:url\" content=\"https:\/\/academicos.uprrp.edu\/diia\/avaluo-aprendizaje\/olas-undergrad-assessment\/\" \/>\n<meta property=\"og:site_name\" content=\"Divisi\u00f3n Investigaci\u00f3n Institucional y Aval\u00fao - Universidad de Puerto Rico - Recinto de R\u00edo Piedras - UPRRP\" \/>\n<meta property=\"article:modified_time\" content=\"2020-10-15T13:40:10+00:00\" \/>\n<meta name=\"twitter:card\" content=\"summary_large_image\" \/>\n<meta name=\"twitter:label1\" content=\"Est. reading time\" \/>\n\t<meta name=\"twitter:data1\" content=\"1 minuto\" \/>\n<script type=\"application\/ld+json\" class=\"yoast-schema-graph\">{\"@context\":\"https:\/\/schema.org\",\"@graph\":[{\"@type\":\"WebPage\",\"@id\":\"https:\/\/academicos.uprrp.edu\/diia\/avaluo-aprendizaje\/olas-undergrad-assessment\/\",\"url\":\"https:\/\/academicos.uprrp.edu\/diia\/avaluo-aprendizaje\/olas-undergrad-assessment\/\",\"name\":\"OLAS Undergraduate Programs Assessment - Divisi\u00f3n Investigaci\u00f3n Institucional y Aval\u00fao - Universidad de Puerto Rico - Recinto de R\u00edo Piedras - UPRRP\",\"isPartOf\":{\"@id\":\"https:\/\/academicos.uprrp.edu\/diia\/#website\"},\"datePublished\":\"2020-10-14T15:42:05+00:00\",\"dateModified\":\"2020-10-15T13:40:10+00:00\",\"breadcrumb\":{\"@id\":\"https:\/\/academicos.uprrp.edu\/diia\/avaluo-aprendizaje\/olas-undergrad-assessment\/#breadcrumb\"},\"inLanguage\":\"es\",\"potentialAction\":[{\"@type\":\"ReadAction\",\"target\":[\"https:\/\/academicos.uprrp.edu\/diia\/avaluo-aprendizaje\/olas-undergrad-assessment\/\"]}]},{\"@type\":\"BreadcrumbList\",\"@id\":\"https:\/\/academicos.uprrp.edu\/diia\/avaluo-aprendizaje\/olas-undergrad-assessment\/#breadcrumb\",\"itemListElement\":[{\"@type\":\"ListItem\",\"position\":1,\"name\":\"Home\",\"item\":\"https:\/\/academicos.uprrp.edu\/diia\/\"},{\"@type\":\"ListItem\",\"position\":2,\"name\":\"Aval\u00fao del aprendizaje estudiantil\",\"item\":\"https:\/\/academicos.uprrp.edu\/diia\/avaluo-aprendizaje\/\"},{\"@type\":\"ListItem\",\"position\":3,\"name\":\"OLAS Undergraduate Programs Assessment\"}]},{\"@type\":\"WebSite\",\"@id\":\"https:\/\/academicos.uprrp.edu\/diia\/#website\",\"url\":\"https:\/\/academicos.uprrp.edu\/diia\/\",\"name\":\"Divisi\u00f3n Investigaci\u00f3n Institucional y Aval\u00fao - Universidad de Puerto Rico - Recinto de R\u00edo Piedras - DIIA - UPRRP\",\"description\":\"Investigaci\u00f3n institucional, aval\u00fao del aprendizaje estudiantil, efectividad institucional, datos institucionales, institutional research, student learning assessment, institutional effectiveness, institutional data\",\"publisher\":{\"@id\":\"https:\/\/academicos.uprrp.edu\/diia\/#organization\"},\"potentialAction\":[{\"@type\":\"SearchAction\",\"target\":{\"@type\":\"EntryPoint\",\"urlTemplate\":\"https:\/\/academicos.uprrp.edu\/diia\/?s={search_term_string}\"},\"query-input\":{\"@type\":\"PropertyValueSpecification\",\"valueRequired\":true,\"valueName\":\"search_term_string\"}}],\"inLanguage\":\"es\"},{\"@type\":\"Organization\",\"@id\":\"https:\/\/academicos.uprrp.edu\/diia\/#organization\",\"name\":\"Divisi\u00f3n de Investigaci\u00f3n Institucional y Aval\u00fao, Universidad de Puerto Rico, Recinto de R\u00edo Piedras\",\"url\":\"https:\/\/academicos.uprrp.edu\/diia\/\",\"logo\":{\"@type\":\"ImageObject\",\"inLanguage\":\"es\",\"@id\":\"https:\/\/academicos.uprrp.edu\/diia\/#\/schema\/logo\/image\/\",\"url\":\"https:\/\/academicos.uprrp.edu\/diia\/wp-content\/uploads\/sites\/5\/2020\/02\/LogoDIIA-Oficial01SelloFondoBlanco.png\",\"contentUrl\":\"https:\/\/academicos.uprrp.edu\/diia\/wp-content\/uploads\/sites\/5\/2020\/02\/LogoDIIA-Oficial01SelloFondoBlanco.png\",\"width\":3038,\"height\":899,\"caption\":\"Divisi\u00f3n de Investigaci\u00f3n Institucional y Aval\u00fao, Universidad de Puerto Rico, Recinto de R\u00edo Piedras\"},\"image\":{\"@id\":\"https:\/\/academicos.uprrp.edu\/diia\/#\/schema\/logo\/image\/\"}}]}<\/script>\n<!-- \/ Yoast SEO plugin. -->","yoast_head_json":{"title":"OLAS Undergraduate Programs Assessment - Divisi\u00f3n Investigaci\u00f3n Institucional y Aval\u00fao - Universidad de Puerto Rico - Recinto de R\u00edo Piedras - UPRRP","robots":{"index":"index","follow":"follow","max-snippet":"max-snippet:-1","max-image-preview":"max-image-preview:large","max-video-preview":"max-video-preview:-1"},"canonical":"https:\/\/academicos.uprrp.edu\/diia\/avaluo-aprendizaje\/olas-undergrad-assessment\/","og_locale":"es_ES","og_type":"article","og_title":"OLAS Undergraduate Programs Assessment - Divisi\u00f3n Investigaci\u00f3n Institucional y Aval\u00fao - Universidad de Puerto Rico - Recinto de R\u00edo Piedras - UPRRP","og_description":"Undergraduate Programs Assessment 2017-2018 Undergraduate Performance by Learning Outcome Criteria (Campus)1st and 2nd Semester 2017-2018 Assessment Results by Learning Outcomes in the Undergraduate Academic Programs (N=19)1st and 2nd Semester 2017-2018 &hellip;","og_url":"https:\/\/academicos.uprrp.edu\/diia\/avaluo-aprendizaje\/olas-undergrad-assessment\/","og_site_name":"Divisi\u00f3n Investigaci\u00f3n Institucional y Aval\u00fao - Universidad de Puerto Rico - Recinto de R\u00edo Piedras - UPRRP","article_modified_time":"2020-10-15T13:40:10+00:00","twitter_card":"summary_large_image","twitter_misc":{"Est. reading time":"1 minuto"},"schema":{"@context":"https:\/\/schema.org","@graph":[{"@type":"WebPage","@id":"https:\/\/academicos.uprrp.edu\/diia\/avaluo-aprendizaje\/olas-undergrad-assessment\/","url":"https:\/\/academicos.uprrp.edu\/diia\/avaluo-aprendizaje\/olas-undergrad-assessment\/","name":"OLAS Undergraduate Programs Assessment - Divisi\u00f3n Investigaci\u00f3n Institucional y Aval\u00fao - Universidad de Puerto Rico - Recinto de R\u00edo Piedras - UPRRP","isPartOf":{"@id":"https:\/\/academicos.uprrp.edu\/diia\/#website"},"datePublished":"2020-10-14T15:42:05+00:00","dateModified":"2020-10-15T13:40:10+00:00","breadcrumb":{"@id":"https:\/\/academicos.uprrp.edu\/diia\/avaluo-aprendizaje\/olas-undergrad-assessment\/#breadcrumb"},"inLanguage":"es","potentialAction":[{"@type":"ReadAction","target":["https:\/\/academicos.uprrp.edu\/diia\/avaluo-aprendizaje\/olas-undergrad-assessment\/"]}]},{"@type":"BreadcrumbList","@id":"https:\/\/academicos.uprrp.edu\/diia\/avaluo-aprendizaje\/olas-undergrad-assessment\/#breadcrumb","itemListElement":[{"@type":"ListItem","position":1,"name":"Home","item":"https:\/\/academicos.uprrp.edu\/diia\/"},{"@type":"ListItem","position":2,"name":"Aval\u00fao del aprendizaje estudiantil","item":"https:\/\/academicos.uprrp.edu\/diia\/avaluo-aprendizaje\/"},{"@type":"ListItem","position":3,"name":"OLAS Undergraduate Programs Assessment"}]},{"@type":"WebSite","@id":"https:\/\/academicos.uprrp.edu\/diia\/#website","url":"https:\/\/academicos.uprrp.edu\/diia\/","name":"Divisi\u00f3n Investigaci\u00f3n Institucional y Aval\u00fao - Universidad de Puerto Rico - Recinto de R\u00edo Piedras - DIIA - UPRRP","description":"Investigaci\u00f3n institucional, aval\u00fao del aprendizaje estudiantil, efectividad institucional, datos institucionales, institutional research, student learning assessment, institutional effectiveness, institutional data","publisher":{"@id":"https:\/\/academicos.uprrp.edu\/diia\/#organization"},"potentialAction":[{"@type":"SearchAction","target":{"@type":"EntryPoint","urlTemplate":"https:\/\/academicos.uprrp.edu\/diia\/?s={search_term_string}"},"query-input":{"@type":"PropertyValueSpecification","valueRequired":true,"valueName":"search_term_string"}}],"inLanguage":"es"},{"@type":"Organization","@id":"https:\/\/academicos.uprrp.edu\/diia\/#organization","name":"Divisi\u00f3n de Investigaci\u00f3n Institucional y Aval\u00fao, Universidad de Puerto Rico, Recinto de R\u00edo Piedras","url":"https:\/\/academicos.uprrp.edu\/diia\/","logo":{"@type":"ImageObject","inLanguage":"es","@id":"https:\/\/academicos.uprrp.edu\/diia\/#\/schema\/logo\/image\/","url":"https:\/\/academicos.uprrp.edu\/diia\/wp-content\/uploads\/sites\/5\/2020\/02\/LogoDIIA-Oficial01SelloFondoBlanco.png","contentUrl":"https:\/\/academicos.uprrp.edu\/diia\/wp-content\/uploads\/sites\/5\/2020\/02\/LogoDIIA-Oficial01SelloFondoBlanco.png","width":3038,"height":899,"caption":"Divisi\u00f3n de Investigaci\u00f3n Institucional y Aval\u00fao, Universidad de Puerto Rico, Recinto de R\u00edo Piedras"},"image":{"@id":"https:\/\/academicos.uprrp.edu\/diia\/#\/schema\/logo\/image\/"}}]}},"aioseo_notices":[],"_links":{"self":[{"href":"https:\/\/academicos.uprrp.edu\/diia\/wp-json\/wp\/v2\/pages\/10106","targetHints":{"allow":["GET"]}}],"collection":[{"href":"https:\/\/academicos.uprrp.edu\/diia\/wp-json\/wp\/v2\/pages"}],"about":[{"href":"https:\/\/academicos.uprrp.edu\/diia\/wp-json\/wp\/v2\/types\/page"}],"author":[{"embeddable":true,"href":"https:\/\/academicos.uprrp.edu\/diia\/wp-json\/wp\/v2\/users\/6"}],"replies":[{"embeddable":true,"href":"https:\/\/academicos.uprrp.edu\/diia\/wp-json\/wp\/v2\/comments?post=10106"}],"version-history":[{"count":20,"href":"https:\/\/academicos.uprrp.edu\/diia\/wp-json\/wp\/v2\/pages\/10106\/revisions"}],"predecessor-version":[{"id":10139,"href":"https:\/\/academicos.uprrp.edu\/diia\/wp-json\/wp\/v2\/pages\/10106\/revisions\/10139"}],"up":[{"embeddable":true,"href":"https:\/\/academicos.uprrp.edu\/diia\/wp-json\/wp\/v2\/pages\/9362"}],"wp:attachment":[{"href":"https:\/\/academicos.uprrp.edu\/diia\/wp-json\/wp\/v2\/media?parent=10106"}],"curies":[{"name":"wp","href":"https:\/\/api.w.org\/{rel}","templated":true}]}}